{"id":3,"date":"2024-12-05T06:22:48","date_gmt":"2024-12-05T06:22:48","guid":{"rendered":"https:\/\/theperfumebottles.com\/?page_id=3"},"modified":"2025-10-31T10:10:35","modified_gmt":"2025-10-31T02:10:35","slug":"privacy-policy","status":"publish","type":"page","link":"https:\/\/theperfumebottles.com\/pl\/privacy-policy\/","title":{"rendered":"Privacy Policy"},"content":{"rendered":"<div data-elementor-type=\"wp-page\" data-elementor-id=\"3\" class=\"elementor elementor-3\" data-elementor-settings=\"{&quot;ha_cmc_init_switcher&quot;:&quot;no&quot;}\" data-elementor-post-type=\"page\">\n\t\t\t\t<div class=\"elementor-element elementor-element-7292605e e-flex e-con-boxed e-con e-parent\" data-id=\"7292605e\" data-element_type=\"container\" data-e-type=\"container\" data-settings=\"{&quot;_ha_eqh_enable&quot;:false}\">\n\t\t\t\t\t<div class=\"e-con-inner\">\n\t\t\t\t<div class=\"elementor-element elementor-element-23aa057f elementor-widget elementor-widget-text-editor\" data-id=\"23aa057f\" data-element_type=\"widget\" data-e-type=\"widget\" data-widget_type=\"text-editor.default\">\n\t\t\t\t<div class=\"elementor-widget-container\">\n\t\t\t\t\t\t\t\t\t<p>Niniejsza Polityka prywatno\u015bci opisuje spos\u00f3b gromadzenia, wykorzystywania i udost\u0119pniania danych osobowych podczas odwiedzania lub dokonywania zakup\u00f3w w witrynie theperfumebottles.com (\"Witryna\").<\/p>\n<p><span style=\"color: #002b5b;\"><strong>GROMADZONE PRZEZ NAS DANE OSOBOWE<\/strong><\/span><\/p>\n<p>Gdy u\u017cytkownik odwiedza Witryn\u0119, automatycznie gromadzimy pewne informacje o jego urz\u0105dzeniu, w tym informacje o przegl\u0105darce internetowej, adresie IP, strefie czasowej i niekt\u00f3rych plikach cookie zainstalowanych na urz\u0105dzeniu. Ponadto, podczas przegl\u0105dania Witryny, gromadzimy informacje o poszczeg\u00f3lnych stronach internetowych lub produktach, kt\u00f3re u\u017cytkownik przegl\u0105da, jakie strony internetowe lub wyszukiwane has\u0142a skierowa\u0142y u\u017cytkownika do Witryny oraz informacje o tym, w jaki spos\u00f3b u\u017cytkownik wchodzi w interakcj\u0119 z Witryn\u0105. Te automatycznie zbierane informacje okre\u015blamy mianem \"Informacji o urz\u0105dzeniu\".<\/p>\n<p>Zbieramy informacje o urz\u0105dzeniach przy u\u017cyciu nast\u0119puj\u0105cych technologii:<br \/>- \"Pliki cookie\" to pliki danych, kt\u00f3re s\u0105 umieszczane na urz\u0105dzeniu lub komputerze u\u017cytkownika i cz\u0119sto zawieraj\u0105 anonimowy, niepowtarzalny identyfikator. Wi\u0119cej informacji na temat plik\u00f3w cookie i sposobu ich wy\u0142\u0105czania mo\u017cna znale\u017a\u0107 na stronie http:\/\/www.allaboutcookies.org.<br \/>- \"Pliki dziennika\" \u015bledz\u0105 dzia\u0142ania wyst\u0119puj\u0105ce w Witrynie i gromadz\u0105 dane, w tym adres IP u\u017cytkownika, typ przegl\u0105darki, dostawc\u0119 us\u0142ug internetowych, strony odsy\u0142aj\u0105ce\/wyj\u015bciowe oraz znaczniki daty\/godziny.<br \/>- \"Sygna\u0142y nawigacyjne w sieci Web\", \"znaczniki\" i \"piksele\" to pliki elektroniczne u\u017cywane do rejestrowania informacji o sposobie przegl\u0105dania Witryny przez u\u017cytkownika.<\/p>\n<p>Ponadto, gdy u\u017cytkownik dokonuje zakupu lub pr\u00f3buje dokona\u0107 zakupu za po\u015brednictwem Witryny, zbieramy od niego pewne informacje, w tym imi\u0119 i nazwisko, adres rozliczeniowy, adres wysy\u0142ki, informacje dotycz\u0105ce p\u0142atno\u015bci, adres e-mail i numer telefonu. Informacje te okre\u015blamy mianem \"Informacji o zam\u00f3wieniu\".<\/p>\n<p>M\u00f3wi\u0105c o \"Danych osobowych\" w niniejszej Polityce prywatno\u015bci, mamy na my\u015bli zar\u00f3wno Informacje o urz\u0105dzeniu, jak i Informacje o zam\u00f3wieniu.<\/p>\n<p><span style=\"color: #002b5b;\"><strong>JAK WYKORZYSTUJEMY DANE OSOBOWE U\u017bYTKOWNIKA?<\/strong><\/span><\/p>\n<p>Informacje o zam\u00f3wieniach, kt\u00f3re zbieramy, wykorzystujemy zasadniczo do realizacji wszelkich zam\u00f3wie\u0144 z\u0142o\u017conych za po\u015brednictwem Witryny (w tym przetwarzania informacji o p\u0142atno\u015bciach, organizowania wysy\u0142ki i dostarczania faktur i\/lub potwierdze\u0144 zam\u00f3wie\u0144). Ponadto wykorzystujemy te Informacje o zam\u00f3wieniach do:<br \/>- Komunikacja z u\u017cytkownikiem;<br \/>- Sprawdzanie naszych zam\u00f3wie\u0144 pod k\u0105tem potencjalnego ryzyka lub oszustwa; <br \/>- Je\u015bli jest to zgodne z preferencjami udost\u0119pnionymi nam przez u\u017cytkownika, dostarczanie mu informacji lub reklam zwi\u0105zanych z naszymi produktami lub us\u0142ugami.<\/p>\n<p>Wykorzystujemy gromadzone przez nas Informacje o urz\u0105dzeniu, aby pom\u00f3c nam w monitorowaniu potencjalnego ryzyka i oszustw (w szczeg\u00f3lno\u015bci adresu IP u\u017cytkownika), a bardziej og\u00f3lnie w celu ulepszenia i optymalizacji naszej Witryny (na przyk\u0142ad poprzez generowanie analiz dotycz\u0105cych sposobu przegl\u0105dania i interakcji naszych klient\u00f3w z Witryn\u0105 oraz w celu oceny sukcesu naszych kampanii marketingowych i reklamowych).<\/p>\n<p><span style=\"color: #002b5b;\"><strong>UDOST\u0118PNIANIE DANYCH OSOBOWYCH<\/strong><\/span><\/p>\n<p>Udost\u0119pniamy Dane osobowe u\u017cytkownika stronom trzecim, aby pom\u00f3c nam w korzystaniu z Danych osobowych u\u017cytkownika w spos\u00f3b opisany powy\u017cej. <br \/>Korzystamy z Google Analytics, aby pom\u00f3c nam zrozumie\u0107, w jaki spos\u00f3b nasi klienci korzystaj\u0105 z Witryny - wi\u0119cej informacji o tym, jak Google wykorzystuje dane osobowe u\u017cytkownika, mo\u017cna znale\u017a\u0107 tutaj: https:\/\/www.google.com\/intl\/en\/policies\/privacy\/. U\u017cytkownik mo\u017ce r\u00f3wnie\u017c zrezygnowa\u0107 z Google Analytics tutaj: https:\/\/tools.google.com\/dlpage\/gaoptout\/.<\/p>\n<p>Wreszcie, mo\u017cemy r\u00f3wnie\u017c udost\u0119pnia\u0107 dane osobowe u\u017cytkownika w celu zachowania zgodno\u015bci z obowi\u0105zuj\u0105cymi przepisami prawa i regulacjami, w odpowiedzi na wezwanie do s\u0105du, nakaz przeszukania lub inne zgodne z prawem \u017c\u0105dania dotycz\u0105ce informacji, kt\u00f3re otrzymujemy, lub w celu ochrony naszych praw w inny spos\u00f3b.<\/p>\n<p><span style=\"color: #002b5b;\"><strong>NIE \u015aLED\u0179<\/strong><\/span><\/p>\n<p>Nale\u017cy pami\u0119ta\u0107, \u017ce nie zmieniamy praktyk gromadzenia i wykorzystywania danych w naszej Witrynie, gdy widzimy sygna\u0142 Do Not Track z przegl\u0105darki u\u017cytkownika.<\/p>\n<p><span style=\"color: #002b5b;\"><strong>TWOJE PRAWA<\/strong><\/span><\/p>\n<p>Je\u015bli u\u017cytkownik jest mieszka\u0144cem Europy, ma prawo dost\u0119pu do przechowywanych przez nas jego danych osobowych oraz \u017c\u0105dania ich poprawienia, aktualizacji lub usuni\u0119cia. Je\u015bli chcesz skorzysta\u0107 z tego prawa, skontaktuj si\u0119 z nami za po\u015brednictwem poni\u017cszych danych kontaktowych.<\/p>\n<p>Ponadto, je\u015bli u\u017cytkownik jest mieszka\u0144cem Europy, zwracamy uwag\u0119, \u017ce przetwarzamy jego dane w celu realizacji um\u00f3w, kt\u00f3re mo\u017cemy z nim zawrze\u0107 (na przyk\u0142ad w przypadku z\u0142o\u017cenia zam\u00f3wienia za po\u015brednictwem Witryny) lub w inny spos\u00f3b w celu realizacji naszych uzasadnionych interes\u00f3w biznesowych wymienionych powy\u017cej. Ponadto nale\u017cy pami\u0119ta\u0107, \u017ce dane u\u017cytkownika b\u0119d\u0105 przekazywane poza Europ\u0119, w tym do Kanady i Stan\u00f3w Zjednoczonych.<\/p>\n<p><span style=\"color: #002b5b;\"><strong>PRZECHOWYWANIE DANYCH<\/strong><\/span><\/p>\n<p>Gdy u\u017cytkownik z\u0142o\u017cy zam\u00f3wienie za po\u015brednictwem Witryny, zachowamy jego Informacje o zam\u00f3wieniu w naszych rejestrach, chyba \u017ce u\u017cytkownik poprosi nas o usuni\u0119cie tych informacji.<\/p>\n<p><span style=\"color: #002b5b;\"><strong>ZMIANY<\/strong><\/span><\/p>\n<p>Od czasu do czasu mo\u017cemy aktualizowa\u0107 niniejsz\u0105 polityk\u0119 prywatno\u015bci, aby odzwierciedli\u0107 na przyk\u0142ad zmiany w naszych praktykach lub z innych powod\u00f3w operacyjnych, prawnych lub regulacyjnych.<\/p>\n<p><span style=\"color: #002b5b;\"><strong>OSOBY NIEPE\u0141NOLETNIE<\/strong><\/span><\/p>\n<p>Witryna nie jest przeznaczona dla os\u00f3b poni\u017cej 18 roku \u017cycia.<\/p>\n<p><span style=\"color: #002b5b;\"><strong>KONTAKT<\/strong><\/span><\/p>\n<p>Aby uzyska\u0107 wi\u0119cej informacji na temat naszych praktyk w zakresie ochrony prywatno\u015bci, w przypadku pyta\u0144 lub ch\u0119ci z\u0142o\u017cenia skargi, prosimy o kontakt.<\/p>\t\t\t\t\t\t\t\t<\/div>\n\t\t\t\t<\/div>\n\t\t\t\t\t<\/div>\n\t\t\t\t<\/div>\n\t\t\t\t<\/div>","protected":false},"excerpt":{"rendered":"<p>Niniejsza Polityka prywatno\u015bci opisuje spos\u00f3b gromadzenia, wykorzystywania i udost\u0119pniania danych osobowych podczas odwiedzania lub dokonywania zakup\u00f3w [...].<\/p>","protected":false},"author":1,"featured_media":0,"parent":0,"menu_order":111,"comment_status":"closed","ping_status":"closed","template":"","meta":{"_acf_changed":false,"site-sidebar-layout":"default","site-content-layout":"","ast-site-content-layout":"default","site-content-style":"default","site-sidebar-style":"default","ast-global-header-display":"","ast-banner-title-visibility":"","ast-main-header-display":"","ast-hfb-above-header-display":"","ast-hfb-below-header-display":"","ast-hfb-mobile-header-display":"","site-post-title":"","ast-breadcrumbs-content":"","ast-featured-img":"","footer-sml-layout":"","ast-disable-related-posts":"","theme-transparent-header-meta":"","adv-header-id-meta":"","stick-header-meta":"","header-above-stick-meta":"","header-main-stick-meta":"","header-below-stick-meta":"","astra-migrate-meta-layouts":"default","ast-page-background-enabled":"default","ast-page-background-meta":{"desktop":{"background-color":"var(--ast-global-color-5)","background-image":"","background-repeat":"repeat","background-position":"center center","background-size":"auto","background-attachment":"scroll","background-type":"","background-media":"","overlay-type":"","overlay-color":"","overlay-opacity":"","overlay-gradient":""},"tablet":{"background-color":"","background-image":"","background-repeat":"repeat","background-position":"center center","background-size":"auto","background-attachment":"scroll","background-type":"","background-media":"","overlay-type":"","overlay-color":"","overlay-opacity":"","overlay-gradient":""},"mobile":{"background-color":"","background-image":"","background-repeat":"repeat","background-position":"center center","background-size":"auto","background-attachment":"scroll","background-type":"","background-media":"","overlay-type":"","overlay-color":"","overlay-opacity":"","overlay-gradient":""}},"ast-content-background-meta":{"desktop":{"background-color":"var(--ast-global-color-4)","background-image":"","background-repeat":"repeat","background-position":"center center","background-size":"auto","background-attachment":"scroll","background-type":"","background-media":"","overlay-type":"","overlay-color":"","overlay-opacity":"","overlay-gradient":""},"tablet":{"background-color":"var(--ast-global-color-4)","background-image":"","background-repeat":"repeat","background-position":"center center","background-size":"auto","background-attachment":"scroll","background-type":"","background-media":"","overlay-type":"","overlay-color":"","overlay-opacity":"","overlay-gradient":""},"mobile":{"background-color":"var(--ast-global-color-4)","background-image":"","background-repeat":"repeat","background-position":"center center","background-size":"auto","background-attachment":"scroll","background-type":"","background-media":"","overlay-type":"","overlay-color":"","overlay-opacity":"","overlay-gradient":""}},"footnotes":""},"class_list":["post-3","page","type-page","status-publish","hentry"],"acf":[],"jetpack_sharing_enabled":true,"_links":{"self":[{"href":"https:\/\/theperfumebottles.com\/pl\/wp-json\/wp\/v2\/pages\/3","targetHints":{"allow":["GET"]}}],"collection":[{"href":"https:\/\/theperfumebottles.com\/pl\/wp-json\/wp\/v2\/pages"}],"about":[{"href":"https:\/\/theperfumebottles.com\/pl\/wp-json\/wp\/v2\/types\/page"}],"author":[{"embeddable":true,"href":"https:\/\/theperfumebottles.com\/pl\/wp-json\/wp\/v2\/users\/1"}],"replies":[{"embeddable":true,"href":"https:\/\/theperfumebottles.com\/pl\/wp-json\/wp\/v2\/comments?post=3"}],"version-history":[{"count":5,"href":"https:\/\/theperfumebottles.com\/pl\/wp-json\/wp\/v2\/pages\/3\/revisions"}],"predecessor-version":[{"id":2216,"href":"https:\/\/theperfumebottles.com\/pl\/wp-json\/wp\/v2\/pages\/3\/revisions\/2216"}],"wp:attachment":[{"href":"https:\/\/theperfumebottles.com\/pl\/wp-json\/wp\/v2\/media?parent=3"}],"curies":[{"name":"wp","href":"https:\/\/api.w.org\/{rel}","templated":true}]}}