{"id":1726,"date":"2025-02-05T09:12:32","date_gmt":"2025-02-05T09:12:32","guid":{"rendered":"https:\/\/theperfumebottles.com\/?post_type=product&#038;p=1726"},"modified":"2026-04-07T14:56:00","modified_gmt":"2026-04-07T06:56:00","slug":"ribbed-glass-mini-perfume-bottles-bulk","status":"publish","type":"product","link":"https:\/\/theperfumebottles.com\/pl\/produkt\/ribbed-glass-mini-perfume-bottles-bulk\/","title":{"rendered":"15 ml \u017cebrowane szklane mini butelki na perfumy hurtowo"},"content":{"rendered":"<p>Ma\u0142e flakony perfum maj\u0105 kompaktowy, cylindryczny kszta\u0142t z pionowo \u017cebrowan\u0105 faktur\u0105, tworz\u0105c wyrafinowan\u0105 i przyjemn\u0105 w dotyku powierzchni\u0119. Gruba podstawa zapewnia stabilno\u015b\u0107, a przezroczysty korpus eksponuje zapach zawarty w \u015brodku. Zaokr\u0105glona nakr\u0119tka i g\u0142adki atomizer tworz\u0105 elegancki wygl\u0105d, kt\u00f3ry doskonale sprawdza si\u0119 zar\u00f3wno w sklepach detalicznych, jak i w podr\u00f3\u017cy.<\/p>\n<h2>Kluczowe specyfikacje<\/h2>\n<p>&nbsp;<\/p>\n<table style=\"border-collapse: collapse; margin-left: auto; margin-right: auto; width: 538px; height: 435px;\" border=\"0\" width=\"431\" cellspacing=\"0\" cellpadding=\"0\">\n<tbody>\n<tr style=\"height: 13.50pt;\">\n<td style=\"height: 13.5pt; text-align: center;\" height=\"18\">Model<\/td>\n<td style=\"text-align: center;\">PB-YX03<\/td>\n<\/tr>\n<tr style=\"height: 13.50pt;\">\n<td style=\"height: 13.5pt; width: 124.5pt; text-align: center;\" width=\"166\" height=\"18\">Pojemno\u015b\u0107<\/td>\n<td style=\"width: 198.75pt; text-align: center;\" width=\"265\">15 ml<\/td>\n<\/tr>\n<tr style=\"height: 13.50pt;\">\n<td style=\"height: 13.5pt; text-align: center;\" height=\"18\">Wymiar szk\u0142a<\/td>\n<td style=\"text-align: center;\">wysoko\u015b\u0107 50 mm, \u015brednica 32 mm, kaliber 12 mm<\/td>\n<\/tr>\n<tr style=\"height: 13.50pt;\">\n<td style=\"height: 13.5pt; text-align: center;\" height=\"18\">Kszta\u0142t<\/td>\n<td style=\"text-align: center;\">Cylindryczny<\/td>\n<\/tr>\n<tr style=\"height: 13.50pt;\">\n<td class=\"et2\" style=\"height: 13.5pt; width: 124.5pt; text-align: center;\" width=\"166\" height=\"18\">Kolor<\/td>\n<td style=\"text-align: center;\">Przezroczysty<\/td>\n<\/tr>\n<tr style=\"height: 13.50pt;\">\n<td style=\"height: 13.5pt; text-align: center;\" height=\"18\">Tworzywo<\/td>\n<td style=\"text-align: center;\">Wysokiej jako\u015bci szk\u0142o kryszta\u0142owe<\/td>\n<\/tr>\n<\/tbody>\n<\/table>\n<h2>Przypadek sukcesu<\/h2>\n<p>Europejska marka perfum dzia\u0142aj\u0105ca na wyspecjalizowanym rynku zleci\u0142a nam stworzenie 15-mililitrowych mini flakon\u00f3w perfum, kt\u00f3re b\u0119d\u0105 s\u0142u\u017cy\u0107 jako dozowniki w podr\u00f3\u017cy. Klient wybra\u0142 nowy projekt nakr\u0119tek o b\u0142yszcz\u0105cym, kopulastym kszta\u0142cie, z galwanizowan\u0105 czarn\u0105 powierzchni\u0105 i metalicznym wyko\u0144czeniem, aby stworzy\u0107 silny efekt wizualny, kt\u00f3ry przyci\u0105gnie uwag\u0119 klient\u00f3w do ekspozycji sklepowych. Stworzyli\u015bmy artystyczny projekt z logo marki na szklanej podstawie flakonu, buduj\u0105c to\u017csamo\u015b\u0107 marki \u0142\u0105cz\u0105c\u0105 stylow\u0105 prostot\u0119 z trwa\u0142\u0105 wytrzyma\u0142o\u015bci\u0105.<\/p>\n<p>Marka odnotowa\u0142a w pierwszym kwartale po premierze 30-procentowy wzrost sprzeda\u017cy produkt\u00f3w w formacie podr\u00f3\u017cnym. Klient zacz\u0105\u0142 sk\u0142ada\u0107 kolejne zam\u00f3wienia, poniewa\u017c chcia\u0142 wykorzysta\u0107 miniaturowe flakony perfum w swojej specjalnej kolekcji pude\u0142ek prezentowych.<\/p>\n<h2>Opcje dostosowywania<\/h2>\n<ol>\n<li><strong>Opcje wyko\u0144czenia szk\u0142a:<\/strong> Wybierz przezroczysty i matowy spray oraz pow\u0142ok\u0119 lakiernicz\u0105 w odcieniu gradientu, aby dopasowa\u0107 je do umiejscowienia zapachu.<\/li>\n<li><strong>Ulepszenie projektu czapki:<\/strong> Firma dostarcza nasadki kopu\u0142kowe, p\u0142askie i rze\u017abione, kt\u00f3re klienci mog\u0105 wybiera\u0107 spo\u015br\u00f3d wyko\u0144czenia galwanizowanego, matowego lub mi\u0119kkiego w dotyku.<\/li>\n<li><strong>Personalizacja opryskiwacza:<\/strong> System pozwala u\u017cytkownikom wybiera\u0107 mi\u0119dzy delikatn\u0105 mgie\u0142k\u0105 a szerszym strumieniem, a tak\u017ce wybiera\u0107 mi\u0119dzy kolorami ko\u0142nierzy: srebrnym, z\u0142otym, czarnym oraz niestandardowymi odcieniami.<\/li>\n<\/ol>","protected":false},"excerpt":{"rendered":"<p>Przedstawiamy nasze eleganckie, \u017cebrowane szklane mini flakony na perfumy \u2013 wyrafinowane rozwi\u0105zanie do pakowania luksusowych perfum. Zaprojektowane z my\u015bl\u0105 o po\u0142\u0105czeniu stylu z funkcjonalno\u015bci\u0105, te flakony idealnie sprawdz\u0105 si\u0119 w przypadku hurtownik\u00f3w i w\u0142a\u015bcicieli marek, kt\u00f3rzy chc\u0105 wzmocni\u0107 sw\u00f3j wizerunek.<\/p>","protected":false},"featured_media":2312,"comment_status":"open","ping_status":"closed","template":"","meta":{"_acf_changed":false,"site-sidebar-layout":"default","site-content-layout":"","ast-site-content-layout":"default","site-content-style":"default","site-sidebar-style":"default","ast-global-header-display":"","ast-banner-title-visibility":"","ast-main-header-display":"","ast-hfb-above-header-display":"","ast-hfb-below-header-display":"","ast-hfb-mobile-header-display":"","site-post-title":"","ast-breadcrumbs-content":"","ast-featured-img":"","footer-sml-layout":"","ast-disable-related-posts":"","theme-transparent-header-meta":"default","adv-header-id-meta":"","stick-header-meta":"","header-above-stick-meta":"","header-main-stick-meta":"","header-below-stick-meta":"","astra-migrate-meta-layouts":"set","ast-page-background-enabled":"default","ast-page-background-meta":{"desktop":{"background-color":"var(--ast-global-color-5)","background-image":"","background-repeat":"repeat","background-position":"center center","background-size":"auto","background-attachment":"scroll","background-type":"","background-media":"","overlay-type":"","overlay-color":"","overlay-opacity":"","overlay-gradient":""},"tablet":{"background-color":"","background-image":"","background-repeat":"repeat","background-position":"center center","background-size":"auto","background-attachment":"scroll","background-type":"","background-media":"","overlay-type":"","overlay-color":"","overlay-opacity":"","overlay-gradient":""},"mobile":{"background-color":"","background-image":"","background-repeat":"repeat","background-position":"center center","background-size":"auto","background-attachment":"scroll","background-type":"","background-media":"","overlay-type":"","overlay-color":"","overlay-opacity":"","overlay-gradient":""}},"ast-content-background-meta":{"desktop":{"background-color":"var(--ast-global-color-4)","background-image":"","background-repeat":"repeat","background-position":"center center","background-size":"auto","background-attachment":"scroll","background-type":"","background-media":"","overlay-type":"","overlay-color":"","overlay-opacity":"","overlay-gradient":""},"tablet":{"background-color":"var(--ast-global-color-4)","background-image":"","background-repeat":"repeat","background-position":"center center","background-size":"auto","background-attachment":"scroll","background-type":"","background-media":"","overlay-type":"","overlay-color":"","overlay-opacity":"","overlay-gradient":""},"mobile":{"background-color":"var(--ast-global-color-4)","background-image":"","background-repeat":"repeat","background-position":"center center","background-size":"auto","background-attachment":"scroll","background-type":"","background-media":"","overlay-type":"","overlay-color":"","overlay-opacity":"","overlay-gradient":""}}},"product_brand":[],"product_cat":[74,72,91,41],"product_tag":[50,75,49],"class_list":{"0":"post-1726","1":"product","2":"type-product","3":"status-publish","4":"has-post-thumbnail","6":"product_cat-mini-perfume-bottles","7":"product_cat-cosmetic-packaging","8":"product_cat-custom-perfume-bottles","9":"product_cat-perfume-bottles","10":"product_tag-glass-perfume-bottles","11":"product_tag-mini-perfume-bottles","12":"product_tag-perfume-bottles","13":"desktop-align-left","14":"tablet-align-left","15":"mobile-align-left","17":"first","18":"instock","19":"shipping-taxable","20":"product-type-simple"},"acf":[],"jetpack_sharing_enabled":true,"_links":{"self":[{"href":"https:\/\/theperfumebottles.com\/pl\/wp-json\/wp\/v2\/product\/1726","targetHints":{"allow":["GET"]}}],"collection":[{"href":"https:\/\/theperfumebottles.com\/pl\/wp-json\/wp\/v2\/product"}],"about":[{"href":"https:\/\/theperfumebottles.com\/pl\/wp-json\/wp\/v2\/types\/product"}],"replies":[{"embeddable":true,"href":"https:\/\/theperfumebottles.com\/pl\/wp-json\/wp\/v2\/comments?post=1726"}],"wp:featuredmedia":[{"embeddable":true,"href":"https:\/\/theperfumebottles.com\/pl\/wp-json\/wp\/v2\/media\/2312"}],"wp:attachment":[{"href":"https:\/\/theperfumebottles.com\/pl\/wp-json\/wp\/v2\/media?parent=1726"}],"wp:term":[{"taxonomy":"product_brand","embeddable":true,"href":"https:\/\/theperfumebottles.com\/pl\/wp-json\/wp\/v2\/product_brand?post=1726"},{"taxonomy":"product_cat","embeddable":true,"href":"https:\/\/theperfumebottles.com\/pl\/wp-json\/wp\/v2\/product_cat?post=1726"},{"taxonomy":"product_tag","embeddable":true,"href":"https:\/\/theperfumebottles.com\/pl\/wp-json\/wp\/v2\/product_tag?post=1726"}],"curies":[{"name":"wp","href":"https:\/\/api.w.org\/{rel}","templated":true}]}}