{"id":1734,"date":"2025-02-06T07:16:21","date_gmt":"2025-02-06T07:16:21","guid":{"rendered":"https:\/\/theperfumebottles.com\/?post_type=product&#038;p=1734"},"modified":"2025-04-15T08:12:10","modified_gmt":"2025-04-15T08:12:10","slug":"30ml-pink-small-perfume-bottles-wholesale","status":"publish","type":"product","link":"https:\/\/theperfumebottles.com\/pl\/produkt\/30ml-pink-small-perfume-bottles-wholesale\/","title":{"rendered":"30 ml r\u00f3\u017cowe ma\u0142e buteleczki perfum hurtowo"},"content":{"rendered":"<p>Nasze ma\u0142e flakoniki na perfumy zosta\u0142y zaprojektowane tak, aby nada\u0107 opakowaniom wyj\u0105tkowy i wyrafinowany styl. Dzi\u0119ki kwadratowemu kszta\u0142towi pryzmatu, zaokr\u0105glonym rogom i unikalnej pier\u015bcieniowej podstawie, te ma\u0142e butelki perfum zapewniaj\u0105 zar\u00f3wno styl, jak i stabilno\u015b\u0107. Butelki perfum maj\u0105 przezroczysty szklany korpus z mi\u0119kk\u0105 r\u00f3\u017cow\u0105 zakr\u0119tk\u0105, idealn\u0105 do wysokiej klasy perfum, w\u00f3d kolo\u0144skich lub zapach\u00f3w podr\u00f3\u017cnych, dodaj\u0105c luksusowy akcent do ka\u017cdej linii zapachowej.<\/p>\n<h2><span style=\"font-size: 22px; font-family: 'times new roman', times, serif;\">Kluczowe specyfikacje naszych ma\u0142ych butelek perfum<\/span><\/h2>\n<table style=\"border-collapse: collapse; margin-left: auto; margin-right: auto; width: 363.02pt;\" border=\"0\" width=\"484\" cellspacing=\"0\" cellpadding=\"0\">\n<tbody>\n<tr style=\"height: 20.00pt;\">\n<td class=\"et2\" style=\"height: 20.00pt; width: 161.25pt;\" width=\"215\" height=\"26\">Numer modelu<\/td>\n<td class=\"et2\" style=\"width: 201.75pt;\" width=\"269\">PB-YX09<\/td>\n<\/tr>\n<tr style=\"height: 20.00pt;\">\n<td class=\"et2\" style=\"height: 20.00pt; width: 161.25pt;\" width=\"215\" height=\"26\">Pojemno\u015b\u0107<\/td>\n<td class=\"et2\" style=\"width: 201.75pt;\" width=\"269\">30 ml<\/td>\n<\/tr>\n<tr style=\"height: 20.00pt;\">\n<td class=\"et2\" style=\"height: 20.00pt; width: 161.25pt;\" width=\"215\" height=\"26\">Kaliber<\/td>\n<td class=\"et2\" style=\"width: 201.75pt;\" width=\"269\">15 mm<\/td>\n<\/tr>\n<tr style=\"height: 20.00pt;\">\n<td class=\"et2\" style=\"height: 20.00pt; width: 161.25pt;\" width=\"215\" height=\"26\">Wymiar szk\u0142a<\/td>\n<td>40*40*48 mm<\/td>\n<\/tr>\n<tr style=\"height: 20.00pt;\">\n<td class=\"et2\" style=\"height: 20.00pt; width: 161.25pt;\" width=\"215\" height=\"26\">Kolor<\/td>\n<td class=\"et2\" style=\"width: 201.75pt;\" width=\"269\">Przezroczysty z r\u00f3\u017cow\u0105 czapk\u0105 z daszkiem<\/td>\n<\/tr>\n<tr style=\"height: 20.00pt;\">\n<td class=\"et2\" style=\"height: 20.00pt; width: 161.25pt;\" width=\"215\" height=\"26\">Tworzywo<\/td>\n<td class=\"et2\" style=\"width: 201.75pt;\" width=\"269\">Wysokiej jako\u015bci szk\u0142o kryszta\u0142owe<\/td>\n<\/tr>\n<tr style=\"height: 20.00pt;\">\n<td class=\"et2\" style=\"height: 20.00pt; width: 161.25pt;\" width=\"215\" height=\"26\">Rodzaj uszczelnienia<\/td>\n<td class=\"et2\" style=\"width: 201.75pt;\" width=\"269\">Opryskiwacz z pompk\u0105 + nasadka kulkowa<\/td>\n<\/tr>\n<\/tbody>\n<\/table>\n<h3>Aplikacje<\/h3>\n<p>Te ma\u0142e flakony perfum s\u0105 idealne dla luksusowych marek zapachowych, sklep\u00f3w butikowych lub podr\u00f3\u017cnych kolekcji perfum. Dzi\u0119ki pojemno\u015bci 30 ml doskonale nadaj\u0105 si\u0119 do oferowania pr\u00f3bek, prezent\u00f3w lub kompaktowych butelek perfum dla klient\u00f3w w podr\u00f3\u017cy. Niezale\u017cnie od tego, czy jeste\u015b w\u0142a\u015bcicielem marki, czy hurtownikiem, te butelki zosta\u0142y zaprojektowane tak, aby zaspokoi\u0107 potrzeby zar\u00f3wno sprzeda\u017cy detalicznej, jak i bezpo\u015bredniej.<\/p>\n<p>Gotowy, aby ulepszy\u0107 swoje opakowanie perfum? Skontaktuj si\u0119 z nami ju\u017c dzi\u015b, aby z\u0142o\u017cy\u0107 zam\u00f3wienie lub zapyta\u0107 o opcje personalizacji dla swojej marki perfum.<\/p>","protected":false},"excerpt":{"rendered":"<p>Nasze ma\u0142e flakoniki na perfumy zosta\u0142y zaprojektowane tak, aby ich wyj\u0105tkowy i wyrafinowany styl podnosi\u0142 jako\u015b\u0107 opakowania.<\/p>","protected":false},"featured_media":2342,"comment_status":"open","ping_status":"closed","template":"","meta":{"_acf_changed":false,"site-sidebar-layout":"default","site-content-layout":"","ast-site-content-layout":"default","site-content-style":"default","site-sidebar-style":"default","ast-global-header-display":"","ast-banner-title-visibility":"","ast-main-header-display":"","ast-hfb-above-header-display":"","ast-hfb-below-header-display":"","ast-hfb-mobile-header-display":"","site-post-title":"","ast-breadcrumbs-content":"","ast-featured-img":"","footer-sml-layout":"","ast-disable-related-posts":"","theme-transparent-header-meta":"default","adv-header-id-meta":"","stick-header-meta":"","header-above-stick-meta":"","header-main-stick-meta":"","header-below-stick-meta":"","astra-migrate-meta-layouts":"set","ast-page-background-enabled":"default","ast-page-background-meta":{"desktop":{"background-color":"var(--ast-global-color-5)","background-image":"","background-repeat":"repeat","background-position":"center center","background-size":"auto","background-attachment":"scroll","background-type":"","background-media":"","overlay-type":"","overlay-color":"","overlay-opacity":"","overlay-gradient":""},"tablet":{"background-color":"","background-image":"","background-repeat":"repeat","background-position":"center center","background-size":"auto","background-attachment":"scroll","background-type":"","background-media":"","overlay-type":"","overlay-color":"","overlay-opacity":"","overlay-gradient":""},"mobile":{"background-color":"","background-image":"","background-repeat":"repeat","background-position":"center center","background-size":"auto","background-attachment":"scroll","background-type":"","background-media":"","overlay-type":"","overlay-color":"","overlay-opacity":"","overlay-gradient":""}},"ast-content-background-meta":{"desktop":{"background-color":"var(--ast-global-color-4)","background-image":"","background-repeat":"repeat","background-position":"center center","background-size":"auto","background-attachment":"scroll","background-type":"","background-media":"","overlay-type":"","overlay-color":"","overlay-opacity":"","overlay-gradient":""},"tablet":{"background-color":"var(--ast-global-color-4)","background-image":"","background-repeat":"repeat","background-position":"center center","background-size":"auto","background-attachment":"scroll","background-type":"","background-media":"","overlay-type":"","overlay-color":"","overlay-opacity":"","overlay-gradient":""},"mobile":{"background-color":"var(--ast-global-color-4)","background-image":"","background-repeat":"repeat","background-position":"center center","background-size":"auto","background-attachment":"scroll","background-type":"","background-media":"","overlay-type":"","overlay-color":"","overlay-opacity":"","overlay-gradient":""}}},"product_brand":[],"product_cat":[74,72,91,41],"product_tag":[77,76,78],"class_list":{"0":"post-1734","1":"product","2":"type-product","3":"status-publish","4":"has-post-thumbnail","6":"product_cat-mini-perfume-bottles","7":"product_cat-cosmetic-packaging","8":"product_cat-custom-perfume-bottles","9":"product_cat-perfume-bottles","10":"product_tag-pink-perfume-bottles","11":"product_tag-small-perfume-bottles","12":"product_tag-tiny-perfume-bottles","13":"desktop-align-left","14":"tablet-align-left","15":"mobile-align-left","17":"first","18":"instock","19":"shipping-taxable","20":"product-type-simple"},"acf":[],"jetpack_sharing_enabled":true,"_links":{"self":[{"href":"https:\/\/theperfumebottles.com\/pl\/wp-json\/wp\/v2\/product\/1734","targetHints":{"allow":["GET"]}}],"collection":[{"href":"https:\/\/theperfumebottles.com\/pl\/wp-json\/wp\/v2\/product"}],"about":[{"href":"https:\/\/theperfumebottles.com\/pl\/wp-json\/wp\/v2\/types\/product"}],"replies":[{"embeddable":true,"href":"https:\/\/theperfumebottles.com\/pl\/wp-json\/wp\/v2\/comments?post=1734"}],"wp:featuredmedia":[{"embeddable":true,"href":"https:\/\/theperfumebottles.com\/pl\/wp-json\/wp\/v2\/media\/2342"}],"wp:attachment":[{"href":"https:\/\/theperfumebottles.com\/pl\/wp-json\/wp\/v2\/media?parent=1734"}],"wp:term":[{"taxonomy":"product_brand","embeddable":true,"href":"https:\/\/theperfumebottles.com\/pl\/wp-json\/wp\/v2\/product_brand?post=1734"},{"taxonomy":"product_cat","embeddable":true,"href":"https:\/\/theperfumebottles.com\/pl\/wp-json\/wp\/v2\/product_cat?post=1734"},{"taxonomy":"product_tag","embeddable":true,"href":"https:\/\/theperfumebottles.com\/pl\/wp-json\/wp\/v2\/product_tag?post=1734"}],"curies":[{"name":"wp","href":"https:\/\/api.w.org\/{rel}","templated":true}]}}