{"id":1824,"date":"2025-02-10T08:02:56","date_gmt":"2025-02-10T08:02:56","guid":{"rendered":"https:\/\/theperfumebottles.com\/?post_type=product&#038;p=1824"},"modified":"2025-05-29T11:51:05","modified_gmt":"2025-05-29T03:51:05","slug":"100ml-fragrance-bottles-wholesale","status":"publish","type":"product","link":"https:\/\/theperfumebottles.com\/pl\/produkt\/100ml-fragrance-bottles-wholesale\/","title":{"rendered":"Butelki na perfumy w kszta\u0142cie prostok\u0105ta o pojemno\u015bci 3,4 uncji (hurt)"},"content":{"rendered":"<p>Przynosimy Ci butelk\u0119 z perfumami pe\u0142n\u0105 nowoczesnej estetyki \u2013 PB-BF02, kt\u00f3ra doskonale \u0142\u0105czy estetyk\u0119 projektowania przemys\u0142owego z sztuk\u0105 perfum. Ta 3.4-ounce (oko\u0142o 90-97 ml) butelka z kolon\u0105 przyjmuje unikalny zaokr\u0105glony prostok\u0105tny kszta\u0142t, kt\u00f3ry jest jak wstrzykiwanie linii architektonicznych do \u015bwiata perfum, z nowoczesno\u015bci\u0105 i elegancj\u0105. Kiedy Twoje palce przechodz\u0105 po butelce, ciep\u0142a tekstura szk\u0142a i precyzyjnie zaokr\u0105glona kontur zapewni\u0105 podw\u00f3jn\u0105 przyjemno\u015b\u0107 sensoryczn\u0105, czyni\u0105c ka\u017cde kropl\u00f3wk\u0119 sztuk\u0105 artystyczn\u0105 wart\u0105 kolekcjonowania.<\/p>\n<figure id=\"attachment_1825\" aria-describedby=\"caption-attachment-1825\" style=\"width: 300px\" class=\"wp-caption aligncenter\"><img fetchpriority=\"high\" decoding=\"async\" class=\"size-medium wp-image-1825\" src=\"https:\/\/theperfumebottles.com\/wp-content\/uploads\/2025\/02\/fragrance-bottles-wholesale-300x300.jpg\" alt=\"hurtowa sprzeda\u017c butelek perfum\" width=\"300\" height=\"300\" srcset=\"https:\/\/theperfumebottles.com\/wp-content\/uploads\/2025\/02\/fragrance-bottles-wholesale-300x300.jpg 300w, https:\/\/theperfumebottles.com\/wp-content\/uploads\/2025\/02\/fragrance-bottles-wholesale-150x150.jpg 150w, https:\/\/theperfumebottles.com\/wp-content\/uploads\/2025\/02\/fragrance-bottles-wholesale-768x768.jpg 768w, https:\/\/theperfumebottles.com\/wp-content\/uploads\/2025\/02\/fragrance-bottles-wholesale-12x12.jpg 12w, https:\/\/theperfumebottles.com\/wp-content\/uploads\/2025\/02\/fragrance-bottles-wholesale-600x600.jpg 600w, https:\/\/theperfumebottles.com\/wp-content\/uploads\/2025\/02\/fragrance-bottles-wholesale-100x100.jpg 100w, https:\/\/theperfumebottles.com\/wp-content\/uploads\/2025\/02\/fragrance-bottles-wholesale.jpg 1000w\" sizes=\"(max-width: 300px) 100vw, 300px\" \/><figcaption id=\"caption-attachment-1825\" class=\"wp-caption-text\">hurtowa sprzeda\u017c butelek perfum<\/figcaption><\/figure>\n<h2>Kluczowe specyfikacje hurtowej sprzeda\u017cy butelek zapachowych PB-BF02<\/h2>\n<table style=\"border-collapse: collapse;margin-left: auto;margin-right: auto;width: 327.77pt\" border=\"0\" width=\"437\" cellspacing=\"0\" cellpadding=\"0\">\n<tbody>\n<tr style=\"height: 18.00pt\">\n<td class=\"et2\" style=\"height: 18.00pt;width: 114.00pt\" width=\"152\" height=\"24\">Numer modelu<\/td>\n<td class=\"et2\" style=\"width: 213.75pt\" width=\"285\">PB-BF02<\/td>\n<\/tr>\n<tr style=\"height: 18.00pt\">\n<td class=\"et2\" style=\"height: 18.00pt;width: 114.00pt\" width=\"152\" height=\"24\">Pojemno\u015b\u0107<\/td>\n<td class=\"et2\" style=\"width: 213.75pt\" width=\"285\">100 ml(3.4 OZ)<\/td>\n<\/tr>\n<tr style=\"height: 18.00pt\">\n<td class=\"et2\" style=\"height: 18.00pt;width: 114.00pt\" width=\"152\" height=\"24\">Kaliber<\/td>\n<td class=\"et2\" style=\"width: 213.75pt\" width=\"285\">15 mm<\/td>\n<\/tr>\n<tr style=\"height: 18.00pt\">\n<td class=\"et2\" style=\"height: 18.00pt;width: 114.00pt\" width=\"152\" height=\"24\">Wymiar szk\u0142a<\/td>\n<td class=\"et2\" style=\"width: 213.75pt\" width=\"285\">73 mm * 31 mm * 106 mm<\/td>\n<\/tr>\n<tr style=\"height: 18.00pt\">\n<td class=\"et2\" style=\"height: 18.00pt;width: 114.00pt\" width=\"152\" height=\"24\">Kolor<\/td>\n<td class=\"et2\" style=\"width: 213.75pt\" width=\"285\">Przezroczysty z czarn\u0105 nasadk\u0105<\/td>\n<\/tr>\n<tr style=\"height: 18.00pt\">\n<td class=\"et2\" style=\"height: 18.00pt;width: 114.00pt\" width=\"152\" height=\"24\">Tworzywo<\/td>\n<td class=\"et2\" style=\"width: 213.75pt\" width=\"285\">Wysokiej jako\u015bci szk\u0142o kryszta\u0142owe<\/td>\n<\/tr>\n<tr style=\"height: 18.00pt\">\n<td class=\"et2\" style=\"height: 18.00pt;width: 114.00pt\" width=\"152\" height=\"24\">Rodzaj uszczelnienia<\/td>\n<td class=\"et2\" style=\"width: 213.75pt\" width=\"285\">Opryskiwacz z pompk\u0105 + nasadka<\/td>\n<\/tr>\n<\/tbody>\n<\/table>\n<h2>Przeznaczenie do scen: R\u00f3\u017cnorodne mo\u017cliwo\u015bci od codziennego \u017cycia do luksusu<\/h2>\n<ul>\n<li><strong>Komunikacja miejska:<\/strong> Pojemno\u015b\u0107 90 ml idealnie odpowiada potrzebom codziennego u\u017cytkowania, lekka, ale nie pozbawiona poczucia rytua\u0142u<\/li>\n<li><strong>zestaw podr\u00f3\u017cny:<\/strong> Rozmiar butelki spe\u0142nia standardy przewozu p\u0142yn\u00f3w lotniczych, a czarny ko\u0142ek zosta\u0142 certyfikowany jako bezpieczny dla lot\u00f3w mi\u0119dzynarodowych<\/li>\n<li><strong>Scena biznesowa:<\/strong> Klienci hurtowi mog\u0105 wybiera\u0107 r\u00f3\u017cne specyfikacje, aby zaspokoi\u0107 potrzeby od sklepowych detali po pi\u0119ciogwiazdkowe hotele<\/li>\n<\/ul>","protected":false},"excerpt":{"rendered":"<p>Przedstawiamy nasze szklane butelki zapachowe PB-BF02 do sprzeda\u017cy hurtowej, butelk\u0119 wody kolo\u0144skiej o pojemno\u015bci 3,4 uncji, zaprojektowan\u0105 w eleganckim, \u0142ukowatym kszta\u0142cie prostok\u0105ta, kt\u00f3ry emanuje nowoczesnym minimalizmem.<\/p>","protected":false},"featured_media":2330,"comment_status":"open","ping_status":"closed","template":"","meta":{"_acf_changed":false,"site-sidebar-layout":"default","site-content-layout":"","ast-site-content-layout":"default","site-content-style":"default","site-sidebar-style":"default","ast-global-header-display":"","ast-banner-title-visibility":"","ast-main-header-display":"","ast-hfb-above-header-display":"","ast-hfb-below-header-display":"","ast-hfb-mobile-header-display":"","site-post-title":"","ast-breadcrumbs-content":"","ast-featured-img":"","footer-sml-layout":"","ast-disable-related-posts":"","theme-transparent-header-meta":"default","adv-header-id-meta":"","stick-header-meta":"","header-above-stick-meta":"","header-main-stick-meta":"","header-below-stick-meta":"","astra-migrate-meta-layouts":"set","ast-page-background-enabled":"default","ast-page-background-meta":{"desktop":{"background-color":"var(--ast-global-color-5)","background-image":"","background-repeat":"repeat","background-position":"center center","background-size":"auto","background-attachment":"scroll","background-type":"","background-media":"","overlay-type":"","overlay-color":"","overlay-opacity":"","overlay-gradient":""},"tablet":{"background-color":"","background-image":"","background-repeat":"repeat","background-position":"center center","background-size":"auto","background-attachment":"scroll","background-type":"","background-media":"","overlay-type":"","overlay-color":"","overlay-opacity":"","overlay-gradient":""},"mobile":{"background-color":"","background-image":"","background-repeat":"repeat","background-position":"center center","background-size":"auto","background-attachment":"scroll","background-type":"","background-media":"","overlay-type":"","overlay-color":"","overlay-opacity":"","overlay-gradient":""}},"ast-content-background-meta":{"desktop":{"background-color":"var(--ast-global-color-4)","background-image":"","background-repeat":"repeat","background-position":"center center","background-size":"auto","background-attachment":"scroll","background-type":"","background-media":"","overlay-type":"","overlay-color":"","overlay-opacity":"","overlay-gradient":""},"tablet":{"background-color":"var(--ast-global-color-4)","background-image":"","background-repeat":"repeat","background-position":"center center","background-size":"auto","background-attachment":"scroll","background-type":"","background-media":"","overlay-type":"","overlay-color":"","overlay-opacity":"","overlay-gradient":""},"mobile":{"background-color":"var(--ast-global-color-4)","background-image":"","background-repeat":"repeat","background-position":"center center","background-size":"auto","background-attachment":"scroll","background-type":"","background-media":"","overlay-type":"","overlay-color":"","overlay-opacity":"","overlay-gradient":""}}},"product_brand":[],"product_cat":[41,72],"product_tag":[84],"class_list":{"0":"post-1824","1":"product","2":"type-product","3":"status-publish","4":"has-post-thumbnail","6":"product_cat-perfume-bottles","7":"product_cat-cosmetic-packaging","8":"product_tag-fragrance-bottles","9":"desktop-align-left","10":"tablet-align-left","11":"mobile-align-left","13":"first","14":"instock","15":"shipping-taxable","16":"product-type-simple"},"acf":[],"jetpack_sharing_enabled":true,"_links":{"self":[{"href":"https:\/\/theperfumebottles.com\/pl\/wp-json\/wp\/v2\/product\/1824","targetHints":{"allow":["GET"]}}],"collection":[{"href":"https:\/\/theperfumebottles.com\/pl\/wp-json\/wp\/v2\/product"}],"about":[{"href":"https:\/\/theperfumebottles.com\/pl\/wp-json\/wp\/v2\/types\/product"}],"replies":[{"embeddable":true,"href":"https:\/\/theperfumebottles.com\/pl\/wp-json\/wp\/v2\/comments?post=1824"}],"wp:featuredmedia":[{"embeddable":true,"href":"https:\/\/theperfumebottles.com\/pl\/wp-json\/wp\/v2\/media\/2330"}],"wp:attachment":[{"href":"https:\/\/theperfumebottles.com\/pl\/wp-json\/wp\/v2\/media?parent=1824"}],"wp:term":[{"taxonomy":"product_brand","embeddable":true,"href":"https:\/\/theperfumebottles.com\/pl\/wp-json\/wp\/v2\/product_brand?post=1824"},{"taxonomy":"product_cat","embeddable":true,"href":"https:\/\/theperfumebottles.com\/pl\/wp-json\/wp\/v2\/product_cat?post=1824"},{"taxonomy":"product_tag","embeddable":true,"href":"https:\/\/theperfumebottles.com\/pl\/wp-json\/wp\/v2\/product_tag?post=1824"}],"curies":[{"name":"wp","href":"https:\/\/api.w.org\/{rel}","templated":true}]}}