{"id":1842,"date":"2025-02-13T08:27:09","date_gmt":"2025-02-13T08:27:09","guid":{"rendered":"https:\/\/theperfumebottles.com\/?post_type=product&#038;p=1842"},"modified":"2025-05-29T15:36:33","modified_gmt":"2025-05-29T07:36:33","slug":"wholesale-30ml-glass-lotion-bottles","status":"publish","type":"product","link":"https:\/\/theperfumebottles.com\/pl\/produkt\/wholesale-30ml-glass-lotion-bottles\/","title":{"rendered":"Hurtowa sprzeda\u017c szklanych butelek na balsam o pojemno\u015bci 30 ml"},"content":{"rendered":"<p>Butelki na balsamy PB-RY30 (30 ml) \u0142\u0105cz\u0105 nowoczesn\u0105 estetyk\u0119 z praktycznym wzornictwem dzi\u0119ki eleganckim krzywiznom i matowemu wyko\u0144czeniu - kwadratowa butelka jest tak schludna, jak linie architektoniczne, a czarna g\u0142owica pompki jest jak cicha paleta, kt\u00f3ra mo\u017ce precyzyjnie wypuszcza\u0107 p\u0142yn za pomoc\u0105 lekkiego naci\u015bni\u0119cia, \u017cegnaj\u0105c si\u0119 z k\u0142opotami z kapaniem. Niezale\u017cnie od tego, czy jest wype\u0142niony balsamem nawil\u017caj\u0105cym, czy skoncentrowan\u0105 esencj\u0105, mo\u017ce chroni\u0107 ka\u017cd\u0105 kropl\u0119 sk\u0142adnik\u00f3w aktywnych dzi\u0119ki bezszwowej konstrukcji uszczelniaj\u0105cej. Dla marek, kt\u00f3re stawiaj\u0105 na jako\u015b\u0107, jest to elegancki pojemnik do tworzenia minimalistycznych serii do piel\u0119gnacji sk\u00f3ry; dla hurtownik\u00f3w jest to idealny wyb\u00f3r, aby zr\u00f3wnowa\u017cy\u0107 koszty i tekstur\u0119. W momencie odkr\u0119cenia nakr\u0119tki butelki, orze\u017awiaj\u0105cemu zapachowi towarzyszy d\u017awi\u0119k pompki, zamieniaj\u0105c czas piel\u0119gnacji sk\u00f3ry w delikatn\u0105 samoopiek\u0119.<\/p>\n<h2>Kluczowe specyfikacje tych szklanych butelek z balsamem<\/h2>\n<table style=\"border-collapse: collapse;margin-left: auto;margin-right: auto;width: 330.02pt\" border=\"0\" width=\"440\" cellspacing=\"0\" cellpadding=\"0\">\n<tbody>\n<tr style=\"height: 13.50pt\">\n<td style=\"height: 13.50pt;width: 111.00pt\" width=\"148\" height=\"18\">Numer modelu<\/td>\n<td style=\"width: 219.00pt\" width=\"292\">PB-RY30<\/td>\n<\/tr>\n<tr style=\"height: 13.50pt\">\n<td style=\"height: 13.50pt\" height=\"18\">Rodzaj uszczelnienia<\/td>\n<td>Opryskiwacz z pompk\u0105<\/td>\n<\/tr>\n<tr style=\"height: 13.50pt\">\n<td style=\"height: 13.50pt\" height=\"18\">Tworzywo<\/td>\n<td>Szk\u0142o i PET<\/td>\n<\/tr>\n<tr style=\"height: 13.50pt\">\n<td style=\"height: 13.50pt\" height=\"18\">Stosowanie<\/td>\n<td>Pakowanie kosmetyk\u00f3w<\/td>\n<\/tr>\n<tr style=\"height: 13.50pt\">\n<td style=\"height: 13.50pt\" height=\"18\">Kolor<\/td>\n<td>Przezroczyste szk\u0142o z czarnym\/bia\u0142ym blatem<\/td>\n<\/tr>\n<tr style=\"height: 13.50pt\">\n<td style=\"height: 13.50pt\" height=\"18\">Kszta\u0142t<\/td>\n<td>Kwadrat<\/td>\n<\/tr>\n<tr style=\"height: 13.50pt\">\n<td style=\"height: 13.50pt\" height=\"18\">Pojemno\u015b\u0107<\/td>\n<td>30 ml<\/td>\n<\/tr>\n<tr style=\"height: 13.50pt\">\n<td style=\"height: 13.50pt\" height=\"18\">Warunki p\u0142atno\u015bci<\/td>\n<td>30% T\/T Depozyt<\/td>\n<\/tr>\n<tr style=\"height: 13.50pt\">\n<td style=\"height: 13.50pt\" height=\"18\">Opakowanie<\/td>\n<td>Drewniane palety i kartony<\/td>\n<\/tr>\n<\/tbody>\n<\/table>\n<h2>Idealny do r\u00f3\u017cnych kosmetyk\u00f3w<\/h2>\n<p>Ta butelka z pompk\u0105 o pojemno\u015bci 30 ml to Tw\u00f3j intymny partner w dziedzinie kosmetyk\u00f3w - przezroczysta butelka nadaje si\u0119 do r\u00f3\u017cnych formu\u0142, takich jak balsamy, esencje, olejki eteryczne itp. Kwadratowy kszta\u0142t i g\u0142adka g\u0142owica pompki umo\u017cliwiaj\u0105 precyzyjne dozowanie p\u0142ynu przy ka\u017cdym naci\u015bni\u0119ciu. Niewielki rozmiar jest odpowiedni do podr\u00f3\u017cy i mo\u017ce r\u00f3wnie\u017c pomie\u015bci\u0107 nowe produkty testowe, pozwalaj\u0105c klientom \u0142atwo do\u015bwiadczy\u0107 uroku Twoich produkt\u00f3w.<\/p>\n<h2>Wsp\u00f3\u0142praca z nami w zakresie opakowa\u0144 kosmetycznych<\/h2>\n<p>Jako partner koncentruj\u0105cy si\u0119 na opakowaniach, zapewniamy pe\u0142n\u0105 gam\u0119 rozwi\u0105za\u0144, od szklanych butelek z pompk\u0105 po butelki z rozpylaczem. Niezale\u017cnie od tego, czy potrzebujesz kupi\u0107 hurtowo, czy dostosowa\u0107, profesjonalny zesp\u00f3\u0142 dopasuje najbardziej odpowiednie rozwi\u0105zanie opakowaniowe. Skontaktuj si\u0119 z nami ju\u017c teraz i pozw\u00f3l, aby ta elegancka ma\u0142a butelka wprowadzi\u0142a praktyczne i stylowe rozwi\u0105zania do Twoich produkt\u00f3w!<\/p>","protected":false},"excerpt":{"rendered":"<p>Przedstawiamy nasze wysokiej jako\u015bci szklane butelki na balsamy, eleganckie i wszechstronne butelki z pompk\u0105 o pojemno\u015bci 30 ml, zaprojektowane z my\u015bl\u0105 o r\u00f3\u017cnorodnych potrzebach bran\u017cy kosmetycznej.<\/p>","protected":false},"featured_media":1845,"comment_status":"open","ping_status":"closed","template":"","meta":{"_acf_changed":false,"site-sidebar-layout":"default","site-content-layout":"","ast-site-content-layout":"default","site-content-style":"default","site-sidebar-style":"default","ast-global-header-display":"","ast-banner-title-visibility":"","ast-main-header-display":"","ast-hfb-above-header-display":"","ast-hfb-below-header-display":"","ast-hfb-mobile-header-display":"","site-post-title":"","ast-breadcrumbs-content":"","ast-featured-img":"","footer-sml-layout":"","ast-disable-related-posts":"","theme-transparent-header-meta":"default","adv-header-id-meta":"","stick-header-meta":"","header-above-stick-meta":"","header-main-stick-meta":"","header-below-stick-meta":"","astra-migrate-meta-layouts":"set","ast-page-background-enabled":"default","ast-page-background-meta":{"desktop":{"background-color":"var(--ast-global-color-5)","background-image":"","background-repeat":"repeat","background-position":"center center","background-size":"auto","background-attachment":"scroll","background-type":"","background-media":"","overlay-type":"","overlay-color":"","overlay-opacity":"","overlay-gradient":""},"tablet":{"background-color":"","background-image":"","background-repeat":"repeat","background-position":"center center","background-size":"auto","background-attachment":"scroll","background-type":"","background-media":"","overlay-type":"","overlay-color":"","overlay-opacity":"","overlay-gradient":""},"mobile":{"background-color":"","background-image":"","background-repeat":"repeat","background-position":"center center","background-size":"auto","background-attachment":"scroll","background-type":"","background-media":"","overlay-type":"","overlay-color":"","overlay-opacity":"","overlay-gradient":""}},"ast-content-background-meta":{"desktop":{"background-color":"var(--ast-global-color-4)","background-image":"","background-repeat":"repeat","background-position":"center center","background-size":"auto","background-attachment":"scroll","background-type":"","background-media":"","overlay-type":"","overlay-color":"","overlay-opacity":"","overlay-gradient":""},"tablet":{"background-color":"var(--ast-global-color-4)","background-image":"","background-repeat":"repeat","background-position":"center center","background-size":"auto","background-attachment":"scroll","background-type":"","background-media":"","overlay-type":"","overlay-color":"","overlay-opacity":"","overlay-gradient":""},"mobile":{"background-color":"var(--ast-global-color-4)","background-image":"","background-repeat":"repeat","background-position":"center center","background-size":"auto","background-attachment":"scroll","background-type":"","background-media":"","overlay-type":"","overlay-color":"","overlay-opacity":"","overlay-gradient":""}}},"product_brand":[],"product_cat":[62,72,71],"product_tag":[87,86],"class_list":{"0":"post-1842","1":"product","2":"type-product","3":"status-publish","4":"has-post-thumbnail","6":"product_cat-cosmetic-containers","7":"product_cat-cosmetic-packaging","8":"product_cat-glass-lotion-bottles","9":"product_tag-glass-bottles","10":"product_tag-lotion-bottles","11":"desktop-align-left","12":"tablet-align-left","13":"mobile-align-left","15":"first","16":"instock","17":"shipping-taxable","18":"product-type-simple"},"acf":[],"jetpack_sharing_enabled":true,"_links":{"self":[{"href":"https:\/\/theperfumebottles.com\/pl\/wp-json\/wp\/v2\/product\/1842","targetHints":{"allow":["GET"]}}],"collection":[{"href":"https:\/\/theperfumebottles.com\/pl\/wp-json\/wp\/v2\/product"}],"about":[{"href":"https:\/\/theperfumebottles.com\/pl\/wp-json\/wp\/v2\/types\/product"}],"replies":[{"embeddable":true,"href":"https:\/\/theperfumebottles.com\/pl\/wp-json\/wp\/v2\/comments?post=1842"}],"wp:featuredmedia":[{"embeddable":true,"href":"https:\/\/theperfumebottles.com\/pl\/wp-json\/wp\/v2\/media\/1845"}],"wp:attachment":[{"href":"https:\/\/theperfumebottles.com\/pl\/wp-json\/wp\/v2\/media?parent=1842"}],"wp:term":[{"taxonomy":"product_brand","embeddable":true,"href":"https:\/\/theperfumebottles.com\/pl\/wp-json\/wp\/v2\/product_brand?post=1842"},{"taxonomy":"product_cat","embeddable":true,"href":"https:\/\/theperfumebottles.com\/pl\/wp-json\/wp\/v2\/product_cat?post=1842"},{"taxonomy":"product_tag","embeddable":true,"href":"https:\/\/theperfumebottles.com\/pl\/wp-json\/wp\/v2\/product_tag?post=1842"}],"curies":[{"name":"wp","href":"https:\/\/api.w.org\/{rel}","templated":true}]}}