{"id":1846,"date":"2025-02-13T09:27:43","date_gmt":"2025-02-13T09:27:43","guid":{"rendered":"https:\/\/theperfumebottles.com\/?post_type=product&#038;p=1846"},"modified":"2025-05-29T16:07:24","modified_gmt":"2025-05-29T08:07:24","slug":"roller-bottles-for-essential-oils","status":"publish","type":"product","link":"https:\/\/theperfumebottles.com\/pl\/produkt\/roller-bottles-for-essential-oils\/","title":{"rendered":"Wykwintne o\u015bmiok\u0105tne szklane butelki typu roll-on do olejk\u00f3w eterycznych w roll-on"},"content":{"rendered":"<p>Te szklane butelki z wa\u0142kiem PB-OC312 wyr\u00f3\u017cniaj\u0105 si\u0119 o\u015bmiok\u0105tnym kszta\u0142tem inspirowanym kraw\u0119dziami architektonicznymi, \u0142\u0105cz\u0105c nowoczesn\u0105 geometri\u0119 z funkcjonalnym wzornictwem do zastosowa\u0144 olejk\u00f3w eterycznych. Przezroczyste szk\u0142o odbija delikatne \u015bwiat\u0142o pod \u015bwiat\u0142o, dzi\u0119ki czemu moment u\u017cycia wa\u0142ka olejk\u00f3w eterycznych, perfum lub esencji do piel\u0119gnacji sk\u00f3ry jest pe\u0142en rytua\u0142u. Niezale\u017cnie od tego, czy jest wype\u0142niony leczniczymi olejkami eterycznymi, spersonalizowanymi perfumami, czy mieszaniem ekskluzywnych formu\u0142 do piel\u0119gnacji sk\u00f3ry, mo\u017ce chroni\u0107 ka\u017cd\u0105 kropl\u0119 cennego p\u0142ynu dzi\u0119ki bezszwowej konstrukcji uszczelnienia. Jako partner koncentruj\u0105cy si\u0119 na opakowaniach kosmetycznych, zapewniamy op\u0142acalne rozwi\u0105zania w zakresie dostaw hurtowych, dzi\u0119ki czemu ta stylowa i praktyczna szklana butelka jest osza\u0142amiaj\u0105c\u0105 \"cich\u0105 gwiazd\u0105\" w Twojej linii produkt\u00f3w.<\/p>\n<h2>Kluczowe specyfikacje tych butelek na k\u00f3\u0142kach<\/h2>\n<table style=\"border-collapse: collapse;margin-left: auto;margin-right: auto;width: 522.02pt\" border=\"0\" width=\"696\" cellspacing=\"0\" cellpadding=\"0\">\n<tbody>\n<tr style=\"height: 13.50pt\">\n<td style=\"height: 13.50pt;width: 111.00pt\" width=\"148\" height=\"18\">Numer modelu<\/td>\n<td style=\"width: 411.00pt\" width=\"548\">PB-OC312<\/td>\n<\/tr>\n<tr style=\"height: 13.50pt\">\n<td style=\"height: 13.50pt\" height=\"18\">Pojemno\u015b\u0107<\/td>\n<td>3 ml, 6 ml, 9 ml, 12 ml. (z mo\u017cliwo\u015bci\u0105 dostosowania)<\/td>\n<\/tr>\n<tr style=\"height: 13.50pt\">\n<td style=\"height: 13.50pt\" height=\"18\">Kolor<\/td>\n<td>Przezroczysty, r\u00f3\u017cowy (z mo\u017cliwo\u015bci\u0105 dostosowania)<\/td>\n<\/tr>\n<tr style=\"height: 13.50pt\">\n<td style=\"height: 13.50pt\" height=\"18\">Kszta\u0142t<\/td>\n<td>O\u015bmiok\u0105tny<\/td>\n<\/tr>\n<tr style=\"height: 13.50pt\">\n<td style=\"height: 13.50pt\" height=\"18\">Przybory<\/td>\n<td>Szklany korpus, pokrywa z anodyzowanego aluminium, szklana kula, plastikowa podstawa kuli<\/td>\n<\/tr>\n<tr style=\"height: 13.50pt\">\n<td style=\"height: 13.50pt\" height=\"18\">Obr\u00f3bka powierzchni<\/td>\n<td>Sitodruk, matowy, kalkomania, kolorowy spray, etykieta itp.<\/td>\n<\/tr>\n<\/tbody>\n<\/table>\n<h2>Wszechstronny<\/h2>\n<p>Te wykwintne szklane butelki nadaj\u0105 si\u0119 do r\u00f3\u017cnych zastosowa\u0144, w tym:<\/p>\n<ul>\n<li><strong>Rolki z olejkami eterycznymi:<\/strong> Nak\u0142adaj bezpo\u015brednio na sk\u00f3r\u0119, a lecznicza formu\u0142a jest na wyci\u0105gni\u0119cie r\u0119ki.<\/li>\n<li><strong>Zwi\u0105zki aromaterapeutyczne:<\/strong> Od perfumerii po opakowania - chro\u0144 czysto\u015b\u0107 zapachu.<\/li>\n<li><strong>Perfumy\/b\u0142yszczyk do ust:<\/strong> Roll-on do precyzyjnego makija\u017cu, codziennego rytua\u0142u piel\u0119gnacyjnego.<\/li>\n<\/ul>\n<p>Niezale\u017cnie od tego, czy potrzebujesz butelki na olejki eteryczne, czy innych pojemnik\u00f3w kosmetycznych, jeste\u015bmy kompleksowym rozwi\u0105zaniem - skontaktuj si\u0119 z nami ju\u017c teraz i pozw\u00f3l, aby elegancka butelka doda\u0142a atrakcyjno\u015bci rynkowej Twoim produktom!<\/p>","protected":false},"excerpt":{"rendered":"<p>Nasze o\u015bmiok\u0105tne szklane butelki na k\u00f3\u0142kach zosta\u0142y zaprojektowane z my\u015bl\u0105 zar\u00f3wno o estetyce, jak i funkcjonalno\u015bci.<\/p>","protected":false},"featured_media":1849,"comment_status":"open","ping_status":"closed","template":"","meta":{"_acf_changed":false,"site-sidebar-layout":"default","site-content-layout":"","ast-site-content-layout":"default","site-content-style":"default","site-sidebar-style":"default","ast-global-header-display":"","ast-banner-title-visibility":"","ast-main-header-display":"","ast-hfb-above-header-display":"","ast-hfb-below-header-display":"","ast-hfb-mobile-header-display":"","site-post-title":"","ast-breadcrumbs-content":"","ast-featured-img":"","footer-sml-layout":"","ast-disable-related-posts":"","theme-transparent-header-meta":"default","adv-header-id-meta":"","stick-header-meta":"","header-above-stick-meta":"","header-main-stick-meta":"","header-below-stick-meta":"","astra-migrate-meta-layouts":"set","ast-page-background-enabled":"default","ast-page-background-meta":{"desktop":{"background-color":"var(--ast-global-color-5)","background-image":"","background-repeat":"repeat","background-position":"center center","background-size":"auto","background-attachment":"scroll","background-type":"","background-media":"","overlay-type":"","overlay-color":"","overlay-opacity":"","overlay-gradient":""},"tablet":{"background-color":"","background-image":"","background-repeat":"repeat","background-position":"center center","background-size":"auto","background-attachment":"scroll","background-type":"","background-media":"","overlay-type":"","overlay-color":"","overlay-opacity":"","overlay-gradient":""},"mobile":{"background-color":"","background-image":"","background-repeat":"repeat","background-position":"center center","background-size":"auto","background-attachment":"scroll","background-type":"","background-media":"","overlay-type":"","overlay-color":"","overlay-opacity":"","overlay-gradient":""}},"ast-content-background-meta":{"desktop":{"background-color":"var(--ast-global-color-4)","background-image":"","background-repeat":"repeat","background-position":"center center","background-size":"auto","background-attachment":"scroll","background-type":"","background-media":"","overlay-type":"","overlay-color":"","overlay-opacity":"","overlay-gradient":""},"tablet":{"background-color":"var(--ast-global-color-4)","background-image":"","background-repeat":"repeat","background-position":"center center","background-size":"auto","background-attachment":"scroll","background-type":"","background-media":"","overlay-type":"","overlay-color":"","overlay-opacity":"","overlay-gradient":""},"mobile":{"background-color":"var(--ast-global-color-4)","background-image":"","background-repeat":"repeat","background-position":"center center","background-size":"auto","background-attachment":"scroll","background-type":"","background-media":"","overlay-type":"","overlay-color":"","overlay-opacity":"","overlay-gradient":""}}},"product_brand":[],"product_cat":[60,72,62,57],"product_tag":[88],"class_list":{"0":"post-1846","1":"product","2":"type-product","3":"status-publish","4":"has-post-thumbnail","6":"product_cat-roller-bottles","7":"product_cat-cosmetic-packaging","8":"product_cat-cosmetic-containers","9":"product_cat-essential-oil-bottles","10":"product_tag-roller-bottles","11":"desktop-align-left","12":"tablet-align-left","13":"mobile-align-left","15":"first","16":"instock","17":"shipping-taxable","18":"product-type-simple"},"acf":[],"jetpack_sharing_enabled":true,"_links":{"self":[{"href":"https:\/\/theperfumebottles.com\/pl\/wp-json\/wp\/v2\/product\/1846","targetHints":{"allow":["GET"]}}],"collection":[{"href":"https:\/\/theperfumebottles.com\/pl\/wp-json\/wp\/v2\/product"}],"about":[{"href":"https:\/\/theperfumebottles.com\/pl\/wp-json\/wp\/v2\/types\/product"}],"replies":[{"embeddable":true,"href":"https:\/\/theperfumebottles.com\/pl\/wp-json\/wp\/v2\/comments?post=1846"}],"wp:featuredmedia":[{"embeddable":true,"href":"https:\/\/theperfumebottles.com\/pl\/wp-json\/wp\/v2\/media\/1849"}],"wp:attachment":[{"href":"https:\/\/theperfumebottles.com\/pl\/wp-json\/wp\/v2\/media?parent=1846"}],"wp:term":[{"taxonomy":"product_brand","embeddable":true,"href":"https:\/\/theperfumebottles.com\/pl\/wp-json\/wp\/v2\/product_brand?post=1846"},{"taxonomy":"product_cat","embeddable":true,"href":"https:\/\/theperfumebottles.com\/pl\/wp-json\/wp\/v2\/product_cat?post=1846"},{"taxonomy":"product_tag","embeddable":true,"href":"https:\/\/theperfumebottles.com\/pl\/wp-json\/wp\/v2\/product_tag?post=1846"}],"curies":[{"name":"wp","href":"https:\/\/api.w.org\/{rel}","templated":true}]}}