{"id":1899,"date":"2025-02-17T02:24:51","date_gmt":"2025-02-17T02:24:51","guid":{"rendered":"https:\/\/theperfumebottles.com\/?post_type=product&#038;p=1899"},"modified":"2025-05-29T16:24:46","modified_gmt":"2025-05-29T08:24:46","slug":"50ml-luxury-small-cologne-bottles-wholesale","status":"publish","type":"product","link":"https:\/\/theperfumebottles.com\/pl\/produkt\/50ml-luxury-small-cologne-bottles-wholesale\/","title":{"rendered":"50 ml luksusowe ma\u0142e butelki w\u00f3d kolo\u0144skich hurtowo"},"content":{"rendered":"<p>Ten 50-mililitrowy, prostok\u0105tny flakon perfum interpretuje nowoczesn\u0105, minimalistyczn\u0105 estetyk\u0119 za pomoc\u0105 przezroczystego szk\u0142a \u2013 schludnych linii i be\u017cowej nakr\u0119tki, niczym skraplanie porannego \u015bwiat\u0142a w ma\u0142ej przestrzeni. Gdy s\u0142o\u0144ce \u015bwieci przez flakon, krystalicznie czysty p\u0142yn rozp\u0142ywa si\u0119 w \u015bwietle i cieniu, sprawiaj\u0105c, \u017ce ka\u017cde rozpylenie staje si\u0119 rytua\u0142em piel\u0119gnowania wspomnie\u0144.<\/p>\n<h2>Kluczowe dane techniczne:<\/h2>\n<table style=\"border-collapse: collapse;margin-left: auto;margin-right: auto;width: 506.27pt\" border=\"0\" width=\"675\" cellspacing=\"0\" cellpadding=\"0\">\n<tbody>\n<tr style=\"height: 13.50pt\">\n<td style=\"height: 13.50pt;width: 130.50pt\" width=\"174\" height=\"18\">Numer modelu<\/td>\n<td style=\"width: 375.75pt\" width=\"501\">PB-BF04<\/td>\n<\/tr>\n<tr style=\"height: 13.50pt\">\n<td style=\"height: 13.50pt\" height=\"18\">Pojemno\u015b\u0107<\/td>\n<td>50 ml<\/td>\n<\/tr>\n<tr style=\"height: 13.50pt\">\n<td style=\"height: 13.50pt\" height=\"18\">\u015arednica<\/td>\n<td>15 mm<\/td>\n<\/tr>\n<tr style=\"height: 13.50pt\">\n<td style=\"height: 13.50pt\" height=\"18\">Kolor<\/td>\n<td>Przezroczyste szk\u0142o z be\u017cow\u0105 pokrywk\u0105<\/td>\n<\/tr>\n<tr style=\"height: 13.50pt\">\n<td style=\"height: 13.50pt\" height=\"18\">Rozmiar szklanki<\/td>\n<td>39 mm * 25 mm * 115 mm<\/td>\n<\/tr>\n<tr style=\"height: 13.50pt\">\n<td style=\"height: 13.50pt\" height=\"18\">Kszta\u0142t<\/td>\n<td>Prostok\u0105tny<\/td>\n<\/tr>\n<tr style=\"height: 13.50pt\">\n<td style=\"height: 13.50pt\" height=\"18\">Tworzywo<\/td>\n<td>Wysokiej jako\u015bci szk\u0142o kryszta\u0142owe, PET<\/td>\n<\/tr>\n<tr style=\"height: 13.50pt\">\n<td style=\"height: 13.50pt\" height=\"18\">Logo<\/td>\n<td>Mo\u017cliwo\u015b\u0107 dostosowania<\/td>\n<\/tr>\n<tr style=\"height: 13.50pt\">\n<td style=\"height: 13.50pt\" height=\"18\">Obr\u00f3bka powierzchni<\/td>\n<td>Sitodruk\/szroniony\/naklejki\/kolorowe natryski\/etykiety itp.<\/td>\n<\/tr>\n<\/tbody>\n<\/table>\n<h2>Zastosowania naszych ma\u0142ych butelek z wod\u0105 kolo\u0144sk\u0105<\/h2>\n<p>Ta butelka na perfumy o pojemno\u015bci 50 ml to prawdziwy skarb dla mi\u0142o\u015bnik\u00f3w zapach\u00f3w \u2013 przezroczyste szk\u0142o nadaje si\u0119 do perfum, w\u00f3d kolo\u0144skich lub olejk\u00f3w eterycznych, a dzi\u0119ki niewielkim rozmiarom zmie\u015bci si\u0119 w walizce lub kieszeni, co czyni j\u0105 idealn\u0105 podczas podr\u00f3\u017cy lub codziennego stosowania.<\/p>\n<h2>Podnie\u015b poziom swojej marki dzi\u0119ki naszym buteleczkom na perfumy premium<\/h2>\n<p>Wiemy, \u017ce dobre perfumy to nie tylko aromat, ale tak\u017ce rytua\u0142 dotykania flakonu za ka\u017cdym razem. Jako partner specjalizuj\u0105cy si\u0119 w opakowaniach perfum wysokiej jako\u015bci, niezale\u017cnie od tego, czy kupujesz hurtowo, czy tworzysz w\u0142asny nadruk marki (od t\u0142oczenia logo na gor\u0105co po gradientowy flakon), oferujemy szeroki wachlarz kreatywnych rozwi\u0105za\u0144, aby ka\u017cdy detal odzwierciedla\u0142 Twoj\u0105 histori\u0119. Skontaktuj si\u0119 z naszym zespo\u0142em projektant\u00f3w ju\u017c teraz i pozw\u00f3l, aby ten elegancki, ma\u0142y flakon doda\u0142 Twojemu zapachowi stylu i praktyczno\u015bci!<\/p>","protected":false},"excerpt":{"rendered":"<p>Nasze ma\u0142e flakony z wod\u0105 kolo\u0144sk\u0105 zosta\u0142y zaprojektowane tak, aby przyci\u0105ga\u0107 uwag\u0119 smuk\u0142\u0105, prostok\u0105tn\u0105 sylwetk\u0105 i krystalicznie czyst\u0105 szklan\u0105 obudow\u0105.<\/p>","protected":false},"featured_media":2332,"comment_status":"open","ping_status":"closed","template":"","meta":{"_acf_changed":false,"site-sidebar-layout":"default","site-content-layout":"","ast-site-content-layout":"default","site-content-style":"default","site-sidebar-style":"default","ast-global-header-display":"","ast-banner-title-visibility":"","ast-main-header-display":"","ast-hfb-above-header-display":"","ast-hfb-below-header-display":"","ast-hfb-mobile-header-display":"","site-post-title":"","ast-breadcrumbs-content":"","ast-featured-img":"","footer-sml-layout":"","ast-disable-related-posts":"","theme-transparent-header-meta":"default","adv-header-id-meta":"","stick-header-meta":"","header-above-stick-meta":"","header-main-stick-meta":"","header-below-stick-meta":"","astra-migrate-meta-layouts":"set","ast-page-background-enabled":"default","ast-page-background-meta":{"desktop":{"background-color":"var(--ast-global-color-5)","background-image":"","background-repeat":"repeat","background-position":"center center","background-size":"auto","background-attachment":"scroll","background-type":"","background-media":"","overlay-type":"","overlay-color":"","overlay-opacity":"","overlay-gradient":""},"tablet":{"background-color":"","background-image":"","background-repeat":"repeat","background-position":"center center","background-size":"auto","background-attachment":"scroll","background-type":"","background-media":"","overlay-type":"","overlay-color":"","overlay-opacity":"","overlay-gradient":""},"mobile":{"background-color":"","background-image":"","background-repeat":"repeat","background-position":"center center","background-size":"auto","background-attachment":"scroll","background-type":"","background-media":"","overlay-type":"","overlay-color":"","overlay-opacity":"","overlay-gradient":""}},"ast-content-background-meta":{"desktop":{"background-color":"var(--ast-global-color-4)","background-image":"","background-repeat":"repeat","background-position":"center center","background-size":"auto","background-attachment":"scroll","background-type":"","background-media":"","overlay-type":"","overlay-color":"","overlay-opacity":"","overlay-gradient":""},"tablet":{"background-color":"var(--ast-global-color-4)","background-image":"","background-repeat":"repeat","background-position":"center center","background-size":"auto","background-attachment":"scroll","background-type":"","background-media":"","overlay-type":"","overlay-color":"","overlay-opacity":"","overlay-gradient":""},"mobile":{"background-color":"var(--ast-global-color-4)","background-image":"","background-repeat":"repeat","background-position":"center center","background-size":"auto","background-attachment":"scroll","background-type":"","background-media":"","overlay-type":"","overlay-color":"","overlay-opacity":"","overlay-gradient":""}}},"product_brand":[],"product_cat":[41,72],"product_tag":[],"class_list":{"0":"post-1899","1":"product","2":"type-product","3":"status-publish","4":"has-post-thumbnail","6":"product_cat-perfume-bottles","7":"product_cat-cosmetic-packaging","8":"desktop-align-left","9":"tablet-align-left","10":"mobile-align-left","12":"first","13":"instock","14":"shipping-taxable","15":"product-type-simple"},"acf":[],"jetpack_sharing_enabled":true,"_links":{"self":[{"href":"https:\/\/theperfumebottles.com\/pl\/wp-json\/wp\/v2\/product\/1899","targetHints":{"allow":["GET"]}}],"collection":[{"href":"https:\/\/theperfumebottles.com\/pl\/wp-json\/wp\/v2\/product"}],"about":[{"href":"https:\/\/theperfumebottles.com\/pl\/wp-json\/wp\/v2\/types\/product"}],"replies":[{"embeddable":true,"href":"https:\/\/theperfumebottles.com\/pl\/wp-json\/wp\/v2\/comments?post=1899"}],"wp:featuredmedia":[{"embeddable":true,"href":"https:\/\/theperfumebottles.com\/pl\/wp-json\/wp\/v2\/media\/2332"}],"wp:attachment":[{"href":"https:\/\/theperfumebottles.com\/pl\/wp-json\/wp\/v2\/media?parent=1899"}],"wp:term":[{"taxonomy":"product_brand","embeddable":true,"href":"https:\/\/theperfumebottles.com\/pl\/wp-json\/wp\/v2\/product_brand?post=1899"},{"taxonomy":"product_cat","embeddable":true,"href":"https:\/\/theperfumebottles.com\/pl\/wp-json\/wp\/v2\/product_cat?post=1899"},{"taxonomy":"product_tag","embeddable":true,"href":"https:\/\/theperfumebottles.com\/pl\/wp-json\/wp\/v2\/product_tag?post=1899"}],"curies":[{"name":"wp","href":"https:\/\/api.w.org\/{rel}","templated":true}]}}