{"id":1904,"date":"2025-02-17T03:43:41","date_gmt":"2025-02-17T03:43:41","guid":{"rendered":"https:\/\/theperfumebottles.com\/?post_type=product&#038;p=1904"},"modified":"2025-05-29T09:03:10","modified_gmt":"2025-05-29T01:03:10","slug":"wholesale-custom-100ml-luxury-perfume-bottles","status":"publish","type":"product","link":"https:\/\/theperfumebottles.com\/pl\/produkt\/wholesale-custom-100ml-luxury-perfume-bottles\/","title":{"rendered":"Hurtownie Wykonane Na Zam\u00f3wienie Luksusowe Perfumy o pojemno\u015bci 100 ml"},"content":{"rendered":"<p>Te kwadratowe szklane butelki luksusowych perfum o pojemno\u015bci 100 ml maj\u0105 prosty i nowoczesny design, przezroczysty materia\u0142, wysok\u0105 rozpoznawalno\u015b\u0107 i s\u0105 niezapomniane od pierwszego wejrzenia. Korpus butelki wykorzystuje unikalny proces barwienia, aby uzyska\u0107 warstwowy niebiesko-czarny odcie\u0144. Ma wyj\u0105tkow\u0105 tekstur\u0119 pod \u015bwiat\u0142o i wyra\u017any efekt wizualny, kt\u00f3ry pomaga wzmocni\u0107 wra\u017cenie marki i punkt pami\u0119ci. Zaprojektowany specjalnie dla nowoczesnych m\u0119skich zapach\u00f3w, uwzgl\u0119dnia zar\u00f3wno pi\u0119kno wygl\u0105du, jak i praktyczn\u0105 wydajno\u015b\u0107, pomagaj\u0105c marce w precyzyjnym przekazaniu wyrafinowanego, pow\u015bci\u0105gliwego i stylowego wizerunku marki.<\/p>\n<h2>Kluczowe specyfikacje naszych luksusowych butelek perfum<\/h2>\n<table style=\"border-collapse: collapse;margin-left: auto;margin-right: auto;width: 354.02pt\" border=\"0\" width=\"472\" cellspacing=\"0\" cellpadding=\"0\">\n<tbody>\n<tr style=\"height: 13.50pt\">\n<td style=\"height: 13.50pt;margin-left: auto;margin-right: auto;width: 130.50pt\" width=\"174\" height=\"18\">Numer modelu<\/td>\n<td style=\"width: 223.50pt\" width=\"298\">PB-BF05<\/td>\n<\/tr>\n<tr style=\"height: 13.50pt\">\n<td style=\"height: 13.50pt\" height=\"18\">Pojemno\u015b\u0107<\/td>\n<td>100 ml (3,4 uncji)<\/td>\n<\/tr>\n<tr style=\"height: 13.50pt\">\n<td style=\"height: 13.50pt\" height=\"18\">\u015arednica<\/td>\n<td>15 mm<\/td>\n<\/tr>\n<tr style=\"height: 13.50pt\">\n<td style=\"height: 13.50pt\" height=\"18\">Kolor<\/td>\n<td>Przezroczyste szk\u0142o z niebiesk\u0105\/czarn\u0105 pokryw\u0105<\/td>\n<\/tr>\n<tr style=\"height: 13.50pt\">\n<td style=\"height: 13.50pt\" height=\"18\">Rozmiar szklanki<\/td>\n<td>68mm * 36mm * 100mm<\/td>\n<\/tr>\n<tr style=\"height: 13.50pt\">\n<td style=\"height: 13.50pt\" height=\"18\">Kszta\u0142t<\/td>\n<td>Prostok\u0105tny<\/td>\n<\/tr>\n<tr style=\"height: 13.50pt\">\n<td style=\"height: 13.50pt\" height=\"18\">Tworzywo<\/td>\n<td>Wysokiej jako\u015bci szk\u0142o kryszta\u0142owe<\/td>\n<\/tr>\n<\/tbody>\n<\/table>\n<h2>Scenariusze u\u017cycia<\/h2>\n<p>Ta niebieska butelka perfum o pojemno\u015bci 100 ml jest przeznaczona do m\u0119skich zapach\u00f3w, niezale\u017cnie od tego, czy jest to woda kolo\u0144ska, woda po goleniu czy woda toaletowa, mo\u017cna j\u0105 \u0142atwo kontrolowa\u0107. Niezale\u017cnie od tego, czy jeste\u015b producentem perfum, kt\u00f3ry potrzebuje opakowa\u0144 na du\u017c\u0105 skal\u0119, czy mark\u0105, kt\u00f3ra tworzy ekskluzywne zapachy. Nawet dla niszowych marek lub r\u0119cznie robionych perfumiarzy, kt\u00f3rzy d\u0105\u017c\u0105 do indywidualnej ekspresji, jest to r\u00f3wnie\u017c bardzo atrakcyjny wyb\u00f3r.<\/p>\n<h2>Dlaczego warto nas wybra\u0107?<\/h2>\n<p>Jako partner koncentruj\u0105cy si\u0119 na wysokiej klasy butelkach perfum wiemy, \u017ce ka\u017cda butelka zapachu niesie ze sob\u0105 histori\u0119 marki. Projekt tej butelki z rozpylaczem nie tylko koncentruje si\u0119 na wygl\u0105dzie, ale tak\u017ce zwraca uwag\u0119 na g\u0142\u0119bokie dopasowanie do tonu marki - od czystej tekstury szk\u0142a po g\u0142adki \u0142uk korpusu butelki, ka\u017cdy szczeg\u00f3\u0142 by\u0142 wielokrotnie polerowany, aby przekaza\u0107 d\u0105\u017cenie do jako\u015bci i pi\u0119kna. Niezale\u017cnie od tego, czy jest to delikatny dotyk, czy \u0142atwo\u015b\u0107 u\u017cycia, mamy nadziej\u0119, \u017ce stanie si\u0119 idealnym rozszerzeniem produkt\u00f3w zapachowych. Niezale\u017cnie od tego, czy chcesz dokona\u0107 zakupu hurtowego, czy chcesz dostosowa\u0107 unikalny projekt, skontaktuj si\u0119 z nami, aby porozmawia\u0107 o swoich pomys\u0142ach - pozw\u00f3l nam u\u017cy\u0107 wykwintnego opakowania, aby nada\u0107 Twojemu zapachowi bardziej wzruszaj\u0105c\u0105 histori\u0119 i wyr\u00f3\u017cni\u0107 Twoj\u0105 mark\u0119 na rynku.<\/p>","protected":false},"excerpt":{"rendered":"<p>Nasze szklane flakony na luksusowe perfumy o pojemno\u015bci 100 ml to \u015bwiadectwo wyrafinowanego wzornictwa i najwy\u017cszej jako\u015bci. W dziedzinie zapach\u00f3w odpowiednia prezentacja mo\u017ce zrobi\u0107 r\u00f3\u017cnic\u0119.<\/p>","protected":false},"featured_media":2335,"comment_status":"open","ping_status":"closed","template":"","meta":{"_acf_changed":false,"site-sidebar-layout":"default","site-content-layout":"","ast-site-content-layout":"default","site-content-style":"default","site-sidebar-style":"default","ast-global-header-display":"","ast-banner-title-visibility":"","ast-main-header-display":"","ast-hfb-above-header-display":"","ast-hfb-below-header-display":"","ast-hfb-mobile-header-display":"","site-post-title":"","ast-breadcrumbs-content":"","ast-featured-img":"","footer-sml-layout":"","ast-disable-related-posts":"","theme-transparent-header-meta":"default","adv-header-id-meta":"","stick-header-meta":"","header-above-stick-meta":"","header-main-stick-meta":"","header-below-stick-meta":"","astra-migrate-meta-layouts":"set","ast-page-background-enabled":"default","ast-page-background-meta":{"desktop":{"background-color":"var(--ast-global-color-5)","background-image":"","background-repeat":"repeat","background-position":"center center","background-size":"auto","background-attachment":"scroll","background-type":"","background-media":"","overlay-type":"","overlay-color":"","overlay-opacity":"","overlay-gradient":""},"tablet":{"background-color":"","background-image":"","background-repeat":"repeat","background-position":"center center","background-size":"auto","background-attachment":"scroll","background-type":"","background-media":"","overlay-type":"","overlay-color":"","overlay-opacity":"","overlay-gradient":""},"mobile":{"background-color":"","background-image":"","background-repeat":"repeat","background-position":"center center","background-size":"auto","background-attachment":"scroll","background-type":"","background-media":"","overlay-type":"","overlay-color":"","overlay-opacity":"","overlay-gradient":""}},"ast-content-background-meta":{"desktop":{"background-color":"var(--ast-global-color-4)","background-image":"","background-repeat":"repeat","background-position":"center center","background-size":"auto","background-attachment":"scroll","background-type":"","background-media":"","overlay-type":"","overlay-color":"","overlay-opacity":"","overlay-gradient":""},"tablet":{"background-color":"var(--ast-global-color-4)","background-image":"","background-repeat":"repeat","background-position":"center center","background-size":"auto","background-attachment":"scroll","background-type":"","background-media":"","overlay-type":"","overlay-color":"","overlay-opacity":"","overlay-gradient":""},"mobile":{"background-color":"var(--ast-global-color-4)","background-image":"","background-repeat":"repeat","background-position":"center center","background-size":"auto","background-attachment":"scroll","background-type":"","background-media":"","overlay-type":"","overlay-color":"","overlay-opacity":"","overlay-gradient":""}}},"product_brand":[],"product_cat":[41,72],"product_tag":[],"class_list":{"0":"post-1904","1":"product","2":"type-product","3":"status-publish","4":"has-post-thumbnail","6":"product_cat-perfume-bottles","7":"product_cat-cosmetic-packaging","8":"desktop-align-left","9":"tablet-align-left","10":"mobile-align-left","12":"first","13":"instock","14":"shipping-taxable","15":"product-type-simple"},"acf":[],"jetpack_sharing_enabled":true,"_links":{"self":[{"href":"https:\/\/theperfumebottles.com\/pl\/wp-json\/wp\/v2\/product\/1904","targetHints":{"allow":["GET"]}}],"collection":[{"href":"https:\/\/theperfumebottles.com\/pl\/wp-json\/wp\/v2\/product"}],"about":[{"href":"https:\/\/theperfumebottles.com\/pl\/wp-json\/wp\/v2\/types\/product"}],"replies":[{"embeddable":true,"href":"https:\/\/theperfumebottles.com\/pl\/wp-json\/wp\/v2\/comments?post=1904"}],"wp:featuredmedia":[{"embeddable":true,"href":"https:\/\/theperfumebottles.com\/pl\/wp-json\/wp\/v2\/media\/2335"}],"wp:attachment":[{"href":"https:\/\/theperfumebottles.com\/pl\/wp-json\/wp\/v2\/media?parent=1904"}],"wp:term":[{"taxonomy":"product_brand","embeddable":true,"href":"https:\/\/theperfumebottles.com\/pl\/wp-json\/wp\/v2\/product_brand?post=1904"},{"taxonomy":"product_cat","embeddable":true,"href":"https:\/\/theperfumebottles.com\/pl\/wp-json\/wp\/v2\/product_cat?post=1904"},{"taxonomy":"product_tag","embeddable":true,"href":"https:\/\/theperfumebottles.com\/pl\/wp-json\/wp\/v2\/product_tag?post=1904"}],"curies":[{"name":"wp","href":"https:\/\/api.w.org\/{rel}","templated":true}]}}