{"id":1909,"date":"2025-02-17T07:16:21","date_gmt":"2025-02-17T07:16:21","guid":{"rendered":"https:\/\/theperfumebottles.com\/?post_type=product&#038;p=1909"},"modified":"2026-04-07T16:33:12","modified_gmt":"2026-04-07T08:33:12","slug":"50ml-fragrance-bottles-wholesale","status":"publish","type":"product","link":"https:\/\/theperfumebottles.com\/pl\/produkt\/50ml-fragrance-bottles-wholesale\/","title":{"rendered":"Butelki na zapachy ze szk\u0142a kryszta\u0142owego 50 ml hurtowo"},"content":{"rendered":"<p data-sourcepos=\"9:1-9:360\">Te flakony perfum maj\u0105 atrakcyjny, kwadratowy kszta\u0142t. W ich wn\u0119trzu znajduje si\u0119 kryszta\u0142owa nakr\u0119tka o szlifie diamentowym, osadzona na szklanej szyjce, na kt\u00f3rej osadzono polerowany z\u0142oty pier\u015bcie\u0144, co tworzy atrakcyjny efekt wizualny i podnosi warto\u015b\u0107 luksusowego flakonu.<\/p>\n<p><img fetchpriority=\"high\" decoding=\"async\" class=\"size-medium wp-image-1910 aligncenter\" src=\"https:\/\/theperfumebottles.com\/wp-content\/uploads\/2025\/02\/fragrance-bottles-300x300.jpg\" alt=\"butelki na perfumy\" width=\"300\" height=\"300\" srcset=\"https:\/\/theperfumebottles.com\/wp-content\/uploads\/2025\/02\/fragrance-bottles-300x300.jpg 300w, https:\/\/theperfumebottles.com\/wp-content\/uploads\/2025\/02\/fragrance-bottles-150x150.jpg 150w, https:\/\/theperfumebottles.com\/wp-content\/uploads\/2025\/02\/fragrance-bottles-768x768.jpg 768w, https:\/\/theperfumebottles.com\/wp-content\/uploads\/2025\/02\/fragrance-bottles-12x12.jpg 12w, https:\/\/theperfumebottles.com\/wp-content\/uploads\/2025\/02\/fragrance-bottles-600x600.jpg 600w, https:\/\/theperfumebottles.com\/wp-content\/uploads\/2025\/02\/fragrance-bottles-100x100.jpg 100w, https:\/\/theperfumebottles.com\/wp-content\/uploads\/2025\/02\/fragrance-bottles.jpg 1000w\" sizes=\"(max-width: 300px) 100vw, 300px\" \/><\/p>\n<h2>Kluczowe specyfikacje naszych 50 ml butelek perfum<\/h2>\n<table style=\"border-collapse: collapse; margin-left: auto; margin-right: auto; width: 354.02pt;\" border=\"0\" width=\"472\" cellspacing=\"0\" cellpadding=\"0\">\n<tbody>\n<tr style=\"height: 13.50pt;\">\n<td style=\"height: 13.50pt; width: 130.50pt;\" width=\"174\" height=\"18\">Numer modelu<\/td>\n<td style=\"width: 223.50pt;\" width=\"298\">PB-BF0801 \/ PB-BF0802<\/td>\n<\/tr>\n<tr style=\"height: 13.50pt;\">\n<td style=\"height: 13.50pt;\" height=\"18\">Pojemno\u015b\u0107<\/td>\n<td>50 ml<\/td>\n<\/tr>\n<tr style=\"height: 13.50pt;\">\n<td style=\"height: 13.50pt;\" height=\"18\">\u015arednica<\/td>\n<td>15 mm<\/td>\n<\/tr>\n<tr style=\"height: 13.50pt;\">\n<td style=\"height: 13.50pt;\" height=\"18\">Kolor<\/td>\n<td>Przezroczyste szk\u0142o z wierzchem w kolorze z\u0142otym\/srebrnym<\/td>\n<\/tr>\n<tr style=\"height: 13.50pt;\">\n<td style=\"height: 13.50pt;\" height=\"18\">Rozmiar szk\u0142a<\/td>\n<td>58 mm33 mm79 mm \/ 58 mm35 mm91 mm<\/td>\n<\/tr>\n<tr style=\"height: 13.50pt;\">\n<td style=\"height: 13.50pt;\" height=\"18\">Kszta\u0142t<\/td>\n<td>Prostok\u0105tny<\/td>\n<\/tr>\n<tr style=\"height: 13.50pt;\">\n<td style=\"height: 13.50pt;\" height=\"18\">Tworzywo<\/td>\n<td>Wysokiej jako\u015bci szk\u0142o kryszta\u0142owe<\/td>\n<\/tr>\n<\/tbody>\n<\/table>\n<h2>Historia sukcesu: niestandardowe zam\u00f3wienie od luksusowej marki z Bliskiego Wschodu<\/h2>\n<p>Marka perfum z Dubaju wybra\u0142a nasz z\u0142oty flakon, personalizuj\u0105c szyjk\u0119 z 24-karatowego z\u0142ota i korpus z ciemnoniebieskiego szk\u0142a. Niestandardowy flakon odni\u00f3s\u0142 ogromny sukces, poniewa\u017c 45% opinii opisa\u0142o jego wag\u0119 i kolor jako kluczowe wyznaczniki luksusu, a klienci zauwa\u017cyli, \u017ce zastosowanie wysokiej jako\u015bci materia\u0142\u00f3w podnios\u0142o jego cen\u0119 o 15% w por\u00f3wnaniu ze standardow\u0105 kolekcj\u0105. Firma zam\u00f3wi\u0142a dodatkowe 360 \u200b\u200b000 flakon\u00f3w na potrzeby zbli\u017caj\u0105cej si\u0119 premiery perfum oud oraz na potrzeby ekskluzywnych produkt\u00f3w dost\u0119pnych w strefie wolnoc\u0142owej na lotniskach.<\/p>\n<h2>Opcje personalizacji butelek zapachowych<\/h2>\n<ul>\n<li>Kombinacje metalowych pier\u015bcieni i nak\u0142adek: Dost\u0119pne z pasuj\u0105cymi lub kontrastuj\u0105cymi pier\u015bcieniami na szyj\u0119 i metalowymi podstawami (w kolorze r\u00f3\u017cowego z\u0142ota, szarego metalu, antycznego srebra).<\/li>\n<li>Materia\u0142 i wz\u00f3r nasadki: Firma oferuje trzy rodzaje materia\u0142\u00f3w nasadek: kryszta\u0142 naturalny, szk\u0142o witra\u017cowe oraz metal inkrustowany emali\u0105.<\/li>\n<li>Rozmiar i proporcje: Butelka ma wiele opcji wysoko\u015bci i szeroko\u015bci, od solidnych 30 ml do smuk\u0142ych 200 ml, aby sprosta\u0107 r\u00f3\u017cnym potrzebom.<\/li>\n<\/ul>","protected":false},"excerpt":{"rendered":"<p>Ekskluzywne flakony na perfumy ze szk\u0142a kryszta\u0142owego z diamentowo szlifowan\u0105 nakr\u0119tk\u0105 i z\u0142otym akcentem. Z\u0142ote flakony na wod\u0119 kolo\u0144sk\u0105 dla luksusowych marek. Dost\u0119pne rabaty hurtowe.<\/p>","protected":false},"featured_media":2339,"comment_status":"open","ping_status":"closed","template":"","meta":{"_acf_changed":false,"site-sidebar-layout":"default","site-content-layout":"","ast-site-content-layout":"default","site-content-style":"default","site-sidebar-style":"default","ast-global-header-display":"","ast-banner-title-visibility":"","ast-main-header-display":"","ast-hfb-above-header-display":"","ast-hfb-below-header-display":"","ast-hfb-mobile-header-display":"","site-post-title":"","ast-breadcrumbs-content":"","ast-featured-img":"","footer-sml-layout":"","ast-disable-related-posts":"","theme-transparent-header-meta":"default","adv-header-id-meta":"","stick-header-meta":"","header-above-stick-meta":"","header-main-stick-meta":"","header-below-stick-meta":"","astra-migrate-meta-layouts":"set","ast-page-background-enabled":"default","ast-page-background-meta":{"desktop":{"background-color":"var(--ast-global-color-5)","background-image":"","background-repeat":"repeat","background-position":"center center","background-size":"auto","background-attachment":"scroll","background-type":"","background-media":"","overlay-type":"","overlay-color":"","overlay-opacity":"","overlay-gradient":""},"tablet":{"background-color":"","background-image":"","background-repeat":"repeat","background-position":"center center","background-size":"auto","background-attachment":"scroll","background-type":"","background-media":"","overlay-type":"","overlay-color":"","overlay-opacity":"","overlay-gradient":""},"mobile":{"background-color":"","background-image":"","background-repeat":"repeat","background-position":"center center","background-size":"auto","background-attachment":"scroll","background-type":"","background-media":"","overlay-type":"","overlay-color":"","overlay-opacity":"","overlay-gradient":""}},"ast-content-background-meta":{"desktop":{"background-color":"var(--ast-global-color-4)","background-image":"","background-repeat":"repeat","background-position":"center center","background-size":"auto","background-attachment":"scroll","background-type":"","background-media":"","overlay-type":"","overlay-color":"","overlay-opacity":"","overlay-gradient":""},"tablet":{"background-color":"var(--ast-global-color-4)","background-image":"","background-repeat":"repeat","background-position":"center center","background-size":"auto","background-attachment":"scroll","background-type":"","background-media":"","overlay-type":"","overlay-color":"","overlay-opacity":"","overlay-gradient":""},"mobile":{"background-color":"var(--ast-global-color-4)","background-image":"","background-repeat":"repeat","background-position":"center center","background-size":"auto","background-attachment":"scroll","background-type":"","background-media":"","overlay-type":"","overlay-color":"","overlay-opacity":"","overlay-gradient":""}}},"product_brand":[],"product_cat":[91,72,41],"product_tag":[],"class_list":{"0":"post-1909","1":"product","2":"type-product","3":"status-publish","4":"has-post-thumbnail","6":"product_cat-custom-perfume-bottles","7":"product_cat-cosmetic-packaging","8":"product_cat-perfume-bottles","9":"desktop-align-left","10":"tablet-align-left","11":"mobile-align-left","13":"first","14":"instock","15":"shipping-taxable","16":"product-type-simple"},"acf":[],"jetpack_sharing_enabled":true,"_links":{"self":[{"href":"https:\/\/theperfumebottles.com\/pl\/wp-json\/wp\/v2\/product\/1909","targetHints":{"allow":["GET"]}}],"collection":[{"href":"https:\/\/theperfumebottles.com\/pl\/wp-json\/wp\/v2\/product"}],"about":[{"href":"https:\/\/theperfumebottles.com\/pl\/wp-json\/wp\/v2\/types\/product"}],"replies":[{"embeddable":true,"href":"https:\/\/theperfumebottles.com\/pl\/wp-json\/wp\/v2\/comments?post=1909"}],"wp:featuredmedia":[{"embeddable":true,"href":"https:\/\/theperfumebottles.com\/pl\/wp-json\/wp\/v2\/media\/2339"}],"wp:attachment":[{"href":"https:\/\/theperfumebottles.com\/pl\/wp-json\/wp\/v2\/media?parent=1909"}],"wp:term":[{"taxonomy":"product_brand","embeddable":true,"href":"https:\/\/theperfumebottles.com\/pl\/wp-json\/wp\/v2\/product_brand?post=1909"},{"taxonomy":"product_cat","embeddable":true,"href":"https:\/\/theperfumebottles.com\/pl\/wp-json\/wp\/v2\/product_cat?post=1909"},{"taxonomy":"product_tag","embeddable":true,"href":"https:\/\/theperfumebottles.com\/pl\/wp-json\/wp\/v2\/product_tag?post=1909"}],"curies":[{"name":"wp","href":"https:\/\/api.w.org\/{rel}","templated":true}]}}