{"id":2550,"date":"2025-03-06T08:49:54","date_gmt":"2025-03-06T08:49:54","guid":{"rendered":"https:\/\/theperfumebottles.com\/?post_type=product&#038;p=2550"},"modified":"2025-05-29T09:15:02","modified_gmt":"2025-05-29T01:15:02","slug":"glass-perfume-bottle-50ml-with-pump","status":"publish","type":"product","link":"https:\/\/theperfumebottles.com\/pl\/produkt\/glass-perfume-bottle-50ml-with-pump\/","title":{"rendered":"Szklana butelka na perfumy 50 ml z pompk\u0105"},"content":{"rendered":"<h2>Butelka perfum Premium 50 ml<\/h2>\n<p>Stworzona z my\u015bl\u0105 o wyrafinowaniu, nasza szklana butelka perfum o pojemno\u015bci 50 ml ma elegancki prostok\u0105tny kszta\u0142t z ostrymi geometrycznymi liniami i g\u0142adkimi kraw\u0119dziami. Ta szklana butelka perfum o pojemno\u015bci 50 ml doskonale eksponuje czysty kolor zapachu dzi\u0119ki przezroczystemu materia\u0142owi szklanemu, a srebrna zakr\u0119tka butelki jest starannie wypolerowana, prezentuj\u0105c stonowany i b\u0142yszcz\u0105cy nowoczesny wygl\u0105d. Usta butelki maj\u0105 g\u0142adk\u0105 konstrukcj\u0119 rozpylacza, kt\u00f3ra mo\u017ce r\u00f3wnomiernie uwalnia\u0107 zapach przy ka\u017cdym naci\u015bni\u0119ciu, a tak\u017ce jest g\u0142adka i nie blokuje si\u0119. Zaprojektowali\u015bmy butelk\u0119 tak, aby by\u0142a wodoszczelna, dzi\u0119ki czemu Ty i Twoi klienci mo\u017cecie z niej korzysta\u0107 bez obaw, niezale\u017cnie od wyboistej jazdy lub zmian temperatury.<\/p>\n<h2>Wszechstronna adaptacja do r\u00f3\u017cnych potrzeb<\/h2>\n<p>Niezale\u017cnie od tego, czy s\u0105 to wysokiej klasy perfumy, rozmiar podr\u00f3\u017cny, limitowana edycja, czy olejek eteryczny do aromaterapii, esencja do piel\u0119gnacji sk\u00f3ry, ta butelka z \u0142atwo\u015bci\u0105 sobie z tym poradzi. Niewielka pojemno\u015b\u0107 jest wygodna do przechowywania na toaletce, p\u00f3\u0142kach sklepowych lub pude\u0142kach prezentowych, dzi\u0119ki czemu produkt wyr\u00f3\u017cnia si\u0119 w ka\u017cdej scenie.<\/p>\n<h2>Kluczowe specyfikacje<\/h2>\n<table>\n<thead>\n<tr>\n<th><strong>Atrybut<\/strong><\/th>\n<th><strong>Bli\u017csze dane<\/strong><\/th>\n<\/tr>\n<\/thead>\n<tbody>\n<tr>\n<td>Model<\/td>\n<td>PB-BF07<\/td>\n<\/tr>\n<tr>\n<td>Pojemno\u015b\u0107<\/td>\n<td>50 ml<\/td>\n<\/tr>\n<tr>\n<td>Tworzywo<\/td>\n<td>Szk\u0142o kryszta\u0142owe + metal + PE<\/td>\n<\/tr>\n<tr>\n<td>Wymiary<\/td>\n<td>41 * <em>30 * <\/em>107 mm<\/td>\n<\/tr>\n<tr>\n<td>Rodzaj uszczelnienia<\/td>\n<td>G\u00f3rna cz\u0119\u015b\u0107 rozpylacza (atomizer)<\/td>\n<\/tr>\n<tr>\n<td>Opcje kolor\u00f3w<\/td>\n<td>Przezroczyste szk\u0142o ze srebrn\u0105 nasadk\u0105<\/td>\n<\/tr>\n<tr>\n<td>Personalizacja<\/td>\n<td>Grawerowanie, druk UV, szronienie itp.<\/td>\n<\/tr>\n<\/tbody>\n<\/table>\n<h2>Udoskonal swoje opakowanie zapachu<\/h2>\n<p>Stw\u00f3rz trwa\u0142e wra\u017cenie dzi\u0119ki temu flakonowi perfum o pojemno\u015bci 50 ml. Nie szukaj wi\u0119cej - nasza fabryka oferuje stabilne dostawy, bezpieczne opakowania i rozwi\u0105zania dostosowane do potrzeb. Wybierz nasze butelki perfum, aby zaspokoi\u0107 potrzeb\u0119 luksusu swoich klient\u00f3w. Skontaktuj si\u0119 z nami ju\u017c dzi\u015b, aby utworzy\u0107 konto i poprosi\u0107 o wycen\u0119 wielopoziomow\u0105!<\/p>","protected":false},"excerpt":{"rendered":"<p>Stworzony z my\u015bl\u0105 o wyrafinowaniu, nasz <strong>Szklany flakon perfum o pojemno\u015bci 50 ml<\/strong>\u00a0ma elegancki prostok\u0105tny kszta\u0142t z ostrymi geometrycznymi liniami i g\u0142adkimi kraw\u0119dziami.<\/p>","protected":false},"featured_media":2551,"comment_status":"open","ping_status":"closed","template":"","meta":{"_acf_changed":false,"site-sidebar-layout":"default","site-content-layout":"","ast-site-content-layout":"default","site-content-style":"default","site-sidebar-style":"default","ast-global-header-display":"","ast-banner-title-visibility":"","ast-main-header-display":"","ast-hfb-above-header-display":"","ast-hfb-below-header-display":"","ast-hfb-mobile-header-display":"","site-post-title":"","ast-breadcrumbs-content":"","ast-featured-img":"","footer-sml-layout":"","ast-disable-related-posts":"","theme-transparent-header-meta":"default","adv-header-id-meta":"","stick-header-meta":"","header-above-stick-meta":"","header-main-stick-meta":"","header-below-stick-meta":"","astra-migrate-meta-layouts":"set","ast-page-background-enabled":"default","ast-page-background-meta":{"desktop":{"background-color":"var(--ast-global-color-5)","background-image":"","background-repeat":"repeat","background-position":"center center","background-size":"auto","background-attachment":"scroll","background-type":"","background-media":"","overlay-type":"","overlay-color":"","overlay-opacity":"","overlay-gradient":""},"tablet":{"background-color":"","background-image":"","background-repeat":"repeat","background-position":"center center","background-size":"auto","background-attachment":"scroll","background-type":"","background-media":"","overlay-type":"","overlay-color":"","overlay-opacity":"","overlay-gradient":""},"mobile":{"background-color":"","background-image":"","background-repeat":"repeat","background-position":"center center","background-size":"auto","background-attachment":"scroll","background-type":"","background-media":"","overlay-type":"","overlay-color":"","overlay-opacity":"","overlay-gradient":""}},"ast-content-background-meta":{"desktop":{"background-color":"var(--ast-global-color-4)","background-image":"","background-repeat":"repeat","background-position":"center center","background-size":"auto","background-attachment":"scroll","background-type":"","background-media":"","overlay-type":"","overlay-color":"","overlay-opacity":"","overlay-gradient":""},"tablet":{"background-color":"var(--ast-global-color-4)","background-image":"","background-repeat":"repeat","background-position":"center center","background-size":"auto","background-attachment":"scroll","background-type":"","background-media":"","overlay-type":"","overlay-color":"","overlay-opacity":"","overlay-gradient":""},"mobile":{"background-color":"var(--ast-global-color-4)","background-image":"","background-repeat":"repeat","background-position":"center center","background-size":"auto","background-attachment":"scroll","background-type":"","background-media":"","overlay-type":"","overlay-color":"","overlay-opacity":"","overlay-gradient":""}}},"product_brand":[],"product_cat":[72,41],"product_tag":[89],"class_list":{"0":"post-2550","1":"product","2":"type-product","3":"status-publish","4":"has-post-thumbnail","6":"product_cat-cosmetic-packaging","7":"product_cat-perfume-bottles","8":"product_tag-perfume-bottle","9":"desktop-align-left","10":"tablet-align-left","11":"mobile-align-left","13":"first","14":"instock","15":"shipping-taxable","16":"product-type-simple"},"acf":[],"jetpack_sharing_enabled":true,"_links":{"self":[{"href":"https:\/\/theperfumebottles.com\/pl\/wp-json\/wp\/v2\/product\/2550","targetHints":{"allow":["GET"]}}],"collection":[{"href":"https:\/\/theperfumebottles.com\/pl\/wp-json\/wp\/v2\/product"}],"about":[{"href":"https:\/\/theperfumebottles.com\/pl\/wp-json\/wp\/v2\/types\/product"}],"replies":[{"embeddable":true,"href":"https:\/\/theperfumebottles.com\/pl\/wp-json\/wp\/v2\/comments?post=2550"}],"wp:featuredmedia":[{"embeddable":true,"href":"https:\/\/theperfumebottles.com\/pl\/wp-json\/wp\/v2\/media\/2551"}],"wp:attachment":[{"href":"https:\/\/theperfumebottles.com\/pl\/wp-json\/wp\/v2\/media?parent=2550"}],"wp:term":[{"taxonomy":"product_brand","embeddable":true,"href":"https:\/\/theperfumebottles.com\/pl\/wp-json\/wp\/v2\/product_brand?post=2550"},{"taxonomy":"product_cat","embeddable":true,"href":"https:\/\/theperfumebottles.com\/pl\/wp-json\/wp\/v2\/product_cat?post=2550"},{"taxonomy":"product_tag","embeddable":true,"href":"https:\/\/theperfumebottles.com\/pl\/wp-json\/wp\/v2\/product_tag?post=2550"}],"curies":[{"name":"wp","href":"https:\/\/api.w.org\/{rel}","templated":true}]}}