{"id":2573,"date":"2025-03-10T06:34:47","date_gmt":"2025-03-10T06:34:47","guid":{"rendered":"https:\/\/theperfumebottles.com\/?post_type=product&#038;p=2573"},"modified":"2026-01-12T10:46:54","modified_gmt":"2026-01-12T02:46:54","slug":"custom-perfume-bottles-mens-cologne-bottles","status":"publish","type":"product","link":"https:\/\/theperfumebottles.com\/pl\/produkt\/custom-perfume-bottles-mens-cologne-bottles\/","title":{"rendered":"Prostok\u0105tne, niestandardowe szklane butelki na perfumy o pojemno\u015bci 50 ml\/100 ml"},"content":{"rendered":"<p>Ekskluzywny flakon wody kolo\u0144skiej dla m\u0119\u017cczyzn o podw\u00f3jnej pojemno\u015bci 50 ml\/100 ml. Szk\u0142o kryszta\u0142owe o kanciastym szlifie jest krystalicznie czyste jak bursztyn i jest dopasowane do matowej czarnej metalowej zakr\u0119tki butelki, aby stworzy\u0107 kontrast mi\u0119dzy twardo\u015bci\u0105 a mi\u0119kko\u015bci\u0105. Pogrubione dno butelki stabilnie stoi na stole, z \u0142atwo\u015bci\u0105 spe\u0142niaj\u0105c codzienne lub podr\u00f3\u017cne potrzeby. Od wizualnej sztuki toaletki po wyczuwalne opady w d\u0142oni, ka\u017cdy szczeg\u00f3\u0142 r\u00f3wnowa\u017cy racjonalny projekt i emocjonalne doznania.<\/p>\n<h2>Kluczowe specyfikacje<\/h2>\n<table style=\"border-collapse: collapse;margin-left: auto;margin-right: auto;width: 443.27pt\" border=\"0\" width=\"591\" cellspacing=\"0\" cellpadding=\"0\">\n<tbody>\n<tr style=\"height: 17.25pt\">\n<td class=\"et2\" style=\"height: 17.25pt;width: 139.50pt\" width=\"186\" height=\"23\"><strong>Model<\/strong><\/td>\n<td class=\"et2\" style=\"width: 139.50pt\" width=\"186\"><strong>PB-BF1001<\/strong><\/td>\n<td class=\"et2\" style=\"width: 164.25pt\" width=\"219\"><strong>PB-BF1002<\/strong><\/td>\n<\/tr>\n<tr style=\"height: 17.25pt\">\n<td class=\"et3\" style=\"height: 17.25pt;width: 139.50pt\" width=\"186\" height=\"23\"><strong>Pojemno\u015b\u0107<\/strong><\/td>\n<td class=\"et3\" style=\"width: 139.50pt\" width=\"186\">50 ml<\/td>\n<td class=\"et3\" style=\"width: 164.25pt\" width=\"219\">100 ml<\/td>\n<\/tr>\n<tr style=\"height: 17.25pt\">\n<td class=\"et3\" style=\"height: 17.25pt;width: 139.50pt\" width=\"186\" height=\"23\"><strong>Wymiary (wys. \u00d7 szer. \u00d7 g\u0142\u0119b.)<\/strong><\/td>\n<td class=\"et3\" style=\"width: 139.50pt\" width=\"186\">82\u00d754\u00d729 mm<\/td>\n<td class=\"et3\" style=\"width: 164.25pt\" width=\"219\">107\u00d772\u00d731 mm<\/td>\n<\/tr>\n<tr style=\"height: 17.25pt\">\n<td class=\"et3\" style=\"height: 17.25pt;width: 139.50pt\" width=\"186\" height=\"23\"><strong>Kolor czapki<\/strong><\/td>\n<td class=\"et3\" style=\"width: 139.50pt\" width=\"186\">Czarny<\/td>\n<td class=\"et3\" style=\"width: 164.25pt\" width=\"219\">Czarny<\/td>\n<\/tr>\n<tr style=\"height: 17.25pt\">\n<td class=\"et3\" style=\"height: 17.25pt;width: 139.50pt\" width=\"186\" height=\"23\"><strong>Tworzywo<\/strong><\/td>\n<td class=\"et3\" style=\"width: 139.50pt\" width=\"186\">Szk\u0142o kryszta\u0142owe<\/td>\n<td class=\"et3\" style=\"width: 164.25pt\" width=\"219\">Szk\u0142o kryszta\u0142owe<\/td>\n<\/tr>\n<tr style=\"height: 17.25pt\">\n<td class=\"et3\" style=\"height: 17.25pt;width: 139.50pt\" width=\"186\" height=\"23\"><strong>Rodzaj uszczelnienia<\/strong><\/td>\n<td class=\"et3\" style=\"width: 139.50pt\" width=\"186\">Spray Top<\/td>\n<td class=\"et3\" style=\"width: 164.25pt\" width=\"219\">Spray Top<\/td>\n<\/tr>\n<\/tbody>\n<\/table>\n<h2>Podnie\u015b poziom swojej marki zapachowej ju\u017c dzi\u015b<\/h2>\n<p>Stw\u00f3rz niezapomniane wra\u017cenia podczas rozpakowywania dzi\u0119ki naszym niestandardowym flakonom na perfumy. Wybieraj spo\u015br\u00f3d standardowych wzor\u00f3w lub wsp\u00f3\u0142pracuj z naszym zespo\u0142em, aby\u00a0<em>tworzy\u0107<\/em>\u00a0markowe opakowania na perfumy. Odwied\u017a nasz\u0105 stron\u0119 g\u0142\u00f3wn\u0105, aby wyszuka\u0107 dost\u0119pne modele, zam\u00f3wi\u0107 pr\u00f3bki lub otworzy\u0107 zam\u00f3wienie.\u00a0<em>konto<\/em>\u00a0dla cen hurtowych. Potrzebujesz pilnie towaru? Dostarczamy zar\u00f3wno towary spotowe, jak i dostosowane partie - zapytaj teraz, aby zabezpieczy\u0107 swoje zam\u00f3wienie!<\/p>","protected":false},"excerpt":{"rendered":"<p>Wyj\u0105tkowy flakon do perfum dla m\u0119\u017cczyzn, pojemno\u015b\u0107 50ml\/100ml. Kraw\u0119dzie kryszta\u0142owe z k\u0105tem s\u0105 tak przejrzyste jak \u017cyto, i [\u2026]<\/p>","protected":false},"featured_media":2574,"comment_status":"open","ping_status":"closed","template":"","meta":{"_acf_changed":false,"site-sidebar-layout":"default","site-content-layout":"","ast-site-content-layout":"default","site-content-style":"default","site-sidebar-style":"default","ast-global-header-display":"","ast-banner-title-visibility":"","ast-main-header-display":"","ast-hfb-above-header-display":"","ast-hfb-below-header-display":"","ast-hfb-mobile-header-display":"","site-post-title":"","ast-breadcrumbs-content":"","ast-featured-img":"","footer-sml-layout":"","ast-disable-related-posts":"","theme-transparent-header-meta":"default","adv-header-id-meta":"","stick-header-meta":"","header-above-stick-meta":"","header-main-stick-meta":"","header-below-stick-meta":"","astra-migrate-meta-layouts":"set","ast-page-background-enabled":"default","ast-page-background-meta":{"desktop":{"background-color":"var(--ast-global-color-5)","background-image":"","background-repeat":"repeat","background-position":"center center","background-size":"auto","background-attachment":"scroll","background-type":"","background-media":"","overlay-type":"","overlay-color":"","overlay-opacity":"","overlay-gradient":""},"tablet":{"background-color":"","background-image":"","background-repeat":"repeat","background-position":"center center","background-size":"auto","background-attachment":"scroll","background-type":"","background-media":"","overlay-type":"","overlay-color":"","overlay-opacity":"","overlay-gradient":""},"mobile":{"background-color":"","background-image":"","background-repeat":"repeat","background-position":"center center","background-size":"auto","background-attachment":"scroll","background-type":"","background-media":"","overlay-type":"","overlay-color":"","overlay-opacity":"","overlay-gradient":""}},"ast-content-background-meta":{"desktop":{"background-color":"var(--ast-global-color-4)","background-image":"","background-repeat":"repeat","background-position":"center center","background-size":"auto","background-attachment":"scroll","background-type":"","background-media":"","overlay-type":"","overlay-color":"","overlay-opacity":"","overlay-gradient":""},"tablet":{"background-color":"var(--ast-global-color-4)","background-image":"","background-repeat":"repeat","background-position":"center center","background-size":"auto","background-attachment":"scroll","background-type":"","background-media":"","overlay-type":"","overlay-color":"","overlay-opacity":"","overlay-gradient":""},"mobile":{"background-color":"var(--ast-global-color-4)","background-image":"","background-repeat":"repeat","background-position":"center center","background-size":"auto","background-attachment":"scroll","background-type":"","background-media":"","overlay-type":"","overlay-color":"","overlay-opacity":"","overlay-gradient":""}}},"product_brand":[],"product_cat":[72,41],"product_tag":[],"class_list":{"0":"post-2573","1":"product","2":"type-product","3":"status-publish","4":"has-post-thumbnail","6":"product_cat-cosmetic-packaging","7":"product_cat-perfume-bottles","8":"desktop-align-left","9":"tablet-align-left","10":"mobile-align-left","12":"first","13":"instock","14":"shipping-taxable","15":"product-type-simple"},"acf":[],"jetpack_sharing_enabled":true,"_links":{"self":[{"href":"https:\/\/theperfumebottles.com\/pl\/wp-json\/wp\/v2\/product\/2573","targetHints":{"allow":["GET"]}}],"collection":[{"href":"https:\/\/theperfumebottles.com\/pl\/wp-json\/wp\/v2\/product"}],"about":[{"href":"https:\/\/theperfumebottles.com\/pl\/wp-json\/wp\/v2\/types\/product"}],"replies":[{"embeddable":true,"href":"https:\/\/theperfumebottles.com\/pl\/wp-json\/wp\/v2\/comments?post=2573"}],"wp:featuredmedia":[{"embeddable":true,"href":"https:\/\/theperfumebottles.com\/pl\/wp-json\/wp\/v2\/media\/2574"}],"wp:attachment":[{"href":"https:\/\/theperfumebottles.com\/pl\/wp-json\/wp\/v2\/media?parent=2573"}],"wp:term":[{"taxonomy":"product_brand","embeddable":true,"href":"https:\/\/theperfumebottles.com\/pl\/wp-json\/wp\/v2\/product_brand?post=2573"},{"taxonomy":"product_cat","embeddable":true,"href":"https:\/\/theperfumebottles.com\/pl\/wp-json\/wp\/v2\/product_cat?post=2573"},{"taxonomy":"product_tag","embeddable":true,"href":"https:\/\/theperfumebottles.com\/pl\/wp-json\/wp\/v2\/product_tag?post=2573"}],"curies":[{"name":"wp","href":"https:\/\/api.w.org\/{rel}","templated":true}]}}