{"id":2588,"date":"2025-03-10T09:12:01","date_gmt":"2025-03-10T09:12:01","guid":{"rendered":"https:\/\/theperfumebottles.com\/?post_type=product&#038;p=2588"},"modified":"2025-05-28T18:09:05","modified_gmt":"2025-05-28T10:09:05","slug":"cologne-bottles-wholesale-custom-fragrance-packaging","status":"publish","type":"product","link":"https:\/\/theperfumebottles.com\/pl\/produkt\/cologne-bottles-wholesale-custom-fragrance-packaging\/","title":{"rendered":"Butelki z wod\u0105 kolo\u0144sk\u0105 60 ml, 80 ml, 100 ml \u2013 hurt"},"content":{"rendered":"<p>Idealna do hurtowej sprzeda\u017cy butelek wody kolo\u0144skiej, nasza szklana butelka perfum PB-BF13 zosta\u0142a zaprojektowana dla luksusowych marek perfum. Charakteryzuje si\u0119 wyrafinowanym prostok\u0105tnym kszta\u0142tem z przezroczystym grubym szk\u0142em kryszta\u0142owym i odwa\u017cn\u0105 czarn\u0105 prostok\u0105tn\u0105 nasadk\u0105. Mierz\u0105ca 53x35x116 mm butelka perfum \u0142\u0105czy w sobie stabilno\u015b\u0107 (dzi\u0119ki solidnej podstawie) z nowoczesn\u0105 estetyk\u0105. Specjalnie zaprojektowana zakrzywiona wkl\u0119s\u0142a struktura na wewn\u0119trznej \u015bciance butelki nie tylko pozwala na bardziej naturalny przep\u0142yw p\u0142ynu, ale tak\u017ce nadaje butelce g\u0142\u0119boki poziom wizualny. Dost\u0119pny w trzech pojemno\u015bciach 60 ml\/80 ml\/100 ml, nadaje si\u0119 do codziennego noszenia, rozmiaru podr\u00f3\u017cnego i limitowanej edycji, aby zaspokoi\u0107 r\u00f3\u017cne potrzeby.<\/p>\n<h2>Kluczowe specyfikacje<\/h2>\n<table style=\"border-collapse: collapse;margin-left: auto;margin-right: auto;width: 384.77pt\" border=\"0\" width=\"513\" cellspacing=\"0\" cellpadding=\"0\">\n<tbody>\n<tr style=\"height: 13.50pt\">\n<td style=\"height: 13.50pt;width: 127.50pt\" width=\"170\" height=\"18\">Atrybut<\/td>\n<td style=\"width: 257.25pt\" width=\"343\">Bli\u017csze dane<\/td>\n<\/tr>\n<tr style=\"height: 13.50pt\">\n<td style=\"height: 13.50pt\" height=\"18\">Model<\/td>\n<td>PB-BF13<\/td>\n<\/tr>\n<tr style=\"height: 13.50pt\">\n<td style=\"height: 13.50pt\" height=\"18\">Opcje pojemno\u015bci<\/td>\n<td>60 ml, 80 ml, 100 ml (butelka wody kolo\u0144skiej o pojemno\u015bci 2 uncji)<\/td>\n<\/tr>\n<tr style=\"height: 13.50pt\">\n<td style=\"height: 13.50pt\" height=\"18\">Wymiary<\/td>\n<td>53 x 35 x 116 mm<\/td>\n<\/tr>\n<tr style=\"height: 13.50pt\">\n<td style=\"height: 13.50pt\" height=\"18\">Tworzywo<\/td>\n<td>Kryszta\u0142owe szk\u0142o, czarna nasadka<\/td>\n<\/tr>\n<tr style=\"height: 13.50pt\">\n<td style=\"height: 13.50pt\" height=\"18\">Kolor<\/td>\n<td>Przezroczyste szk\u0142o, matowa czarna nasadka<\/td>\n<\/tr>\n<tr style=\"height: 13.50pt\">\n<td style=\"height: 13.50pt\" height=\"18\">Rodzaj uszczelnienia<\/td>\n<td>Spray top<\/td>\n<\/tr>\n<\/tbody>\n<\/table>\n<h2>Wszechstronne zastosowania dla marki zapach\u00f3w<\/h2>\n<p>Te puste flakony na perfumy s\u0105 przeznaczone do pakowania luksusowych w\u00f3d kolo\u0144skich, perfum lub mgie\u0142ek zapachowych. Nadaj\u0105 si\u0119 do zapach\u00f3w podr\u00f3\u017cnych, serii limitowanych kolekcji lub \u015bwi\u0105tecznych zestaw\u00f3w upominkowych. Uniwersalny design m\u0119skich i damskich zapach\u00f3w mo\u017ce nie tylko podkre\u015bla\u0107 delikatno\u015b\u0107 kobiecych nut kwiatowych, ale tak\u017ce przenosi\u0107 g\u0142\u0119bi\u0119 m\u0119skiej wody kolo\u0144skiej. Jest szczeg\u00f3lnie odpowiedni dla marek zapachowych z wy\u017cszej p\u00f3\u0142ki, kt\u00f3re d\u0105\u017c\u0105 do poczucia granic bez wzgl\u0119du na p\u0142e\u0107, realizuj\u0105c eleganckie rozwi\u0105zanie jednej butelki dla wielu scenariuszy.<\/p>\n<h2>Wsp\u00f3\u0142praca z zaufanym producentem<\/h2>\n<p>Podnie\u015b swoj\u0105 lini\u0119 zapachow\u0105 dzi\u0119ki tym wysokiej jako\u015bci szklanym butelkom perfum. Niezale\u017cnie od tego, czy potrzebujesz hurtowych butelek wody kolo\u0144skiej, niestandardowego brandingu, czy hurtowych zam\u00f3wie\u0144 butelek w sprayu o pojemno\u015bci 100 ml, nasza fabryka gwarantuje szybk\u0105 realizacj\u0119, bezpieczne opakowanie i zgodno\u015b\u0107 z przepisami eksportowymi. Skontaktuj si\u0119 z nami ju\u017c dzi\u015b, aby stworzy\u0107 spersonalizowane opakowania perfum, kt\u00f3re zachwyc\u0105 Twoich klient\u00f3w!<\/p>","protected":false},"excerpt":{"rendered":"<p>Nasz szklany flakon perfum PB-BF13, stworzony z my\u015bl\u0105 o luksusowej marce zapach\u00f3w, ma wyrafinowany prostok\u0105tny kszta\u0142t z przezroczystego, grubego szk\u0142a kryszta\u0142owego i odwa\u017cn\u0105 czarn\u0105 prostok\u0105tn\u0105 nasadk\u0119.<\/p>","protected":false},"featured_media":2592,"comment_status":"open","ping_status":"closed","template":"","meta":{"_acf_changed":false,"site-sidebar-layout":"default","site-content-layout":"","ast-site-content-layout":"default","site-content-style":"default","site-sidebar-style":"default","ast-global-header-display":"","ast-banner-title-visibility":"","ast-main-header-display":"","ast-hfb-above-header-display":"","ast-hfb-below-header-display":"","ast-hfb-mobile-header-display":"","site-post-title":"","ast-breadcrumbs-content":"","ast-featured-img":"","footer-sml-layout":"","ast-disable-related-posts":"","theme-transparent-header-meta":"default","adv-header-id-meta":"","stick-header-meta":"","header-above-stick-meta":"","header-main-stick-meta":"","header-below-stick-meta":"","astra-migrate-meta-layouts":"set","ast-page-background-enabled":"default","ast-page-background-meta":{"desktop":{"background-color":"var(--ast-global-color-5)","background-image":"","background-repeat":"repeat","background-position":"center center","background-size":"auto","background-attachment":"scroll","background-type":"","background-media":"","overlay-type":"","overlay-color":"","overlay-opacity":"","overlay-gradient":""},"tablet":{"background-color":"","background-image":"","background-repeat":"repeat","background-position":"center center","background-size":"auto","background-attachment":"scroll","background-type":"","background-media":"","overlay-type":"","overlay-color":"","overlay-opacity":"","overlay-gradient":""},"mobile":{"background-color":"","background-image":"","background-repeat":"repeat","background-position":"center center","background-size":"auto","background-attachment":"scroll","background-type":"","background-media":"","overlay-type":"","overlay-color":"","overlay-opacity":"","overlay-gradient":""}},"ast-content-background-meta":{"desktop":{"background-color":"var(--ast-global-color-4)","background-image":"","background-repeat":"repeat","background-position":"center center","background-size":"auto","background-attachment":"scroll","background-type":"","background-media":"","overlay-type":"","overlay-color":"","overlay-opacity":"","overlay-gradient":""},"tablet":{"background-color":"var(--ast-global-color-4)","background-image":"","background-repeat":"repeat","background-position":"center center","background-size":"auto","background-attachment":"scroll","background-type":"","background-media":"","overlay-type":"","overlay-color":"","overlay-opacity":"","overlay-gradient":""},"mobile":{"background-color":"var(--ast-global-color-4)","background-image":"","background-repeat":"repeat","background-position":"center center","background-size":"auto","background-attachment":"scroll","background-type":"","background-media":"","overlay-type":"","overlay-color":"","overlay-opacity":"","overlay-gradient":""}}},"product_brand":[],"product_cat":[41,72],"product_tag":[],"class_list":{"0":"post-2588","1":"product","2":"type-product","3":"status-publish","4":"has-post-thumbnail","6":"product_cat-perfume-bottles","7":"product_cat-cosmetic-packaging","8":"desktop-align-left","9":"tablet-align-left","10":"mobile-align-left","12":"first","13":"instock","14":"shipping-taxable","15":"product-type-simple"},"acf":[],"jetpack_sharing_enabled":true,"_links":{"self":[{"href":"https:\/\/theperfumebottles.com\/pl\/wp-json\/wp\/v2\/product\/2588","targetHints":{"allow":["GET"]}}],"collection":[{"href":"https:\/\/theperfumebottles.com\/pl\/wp-json\/wp\/v2\/product"}],"about":[{"href":"https:\/\/theperfumebottles.com\/pl\/wp-json\/wp\/v2\/types\/product"}],"replies":[{"embeddable":true,"href":"https:\/\/theperfumebottles.com\/pl\/wp-json\/wp\/v2\/comments?post=2588"}],"wp:featuredmedia":[{"embeddable":true,"href":"https:\/\/theperfumebottles.com\/pl\/wp-json\/wp\/v2\/media\/2592"}],"wp:attachment":[{"href":"https:\/\/theperfumebottles.com\/pl\/wp-json\/wp\/v2\/media?parent=2588"}],"wp:term":[{"taxonomy":"product_brand","embeddable":true,"href":"https:\/\/theperfumebottles.com\/pl\/wp-json\/wp\/v2\/product_brand?post=2588"},{"taxonomy":"product_cat","embeddable":true,"href":"https:\/\/theperfumebottles.com\/pl\/wp-json\/wp\/v2\/product_cat?post=2588"},{"taxonomy":"product_tag","embeddable":true,"href":"https:\/\/theperfumebottles.com\/pl\/wp-json\/wp\/v2\/product_tag?post=2588"}],"curies":[{"name":"wp","href":"https:\/\/api.w.org\/{rel}","templated":true}]}}