{"id":2603,"date":"2025-03-11T06:35:46","date_gmt":"2025-03-11T06:35:46","guid":{"rendered":"https:\/\/theperfumebottles.com\/?post_type=product&#038;p=2603"},"modified":"2025-05-29T09:38:03","modified_gmt":"2025-05-29T01:38:03","slug":"customised-perfume-bottles-bulk-empty-fragrance-bottles","status":"publish","type":"product","link":"https:\/\/theperfumebottles.com\/pl\/produkt\/customised-perfume-bottles-bulk-empty-fragrance-bottles\/","title":{"rendered":"30 ml, 50 ml, 100 ml, luksusowe, spersonalizowane butelki perfum o grubej podstawie"},"content":{"rendered":"<h2>Luksusowy pusty s\u0142oiczek z perfum dla\u9ad8\u7aef marek<\/h2>\n<p>Projektowany dla marek, kt\u00f3re d\u0105\u017c\u0105 do jako\u015bci, ten prostok\u0105tny s\u0142oiczek z kryszta\u0142owego szk\u0142a inteligentnie \u0142\u0105czy elegancj\u0119 i praktyczno\u015b\u0107. G\u0142adkie linie s\u0142oiczka, grube dno z szk\u0142a i g\u0142adkie zaprojektowane spryskiwanie sprawiaj\u0105, \u017ce ka\u017cde u\u017cycie jest pe\u0142ne rytua\u0142u. Dost\u0119pny w trzech pojemno\u015bciach 30ml, 50ml i 100ml, z czarnymi, srebrnymi lub szkle kredowego przezroczystymi nakr\u0119tkami, nie tylko pokazuje czyst\u0105 barw\u0119 perfum\/kolona, ale tak\u017ce przekazuje osobowo\u015b\u0107 marki przez szczeg\u00f3\u0142y \u2013 czy jest to zapach m\u0119ski czy damski, mo\u017cesz znale\u017a\u0107 unikalny spos\u00f3b na wyra\u017cenie go.<\/p>\n<table style=\"border-collapse: collapse;border: 0;margin-left: auto;margin-right: auto;width: 162.03pt\" border=\"0\" width=\"216\" cellspacing=\"0\" cellpadding=\"0\">\n<tbody>\n<tr style=\"height: 13.50pt;border: 0\">\n<td style=\"height: 13.50pt;width: 54.00pt\" width=\"72\" height=\"18\">\n<p><figure id=\"attachment_2605\" aria-describedby=\"caption-attachment-2605\" style=\"width: 300px\" class=\"wp-caption aligncenter\"><img fetchpriority=\"high\" decoding=\"async\" class=\"size-medium wp-image-2605\" src=\"https:\/\/theperfumebottles.com\/wp-content\/uploads\/2025\/03\/customised-perfume-bottles-bf1501-300x300.jpg\" alt=\"spersonalizowane butelki perfum\" width=\"300\" height=\"300\" srcset=\"https:\/\/theperfumebottles.com\/wp-content\/uploads\/2025\/03\/customised-perfume-bottles-bf1501-300x300.jpg 300w, https:\/\/theperfumebottles.com\/wp-content\/uploads\/2025\/03\/customised-perfume-bottles-bf1501-150x150.jpg 150w, https:\/\/theperfumebottles.com\/wp-content\/uploads\/2025\/03\/customised-perfume-bottles-bf1501-768x768.jpg 768w, https:\/\/theperfumebottles.com\/wp-content\/uploads\/2025\/03\/customised-perfume-bottles-bf1501-12x12.jpg 12w, https:\/\/theperfumebottles.com\/wp-content\/uploads\/2025\/03\/customised-perfume-bottles-bf1501-600x600.jpg 600w, https:\/\/theperfumebottles.com\/wp-content\/uploads\/2025\/03\/customised-perfume-bottles-bf1501-100x100.jpg 100w, https:\/\/theperfumebottles.com\/wp-content\/uploads\/2025\/03\/customised-perfume-bottles-bf1501.jpg 1000w\" sizes=\"(max-width: 300px) 100vw, 300px\" \/><figcaption id=\"caption-attachment-2605\" class=\"wp-caption-text\">Spersonalizowane flakony perfum o pojemno\u015bci 30 ml<\/figcaption><\/figure><\/td>\n<td style=\"width: 54.00pt\" width=\"72\">\n<p><figure id=\"attachment_2606\" aria-describedby=\"caption-attachment-2606\" style=\"width: 300px\" class=\"wp-caption aligncenter\"><img decoding=\"async\" class=\"size-medium wp-image-2606\" src=\"https:\/\/theperfumebottles.com\/wp-content\/uploads\/2025\/03\/customised-perfume-bottles-bf1502-300x300.jpg\" alt=\"spersonalizowane butelki perfum\" width=\"300\" height=\"300\" srcset=\"https:\/\/theperfumebottles.com\/wp-content\/uploads\/2025\/03\/customised-perfume-bottles-bf1502-300x300.jpg 300w, https:\/\/theperfumebottles.com\/wp-content\/uploads\/2025\/03\/customised-perfume-bottles-bf1502-150x150.jpg 150w, https:\/\/theperfumebottles.com\/wp-content\/uploads\/2025\/03\/customised-perfume-bottles-bf1502-768x768.jpg 768w, https:\/\/theperfumebottles.com\/wp-content\/uploads\/2025\/03\/customised-perfume-bottles-bf1502-12x12.jpg 12w, https:\/\/theperfumebottles.com\/wp-content\/uploads\/2025\/03\/customised-perfume-bottles-bf1502-600x600.jpg 600w, https:\/\/theperfumebottles.com\/wp-content\/uploads\/2025\/03\/customised-perfume-bottles-bf1502-100x100.jpg 100w, https:\/\/theperfumebottles.com\/wp-content\/uploads\/2025\/03\/customised-perfume-bottles-bf1502.jpg 1000w\" sizes=\"(max-width: 300px) 100vw, 300px\" \/><figcaption id=\"caption-attachment-2606\" class=\"wp-caption-text\">Spersonalizowane flakony perfum o pojemno\u015bci 50 ml<\/figcaption><\/figure><\/td>\n<td style=\"width: 54.00pt\" width=\"72\">\n<p><figure id=\"attachment_2608\" aria-describedby=\"caption-attachment-2608\" style=\"width: 300px\" class=\"wp-caption aligncenter\"><img decoding=\"async\" class=\"size-medium wp-image-2608\" src=\"https:\/\/theperfumebottles.com\/wp-content\/uploads\/2025\/03\/perfume-spray-bottles-bulk-bf1503-300x300.jpg\" alt=\"butelki perfum w sprayu luzem\" width=\"300\" height=\"300\" srcset=\"https:\/\/theperfumebottles.com\/wp-content\/uploads\/2025\/03\/perfume-spray-bottles-bulk-bf1503-300x300.jpg 300w, https:\/\/theperfumebottles.com\/wp-content\/uploads\/2025\/03\/perfume-spray-bottles-bulk-bf1503-150x150.jpg 150w, https:\/\/theperfumebottles.com\/wp-content\/uploads\/2025\/03\/perfume-spray-bottles-bulk-bf1503-768x768.jpg 768w, https:\/\/theperfumebottles.com\/wp-content\/uploads\/2025\/03\/perfume-spray-bottles-bulk-bf1503-12x12.jpg 12w, https:\/\/theperfumebottles.com\/wp-content\/uploads\/2025\/03\/perfume-spray-bottles-bulk-bf1503-600x600.jpg 600w, https:\/\/theperfumebottles.com\/wp-content\/uploads\/2025\/03\/perfume-spray-bottles-bulk-bf1503-100x100.jpg 100w, https:\/\/theperfumebottles.com\/wp-content\/uploads\/2025\/03\/perfume-spray-bottles-bulk-bf1503.jpg 1000w\" sizes=\"(max-width: 300px) 100vw, 300px\" \/><figcaption id=\"caption-attachment-2608\" class=\"wp-caption-text\">Spersonalizowane flakony perfum o pojemno\u015bci 100 ml<\/figcaption><\/figure><\/td>\n<\/tr>\n<\/tbody>\n<\/table>\n<h2>elastyczna adaptacja do potrzeb marki<\/h2>\n<ul>\n<li><strong>Pr\u00f3bka 30 ml:<\/strong> lekki i przeno\u015bny, odpowiedni dla pr\u00f3b w sklepach duty-free lotniczych lub pakiet\u00f3w do do\u015bwiadcze\u0144 klient\u00f3w.<\/li>\n<li><strong>Pude\u0142ko prezentowe 50ml:<\/strong> elegancka pojemno\u015b\u0107, hity prezent\u00f3w \u015bwi\u0105tecznych lub luksusowych zapach\u00f3w hotelowych.<\/li>\n<li><strong>pakowanie flagowe 100ml:<\/strong> atmosferyczne parametry, idealny dopasowanie dla flagowych sklep\u00f3w marek lub g\u0142\u00f3wnych modeli e-commerce.<\/li>\n<\/ul>\n<h2>Kluczowe specyfikacje<\/h2>\n<div class=\"hyc-common-markdown__table-wrapper\">\n<table>\n<thead>\n<tr>\n<th>Model<\/th>\n<th>Pojemno\u015b\u0107<\/th>\n<th>Wymiary (mm)<\/th>\n<th>Opcje czapki<\/th>\n<th>Tworzywo<\/th>\n<\/tr>\n<\/thead>\n<tbody>\n<tr>\n<td>PB-BF1501<\/td>\n<td>30 ml<\/td>\n<td>51\u00d733\u00d768<\/td>\n<td>Czarny, srebrny, matowy<\/td>\n<td>Szk\u0142o kryszta\u0142owe<\/td>\n<\/tr>\n<tr>\n<td>PB-BF1502<\/td>\n<td>50 ml<\/td>\n<td>56\u00d737\u00d782<\/td>\n<td>Czarny, srebrny, matowy<\/td>\n<td>Szk\u0142o kryszta\u0142owe<\/td>\n<\/tr>\n<tr>\n<td>PB-BF1503<\/td>\n<td>100 ml<\/td>\n<td>62\u00d740\u00d7117<\/td>\n<td>Czarny, srebrny, matowy<\/td>\n<td>Szk\u0142o kryszta\u0142owe<\/td>\n<\/tr>\n<\/tbody>\n<\/table>\n<\/div>\n<p><em>Wszystkie modele maj\u0105 15-milimetrowe pokrywy natryskowe i prostok\u0105tne konstrukcje o g\u0142adkich kraw\u0119dziach.<\/em><\/p>\n<h2>Wsp\u00f3\u0142praca z wiod\u0105cym dostawc\u0105 butelek perfum<\/h2>\n<p>Jako zaufani producenci butelek perfum oferujemy:<\/p>\n<ul>\n<li><strong>Zam\u00f3wienia hurtowe:<\/strong>\u00a0Konkurencyjne ceny hurtowych zakup\u00f3w butelek perfum w sprayu<\/li>\n<li><strong>Projekty niestandardowe:<\/strong>\u00a0Dopasowane kszta\u0142ty, grubo\u015b\u0107 szk\u0142a i opcje wyko\u0144czenia<\/li>\n<li><strong>Szybka realizacja:\u00a0<\/strong>Produkty w magazynie gotowe do natychmiastowej wysy\u0142ki<\/li>\n<\/ul>\n<p>Popro\u015b o wycen\u0119 ju\u017c dzi\u015b, aby pozna\u0107 niestandardowe butelki perfum lub zabezpieczy\u0107 zam\u00f3wienia hurtowe. Pozw\u00f3l nam stworzy\u0107 Twoje luksusowe opakowanie perfum z precyzj\u0105 i szybko\u015bci\u0105!<\/p>","protected":false},"excerpt":{"rendered":"<p>Nasze prostok\u0105tne pojemniki na perfumy z kryszta\u0142owego szk\u0142a, zaprojektowane z my\u015bl\u0105 o luksusowych markach i zam\u00f3wieniach hurtowych, nadaj\u0105 perfumom wyj\u0105tkowy charakter.<\/p>","protected":false},"featured_media":2606,"comment_status":"open","ping_status":"closed","template":"","meta":{"_acf_changed":false,"site-sidebar-layout":"default","site-content-layout":"","ast-site-content-layout":"default","site-content-style":"default","site-sidebar-style":"default","ast-global-header-display":"","ast-banner-title-visibility":"","ast-main-header-display":"","ast-hfb-above-header-display":"","ast-hfb-below-header-display":"","ast-hfb-mobile-header-display":"","site-post-title":"","ast-breadcrumbs-content":"","ast-featured-img":"","footer-sml-layout":"","ast-disable-related-posts":"","theme-transparent-header-meta":"default","adv-header-id-meta":"","stick-header-meta":"","header-above-stick-meta":"","header-main-stick-meta":"","header-below-stick-meta":"","astra-migrate-meta-layouts":"set","ast-page-background-enabled":"default","ast-page-background-meta":{"desktop":{"background-color":"var(--ast-global-color-5)","background-image":"","background-repeat":"repeat","background-position":"center center","background-size":"auto","background-attachment":"scroll","background-type":"","background-media":"","overlay-type":"","overlay-color":"","overlay-opacity":"","overlay-gradient":""},"tablet":{"background-color":"","background-image":"","background-repeat":"repeat","background-position":"center center","background-size":"auto","background-attachment":"scroll","background-type":"","background-media":"","overlay-type":"","overlay-color":"","overlay-opacity":"","overlay-gradient":""},"mobile":{"background-color":"","background-image":"","background-repeat":"repeat","background-position":"center center","background-size":"auto","background-attachment":"scroll","background-type":"","background-media":"","overlay-type":"","overlay-color":"","overlay-opacity":"","overlay-gradient":""}},"ast-content-background-meta":{"desktop":{"background-color":"var(--ast-global-color-4)","background-image":"","background-repeat":"repeat","background-position":"center center","background-size":"auto","background-attachment":"scroll","background-type":"","background-media":"","overlay-type":"","overlay-color":"","overlay-opacity":"","overlay-gradient":""},"tablet":{"background-color":"var(--ast-global-color-4)","background-image":"","background-repeat":"repeat","background-position":"center center","background-size":"auto","background-attachment":"scroll","background-type":"","background-media":"","overlay-type":"","overlay-color":"","overlay-opacity":"","overlay-gradient":""},"mobile":{"background-color":"var(--ast-global-color-4)","background-image":"","background-repeat":"repeat","background-position":"center center","background-size":"auto","background-attachment":"scroll","background-type":"","background-media":"","overlay-type":"","overlay-color":"","overlay-opacity":"","overlay-gradient":""}}},"product_brand":[],"product_cat":[41,72,91],"product_tag":[],"class_list":{"0":"post-2603","1":"product","2":"type-product","3":"status-publish","4":"has-post-thumbnail","6":"product_cat-perfume-bottles","7":"product_cat-cosmetic-packaging","8":"product_cat-custom-perfume-bottles","9":"desktop-align-left","10":"tablet-align-left","11":"mobile-align-left","13":"first","14":"instock","15":"shipping-taxable","16":"product-type-simple"},"acf":[],"jetpack_sharing_enabled":true,"_links":{"self":[{"href":"https:\/\/theperfumebottles.com\/pl\/wp-json\/wp\/v2\/product\/2603","targetHints":{"allow":["GET"]}}],"collection":[{"href":"https:\/\/theperfumebottles.com\/pl\/wp-json\/wp\/v2\/product"}],"about":[{"href":"https:\/\/theperfumebottles.com\/pl\/wp-json\/wp\/v2\/types\/product"}],"replies":[{"embeddable":true,"href":"https:\/\/theperfumebottles.com\/pl\/wp-json\/wp\/v2\/comments?post=2603"}],"wp:featuredmedia":[{"embeddable":true,"href":"https:\/\/theperfumebottles.com\/pl\/wp-json\/wp\/v2\/media\/2606"}],"wp:attachment":[{"href":"https:\/\/theperfumebottles.com\/pl\/wp-json\/wp\/v2\/media?parent=2603"}],"wp:term":[{"taxonomy":"product_brand","embeddable":true,"href":"https:\/\/theperfumebottles.com\/pl\/wp-json\/wp\/v2\/product_brand?post=2603"},{"taxonomy":"product_cat","embeddable":true,"href":"https:\/\/theperfumebottles.com\/pl\/wp-json\/wp\/v2\/product_cat?post=2603"},{"taxonomy":"product_tag","embeddable":true,"href":"https:\/\/theperfumebottles.com\/pl\/wp-json\/wp\/v2\/product_tag?post=2603"}],"curies":[{"name":"wp","href":"https:\/\/api.w.org\/{rel}","templated":true}]}}