{"id":2622,"date":"2025-03-12T06:50:06","date_gmt":"2025-03-12T06:50:06","guid":{"rendered":"https:\/\/theperfumebottles.com\/?post_type=product&#038;p=2622"},"modified":"2025-05-30T09:44:39","modified_gmt":"2025-05-30T01:44:39","slug":"25ml-silver-topped-mini-fragrance-bottles","status":"publish","type":"product","link":"https:\/\/theperfumebottles.com\/pl\/produkt\/25ml-silver-topped-mini-fragrance-bottles\/","title":{"rendered":"mini-Butelki do Zapach\u00f3w ze Srebrn\u0105 Pokryw\u0105 o pojemno\u015bci 25 ml"},"content":{"rendered":"<p>Ta prostok\u0105tna szklana butelka perfum o pojemno\u015bci 25 ml ma stylowy wygl\u0105d i doskona\u0142e wykonanie, specjalnie zaprojektowane dla nowoczesnych marek z wy\u017cszej p\u00f3\u0142ki. Przezroczyste szk\u0142o kryszta\u0142owe ze \u015bci\u0119tymi kraw\u0119dziami ma prosty i schludny wygl\u0105d oraz jest wygodne w dotyku. Czarna lub przezroczysta nasadka rozpylaj\u0105ca i srebrna nasadka butelki s\u0105 proste i eleganckie. Ma\u0142y korpus butelki i w\u0105skie gard\u0142o 13 mm s\u0105 \u0142atwe do przenoszenia i \u0142atwiejsze do zintegrowania z r\u00f3\u017cnymi wysokiej klasy opakowaniami. Nadaje si\u0119 do perfum, wody kolo\u0144skiej lub spersonalizowanego zapachu, odpowiedniego zar\u00f3wno dla m\u0119\u017cczyzn, jak i kobiet.<\/p>\n<h2>Elegancki wyb\u00f3r w podr\u00f3\u017cy, wysokiej jako\u015bci partner dla marek<\/h2>\n<p>Ten mini flakon perfum jest kompaktowy i przeno\u015bny, idealny do podr\u00f3\u017cy, zestaw\u00f3w pr\u00f3bnych lub spersonalizowanych w\u00f3d kolo\u0144skich. Jego wyrafinowany wygl\u0105d wzbogaci zestawy upominkowe, pude\u0142ka subskrypcyjne i ekspozytory, a tak\u017ce nadaje si\u0119 do spersonalizowanych prezent\u00f3w zapachowych na promocje, wesela lub imprezy.<\/p>\n<h2>Kluczowe specyfikacje<\/h2>\n<div class=\"hyc-common-markdown__table-wrapper\">\n<table>\n<thead>\n<tr>\n<th>Parametr<\/th>\n<th>Szczeg\u00f3\u0142<\/th>\n<\/tr>\n<\/thead>\n<tbody>\n<tr>\n<td>Model<\/td>\n<td>PB-BF1801<\/td>\n<\/tr>\n<tr>\n<td>Pojemno\u015b\u0107<\/td>\n<td>25 ml<\/td>\n<\/tr>\n<tr>\n<td>Wymiary<\/td>\n<td>52x21x68mm<\/td>\n<\/tr>\n<tr>\n<td>Tworzywo<\/td>\n<td>Wysokiej jako\u015bci szk\u0142o kryszta\u0142owe<\/td>\n<\/tr>\n<tr>\n<td>Opcje czapki<\/td>\n<td>Czarny, przezroczysty, srebrny top<\/td>\n<\/tr>\n<tr>\n<td>Rodzaj uszczelnienia<\/td>\n<td>Spray Top<\/td>\n<\/tr>\n<tr>\n<td>Kszta\u0142t<\/td>\n<td>Prostok\u0105tny ze \u015bci\u0119tymi kraw\u0119dziami<\/td>\n<\/tr>\n<\/tbody>\n<\/table>\n<\/div>\n<h2>Wsp\u00f3\u0142praca z zaufanymi dostawcami<\/h2>\n<p>Jako profesjonalny producent butelek perfum jeste\u015bmy zaanga\u017cowani w \u015bwiadczenie pe\u0142nego zakresu us\u0142ug wsparcia dla hurtownik\u00f3w i marek:<\/p>\n<ul>\n<li><strong>Dostawa gotowa do magazynowania:<\/strong> Obs\u0142uga du\u017cych zam\u00f3wie\u0144 i szybka dostawa.<\/li>\n<li><strong>Personalizacja personalizowana:<\/strong> Mo\u017cliwo\u015b\u0107 dostosowania kszta\u0142tu butelki, koloru, metody uszczelniania i procesu lukrowania.<\/li>\n<li><strong>Obs\u0142uga opakowa\u0144:<\/strong> Mo\u017cemy r\u00f3wnie\u017c pom\u00f3c w projektowaniu opakowa\u0144! Z przyjemno\u015bci\u0105 stworzymy dla Ciebie unikalne rozwi\u0105zanie opakowaniowe.<\/li>\n<\/ul>\n<p>Chcesz spersonalizowa\u0107 unikalny flakon perfum? Zapraszamy do rozmowy z nami! Wybierz nas, aby Twoje perfumy by\u0142y bardziej stylowe.<\/p>","protected":false},"excerpt":{"rendered":"<p>Odkryj eleganckie mini buteleczki zapachowe o pojemno\u015bci 25 ml ze srebrnym wieczkiem - wysokiej jako\u015bci szklane opakowania na perfumy dla marek. Dost\u0119pne zam\u00f3wienia hurtowe i niestandardowe projekty.<\/p>","protected":false},"featured_media":2625,"comment_status":"open","ping_status":"closed","template":"","meta":{"_acf_changed":false,"site-sidebar-layout":"default","site-content-layout":"","ast-site-content-layout":"default","site-content-style":"default","site-sidebar-style":"default","ast-global-header-display":"","ast-banner-title-visibility":"","ast-main-header-display":"","ast-hfb-above-header-display":"","ast-hfb-below-header-display":"","ast-hfb-mobile-header-display":"","site-post-title":"","ast-breadcrumbs-content":"","ast-featured-img":"","footer-sml-layout":"","ast-disable-related-posts":"","theme-transparent-header-meta":"default","adv-header-id-meta":"","stick-header-meta":"","header-above-stick-meta":"","header-main-stick-meta":"","header-below-stick-meta":"","astra-migrate-meta-layouts":"set","ast-page-background-enabled":"default","ast-page-background-meta":{"desktop":{"background-color":"var(--ast-global-color-5)","background-image":"","background-repeat":"repeat","background-position":"center center","background-size":"auto","background-attachment":"scroll","background-type":"","background-media":"","overlay-type":"","overlay-color":"","overlay-opacity":"","overlay-gradient":""},"tablet":{"background-color":"","background-image":"","background-repeat":"repeat","background-position":"center center","background-size":"auto","background-attachment":"scroll","background-type":"","background-media":"","overlay-type":"","overlay-color":"","overlay-opacity":"","overlay-gradient":""},"mobile":{"background-color":"","background-image":"","background-repeat":"repeat","background-position":"center center","background-size":"auto","background-attachment":"scroll","background-type":"","background-media":"","overlay-type":"","overlay-color":"","overlay-opacity":"","overlay-gradient":""}},"ast-content-background-meta":{"desktop":{"background-color":"var(--ast-global-color-4)","background-image":"","background-repeat":"repeat","background-position":"center center","background-size":"auto","background-attachment":"scroll","background-type":"","background-media":"","overlay-type":"","overlay-color":"","overlay-opacity":"","overlay-gradient":""},"tablet":{"background-color":"var(--ast-global-color-4)","background-image":"","background-repeat":"repeat","background-position":"center center","background-size":"auto","background-attachment":"scroll","background-type":"","background-media":"","overlay-type":"","overlay-color":"","overlay-opacity":"","overlay-gradient":""},"mobile":{"background-color":"var(--ast-global-color-4)","background-image":"","background-repeat":"repeat","background-position":"center center","background-size":"auto","background-attachment":"scroll","background-type":"","background-media":"","overlay-type":"","overlay-color":"","overlay-opacity":"","overlay-gradient":""}}},"product_brand":[],"product_cat":[41,72,74],"product_tag":[84],"class_list":{"0":"post-2622","1":"product","2":"type-product","3":"status-publish","4":"has-post-thumbnail","6":"product_cat-perfume-bottles","7":"product_cat-cosmetic-packaging","8":"product_cat-mini-perfume-bottles","9":"product_tag-fragrance-bottles","10":"desktop-align-left","11":"tablet-align-left","12":"mobile-align-left","14":"first","15":"instock","16":"shipping-taxable","17":"product-type-simple"},"acf":[],"jetpack_sharing_enabled":true,"_links":{"self":[{"href":"https:\/\/theperfumebottles.com\/pl\/wp-json\/wp\/v2\/product\/2622","targetHints":{"allow":["GET"]}}],"collection":[{"href":"https:\/\/theperfumebottles.com\/pl\/wp-json\/wp\/v2\/product"}],"about":[{"href":"https:\/\/theperfumebottles.com\/pl\/wp-json\/wp\/v2\/types\/product"}],"replies":[{"embeddable":true,"href":"https:\/\/theperfumebottles.com\/pl\/wp-json\/wp\/v2\/comments?post=2622"}],"wp:featuredmedia":[{"embeddable":true,"href":"https:\/\/theperfumebottles.com\/pl\/wp-json\/wp\/v2\/media\/2625"}],"wp:attachment":[{"href":"https:\/\/theperfumebottles.com\/pl\/wp-json\/wp\/v2\/media?parent=2622"}],"wp:term":[{"taxonomy":"product_brand","embeddable":true,"href":"https:\/\/theperfumebottles.com\/pl\/wp-json\/wp\/v2\/product_brand?post=2622"},{"taxonomy":"product_cat","embeddable":true,"href":"https:\/\/theperfumebottles.com\/pl\/wp-json\/wp\/v2\/product_cat?post=2622"},{"taxonomy":"product_tag","embeddable":true,"href":"https:\/\/theperfumebottles.com\/pl\/wp-json\/wp\/v2\/product_tag?post=2622"}],"curies":[{"name":"wp","href":"https:\/\/api.w.org\/{rel}","templated":true}]}}