{"id":2696,"date":"2025-03-14T09:32:49","date_gmt":"2025-03-14T09:32:49","guid":{"rendered":"https:\/\/theperfumebottles.com\/?post_type=product&#038;p=2696"},"modified":"2025-05-27T10:50:16","modified_gmt":"2025-05-27T02:50:16","slug":"50ml-100ml-empty-perfume-spray-bottles","status":"publish","type":"product","link":"https:\/\/theperfumebottles.com\/pl\/produkt\/50ml-100ml-empty-perfume-spray-bottles\/","title":{"rendered":"50 ml 100 ml puste butelki z rozpylaczem perfum"},"content":{"rendered":"<p>Te puste butelki spray z perfumem s\u0105 specjalnie zaprojektowane dla marek d\u0105\u017c\u0105cych do wysokiej jako\u015bci. Zrobione z wysokiej jako\u015bci kryszta\u0142owego szk\u0142a, butelka ma lekko zaokr\u0105glony prostok\u0105tny design z czystymi liniami. Og\u00f3lny wygl\u0105d jest prosty i obfity, i emanuje elegancj\u0105 i wysokim poziomem w spokojny spos\u00f3b. Przezroczysta butelka mo\u017ce idealnie pokaza\u0107 urok \u0446\u0432\u0435\u0442\u0430 perfum lub konii, nadaj\u0105c ka\u017cdej kropli zapachu pe\u0142ne przyci\u0105ganie wzroku. Z niebiesk\u0105 nakr\u0119tk\u0105 metalow\u0105 lub matow\u0105 czarn\u0105, nie tylko jest uniwersalny pod wzgl\u0119dem stylu, ale r\u00f3wnie\u017c ma unikalny charakter. Grubsza podstawka z szk\u0142a jest stabilna i solidna, i wydaje si\u0119 spokojna i luksusowa w r\u0119ku, co jest bardzo odpowiednie dla serii ekskluzywnych perfum.<\/p>\n<h2>Idealny wyb\u00f3r do tworzenia ekskluzywnych perfum<\/h2>\n<p>Niezale\u017cnie od tego, czy tworzysz now\u0105 mark\u0119, czy uruchamiasz ograniczon\u0105 seri\u0119 zapach\u00f3w, te puste butelki s\u0105 idealnym partnerem pakowania. G\u0142adka powierzchnia butelki wspiera r\u00f3\u017cne metody personalizacji, takie jak drukowanie, grawerowanie lub etykietowanie, pomagaj\u0105c Ci \u0142atwo zaprezentowa\u0107 osobowo\u015b\u0107 marki.<\/p>\n<h2>Kluczowe specyfikacje: Precyzja i jako\u015b\u0107<\/h2>\n<div class=\"hyc-common-markdown__table-wrapper\">\n<table>\n<thead>\n<tr>\n<th>\u200b<strong>Specyfikacja<\/strong><\/th>\n<th>\u200b<strong>Bli\u017csze dane<\/strong><\/th>\n<\/tr>\n<\/thead>\n<tbody>\n<tr>\n<td>\u200b<strong>Modele<\/strong><\/td>\n<td>PB-BF1802 (50ml), PB-BF1803 (100ml)<\/td>\n<\/tr>\n<tr>\n<td>\u200b<strong>Wymiary<\/strong><\/td>\n<td>70 * 27 * 84 mm (50 ml), 95 * 30 * 109 mm (100 ml)<\/td>\n<\/tr>\n<tr>\n<td>\u200b<strong>Opcje czapki<\/strong><\/td>\n<td>Niebieska metalowa nasadka, matowa czarna nasadka PE<\/td>\n<\/tr>\n<tr>\n<td>\u200b<strong>Kszta\u0142t<\/strong><\/td>\n<td>Prostok\u0105tny z lekko \u015bci\u0119tymi kraw\u0119dziami<\/td>\n<\/tr>\n<tr>\n<td>\u200b<strong>Tworzywo<\/strong><\/td>\n<td>Wysokiej jako\u015bci szk\u0142o kryszta\u0142owe<\/td>\n<\/tr>\n<tr>\n<td>\u200b<strong>Rodzaj uszczelnienia<\/strong><\/td>\n<td>Spray top<\/td>\n<\/tr>\n<\/tbody>\n<\/table>\n<\/div>\n<h2>Podnie\u015b swoj\u0105 mark\u0119 dzi\u0119ki opakowaniom premium<\/h2>\n<p>Chcesz wstrzykn\u0105\u0107 wi\u0119cej stylu do swojej serii perfum? Oferujemy dwie pojemno\u015bci 50 ml i 100 ml, a kolor nakr\u0119tki butelki mo\u017cna swobodnie wybra\u0107 zgodnie z stylem marki. Wsparcie zam\u00f3wie\u0144 hurtowych, stabilne dostawy i pomoc w rozwoju marki.<\/p>\n<p>Zapraszamy do kontaktu z naszym zak\u0142adem w celu stworzenia w\u0142asnego ekskluzywnego pakowania na perfumy razem \u2013 zaczynaj\u0105c od butelki, czyni\u0105c mark\u0119 cieplejsz\u0105.<\/p>","protected":false},"excerpt":{"rendered":"<p>Nasze puste butelki na perfumy w sprayu zosta\u0142y zaprojektowane tak, aby nada\u0107 opakowaniom zapach\u00f3w nowoczesn\u0105 i wyrafinowan\u0105 estetyk\u0119.<\/p>","protected":false},"featured_media":2697,"comment_status":"open","ping_status":"closed","template":"","meta":{"_acf_changed":false,"site-sidebar-layout":"default","site-content-layout":"","ast-site-content-layout":"default","site-content-style":"default","site-sidebar-style":"default","ast-global-header-display":"","ast-banner-title-visibility":"","ast-main-header-display":"","ast-hfb-above-header-display":"","ast-hfb-below-header-display":"","ast-hfb-mobile-header-display":"","site-post-title":"","ast-breadcrumbs-content":"","ast-featured-img":"","footer-sml-layout":"","ast-disable-related-posts":"","theme-transparent-header-meta":"default","adv-header-id-meta":"","stick-header-meta":"","header-above-stick-meta":"","header-main-stick-meta":"","header-below-stick-meta":"","astra-migrate-meta-layouts":"set","ast-page-background-enabled":"default","ast-page-background-meta":{"desktop":{"background-color":"var(--ast-global-color-5)","background-image":"","background-repeat":"repeat","background-position":"center center","background-size":"auto","background-attachment":"scroll","background-type":"","background-media":"","overlay-type":"","overlay-color":"","overlay-opacity":"","overlay-gradient":""},"tablet":{"background-color":"","background-image":"","background-repeat":"repeat","background-position":"center center","background-size":"auto","background-attachment":"scroll","background-type":"","background-media":"","overlay-type":"","overlay-color":"","overlay-opacity":"","overlay-gradient":""},"mobile":{"background-color":"","background-image":"","background-repeat":"repeat","background-position":"center center","background-size":"auto","background-attachment":"scroll","background-type":"","background-media":"","overlay-type":"","overlay-color":"","overlay-opacity":"","overlay-gradient":""}},"ast-content-background-meta":{"desktop":{"background-color":"var(--ast-global-color-4)","background-image":"","background-repeat":"repeat","background-position":"center center","background-size":"auto","background-attachment":"scroll","background-type":"","background-media":"","overlay-type":"","overlay-color":"","overlay-opacity":"","overlay-gradient":""},"tablet":{"background-color":"var(--ast-global-color-4)","background-image":"","background-repeat":"repeat","background-position":"center center","background-size":"auto","background-attachment":"scroll","background-type":"","background-media":"","overlay-type":"","overlay-color":"","overlay-opacity":"","overlay-gradient":""},"mobile":{"background-color":"var(--ast-global-color-4)","background-image":"","background-repeat":"repeat","background-position":"center center","background-size":"auto","background-attachment":"scroll","background-type":"","background-media":"","overlay-type":"","overlay-color":"","overlay-opacity":"","overlay-gradient":""}}},"product_brand":[],"product_cat":[72,41],"product_tag":[],"class_list":{"0":"post-2696","1":"product","2":"type-product","3":"status-publish","4":"has-post-thumbnail","6":"product_cat-cosmetic-packaging","7":"product_cat-perfume-bottles","8":"desktop-align-left","9":"tablet-align-left","10":"mobile-align-left","12":"first","13":"instock","14":"shipping-taxable","15":"product-type-simple"},"acf":[],"jetpack_sharing_enabled":true,"_links":{"self":[{"href":"https:\/\/theperfumebottles.com\/pl\/wp-json\/wp\/v2\/product\/2696","targetHints":{"allow":["GET"]}}],"collection":[{"href":"https:\/\/theperfumebottles.com\/pl\/wp-json\/wp\/v2\/product"}],"about":[{"href":"https:\/\/theperfumebottles.com\/pl\/wp-json\/wp\/v2\/types\/product"}],"replies":[{"embeddable":true,"href":"https:\/\/theperfumebottles.com\/pl\/wp-json\/wp\/v2\/comments?post=2696"}],"wp:featuredmedia":[{"embeddable":true,"href":"https:\/\/theperfumebottles.com\/pl\/wp-json\/wp\/v2\/media\/2697"}],"wp:attachment":[{"href":"https:\/\/theperfumebottles.com\/pl\/wp-json\/wp\/v2\/media?parent=2696"}],"wp:term":[{"taxonomy":"product_brand","embeddable":true,"href":"https:\/\/theperfumebottles.com\/pl\/wp-json\/wp\/v2\/product_brand?post=2696"},{"taxonomy":"product_cat","embeddable":true,"href":"https:\/\/theperfumebottles.com\/pl\/wp-json\/wp\/v2\/product_cat?post=2696"},{"taxonomy":"product_tag","embeddable":true,"href":"https:\/\/theperfumebottles.com\/pl\/wp-json\/wp\/v2\/product_tag?post=2696"}],"curies":[{"name":"wp","href":"https:\/\/api.w.org\/{rel}","templated":true}]}}