{"id":2729,"date":"2025-03-17T06:08:29","date_gmt":"2025-03-17T06:08:29","guid":{"rendered":"https:\/\/theperfumebottles.com\/?post_type=product&#038;p=2729"},"modified":"2025-05-30T10:04:54","modified_gmt":"2025-05-30T02:04:54","slug":"little-perfume-bottles-empty-mini-containers-wholesale","status":"publish","type":"product","link":"https:\/\/theperfumebottles.com\/pl\/produkt\/little-perfume-bottles-empty-mini-containers-wholesale\/","title":{"rendered":"Ma\u0142e buteleczki perfum 25 ml \u2013 hurtowa sprzeda\u017c pustych mini pojemnik\u00f3w"},"content":{"rendered":"<p>Ten 25-mililitrowy mini flakon perfum zosta\u0142 zaprojektowany z my\u015bl\u0105 o markach stawiaj\u0105cych na jako\u015b\u0107. Jest zar\u00f3wno modny, jak i praktyczny, emanuj\u0105c lekk\u0105, luksusow\u0105 faktur\u0105 w prostocie. Ten 25-mililitrowy mini flakon perfum jest dost\u0119pny z nakr\u0119tkami w trzech kolorach: szampa\u0144skim z\u0142otym, lustrzanym srebrnym i matowo czarnym, pasuj\u0105cymi do r\u00f3\u017cnych styl\u00f3w marki. Przezroczysty korpus flakonu wyra\u017anie uwydatnia kolor perfum, a innowacyjna konstrukcja dyszy sprawia, \u017ce \u200b\u200brozpylanie jest delikatne i r\u00f3wnomierne, a do tego \u0142atwe w obs\u0142udze jedn\u0105 r\u0119k\u0105. Nowoczesny, lekki i luksusowy design oraz wyrafinowane detale idealnie nadaj\u0105 si\u0119 do personalizacji i zakup\u00f3w hurtowych.<\/p>\n<h2>Wszechstronne zastosowania: od pr\u00f3bek po luksusowe kolekcje<\/h2>\n<p>Ten miniaturowy flakon perfum to jak osobisty kamerdyner w Twojej kieszeni \u2013 niezale\u017cnie od tego, czy chodzi o perfumy podr\u00f3\u017cne, limitowan\u0105 edycj\u0119 wody kolo\u0144skiej, czy luksusowy zestaw perfum, sprawdzi si\u0119 idealnie. Mie\u015bci si\u0119 w d\u0142oni (41 x 25 x 77 mm), dzi\u0119ki czemu z \u0142atwo\u015bci\u0105 pomie\u015bci delikatny zapach kobiety lub spokojny oddech m\u0119\u017cczyzny. Idealnie sprawdzi si\u0119 jako dodatek do \u015blubnego pude\u0142ka prezentowego lub firmowego zestawu.<\/p>\n<h2>Kluczowe specyfikacje<\/h2>\n<div class=\"hyc-common-markdown__table-wrapper\">\n<table>\n<thead>\n<tr>\n<th>Parametr<\/th>\n<th>Szczeg\u00f3\u0142<\/th>\n<\/tr>\n<\/thead>\n<tbody>\n<tr>\n<td>Model<\/td>\n<td>PB-BF1901<\/td>\n<\/tr>\n<tr>\n<td>Pojemno\u015b\u0107<\/td>\n<td>25 ml<\/td>\n<\/tr>\n<tr>\n<td>Wymiary<\/td>\n<td>41 mm x 25 mm x 77 mm<\/td>\n<\/tr>\n<tr>\n<td>Kolory czapek<\/td>\n<td>Polerowane z\u0142oto, srebro, matowa czer\u0144<\/td>\n<\/tr>\n<tr>\n<td>Tworzywo<\/td>\n<td>Wysokiej jako\u015bci szk\u0142o kryszta\u0142owe<\/td>\n<\/tr>\n<tr>\n<td>Rodzaj zamkni\u0119cia<\/td>\n<td>Spray Top<\/td>\n<\/tr>\n<tr>\n<td>Opcje niestandardowe<\/td>\n<td>Grawerowanie, Etykiety, Wyko\u0144czenie matowe<\/td>\n<\/tr>\n<\/tbody>\n<\/table>\n<\/div>\n<h2>Pe\u0142ne rozwi\u0105zania dla Twojej marki<\/h2>\n<p>Jako zaufany producent flakon\u00f3w do perfum, oferujemy elastyczno\u015b\u0107 w realizacji zam\u00f3wie\u0144 hurtowych i szybk\u0105 dostaw\u0119 produkt\u00f3w z magazynu. Niezale\u017cnie od tego, czy potrzebujesz hurtowych pustych flakon\u00f3w do perfum, czy niestandardowych opakowa\u0144 na perfumy, nasza fabryka zapewnia kompleksowe rozwi\u0105zania \u2013 od kszta\u0142t\u00f3w i kolor\u00f3w po zamkni\u0119cia i akcesoria.<\/p>\n<h2>Podejmij dzia\u0142ania ju\u017c dzi\u015b:<\/h2>\n<ul>\n<li>Zam\u00f3w bezp\u0142atne pr\u00f3bki<\/li>\n<li>Poznaj opcje wyko\u0144czenia niestandardowego<\/li>\n<li>Kupuj hurtowe ilo\u015bci w markowych opakowaniach<\/li>\n<\/ul>\n<p>Ulepsz swoj\u0105 lini\u0119 zapach\u00f3w dzi\u0119ki buteleczce premium, kt\u00f3ra odzwierciedli wyrafinowanie Twojej marki. Skontaktuj si\u0119 z nami ju\u017c teraz, aby stworzy\u0107 ponadczasow\u0105 kolekcj\u0119 flakon\u00f3w z atomizerem!<\/p>","protected":false},"excerpt":{"rendered":"<p>Stworzone dla wymagaj\u0105cych marek, te ma\u0142e buteleczki perfum o pojemno\u015bci 25 ml \u0142\u0105cz\u0105 w sobie elegancki design z najwy\u017csz\u0105 funkcjonalno\u015bci\u0105.<\/p>","protected":false},"featured_media":2733,"comment_status":"open","ping_status":"closed","template":"","meta":{"_acf_changed":false,"site-sidebar-layout":"default","site-content-layout":"","ast-site-content-layout":"default","site-content-style":"default","site-sidebar-style":"default","ast-global-header-display":"","ast-banner-title-visibility":"","ast-main-header-display":"","ast-hfb-above-header-display":"","ast-hfb-below-header-display":"","ast-hfb-mobile-header-display":"","site-post-title":"","ast-breadcrumbs-content":"","ast-featured-img":"","footer-sml-layout":"","ast-disable-related-posts":"","theme-transparent-header-meta":"default","adv-header-id-meta":"","stick-header-meta":"","header-above-stick-meta":"","header-main-stick-meta":"","header-below-stick-meta":"","astra-migrate-meta-layouts":"set","ast-page-background-enabled":"default","ast-page-background-meta":{"desktop":{"background-color":"var(--ast-global-color-5)","background-image":"","background-repeat":"repeat","background-position":"center center","background-size":"auto","background-attachment":"scroll","background-type":"","background-media":"","overlay-type":"","overlay-color":"","overlay-opacity":"","overlay-gradient":""},"tablet":{"background-color":"","background-image":"","background-repeat":"repeat","background-position":"center center","background-size":"auto","background-attachment":"scroll","background-type":"","background-media":"","overlay-type":"","overlay-color":"","overlay-opacity":"","overlay-gradient":""},"mobile":{"background-color":"","background-image":"","background-repeat":"repeat","background-position":"center center","background-size":"auto","background-attachment":"scroll","background-type":"","background-media":"","overlay-type":"","overlay-color":"","overlay-opacity":"","overlay-gradient":""}},"ast-content-background-meta":{"desktop":{"background-color":"var(--ast-global-color-4)","background-image":"","background-repeat":"repeat","background-position":"center center","background-size":"auto","background-attachment":"scroll","background-type":"","background-media":"","overlay-type":"","overlay-color":"","overlay-opacity":"","overlay-gradient":""},"tablet":{"background-color":"var(--ast-global-color-4)","background-image":"","background-repeat":"repeat","background-position":"center center","background-size":"auto","background-attachment":"scroll","background-type":"","background-media":"","overlay-type":"","overlay-color":"","overlay-opacity":"","overlay-gradient":""},"mobile":{"background-color":"var(--ast-global-color-4)","background-image":"","background-repeat":"repeat","background-position":"center center","background-size":"auto","background-attachment":"scroll","background-type":"","background-media":"","overlay-type":"","overlay-color":"","overlay-opacity":"","overlay-gradient":""}}},"product_brand":[],"product_cat":[72,74,41],"product_tag":[],"class_list":{"0":"post-2729","1":"product","2":"type-product","3":"status-publish","4":"has-post-thumbnail","6":"product_cat-cosmetic-packaging","7":"product_cat-mini-perfume-bottles","8":"product_cat-perfume-bottles","9":"desktop-align-left","10":"tablet-align-left","11":"mobile-align-left","13":"first","14":"instock","15":"shipping-taxable","16":"product-type-simple"},"acf":[],"jetpack_sharing_enabled":true,"_links":{"self":[{"href":"https:\/\/theperfumebottles.com\/pl\/wp-json\/wp\/v2\/product\/2729","targetHints":{"allow":["GET"]}}],"collection":[{"href":"https:\/\/theperfumebottles.com\/pl\/wp-json\/wp\/v2\/product"}],"about":[{"href":"https:\/\/theperfumebottles.com\/pl\/wp-json\/wp\/v2\/types\/product"}],"replies":[{"embeddable":true,"href":"https:\/\/theperfumebottles.com\/pl\/wp-json\/wp\/v2\/comments?post=2729"}],"wp:featuredmedia":[{"embeddable":true,"href":"https:\/\/theperfumebottles.com\/pl\/wp-json\/wp\/v2\/media\/2733"}],"wp:attachment":[{"href":"https:\/\/theperfumebottles.com\/pl\/wp-json\/wp\/v2\/media?parent=2729"}],"wp:term":[{"taxonomy":"product_brand","embeddable":true,"href":"https:\/\/theperfumebottles.com\/pl\/wp-json\/wp\/v2\/product_brand?post=2729"},{"taxonomy":"product_cat","embeddable":true,"href":"https:\/\/theperfumebottles.com\/pl\/wp-json\/wp\/v2\/product_cat?post=2729"},{"taxonomy":"product_tag","embeddable":true,"href":"https:\/\/theperfumebottles.com\/pl\/wp-json\/wp\/v2\/product_tag?post=2729"}],"curies":[{"name":"wp","href":"https:\/\/api.w.org\/{rel}","templated":true}]}}