{"id":2734,"date":"2025-03-17T06:43:29","date_gmt":"2025-03-17T06:43:29","guid":{"rendered":"https:\/\/theperfumebottles.com\/?post_type=product&#038;p=2734"},"modified":"2026-04-08T15:31:41","modified_gmt":"2026-04-08T07:31:41","slug":"best-perfume-bottles-glass-perfume-bottles-wholesale","status":"publish","type":"product","link":"https:\/\/theperfumebottles.com\/pl\/produkt\/best-perfume-bottles-glass-perfume-bottles-wholesale\/","title":{"rendered":"najlepsze Butelki Do Perfum o Pojemno\u015bci 50 ml, 100 ml - Szklane Butelki Perfum Hurt"},"content":{"rendered":"<h2>Nadaj swojej marce odrobin\u0119 luksusu<\/h2>\n<p>Dost\u0119pne w rozmiarach 50 ml i 100 ml, idealne do szklanych butelek pr\u00f3bnych, pe\u0142nych lub limitowanych, hurtowych. Zaokr\u0105glony, prostok\u0105tny flakon po\u0142\u0105czony jest z grubym kryszta\u0142owym szk\u0142em o transparentnym po\u0142ysku i luksusowym charakterze, idealnie komponuj\u0105c si\u0119 z m\u0119sk\u0105 i damsk\u0105 seri\u0105 zapach\u00f3w, buduj\u0105c sp\u00f3jn\u0105 wizj\u0119 marki. Nakr\u0119tka dost\u0119pna jest w kolorze polerowanego z\u0142ota, srebra i matowej czerni, kt\u00f3re idealnie dopasowuj\u0105 si\u0119 do kolorystyki marki. Przezroczysta butelka wyra\u017anie ukazuje kolor perfum, a rozpylacz jest precyzyjny i jednolity, a jego dzia\u0142anie p\u0142ynne, co poprawia komfort u\u017cytkowania.<\/p>\n<h2>Wszechstronne zastosowania: od pr\u00f3bek po zapachy firmowe<\/h2>\n<p>Te najlepsze flakony perfum idealnie nadaj\u0105 si\u0119 do kolekcji flakon\u00f3w o pojemno\u015bci 3,4 uncji (ok. 95 ml), podr\u00f3\u017cnych fiolek na perfumy lub limitowanych edycji. Ich elegancki design pasuje do niszowych linii zapachowych, ekspozycji sklepowych lub spersonalizowanych zestaw\u00f3w prezentowych. Niezale\u017cnie od tego, czy chodzi o wod\u0119 kolo\u0144sk\u0105, czy perfumy, zapewniaj\u0105 luksusowy wygl\u0105d w wielu zastosowaniach.<\/p>\n<h2>Kluczowe specyfikacje: Butelki na perfumy ze szk\u0142a premium<\/h2>\n<div class=\"hyc-common-markdown__table-wrapper\">\n<table>\n<thead>\n<tr>\n<th>Model<\/th>\n<th>Pojemno\u015b\u0107<\/th>\n<th>Wymiary (mm)<\/th>\n<th>Kolory czapek<\/th>\n<th>Tworzywo<\/th>\n<th>Zamkni\u0119cie<\/th>\n<\/tr>\n<\/thead>\n<tbody>\n<tr>\n<td>PB-BF1902<\/td>\n<td>50 ml<\/td>\n<td>53x31x73<\/td>\n<td>Z\u0142oto, srebro, matowa czer\u0144<\/td>\n<td>Wysokiej jako\u015bci szk\u0142o kryszta\u0142owe<\/td>\n<td>Spray Top<\/td>\n<\/tr>\n<tr>\n<td>PB-BF1903<\/td>\n<td>50 ml<\/td>\n<td>43x30x88<\/td>\n<td>Z\u0142oto, srebro, matowa czer\u0144<\/td>\n<td>Wysokiej jako\u015bci szk\u0142o kryszta\u0142owe<\/td>\n<td>Spray Top<\/td>\n<\/tr>\n<tr>\n<td>PB-BF1904<\/td>\n<td>100 ml<\/td>\n<td>57x38x107<\/td>\n<td>Z\u0142oto, srebro, matowa czer\u0144<\/td>\n<td>Wysokiej jako\u015bci szk\u0142o kryszta\u0142owe<\/td>\n<td>Spray Top<\/td>\n<\/tr>\n<\/tbody>\n<\/table>\n<\/div>\n<h2>Historia sukcesu: zam\u00f3wienie indywidualne od niszowej marki perfum z Nowego Jorku<\/h2>\n<p>Niszowa nowojorska marka perfum wybra\u0142a nasz\u0105 us\u0142ug\u0119 hurtowego zakupu szklanych butelek perfum, aby stworzy\u0107 spersonalizowane produkty z wykorzystaniem przydymionych, szarych szklanych flakon\u00f3w. Spersonalizowane butelki przynios\u0142y niezwyk\u0142e rezultaty: 40% pozytywnych opinii klient\u00f3w podkre\u015bla\u0142o ich solidny wygl\u0105d i minimalistyczny design. Ich fotogeniczny wygl\u0105d doprowadzi\u0142 do 300% wzrostu zaanga\u017cowania influencer\u00f3w w mediach spo\u0142eczno\u015bciowych. Firma zdecydowa\u0142a si\u0119 na zakup 650 000 dodatkowych butelek, poniewa\u017c jej pierwsza linia produkt\u00f3w odnios\u0142a sukces dzi\u0119ki skoncentrowanym zapachom i limitowanym edycjom we wsp\u00f3\u0142pracy z artystami.<\/p>\n<h2><strong>Dzia\u0142aj ju\u017c teraz, aby wypromowa\u0107 swoj\u0105 mark\u0119:<\/strong><\/h2>\n<ul>\n<li>Zam\u00f3w bezp\u0142atne pr\u00f3bki naszych najlepszych flakon\u00f3w perfum<\/li>\n<li>Poznaj niestandardowe opcje grawerowania i wyko\u0144czenia<\/li>\n<li>Kupuj hurtowe ilo\u015bci w markowych opakowaniach<\/li>\n<\/ul>\n<p>Odmie\u0144 swoj\u0105 lini\u0119 zapach\u00f3w dzi\u0119ki luksusowym szklanym buteleczkom do perfum \u2013 gdzie design spotyka si\u0119 z kunsztem. Skontaktuj si\u0119 z nami ju\u017c dzi\u015b, aby stworzy\u0107 ponadczasow\u0105 kolekcj\u0119!<\/p>","protected":false},"excerpt":{"rendered":"<p>Hurtowa sprzeda\u017c wysokiej jako\u015bci szklanych flakon\u00f3w na perfumy dla luksusowych marek. Personalizowane flakony na perfumy o pojemno\u015bci 50 ml i 100 ml z polerowanymi z\u0142otymi\/srebrnymi\/matowo-czarnymi nakr\u0119tkami.<\/p>","protected":false},"featured_media":2736,"comment_status":"open","ping_status":"closed","template":"","meta":{"_acf_changed":false,"site-sidebar-layout":"default","site-content-layout":"","ast-site-content-layout":"default","site-content-style":"default","site-sidebar-style":"default","ast-global-header-display":"","ast-banner-title-visibility":"","ast-main-header-display":"","ast-hfb-above-header-display":"","ast-hfb-below-header-display":"","ast-hfb-mobile-header-display":"","site-post-title":"","ast-breadcrumbs-content":"","ast-featured-img":"","footer-sml-layout":"","ast-disable-related-posts":"","theme-transparent-header-meta":"default","adv-header-id-meta":"","stick-header-meta":"","header-above-stick-meta":"","header-main-stick-meta":"","header-below-stick-meta":"","astra-migrate-meta-layouts":"set","ast-page-background-enabled":"default","ast-page-background-meta":{"desktop":{"background-color":"var(--ast-global-color-5)","background-image":"","background-repeat":"repeat","background-position":"center center","background-size":"auto","background-attachment":"scroll","background-type":"","background-media":"","overlay-type":"","overlay-color":"","overlay-opacity":"","overlay-gradient":""},"tablet":{"background-color":"","background-image":"","background-repeat":"repeat","background-position":"center center","background-size":"auto","background-attachment":"scroll","background-type":"","background-media":"","overlay-type":"","overlay-color":"","overlay-opacity":"","overlay-gradient":""},"mobile":{"background-color":"","background-image":"","background-repeat":"repeat","background-position":"center center","background-size":"auto","background-attachment":"scroll","background-type":"","background-media":"","overlay-type":"","overlay-color":"","overlay-opacity":"","overlay-gradient":""}},"ast-content-background-meta":{"desktop":{"background-color":"var(--ast-global-color-4)","background-image":"","background-repeat":"repeat","background-position":"center center","background-size":"auto","background-attachment":"scroll","background-type":"","background-media":"","overlay-type":"","overlay-color":"","overlay-opacity":"","overlay-gradient":""},"tablet":{"background-color":"var(--ast-global-color-4)","background-image":"","background-repeat":"repeat","background-position":"center center","background-size":"auto","background-attachment":"scroll","background-type":"","background-media":"","overlay-type":"","overlay-color":"","overlay-opacity":"","overlay-gradient":""},"mobile":{"background-color":"var(--ast-global-color-4)","background-image":"","background-repeat":"repeat","background-position":"center center","background-size":"auto","background-attachment":"scroll","background-type":"","background-media":"","overlay-type":"","overlay-color":"","overlay-opacity":"","overlay-gradient":""}}},"product_brand":[],"product_cat":[91,72,41],"product_tag":[],"class_list":{"0":"post-2734","1":"product","2":"type-product","3":"status-publish","4":"has-post-thumbnail","6":"product_cat-custom-perfume-bottles","7":"product_cat-cosmetic-packaging","8":"product_cat-perfume-bottles","9":"desktop-align-left","10":"tablet-align-left","11":"mobile-align-left","13":"first","14":"instock","15":"shipping-taxable","16":"product-type-simple"},"acf":[],"jetpack_sharing_enabled":true,"_links":{"self":[{"href":"https:\/\/theperfumebottles.com\/pl\/wp-json\/wp\/v2\/product\/2734","targetHints":{"allow":["GET"]}}],"collection":[{"href":"https:\/\/theperfumebottles.com\/pl\/wp-json\/wp\/v2\/product"}],"about":[{"href":"https:\/\/theperfumebottles.com\/pl\/wp-json\/wp\/v2\/types\/product"}],"replies":[{"embeddable":true,"href":"https:\/\/theperfumebottles.com\/pl\/wp-json\/wp\/v2\/comments?post=2734"}],"wp:featuredmedia":[{"embeddable":true,"href":"https:\/\/theperfumebottles.com\/pl\/wp-json\/wp\/v2\/media\/2736"}],"wp:attachment":[{"href":"https:\/\/theperfumebottles.com\/pl\/wp-json\/wp\/v2\/media?parent=2734"}],"wp:term":[{"taxonomy":"product_brand","embeddable":true,"href":"https:\/\/theperfumebottles.com\/pl\/wp-json\/wp\/v2\/product_brand?post=2734"},{"taxonomy":"product_cat","embeddable":true,"href":"https:\/\/theperfumebottles.com\/pl\/wp-json\/wp\/v2\/product_cat?post=2734"},{"taxonomy":"product_tag","embeddable":true,"href":"https:\/\/theperfumebottles.com\/pl\/wp-json\/wp\/v2\/product_tag?post=2734"}],"curies":[{"name":"wp","href":"https:\/\/api.w.org\/{rel}","templated":true}]}}