{"id":2743,"date":"2025-03-18T07:06:07","date_gmt":"2025-03-18T07:06:07","guid":{"rendered":"https:\/\/theperfumebottles.com\/?post_type=product&#038;p=2743"},"modified":"2025-03-18T07:30:54","modified_gmt":"2025-03-18T07:30:54","slug":"mens-cologne-black-square-bottle","status":"publish","type":"product","link":"https:\/\/theperfumebottles.com\/pl\/produkt\/mens-cologne-black-square-bottle\/","title":{"rendered":"30 ml 50 ml 100 ml M\u0119ski Perfumy Czarny Kwadratowy Flakon"},"content":{"rendered":"<p>Odkryj czarn\u0105 kwadratow\u0105 butelk\u0119 wody kolo\u0144skiej dla m\u0119\u017cczyzn zaprojektowan\u0105 z my\u015bl\u0105 o markach poszukuj\u0105cych najlepszych butelek wody kolo\u0144skiej, kt\u00f3re podnios\u0105 poziom ich linii zapachowych. Wykonane z precyzj\u0105, nasze czarne butelki perfum hurtowo \u0142\u0105cz\u0105 nowoczesny minimalizm z ponadczasowym wyrafinowaniem, idealne do luksusowych perfum i niszowych kolekcji.<\/p>\n<h2>Specyfikacja produktu w skr\u00f3cie<\/h2>\n<div class=\"hyc-common-markdown__table-wrapper\">\n<table>\n<thead>\n<tr>\n<th>Model<\/th>\n<th>Pojemno\u015b\u0107<\/th>\n<th>Wymiary (mm)<\/th>\n<th>Kolor szk\u0142a<\/th>\n<th>Kolor czapki<\/th>\n<th>Tworzywo<\/th>\n<\/tr>\n<\/thead>\n<tbody>\n<tr>\n<td>PB-BM0401<\/td>\n<td>30 ml<\/td>\n<td>42\u00d729\u00d777<\/td>\n<td>Czarny matowy<\/td>\n<td>Polerowany<\/td>\n<td>Szk\u0142o kryszta\u0142owe<\/td>\n<\/tr>\n<tr>\n<td>PB-BM0402<\/td>\n<td>50 ml<\/td>\n<td>51\u00d728\u00d792<\/td>\n<td>Czarny matowy<\/td>\n<td>Polerowany<\/td>\n<td>Szk\u0142o kryszta\u0142owe<\/td>\n<\/tr>\n<tr>\n<td>PB-BM0403<\/td>\n<td>100 ml<\/td>\n<td>53\u00d735\u00d7116<\/td>\n<td>Czarny matowy<\/td>\n<td>Polerowany<\/td>\n<td>Szk\u0142o kryszta\u0142owe<\/td>\n<\/tr>\n<\/tbody>\n<\/table>\n<\/div>\n<h2>Dopasowane rozwi\u0105zania dla sukcesu marki<\/h2>\n<p>Przekszta\u0142\u0107 te puste pojemniki na perfumy w markowe arcydzie\u0142a. Wybierz grawerowane logo, niestandardowe kolory lub ekskluzywne opcje wyko\u0144czenia (np. efekty antyczne lub p\u00f3\u0142przezroczyste). Idealne dla partner\u00f3w hurtowych, oferujemy konkurencyjne ceny przy zam\u00f3wieniach hurtowych z elastycznymi MOQ.<\/p>\n<h3>Wszechstronne zastosowania w r\u00f3\u017cnych liniach zapachowych<\/h3>\n<p>Niezale\u017cnie od tego, czy chodzi o m\u0119sk\u0105 wod\u0119 kolo\u0144sk\u0105, perfumy damskie czy zapachy unisex, ta kwadratowa szklana butelka perfum dostosowuje si\u0119 do ka\u017cdej kategorii zapach\u00f3w. Jego elegancki design pasuje:<\/p>\n<ul>\n<li>Luksusowe marki perfum niszowych<\/li>\n<li>Kolekcje limitowane<\/li>\n<li>Spersonalizowane zestawy upominkowe<\/li>\n<li>Ekspozytory detaliczne klasy premium<\/li>\n<\/ul>\n<h2>Dlaczego warto wybra\u0107 nasze czarne kwadratowe butelki wody kolo\u0144skiej?<\/h2>\n<p>Jako zaufany producent opakowa\u0144 na perfumy zapewniamy kompleksowe rozwi\u0105zania od projektu po dostaw\u0119. Nasze czarne butelki na perfumy s\u0105 zaprojektowane tak, aby:<\/p>\n<ol>\n<li>Zwi\u0119ksz postrzegan\u0105 warto\u015b\u0107 dzi\u0119ki luksusowej estetyce.<\/li>\n<li>Ochrona zapach\u00f3w dzi\u0119ki szk\u0142u odpornemu na promieniowanie UV.<\/li>\n<li>Usprawnij branding dzi\u0119ki niestandardowemu grawerowaniu i akcesoriom.<\/li>\n<\/ol>\n<h2>Podnie\u015b swoj\u0105 mark\u0119 dzi\u0119ki ponadczasowej elegancji<\/h2>\n<p>Wyr\u00f3\u017cnij si\u0119 na konkurencyjnym rynku zapach\u00f3w dzi\u0119ki naszej czarnej kwadratowej butelce wody kolo\u0144skiej dla m\u0119\u017cczyzn - czo\u0142owemu konkurentowi w\u015br\u00f3d najlepszych dost\u0119pnych butelek wody kolo\u0144skiej. Zoptymalizowany pod k\u0105tem hurtowej sprzeda\u017cy czarnych butelek perfum, ten projekt \u0142\u0105czy funkcjonalno\u015b\u0107 z atrakcyjno\u015bci\u0105 premium. Skontaktuj si\u0119 z naszym zespo\u0142em ju\u017c dzi\u015b, aby om\u00f3wi\u0107 niestandardowe zam\u00f3wienia lub rabaty na zakupy hurtowe!<\/p>\n<p>Gotowy do stworzenia niezapomnianego zapachu? Popro\u015b o wycen\u0119 hurtow\u0105 czarnych butelek perfum i odblokuj ekskluzywne opcje brandingu!<\/p>","protected":false},"excerpt":{"rendered":"<p>Odkryj \u200bm\u0119sk\u0105 konserw\u0119 czarnego kwadratowego butelki zaprojektowan\u0105 dla marek szukaj\u0105cych najlepszych butelek na konserw\u0119, aby podnie\u015b\u0107 ich linie zapachowe. Zaprojektowana [...]<\/p>","protected":false},"featured_media":2752,"comment_status":"open","ping_status":"closed","template":"","meta":{"_acf_changed":false,"site-sidebar-layout":"default","site-content-layout":"","ast-site-content-layout":"default","site-content-style":"default","site-sidebar-style":"default","ast-global-header-display":"","ast-banner-title-visibility":"","ast-main-header-display":"","ast-hfb-above-header-display":"","ast-hfb-below-header-display":"","ast-hfb-mobile-header-display":"","site-post-title":"","ast-breadcrumbs-content":"","ast-featured-img":"","footer-sml-layout":"","ast-disable-related-posts":"","theme-transparent-header-meta":"default","adv-header-id-meta":"","stick-header-meta":"","header-above-stick-meta":"","header-main-stick-meta":"","header-below-stick-meta":"","astra-migrate-meta-layouts":"set","ast-page-background-enabled":"default","ast-page-background-meta":{"desktop":{"background-color":"var(--ast-global-color-5)","background-image":"","background-repeat":"repeat","background-position":"center center","background-size":"auto","background-attachment":"scroll","background-type":"","background-media":"","overlay-type":"","overlay-color":"","overlay-opacity":"","overlay-gradient":""},"tablet":{"background-color":"","background-image":"","background-repeat":"repeat","background-position":"center center","background-size":"auto","background-attachment":"scroll","background-type":"","background-media":"","overlay-type":"","overlay-color":"","overlay-opacity":"","overlay-gradient":""},"mobile":{"background-color":"","background-image":"","background-repeat":"repeat","background-position":"center center","background-size":"auto","background-attachment":"scroll","background-type":"","background-media":"","overlay-type":"","overlay-color":"","overlay-opacity":"","overlay-gradient":""}},"ast-content-background-meta":{"desktop":{"background-color":"var(--ast-global-color-4)","background-image":"","background-repeat":"repeat","background-position":"center center","background-size":"auto","background-attachment":"scroll","background-type":"","background-media":"","overlay-type":"","overlay-color":"","overlay-opacity":"","overlay-gradient":""},"tablet":{"background-color":"var(--ast-global-color-4)","background-image":"","background-repeat":"repeat","background-position":"center center","background-size":"auto","background-attachment":"scroll","background-type":"","background-media":"","overlay-type":"","overlay-color":"","overlay-opacity":"","overlay-gradient":""},"mobile":{"background-color":"var(--ast-global-color-4)","background-image":"","background-repeat":"repeat","background-position":"center center","background-size":"auto","background-attachment":"scroll","background-type":"","background-media":"","overlay-type":"","overlay-color":"","overlay-opacity":"","overlay-gradient":""}}},"product_brand":[],"product_cat":[79,72,41],"product_tag":[],"class_list":{"0":"post-2743","1":"product","2":"type-product","3":"status-publish","4":"has-post-thumbnail","6":"product_cat-black-perfume-bottles","7":"product_cat-cosmetic-packaging","8":"product_cat-perfume-bottles","9":"desktop-align-left","10":"tablet-align-left","11":"mobile-align-left","13":"first","14":"instock","15":"shipping-taxable","16":"product-type-simple"},"acf":[],"jetpack_sharing_enabled":true,"_links":{"self":[{"href":"https:\/\/theperfumebottles.com\/pl\/wp-json\/wp\/v2\/product\/2743","targetHints":{"allow":["GET"]}}],"collection":[{"href":"https:\/\/theperfumebottles.com\/pl\/wp-json\/wp\/v2\/product"}],"about":[{"href":"https:\/\/theperfumebottles.com\/pl\/wp-json\/wp\/v2\/types\/product"}],"replies":[{"embeddable":true,"href":"https:\/\/theperfumebottles.com\/pl\/wp-json\/wp\/v2\/comments?post=2743"}],"wp:featuredmedia":[{"embeddable":true,"href":"https:\/\/theperfumebottles.com\/pl\/wp-json\/wp\/v2\/media\/2752"}],"wp:attachment":[{"href":"https:\/\/theperfumebottles.com\/pl\/wp-json\/wp\/v2\/media?parent=2743"}],"wp:term":[{"taxonomy":"product_brand","embeddable":true,"href":"https:\/\/theperfumebottles.com\/pl\/wp-json\/wp\/v2\/product_brand?post=2743"},{"taxonomy":"product_cat","embeddable":true,"href":"https:\/\/theperfumebottles.com\/pl\/wp-json\/wp\/v2\/product_cat?post=2743"},{"taxonomy":"product_tag","embeddable":true,"href":"https:\/\/theperfumebottles.com\/pl\/wp-json\/wp\/v2\/product_tag?post=2743"}],"curies":[{"name":"wp","href":"https:\/\/api.w.org\/{rel}","templated":true}]}}