{"id":2787,"date":"2025-03-19T09:25:42","date_gmt":"2025-03-19T09:25:42","guid":{"rendered":"https:\/\/theperfumebottles.com\/?post_type=product&#038;p=2787"},"modified":"2025-05-30T15:39:08","modified_gmt":"2025-05-30T07:39:08","slug":"luxury-mens-cologne-black-bottles","status":"publish","type":"product","link":"https:\/\/theperfumebottles.com\/pl\/produkt\/luxury-mens-cologne-black-bottles\/","title":{"rendered":"30 ml, 50 ml, 100 ml Luksusowe m\u0119skie wody kolo\u0144skie w czarnych butelkach"},"content":{"rendered":"<h2>Czarne butelki wody kolo\u0144skiej Premium: Ponadczasowa elegancja dla nowoczesnych marek<\/h2>\n<p>Ten flakon perfum z matowego czarnego szk\u0142a przypomina mro\u017an\u0105 noc, a linie butelki \u0142\u0105cz\u0105 si\u0119 z faktur\u0105 czasu, tworz\u0105c tajemniczy pojemnik na m\u0119sk\u0105 wod\u0119 kolo\u0144sk\u0105. P\u00f3\u0142przezroczysty, g\u0142\u0119boki kolor sprawia, \u017ce zapach unosi si\u0119 w powietrzu, podobnie jak czysty czarny garnitur w garderobie d\u017centelmena, kt\u00f3ry nigdy nie blaknie, z niskim profilem i ukryt\u0105 kraw\u0119dzi\u0105. Niezale\u017cnie od tego, czy jest to zimny drzewny ton, czy ciep\u0142y orientalny zapach, mo\u017ce prze\u0142ama\u0107 granice p\u0142ci i znale\u017a\u0107 rezonans duszy w g\u0142\u0119bi matowej czerni. Konfigurowalna dysza z \u0142ab\u0119dzi\u0105 szyj\u0105 i laserowo grawerowana plakietka sprawiaj\u0105, \u017ce ka\u017cdy szczeg\u00f3\u0142 jest przypisem do narracji marki - gdy trzy pojemno\u015bci 30\/50\/100 ml spotykaj\u0105 si\u0119 z zakr\u0119tk\u0105 z geometrycznym wzorem, ka\u017cda butelka na p\u00f3\u0142ce jest cich\u0105 deklaracj\u0105 jako\u015bci, pozwalaj\u0105c\u0105 marce wyr\u00f3\u017cni\u0107 si\u0119 na ha\u0142a\u015bliwym rynku.<\/p>\n<h2>Aplikacje i scenariusze<\/h2>\n<p><strong>Te czarne butelki perfum s\u0105 przeznaczone dla marek luksusowych i niszowych:<\/strong><\/p>\n<ul>\n<li>\u200b<strong>Woda kolo\u0144ska dla m\u0119\u017cczyzn:<\/strong> Matowe czarne szk\u0142o i prostok\u0105tny kszta\u0142t przywo\u0142uj\u0105 na my\u015bl m\u0119sko\u015b\u0107, idealnie pasuj\u0105c do kolekcji czarnych m\u0119skich flakon\u00f3w na wod\u0119 kolo\u0144sk\u0105.<\/li>\n<li><strong>Perfumy damskie:<\/strong> Po\u0142\u0105cz ze z\u0142otymi akcentami dla linii damskich perfum w czarnych flakonach.<\/li>\n<li><strong>Edycje limitowane:<\/strong> U\u017cyj niestandardowego grawerowania dla wyda\u0144 sezonowych lub ekskluzywnych.<\/li>\n<li>\u200b<strong>Prezenty korporacyjne:<\/strong> Zam\u00f3wienia hurtowe z markowymi pojemnikami na perfumy podnosz\u0105 jako\u015b\u0107 prezent\u00f3w B2B.<\/li>\n<\/ul>\n<h2>Specyfikacja techniczna<\/h2>\n<div class=\"hyc-common-markdown__table-wrapper\">\n<table>\n<thead>\n<tr>\n<th>\u200b<strong>Model<\/strong><\/th>\n<th>Pojemno\u015b\u0107<\/th>\n<th>Wymiary (mm)<\/th>\n<th>Kolor szk\u0142a<\/th>\n<th>Styl czapki<\/th>\n<th>Tworzywo<\/th>\n<\/tr>\n<\/thead>\n<tbody>\n<tr>\n<td>PB-BM0601<\/td>\n<td>30 ml<\/td>\n<td>42x29x76<\/td>\n<td>Czarny matowy<\/td>\n<td>Polerowana czer\u0144<\/td>\n<td>Szk\u0142o kryszta\u0142owe<\/td>\n<\/tr>\n<tr>\n<td>PB-BM0602<\/td>\n<td>50 ml<\/td>\n<td>51x28x91<\/td>\n<td>Czarny matowy<\/td>\n<td>Polerowana czer\u0144<\/td>\n<td>Szk\u0142o kryszta\u0142owe<\/td>\n<\/tr>\n<tr>\n<td>PB-BM0603<\/td>\n<td>100 ml<\/td>\n<td>53x36x116<\/td>\n<td>Czarny matowy<\/td>\n<td>Polerowana czer\u0144<\/td>\n<td>Szk\u0142o kryszta\u0142owe<\/td>\n<\/tr>\n<\/tbody>\n<\/table>\n<\/div>\n<h2>Dostosowywanie i rozwi\u0105zania hurtowe<\/h2>\n<p>Specjalizujemy si\u0119 w<strong>pe\u0142ne rozwi\u0105zania<\/strong>\u00a0dla marek:<\/p>\n<ul>\n<li>\u200b<strong>Minimalne zam\u00f3wienie<\/strong>: Elastyczne zam\u00f3wienia hurtowe ju\u017c od 500 sztuk.<\/li>\n<li>\u200b<strong>Branding<\/strong>: Wybierz nadruk, grawerowanie lub wyt\u0142oczone logo.<\/li>\n<li>\u200b<strong>Zamkni\u0119cia<\/strong>: Z\u0142ote\/srebrne zakr\u0119tki, magnetyczne wieczka lub niestandardowe zamkni\u0119cia.<\/li>\n<li>\u200b<strong>Opakowanie<\/strong>: Po\u0142\u0105cz z luksusowymi pude\u0142kami lub ekologicznymi r\u0119kawami.<\/li>\n<\/ul>\n<h2>Podnie\u015b swoj\u0105 mark\u0119 zapachow\u0105 dzi\u0119ki czarnym butelkom<\/h2>\n<p>Od czarnych flakon\u00f3w na wod\u0119 kolo\u0144sk\u0105 dla m\u0119\u017cczyzn po czarne flakony na perfumy dla kobiet, nasze projekty \u0142\u0105cz\u0105 w sobie eleganck\u0105 estetyk\u0119 i praktyczno\u015b\u0107. Dzi\u0119ki niskim MOQ, niestandardowym opakowaniom i trwa\u0142ym szklanym butelkom na perfumy, umo\u017cliwiamy markom tworzenie unikalnych, wysokiej jako\u015bci zapach\u00f3w, kt\u00f3re urzekaj\u0105 konsument\u00f3w.<br \/>\nSkontaktuj si\u0119 z nami ju\u017c dzi\u015b, aby om\u00f3wi\u0107 ceny hurtowe i niestandardowe rozwi\u0105zania w zakresie butelek perfum w sprayu!<\/p>","protected":false},"excerpt":{"rendered":"<p>W przypadku marek tworz\u0105cych czarne flakony na wod\u0119 kolo\u0144sk\u0105 dla m\u0119\u017cczyzn lub czarne kolekcje flakon\u00f3w na perfumy, nasze projekty z matowego czarnego szk\u0142a na nowo definiuj\u0105 wyrafinowanie.<\/p>","protected":false},"featured_media":2792,"comment_status":"open","ping_status":"closed","template":"","meta":{"_acf_changed":false,"site-sidebar-layout":"default","site-content-layout":"","ast-site-content-layout":"default","site-content-style":"default","site-sidebar-style":"default","ast-global-header-display":"","ast-banner-title-visibility":"","ast-main-header-display":"","ast-hfb-above-header-display":"","ast-hfb-below-header-display":"","ast-hfb-mobile-header-display":"","site-post-title":"","ast-breadcrumbs-content":"","ast-featured-img":"","footer-sml-layout":"","ast-disable-related-posts":"","theme-transparent-header-meta":"default","adv-header-id-meta":"","stick-header-meta":"","header-above-stick-meta":"","header-main-stick-meta":"","header-below-stick-meta":"","astra-migrate-meta-layouts":"set","ast-page-background-enabled":"default","ast-page-background-meta":{"desktop":{"background-color":"var(--ast-global-color-5)","background-image":"","background-repeat":"repeat","background-position":"center center","background-size":"auto","background-attachment":"scroll","background-type":"","background-media":"","overlay-type":"","overlay-color":"","overlay-opacity":"","overlay-gradient":""},"tablet":{"background-color":"","background-image":"","background-repeat":"repeat","background-position":"center center","background-size":"auto","background-attachment":"scroll","background-type":"","background-media":"","overlay-type":"","overlay-color":"","overlay-opacity":"","overlay-gradient":""},"mobile":{"background-color":"","background-image":"","background-repeat":"repeat","background-position":"center center","background-size":"auto","background-attachment":"scroll","background-type":"","background-media":"","overlay-type":"","overlay-color":"","overlay-opacity":"","overlay-gradient":""}},"ast-content-background-meta":{"desktop":{"background-color":"var(--ast-global-color-4)","background-image":"","background-repeat":"repeat","background-position":"center center","background-size":"auto","background-attachment":"scroll","background-type":"","background-media":"","overlay-type":"","overlay-color":"","overlay-opacity":"","overlay-gradient":""},"tablet":{"background-color":"var(--ast-global-color-4)","background-image":"","background-repeat":"repeat","background-position":"center center","background-size":"auto","background-attachment":"scroll","background-type":"","background-media":"","overlay-type":"","overlay-color":"","overlay-opacity":"","overlay-gradient":""},"mobile":{"background-color":"var(--ast-global-color-4)","background-image":"","background-repeat":"repeat","background-position":"center center","background-size":"auto","background-attachment":"scroll","background-type":"","background-media":"","overlay-type":"","overlay-color":"","overlay-opacity":"","overlay-gradient":""}}},"product_brand":[],"product_cat":[79,72,91,41],"product_tag":[],"class_list":{"0":"post-2787","1":"product","2":"type-product","3":"status-publish","4":"has-post-thumbnail","6":"product_cat-black-perfume-bottles","7":"product_cat-cosmetic-packaging","8":"product_cat-custom-perfume-bottles","9":"product_cat-perfume-bottles","10":"desktop-align-left","11":"tablet-align-left","12":"mobile-align-left","14":"first","15":"instock","16":"shipping-taxable","17":"product-type-simple"},"acf":[],"jetpack_sharing_enabled":true,"_links":{"self":[{"href":"https:\/\/theperfumebottles.com\/pl\/wp-json\/wp\/v2\/product\/2787","targetHints":{"allow":["GET"]}}],"collection":[{"href":"https:\/\/theperfumebottles.com\/pl\/wp-json\/wp\/v2\/product"}],"about":[{"href":"https:\/\/theperfumebottles.com\/pl\/wp-json\/wp\/v2\/types\/product"}],"replies":[{"embeddable":true,"href":"https:\/\/theperfumebottles.com\/pl\/wp-json\/wp\/v2\/comments?post=2787"}],"wp:featuredmedia":[{"embeddable":true,"href":"https:\/\/theperfumebottles.com\/pl\/wp-json\/wp\/v2\/media\/2792"}],"wp:attachment":[{"href":"https:\/\/theperfumebottles.com\/pl\/wp-json\/wp\/v2\/media?parent=2787"}],"wp:term":[{"taxonomy":"product_brand","embeddable":true,"href":"https:\/\/theperfumebottles.com\/pl\/wp-json\/wp\/v2\/product_brand?post=2787"},{"taxonomy":"product_cat","embeddable":true,"href":"https:\/\/theperfumebottles.com\/pl\/wp-json\/wp\/v2\/product_cat?post=2787"},{"taxonomy":"product_tag","embeddable":true,"href":"https:\/\/theperfumebottles.com\/pl\/wp-json\/wp\/v2\/product_tag?post=2787"}],"curies":[{"name":"wp","href":"https:\/\/api.w.org\/{rel}","templated":true}]}}