{"id":2795,"date":"2025-03-20T08:59:46","date_gmt":"2025-03-20T08:59:46","guid":{"rendered":"https:\/\/theperfumebottles.com\/?post_type=product&#038;p=2795"},"modified":"2026-04-07T16:06:36","modified_gmt":"2026-04-07T08:06:36","slug":"custom-luxury-crystal-perfume-bottle-wholesale","status":"publish","type":"product","link":"https:\/\/theperfumebottles.com\/pl\/produkt\/custom-luxury-crystal-perfume-bottle-wholesale\/","title":{"rendered":"100 ml niestandardowa luksusowa kryszta\u0142owa butelka perfum hurtowo"},"content":{"rendered":"<p>Kryszta\u0142owy flakon perfum ukazuje swoj\u0105 sze\u015bcienn\u0105 struktur\u0119 dzi\u0119ki zastosowaniu przezroczystego szk\u0142a. Nakr\u0119tka sk\u0142ada si\u0119 z dw\u00f3ch odr\u0119bnych cz\u0119\u015bci: metalowego pier\u015bcienia z b\u0142yszcz\u0105cym chromowanym wyko\u0144czeniem, w kt\u00f3rym znajduje si\u0119 dysza rozpylaj\u0105ca oraz oddzielnej, szlifowanej kryszta\u0142owej nakr\u0119tki.<\/p>\n<h2>Specyfikacje<\/h2>\n<div>\n<table class=\"aligncenter\" style=\"border-collapse: collapse; width: 300.77pt;\" border=\"0\" width=\"401\" cellspacing=\"0\" cellpadding=\"0\">\n<tbody>\n<tr style=\"height: 13.50pt;\">\n<td style=\"height: 13.50pt; width: 88.50pt;\" width=\"118\" height=\"18\">Funkcja<\/td>\n<td style=\"width: 212.25pt;\" width=\"283\">Bli\u017csze dane<\/td>\n<\/tr>\n<tr style=\"height: 13.50pt;\">\n<td style=\"height: 13.50pt;\" height=\"18\">Pojemno\u015b\u0107<\/td>\n<td>100 ml (3,4 uncji)<\/td>\n<\/tr>\n<tr style=\"height: 13.50pt;\">\n<td style=\"height: 13.50pt;\" height=\"18\">Tworzywo<\/td>\n<td>Szk\u0142o kryszta\u0142owe, nakr\u0119tka akrylowa srebrna<\/td>\n<\/tr>\n<tr style=\"height: 13.50pt;\">\n<td style=\"height: 13.50pt;\" height=\"18\">Wymiary<\/td>\n<td>57\u00d757\u00d769 mm (kszta\u0142t kwadratowy)<\/td>\n<\/tr>\n<tr style=\"height: 13.50pt;\">\n<td style=\"height: 13.50pt;\" height=\"18\">Personalizacja<\/td>\n<td>Grawerowanie, matowienie, druk UV<\/td>\n<\/tr>\n<tr style=\"height: 13.50pt;\">\n<td style=\"height: 13.50pt;\" height=\"18\">Minimalne zam\u00f3wienie<\/td>\n<td>Dost\u0119pne konkurencyjne ceny hurtowe<\/td>\n<\/tr>\n<tr style=\"height: 13.50pt;\">\n<td style=\"height: 13.50pt;\" height=\"18\">Wysy\u0142ka<\/td>\n<td>Globalne wsparcie logistyczne<\/td>\n<\/tr>\n<\/tbody>\n<\/table>\n<\/div>\n<h2>Historia sukcesu<\/h2>\n<p>Ta francuska marka perfum wybra\u0142a antyczny kryszta\u0142owy flakon i zam\u00f3wi\u0142a specjalnie zaprojektowany flakon z przydymionego, szarego szk\u0142a ze z\u0142otym wn\u0119trzem. Ten niestandardowy flakon odni\u00f3s\u0142 ogromny sukces, poniewa\u017c jego kryszta\u0142owy design w stylu vintage bardzo przypad\u0142 do gustu klientom, co doprowadzi\u0142o do 300-procentowego wzrostu liczby zam\u00f3wie\u0144 w przedsprzeda\u017cy od dotychczasowych klient\u00f3w. Wysokiej jako\u015bci materia\u0142y i waga przyczyni\u0142y si\u0119 r\u00f3wnie\u017c do 120-procentowego wzrostu ceny tych luksusowych perfum. Marka kontynuowa\u0142a ten sukces, zamawiaj\u0105c 580 000 flakon\u00f3w, kt\u00f3re pos\u0142u\u017cy\u0142y jej do wprowadzenia na rynek nowej kolekcji zapach\u00f3w vintage.<\/p>\n<h2>Propozycje personalizacji antycznego kryszta\u0142owego flakonu perfum<\/h2>\n<ul>\n<li>G\u00f3rna ekspozycja ozd\u00f3b prezentuje wiele opcji, w tym r\u00f3\u017cne rodzaje kamieni szlachetnych, kolorowe kryszta\u0142y i niestandardowe dekoracje szklane, kt\u00f3re s\u0105 zgodne z ekskluzywnym wzornictwem marki.<\/li>\n<li>Opcje metalowego wyko\u0144czenia pier\u015bcienia pompy obejmuj\u0105 cztery wyszukane wyko\u0144czenia: platerowane 24-karatowym z\u0142otem, r\u00f3\u017cowym z\u0142otem, czarnym rodem i antycznym srebrem.<\/li>\n<li>Magnetyczna ozdoba posiada kryszta\u0142ow\u0105 cz\u0119\u015b\u0107 g\u00f3rn\u0105, kt\u00f3r\u0105 mocuje si\u0119 do powierzchni za pomoc\u0105 bezpiecznego i wygodnego mechanizmu.<\/li>\n<\/ul>","protected":false},"excerpt":{"rendered":"<p>W\u0142a\u015bciciele marek i hurtownicy pragn\u0105cy zadowoli\u0107 wymagaj\u0105cych klient\u00f3w mog\u0105 wybra\u0107 3,4-uncjowy kryszta\u0142owy flakon na perfumy, kt\u00f3ry \u0142\u0105czy ponadczasow\u0105 elegancj\u0119 z nowoczesn\u0105 funkcjonalno\u015bci\u0105.<\/p>","protected":false},"featured_media":2798,"comment_status":"open","ping_status":"closed","template":"","meta":{"_acf_changed":false,"site-sidebar-layout":"default","site-content-layout":"","ast-site-content-layout":"default","site-content-style":"default","site-sidebar-style":"default","ast-global-header-display":"","ast-banner-title-visibility":"","ast-main-header-display":"","ast-hfb-above-header-display":"","ast-hfb-below-header-display":"","ast-hfb-mobile-header-display":"","site-post-title":"","ast-breadcrumbs-content":"","ast-featured-img":"","footer-sml-layout":"","ast-disable-related-posts":"","theme-transparent-header-meta":"default","adv-header-id-meta":"","stick-header-meta":"","header-above-stick-meta":"","header-main-stick-meta":"","header-below-stick-meta":"","astra-migrate-meta-layouts":"set","ast-page-background-enabled":"default","ast-page-background-meta":{"desktop":{"background-color":"var(--ast-global-color-5)","background-image":"","background-repeat":"repeat","background-position":"center center","background-size":"auto","background-attachment":"scroll","background-type":"","background-media":"","overlay-type":"","overlay-color":"","overlay-opacity":"","overlay-gradient":""},"tablet":{"background-color":"","background-image":"","background-repeat":"repeat","background-position":"center center","background-size":"auto","background-attachment":"scroll","background-type":"","background-media":"","overlay-type":"","overlay-color":"","overlay-opacity":"","overlay-gradient":""},"mobile":{"background-color":"","background-image":"","background-repeat":"repeat","background-position":"center center","background-size":"auto","background-attachment":"scroll","background-type":"","background-media":"","overlay-type":"","overlay-color":"","overlay-opacity":"","overlay-gradient":""}},"ast-content-background-meta":{"desktop":{"background-color":"var(--ast-global-color-4)","background-image":"","background-repeat":"repeat","background-position":"center center","background-size":"auto","background-attachment":"scroll","background-type":"","background-media":"","overlay-type":"","overlay-color":"","overlay-opacity":"","overlay-gradient":""},"tablet":{"background-color":"var(--ast-global-color-4)","background-image":"","background-repeat":"repeat","background-position":"center center","background-size":"auto","background-attachment":"scroll","background-type":"","background-media":"","overlay-type":"","overlay-color":"","overlay-opacity":"","overlay-gradient":""},"mobile":{"background-color":"var(--ast-global-color-4)","background-image":"","background-repeat":"repeat","background-position":"center center","background-size":"auto","background-attachment":"scroll","background-type":"","background-media":"","overlay-type":"","overlay-color":"","overlay-opacity":"","overlay-gradient":""}}},"product_brand":[],"product_cat":[91,72,41],"product_tag":[],"class_list":{"0":"post-2795","1":"product","2":"type-product","3":"status-publish","4":"has-post-thumbnail","6":"product_cat-custom-perfume-bottles","7":"product_cat-cosmetic-packaging","8":"product_cat-perfume-bottles","9":"desktop-align-left","10":"tablet-align-left","11":"mobile-align-left","13":"first","14":"instock","15":"shipping-taxable","16":"product-type-simple"},"acf":[],"jetpack_sharing_enabled":true,"_links":{"self":[{"href":"https:\/\/theperfumebottles.com\/pl\/wp-json\/wp\/v2\/product\/2795","targetHints":{"allow":["GET"]}}],"collection":[{"href":"https:\/\/theperfumebottles.com\/pl\/wp-json\/wp\/v2\/product"}],"about":[{"href":"https:\/\/theperfumebottles.com\/pl\/wp-json\/wp\/v2\/types\/product"}],"replies":[{"embeddable":true,"href":"https:\/\/theperfumebottles.com\/pl\/wp-json\/wp\/v2\/comments?post=2795"}],"wp:featuredmedia":[{"embeddable":true,"href":"https:\/\/theperfumebottles.com\/pl\/wp-json\/wp\/v2\/media\/2798"}],"wp:attachment":[{"href":"https:\/\/theperfumebottles.com\/pl\/wp-json\/wp\/v2\/media?parent=2795"}],"wp:term":[{"taxonomy":"product_brand","embeddable":true,"href":"https:\/\/theperfumebottles.com\/pl\/wp-json\/wp\/v2\/product_brand?post=2795"},{"taxonomy":"product_cat","embeddable":true,"href":"https:\/\/theperfumebottles.com\/pl\/wp-json\/wp\/v2\/product_cat?post=2795"},{"taxonomy":"product_tag","embeddable":true,"href":"https:\/\/theperfumebottles.com\/pl\/wp-json\/wp\/v2\/product_tag?post=2795"}],"curies":[{"name":"wp","href":"https:\/\/api.w.org\/{rel}","templated":true}]}}