{"id":2806,"date":"2025-03-21T03:55:26","date_gmt":"2025-03-21T03:55:26","guid":{"rendered":"https:\/\/theperfumebottles.com\/?post_type=product&#038;p=2806"},"modified":"2025-05-29T10:24:39","modified_gmt":"2025-05-29T02:24:39","slug":"small-perfume-spray-bottle-30ml-50ml-perfume-oil-bottles","status":"publish","type":"product","link":"https:\/\/theperfumebottles.com\/pl\/produkt\/small-perfume-spray-bottle-30ml-50ml-perfume-oil-bottles\/","title":{"rendered":"Ma\u0142e butelki z rozpylaczem perfum o pojemno\u015bci 30 ml i 50 ml z drewnianymi zakr\u0119tkami"},"content":{"rendered":"<p>Przedstawiamy nasz\u0105 seri\u0119 ma\u0142ych butelek perfum w sprayu, dost\u0119pnych w butelkach perfum o pojemno\u015bci 30 ml i 50 ml. Ta butelka ze szk\u0142a kryszta\u0142owego zosta\u0142a zaprojektowana z my\u015bl\u0105 o markach z wy\u017cszej p\u00f3\u0142ki i ekologach. \u0141\u0105czy w sobie r\u0119cznie robion\u0105 drewnian\u0105 nasadk\u0119 z nowoczesnym kwadratowym kszta\u0142tem butelki, kt\u00f3ra jest naturalna, przyjazna dla \u015brodowiska i wykwintna. Naturalna drewniana zakr\u0119tka butelki obs\u0142uguje niestandardowe logo marki, a pojemno\u015b\u0107 30 ml \/ 50 ml jest elastyczna, aby dopasowa\u0107 si\u0119 do rozmiar\u00f3w podr\u00f3\u017cnych, niszowych zapach\u00f3w lub hurtowych potrzeb hurtowych.<\/p>\n<h2>Kluczowe specyfikacje<\/h2>\n<div class=\"hyc-common-markdown__table-wrapper\">\n<table>\n<thead>\n<tr>\n<th>Funkcja<\/th>\n<th>PB-FZ0401<\/th>\n<th>PB-FZ0402<\/th>\n<\/tr>\n<\/thead>\n<tbody>\n<tr>\n<td>Tworzywo<\/td>\n<td>Szk\u0142o kryszta\u0142owe<\/td>\n<td>Szk\u0142o kryszta\u0142owe<\/td>\n<\/tr>\n<tr>\n<td>Pojemno\u015b\u0107<\/td>\n<td>30 ml<\/td>\n<td>50 ml<\/td>\n<\/tr>\n<tr>\n<td>Wymiary<\/td>\n<td>36 x 36 x 66 mm<\/td>\n<td>42 x 42 x 77 mm<\/td>\n<\/tr>\n<tr>\n<td>Czapka<\/td>\n<td>Pokrywa z naturalnego drewna<\/td>\n<td>Pokrywa z naturalnego drewna<\/td>\n<\/tr>\n<tr>\n<td>Opcje kolor\u00f3w<\/td>\n<td>Przezroczysty (z mo\u017cliwo\u015bci\u0105 dostosowania)<\/td>\n<td>Przezroczysty (z mo\u017cliwo\u015bci\u0105 dostosowania)<\/td>\n<\/tr>\n<tr>\n<td>Personalizacja<\/td>\n<td>Logo, grawerowanie, wyko\u0144czenie<\/td>\n<td>Logo, grawerowanie, wyko\u0144czenie<\/td>\n<\/tr>\n<tr>\n<td>Dost\u0119pno\u015b\u0107 pr\u00f3bek<\/td>\n<td>Pod warunkiem, \u017ce<\/td>\n<td>Pod warunkiem, \u017ce<\/td>\n<\/tr>\n<\/tbody>\n<\/table>\n<\/div>\n<h2>Dlaczego warto wybra\u0107 te szklane butelki perfum?<\/h2>\n<p>Wykonane z my\u015bl\u0105 o wszechstronno\u015bci, te<strong>ma\u0142e butelki perfum<\/strong>\u00a0s\u0105 idealne dla marek niszowych, marek w\u0142asnych lub partner\u00f3w hurtowych. Konstrukcja z grubego szk\u0142a zapewnia trwa\u0142o\u015b\u0107, a kwadratowy kszta\u0142t i drewniane pokrywki tworz\u0105 efektowny wygl\u0105d na p\u00f3\u0142ce. Dost\u0119pne w<strong>30 ml<\/strong>\u00a0oraz<strong>50 ml<\/strong>\u00a0Rozmiary s\u0105 zoptymalizowane pod k\u0105tem olejk\u00f3w, w\u00f3d kolo\u0144skich lub skoncentrowanych zapach\u00f3w.<\/p>\n<h2>Idealny dla potrzeb niestandardowych i hurtowych<\/h2>\n<p>Czy potrzebujesz pustych butelek na perfumy 30ml na edycje limitowane lub butelek na olej do perfum 50ml na zam\u00f3wienia hurtowe, ta seria oferuje elastyczne rozwi\u0105zania. Szybka wysy\u0142ka, wsparcie ODM\/OEM oraz niskie minimalne ilo\u015bci zam\u00f3wie\u0144 u\u0142atwiaj\u0105 skalowanie Twojej marki. Podnie\u015b pakowanie perfum z naszymi zr\u00f3wnowa\u017conymi, przeno\u015bnymi designami butelek na spray z perfum. Zapytaj o pr\u00f3bki butelek na perfumy 30ml lub olej do perfum 50ml ju\u017c dzi\u015b i do\u015bwiadc\u017a luksusu w ka\u017cdej szczeg\u00f3le!<\/p>","protected":false},"excerpt":{"rendered":"<p>Wysokiej jako\u015bci ma\u0142e butelki na perfumy w sprayu z drewnianymi zakr\u0119tkami - idealne do olejk\u00f3w zapachowych, niestandardowego brandingu i zam\u00f3wie\u0144 hurtowych. Przyjazne dla \u015brodowiska, przeno\u015bne i gotowe do brandingu.<\/p>","protected":false},"featured_media":2808,"comment_status":"open","ping_status":"closed","template":"","meta":{"_acf_changed":false,"site-sidebar-layout":"default","site-content-layout":"","ast-site-content-layout":"default","site-content-style":"default","site-sidebar-style":"default","ast-global-header-display":"","ast-banner-title-visibility":"","ast-main-header-display":"","ast-hfb-above-header-display":"","ast-hfb-below-header-display":"","ast-hfb-mobile-header-display":"","site-post-title":"","ast-breadcrumbs-content":"","ast-featured-img":"","footer-sml-layout":"","ast-disable-related-posts":"","theme-transparent-header-meta":"default","adv-header-id-meta":"","stick-header-meta":"","header-above-stick-meta":"","header-main-stick-meta":"","header-below-stick-meta":"","astra-migrate-meta-layouts":"set","ast-page-background-enabled":"default","ast-page-background-meta":{"desktop":{"background-color":"var(--ast-global-color-5)","background-image":"","background-repeat":"repeat","background-position":"center center","background-size":"auto","background-attachment":"scroll","background-type":"","background-media":"","overlay-type":"","overlay-color":"","overlay-opacity":"","overlay-gradient":""},"tablet":{"background-color":"","background-image":"","background-repeat":"repeat","background-position":"center center","background-size":"auto","background-attachment":"scroll","background-type":"","background-media":"","overlay-type":"","overlay-color":"","overlay-opacity":"","overlay-gradient":""},"mobile":{"background-color":"","background-image":"","background-repeat":"repeat","background-position":"center center","background-size":"auto","background-attachment":"scroll","background-type":"","background-media":"","overlay-type":"","overlay-color":"","overlay-opacity":"","overlay-gradient":""}},"ast-content-background-meta":{"desktop":{"background-color":"var(--ast-global-color-4)","background-image":"","background-repeat":"repeat","background-position":"center center","background-size":"auto","background-attachment":"scroll","background-type":"","background-media":"","overlay-type":"","overlay-color":"","overlay-opacity":"","overlay-gradient":""},"tablet":{"background-color":"var(--ast-global-color-4)","background-image":"","background-repeat":"repeat","background-position":"center center","background-size":"auto","background-attachment":"scroll","background-type":"","background-media":"","overlay-type":"","overlay-color":"","overlay-opacity":"","overlay-gradient":""},"mobile":{"background-color":"var(--ast-global-color-4)","background-image":"","background-repeat":"repeat","background-position":"center center","background-size":"auto","background-attachment":"scroll","background-type":"","background-media":"","overlay-type":"","overlay-color":"","overlay-opacity":"","overlay-gradient":""}}},"product_brand":[],"product_cat":[72,41],"product_tag":[],"class_list":{"0":"post-2806","1":"product","2":"type-product","3":"status-publish","4":"has-post-thumbnail","6":"product_cat-cosmetic-packaging","7":"product_cat-perfume-bottles","8":"desktop-align-left","9":"tablet-align-left","10":"mobile-align-left","12":"first","13":"instock","14":"shipping-taxable","15":"product-type-simple"},"acf":[],"jetpack_sharing_enabled":true,"_links":{"self":[{"href":"https:\/\/theperfumebottles.com\/pl\/wp-json\/wp\/v2\/product\/2806","targetHints":{"allow":["GET"]}}],"collection":[{"href":"https:\/\/theperfumebottles.com\/pl\/wp-json\/wp\/v2\/product"}],"about":[{"href":"https:\/\/theperfumebottles.com\/pl\/wp-json\/wp\/v2\/types\/product"}],"replies":[{"embeddable":true,"href":"https:\/\/theperfumebottles.com\/pl\/wp-json\/wp\/v2\/comments?post=2806"}],"wp:featuredmedia":[{"embeddable":true,"href":"https:\/\/theperfumebottles.com\/pl\/wp-json\/wp\/v2\/media\/2808"}],"wp:attachment":[{"href":"https:\/\/theperfumebottles.com\/pl\/wp-json\/wp\/v2\/media?parent=2806"}],"wp:term":[{"taxonomy":"product_brand","embeddable":true,"href":"https:\/\/theperfumebottles.com\/pl\/wp-json\/wp\/v2\/product_brand?post=2806"},{"taxonomy":"product_cat","embeddable":true,"href":"https:\/\/theperfumebottles.com\/pl\/wp-json\/wp\/v2\/product_cat?post=2806"},{"taxonomy":"product_tag","embeddable":true,"href":"https:\/\/theperfumebottles.com\/pl\/wp-json\/wp\/v2\/product_tag?post=2806"}],"curies":[{"name":"wp","href":"https:\/\/api.w.org\/{rel}","templated":true}]}}