{"id":2813,"date":"2025-03-21T05:57:09","date_gmt":"2025-03-21T05:57:09","guid":{"rendered":"https:\/\/theperfumebottles.com\/?post_type=product&#038;p=2813"},"modified":"2025-03-21T06:22:00","modified_gmt":"2025-03-21T06:22:00","slug":"15ml-refillable-travel-perfume-bottle-for-travel-tester","status":"publish","type":"product","link":"https:\/\/theperfumebottles.com\/pl\/produkt\/15ml-refillable-travel-perfume-bottle-for-travel-tester\/","title":{"rendered":"15 ml wielokrotnego nape\u0142niania, podr\u00f3\u017cna butelka perfum do u\u017cytku w podr\u00f3\u017cy i jako tester"},"content":{"rendered":"<p>Podnie\u015b jako\u015b\u0107 swojej linii zapachowej dzi\u0119ki naszej serii podr\u00f3\u017cnych flakon\u00f3w na perfumy z mo\u017cliwo\u015bci\u0105 wielokrotnego nape\u0142niania, zaprojektowanych z my\u015bl\u0105 o markach, dla kt\u00f3rych priorytetem jest przeno\u015bno\u015b\u0107 i luksus. Dost\u0119pne w rozmiarze 15 ml, te podr\u00f3\u017cne pojemniki na perfumy \u0142\u0105cz\u0105 kompaktow\u0105 konstrukcj\u0119 z funkcjonalno\u015bci\u0105 wielokrotnego nape\u0142niania - idealne do tester\u00f3w perfum, mini kolekcji lub do u\u017cytku w podr\u00f3\u017cy. Wykonane z krystalicznie przezroczystego szk\u0142a i konfigurowalnych zakr\u0119tek, oferuj\u0105 najwy\u017cszej jako\u015bci wra\u017cenia podczas rozpakowywania dla wymagaj\u0105cych klient\u00f3w.<\/p>\n<h2>Kluczowe specyfikacje<\/h2>\n<div class=\"hyc-common-markdown__table-wrapper\">\n<table>\n<thead>\n<tr>\n<th>Funkcja<\/th>\n<th>Bli\u017csze dane<\/th>\n<\/tr>\n<\/thead>\n<tbody>\n<tr>\n<td>Model<\/td>\n<td>PB-FZ0501<\/td>\n<\/tr>\n<tr>\n<td>Tworzywo<\/td>\n<td>Szk\u0142o kryszta\u0142owe<\/td>\n<\/tr>\n<tr>\n<td>Pojemno\u015b\u0107<\/td>\n<td>15 ml (z mo\u017cliwo\u015bci\u0105 dostosowania)<\/td>\n<\/tr>\n<tr>\n<td>Wymiary<\/td>\n<td>28 x 28 x 66 mm, kaliber 18 mm<\/td>\n<\/tr>\n<tr>\n<td>Opcje czapki<\/td>\n<td>Z\u0142oty lub czarny zakr\u0119cany atomizer<\/td>\n<\/tr>\n<tr>\n<td>Personalizacja<\/td>\n<td>Logo, grawerowanie, powlekanie UV, t\u0142oczenie na gor\u0105co<\/td>\n<\/tr>\n<tr>\n<td>Mo\u017cliwo\u015b\u0107 wielokrotnego nape\u0142niania<\/td>\n<td>Tak (szczelny rozpylacz)<\/td>\n<\/tr>\n<tr>\n<td>Dost\u0119pno\u015b\u0107 pr\u00f3bek<\/td>\n<td>Pod warunkiem, \u017ce<\/td>\n<\/tr>\n<tr>\n<td>Minimalne zam\u00f3wienie<\/td>\n<td>Luzem\/przyjazny dla sprzeda\u017cy hurtowej<\/td>\n<\/tr>\n<\/tbody>\n<\/table>\n<\/div>\n<h2>Dlaczego warto wybra\u0107 te podr\u00f3\u017cne pojemniki na perfumy?<\/h2>\n<p>Zaprojektowana z my\u015bl\u0105 o pustych flakonach na perfumy, kt\u00f3re stawiaj\u0105 na zr\u00f3wnowa\u017cony rozw\u00f3j i styl, seria ta \u0142\u0105czy w sobie mini wygod\u0119 z wysokiej klasy atrakcyjno\u015bci\u0105. Kwadratowa podstawa z zaokr\u0105glonymi kraw\u0119dziami zapewnia przyzwoity, ergonomiczny uchwyt, a krystalicznie przezroczyste szk\u0142o prezentuje odcienie zapach\u00f3w. Idealne do testowania butelek perfum lub wody kolo\u0144skiej w podr\u00f3\u017cy, pojemniki te obs\u0142uguj\u0105 szybk\u0105 wysy\u0142k\u0119 i skalowalne zam\u00f3wienia zbiorcze.<\/p>\n<h2>Idealny do niestandardowego brandingu zapach\u00f3w<\/h2>\n<p>Niezale\u017cnie od tego, czy wprowadzasz now\u0105 luksusow\u0105 lini\u0119, czy rozszerzasz ofert\u0119 hurtow\u0105, te butelki perfum do wielokrotnego nape\u0142niania zapewniaj\u0105 niezr\u00f3wnan\u0105 wszechstronno\u015b\u0107. Atomizer zapewnia precyzyjne rozpylanie, a opcje wyko\u0144czenia, takie jak matowe logo lub metaliczne akcenty, podnosz\u0105 jako\u015b\u0107 opakowania perfum.<\/p>\n<p>Przekszta\u0142\u0107 swoj\u0105 lini\u0119 zapach\u00f3w dzi\u0119ki naszym 15 ml flakonom na perfumy i innym rozmiarom pojemnik\u00f3w na perfumy podr\u00f3\u017cne. Zam\u00f3w bezp\u0142atne pr\u00f3bki ju\u017c dzi\u015b i do\u015bwiadcz bezproblemowej personalizacji dla swojej marki!<\/p>","protected":false},"excerpt":{"rendered":"<p>Wysokiej jako\u015bci flakony na perfumy podr\u00f3\u017cne ze z\u0142otymi\/czarnymi nakr\u0119tkami. Idealne do tester\u00f3w, luksusowych mini edycji szklanych i hurtowych zam\u00f3wie\u0144 hurtowych z opcj\u0105 niestandardow\u0105.<\/p>","protected":false},"featured_media":2815,"comment_status":"open","ping_status":"closed","template":"","meta":{"_acf_changed":false,"site-sidebar-layout":"default","site-content-layout":"","ast-site-content-layout":"default","site-content-style":"default","site-sidebar-style":"default","ast-global-header-display":"","ast-banner-title-visibility":"","ast-main-header-display":"","ast-hfb-above-header-display":"","ast-hfb-below-header-display":"","ast-hfb-mobile-header-display":"","site-post-title":"","ast-breadcrumbs-content":"","ast-featured-img":"","footer-sml-layout":"","ast-disable-related-posts":"","theme-transparent-header-meta":"default","adv-header-id-meta":"","stick-header-meta":"","header-above-stick-meta":"","header-main-stick-meta":"","header-below-stick-meta":"","astra-migrate-meta-layouts":"set","ast-page-background-enabled":"default","ast-page-background-meta":{"desktop":{"background-color":"var(--ast-global-color-5)","background-image":"","background-repeat":"repeat","background-position":"center center","background-size":"auto","background-attachment":"scroll","background-type":"","background-media":"","overlay-type":"","overlay-color":"","overlay-opacity":"","overlay-gradient":""},"tablet":{"background-color":"","background-image":"","background-repeat":"repeat","background-position":"center center","background-size":"auto","background-attachment":"scroll","background-type":"","background-media":"","overlay-type":"","overlay-color":"","overlay-opacity":"","overlay-gradient":""},"mobile":{"background-color":"","background-image":"","background-repeat":"repeat","background-position":"center center","background-size":"auto","background-attachment":"scroll","background-type":"","background-media":"","overlay-type":"","overlay-color":"","overlay-opacity":"","overlay-gradient":""}},"ast-content-background-meta":{"desktop":{"background-color":"var(--ast-global-color-4)","background-image":"","background-repeat":"repeat","background-position":"center center","background-size":"auto","background-attachment":"scroll","background-type":"","background-media":"","overlay-type":"","overlay-color":"","overlay-opacity":"","overlay-gradient":""},"tablet":{"background-color":"var(--ast-global-color-4)","background-image":"","background-repeat":"repeat","background-position":"center center","background-size":"auto","background-attachment":"scroll","background-type":"","background-media":"","overlay-type":"","overlay-color":"","overlay-opacity":"","overlay-gradient":""},"mobile":{"background-color":"var(--ast-global-color-4)","background-image":"","background-repeat":"repeat","background-position":"center center","background-size":"auto","background-attachment":"scroll","background-type":"","background-media":"","overlay-type":"","overlay-color":"","overlay-opacity":"","overlay-gradient":""}}},"product_brand":[],"product_cat":[72,74,41,90],"product_tag":[],"class_list":{"0":"post-2813","1":"product","2":"type-product","3":"status-publish","4":"has-post-thumbnail","6":"product_cat-cosmetic-packaging","7":"product_cat-mini-perfume-bottles","8":"product_cat-perfume-bottles","9":"product_cat-refillable-perfume-bottles","10":"desktop-align-left","11":"tablet-align-left","12":"mobile-align-left","14":"first","15":"instock","16":"shipping-taxable","17":"product-type-simple"},"acf":[],"jetpack_sharing_enabled":true,"_links":{"self":[{"href":"https:\/\/theperfumebottles.com\/pl\/wp-json\/wp\/v2\/product\/2813","targetHints":{"allow":["GET"]}}],"collection":[{"href":"https:\/\/theperfumebottles.com\/pl\/wp-json\/wp\/v2\/product"}],"about":[{"href":"https:\/\/theperfumebottles.com\/pl\/wp-json\/wp\/v2\/types\/product"}],"replies":[{"embeddable":true,"href":"https:\/\/theperfumebottles.com\/pl\/wp-json\/wp\/v2\/comments?post=2813"}],"wp:featuredmedia":[{"embeddable":true,"href":"https:\/\/theperfumebottles.com\/pl\/wp-json\/wp\/v2\/media\/2815"}],"wp:attachment":[{"href":"https:\/\/theperfumebottles.com\/pl\/wp-json\/wp\/v2\/media?parent=2813"}],"wp:term":[{"taxonomy":"product_brand","embeddable":true,"href":"https:\/\/theperfumebottles.com\/pl\/wp-json\/wp\/v2\/product_brand?post=2813"},{"taxonomy":"product_cat","embeddable":true,"href":"https:\/\/theperfumebottles.com\/pl\/wp-json\/wp\/v2\/product_cat?post=2813"},{"taxonomy":"product_tag","embeddable":true,"href":"https:\/\/theperfumebottles.com\/pl\/wp-json\/wp\/v2\/product_tag?post=2813"}],"curies":[{"name":"wp","href":"https:\/\/api.w.org\/{rel}","templated":true}]}}