{"id":2869,"date":"2025-03-24T09:14:20","date_gmt":"2025-03-24T09:14:20","guid":{"rendered":"https:\/\/theperfumebottles.com\/?post_type=product&#038;p=2869"},"modified":"2025-03-25T07:33:20","modified_gmt":"2025-03-25T07:33:20","slug":"30ml-50ml-100ml-custom-fragrance-spray-bottles-blank-perfume-bottles-wholesale","status":"publish","type":"product","link":"https:\/\/theperfumebottles.com\/pl\/produkt\/30ml-50ml-100ml-custom-fragrance-spray-bottles-blank-perfume-bottles-wholesale\/","title":{"rendered":"Butelki z rozpylaczem do perfum o pojemno\u015bci 30 ml, 50 ml i 100 ml \u2013 hurtowa sprzeda\u017c pustych butelek na perfumy"},"content":{"rendered":"<h2>Podnie\u015b poziom swojej marki zapachowej dzi\u0119ki butelkom z rozpylaczem premium z mo\u017cliwo\u015bci\u0105 personalizacji<\/h2>\n<p>Dla luksusowych marek perfum i hurtownik\u00f3w poszukuj\u0105cych<strong>puste butelki perfum<\/strong>\u00a0\u0141\u0105cz\u0105c ponadczasow\u0105 elegancj\u0119 z nowoczesn\u0105 elegancj\u0105, nasza seria PB-FZ oferuje hurtowe rozwi\u0105zania w zakresie personalizowanych butelek na perfumy, kt\u00f3re urzekaj\u0105. Wykonane z krystalicznie czystego szk\u0142a i ozdobione metalicznymi akcentami, te butelki z atomizerem do perfum stanowi\u0105 namacalne, wizualne i funkcjonalne ulepszenie dla luksusowych perfum, w\u00f3d kolo\u0144skich i perfum w formacie podr\u00f3\u017cnym.<\/p>\n<table style=\"border-collapse: collapse; margin-left: auto; margin-right: auto; width: 162.03pt;\" border=\"0\" width=\"216\" cellspacing=\"0\" cellpadding=\"0\">\n<tbody>\n<tr style=\"height: 13.50pt;\">\n<td style=\"height: 13.50pt; width: 54.00pt;\" width=\"72\" height=\"18\">\n<p><figure id=\"attachment_2871\" aria-describedby=\"caption-attachment-2871\" style=\"width: 300px\" class=\"wp-caption aligncenter\"><img fetchpriority=\"high\" decoding=\"async\" class=\"size-medium wp-image-2871\" src=\"https:\/\/theperfumebottles.com\/wp-content\/uploads\/2025\/03\/fragrance-spray-bottle-FZ0601-300x300.webp\" alt=\"butelka z rozpylaczem zapachowym\" width=\"300\" height=\"300\" srcset=\"https:\/\/theperfumebottles.com\/wp-content\/uploads\/2025\/03\/fragrance-spray-bottle-FZ0601-300x300.webp 300w, https:\/\/theperfumebottles.com\/wp-content\/uploads\/2025\/03\/fragrance-spray-bottle-FZ0601-150x150.webp 150w, https:\/\/theperfumebottles.com\/wp-content\/uploads\/2025\/03\/fragrance-spray-bottle-FZ0601-768x768.webp 768w, https:\/\/theperfumebottles.com\/wp-content\/uploads\/2025\/03\/fragrance-spray-bottle-FZ0601-12x12.webp 12w, https:\/\/theperfumebottles.com\/wp-content\/uploads\/2025\/03\/fragrance-spray-bottle-FZ0601-600x600.webp 600w, https:\/\/theperfumebottles.com\/wp-content\/uploads\/2025\/03\/fragrance-spray-bottle-FZ0601-100x100.webp 100w, https:\/\/theperfumebottles.com\/wp-content\/uploads\/2025\/03\/fragrance-spray-bottle-FZ0601.webp 1000w\" sizes=\"(max-width: 300px) 100vw, 300px\" \/><figcaption id=\"caption-attachment-2871\" class=\"wp-caption-text\">30 ml<\/figcaption><\/figure><\/td>\n<td style=\"width: 54.00pt;\" width=\"72\">\n<p><figure id=\"attachment_2876\" aria-describedby=\"caption-attachment-2876\" style=\"width: 300px\" class=\"wp-caption aligncenter\"><img decoding=\"async\" class=\"size-medium wp-image-2876\" src=\"https:\/\/theperfumebottles.com\/wp-content\/uploads\/2025\/03\/fragrance-spray-bottle-pbFZ0602-300x300.webp\" alt=\"butelka z rozpylaczem zapachowym\" width=\"300\" height=\"300\" srcset=\"https:\/\/theperfumebottles.com\/wp-content\/uploads\/2025\/03\/fragrance-spray-bottle-pbFZ0602-300x300.webp 300w, https:\/\/theperfumebottles.com\/wp-content\/uploads\/2025\/03\/fragrance-spray-bottle-pbFZ0602-150x150.webp 150w, https:\/\/theperfumebottles.com\/wp-content\/uploads\/2025\/03\/fragrance-spray-bottle-pbFZ0602-768x768.webp 768w, https:\/\/theperfumebottles.com\/wp-content\/uploads\/2025\/03\/fragrance-spray-bottle-pbFZ0602-12x12.webp 12w, https:\/\/theperfumebottles.com\/wp-content\/uploads\/2025\/03\/fragrance-spray-bottle-pbFZ0602-600x600.webp 600w, https:\/\/theperfumebottles.com\/wp-content\/uploads\/2025\/03\/fragrance-spray-bottle-pbFZ0602-100x100.webp 100w, https:\/\/theperfumebottles.com\/wp-content\/uploads\/2025\/03\/fragrance-spray-bottle-pbFZ0602.webp 1000w\" sizes=\"(max-width: 300px) 100vw, 300px\" \/><figcaption id=\"caption-attachment-2876\" class=\"wp-caption-text\">50 ml<\/figcaption><\/figure><\/td>\n<td style=\"width: 54.00pt;\" width=\"72\">\n<p><figure id=\"attachment_2873\" aria-describedby=\"caption-attachment-2873\" style=\"width: 300px\" class=\"wp-caption aligncenter\"><img decoding=\"async\" class=\"size-medium wp-image-2873\" src=\"https:\/\/theperfumebottles.com\/wp-content\/uploads\/2025\/03\/fragrance-spray-bottle-FZ0603-300x300.webp\" alt=\"butelka z rozpylaczem zapachowym\" width=\"300\" height=\"300\" srcset=\"https:\/\/theperfumebottles.com\/wp-content\/uploads\/2025\/03\/fragrance-spray-bottle-FZ0603-300x300.webp 300w, https:\/\/theperfumebottles.com\/wp-content\/uploads\/2025\/03\/fragrance-spray-bottle-FZ0603-150x150.webp 150w, https:\/\/theperfumebottles.com\/wp-content\/uploads\/2025\/03\/fragrance-spray-bottle-FZ0603-768x768.webp 768w, https:\/\/theperfumebottles.com\/wp-content\/uploads\/2025\/03\/fragrance-spray-bottle-FZ0603-12x12.webp 12w, https:\/\/theperfumebottles.com\/wp-content\/uploads\/2025\/03\/fragrance-spray-bottle-FZ0603-600x600.webp 600w, https:\/\/theperfumebottles.com\/wp-content\/uploads\/2025\/03\/fragrance-spray-bottle-FZ0603-100x100.webp 100w, https:\/\/theperfumebottles.com\/wp-content\/uploads\/2025\/03\/fragrance-spray-bottle-FZ0603.webp 1000w\" sizes=\"(max-width: 300px) 100vw, 300px\" \/><figcaption id=\"caption-attachment-2873\" class=\"wp-caption-text\">100 ml<\/figcaption><\/figure><\/td>\n<\/tr>\n<\/tbody>\n<\/table>\n<h2>Najwa\u017cniejsze specyfikacje w skr\u00f3cie<\/h2>\n<div class=\"hyc-common-markdown__table-wrapper\">\n<table>\n<thead>\n<tr>\n<th>Model<\/th>\n<th>Pojemno\u015b\u0107<\/th>\n<th>Wymiary (mm)<\/th>\n<th>Typ czapki<\/th>\n<th>Opcje niestandardowe<\/th>\n<\/tr>\n<\/thead>\n<tbody>\n<tr>\n<td>PB-FZ0601<\/td>\n<td>30 ml<\/td>\n<td>35x35x80<\/td>\n<td>Okr\u0105g\u0142y \u017cebrowany metal<\/td>\n<td>Logo, kolor nasadki, wewn\u0119trzny spray<\/td>\n<\/tr>\n<tr>\n<td>PB-FZ0602<\/td>\n<td>50 ml<\/td>\n<td>44x44x78<\/td>\n<td>Okr\u0105g\u0142y \u017cebrowany metal<\/td>\n<td>Tekst grawerowany, efekty matowe<\/td>\n<\/tr>\n<tr>\n<td>PB-FZ0603<\/td>\n<td>100 ml<\/td>\n<td>46x46x105<\/td>\n<td>Okr\u0105g\u0142y \u017cebrowany metal<\/td>\n<td>Szk\u0142o gradientowe, projektowanie opakowa\u0144<\/td>\n<\/tr>\n<\/tbody>\n<\/table>\n<\/div>\n<h2>Dlaczego warto wybra\u0107 te butelki z rozpylaczem zapachowym?<\/h2>\n<ul>\n<li>\u200b<strong>Materia\u0142y premium<\/strong>:Szk\u0142o kryszta\u0142owe gwarantuje przejrzysto\u015b\u0107 i trwa\u0142o\u015b\u0107, a metalowe atomizery nadaj\u0105 im przyzwoitego, luksusowego charakteru.<\/li>\n<li>\u200b<strong>Gotowy do sprzeda\u017cy hurtowej<\/strong>Zam\u00f3wienia hurtowe obejmuj\u0105 bezp\u0142atne pr\u00f3bki i elastyczne minimalne ilo\u015bci, co jest idealnym rozwi\u0105zaniem dla startup\u00f3w i uznanych marek.<\/li>\n<li>\u200b<strong>Wsparcie ODM\/OEM<\/strong>:Pe\u0142na personalizacja pojemnik\u00f3w, opakowa\u0144 i akcesori\u00f3w, aby dopasowa\u0107 je do to\u017csamo\u015bci Twojej marki.<\/li>\n<\/ul>\n<p>Idealna do luksusowych linii perfum, edycji limitowanych lub rozmiar\u00f3w podr\u00f3\u017cnych, ta seria \u0142\u0105czy funkcjonalno\u015b\u0107 z kunsztem. Niezale\u017cnie od tego, czy potrzebujesz pustych flakon\u00f3w do perfum na miejscu, czy niestandardowych, hurtowych butelek do globalnej dystrybucji, nasze rozwi\u0105zania usprawni\u0105 Tw\u00f3j proces od projektu po dostaw\u0119.<\/p>\n<p><strong>Zam\u00f3w bezp\u0142atne pr\u00f3bki ju\u017c dzi\u015b<\/strong>\u00a0i przekonaj si\u0119, jak te butelki mog\u0105 zwi\u0119kszy\u0107 atrakcyjno\u015b\u0107 Twoich perfum!<\/p>","protected":false},"excerpt":{"rendered":"<p>Luksusowe, niestandardowe butelki perfum z metalowymi nakr\u0119tkami i kryszta\u0142owym szk\u0142em. Rozwi\u0105zania hurtowe w zakresie butelek z rozpylaczem zapach\u00f3w dla r\u00f3\u017cnych marek. Bezp\u0142atne pr\u00f3bki i wsparcie ODM\/OEM.<\/p>","protected":false},"featured_media":2876,"comment_status":"open","ping_status":"closed","template":"","meta":{"_acf_changed":false,"site-sidebar-layout":"default","site-content-layout":"","ast-site-content-layout":"default","site-content-style":"default","site-sidebar-style":"default","ast-global-header-display":"","ast-banner-title-visibility":"","ast-main-header-display":"","ast-hfb-above-header-display":"","ast-hfb-below-header-display":"","ast-hfb-mobile-header-display":"","site-post-title":"","ast-breadcrumbs-content":"","ast-featured-img":"","footer-sml-layout":"","ast-disable-related-posts":"","theme-transparent-header-meta":"default","adv-header-id-meta":"","stick-header-meta":"","header-above-stick-meta":"","header-main-stick-meta":"","header-below-stick-meta":"","astra-migrate-meta-layouts":"set","ast-page-background-enabled":"default","ast-page-background-meta":{"desktop":{"background-color":"var(--ast-global-color-5)","background-image":"","background-repeat":"repeat","background-position":"center center","background-size":"auto","background-attachment":"scroll","background-type":"","background-media":"","overlay-type":"","overlay-color":"","overlay-opacity":"","overlay-gradient":""},"tablet":{"background-color":"","background-image":"","background-repeat":"repeat","background-position":"center center","background-size":"auto","background-attachment":"scroll","background-type":"","background-media":"","overlay-type":"","overlay-color":"","overlay-opacity":"","overlay-gradient":""},"mobile":{"background-color":"","background-image":"","background-repeat":"repeat","background-position":"center center","background-size":"auto","background-attachment":"scroll","background-type":"","background-media":"","overlay-type":"","overlay-color":"","overlay-opacity":"","overlay-gradient":""}},"ast-content-background-meta":{"desktop":{"background-color":"var(--ast-global-color-4)","background-image":"","background-repeat":"repeat","background-position":"center center","background-size":"auto","background-attachment":"scroll","background-type":"","background-media":"","overlay-type":"","overlay-color":"","overlay-opacity":"","overlay-gradient":""},"tablet":{"background-color":"var(--ast-global-color-4)","background-image":"","background-repeat":"repeat","background-position":"center center","background-size":"auto","background-attachment":"scroll","background-type":"","background-media":"","overlay-type":"","overlay-color":"","overlay-opacity":"","overlay-gradient":""},"mobile":{"background-color":"var(--ast-global-color-4)","background-image":"","background-repeat":"repeat","background-position":"center center","background-size":"auto","background-attachment":"scroll","background-type":"","background-media":"","overlay-type":"","overlay-color":"","overlay-opacity":"","overlay-gradient":""}}},"product_brand":[],"product_cat":[72,41],"product_tag":[],"class_list":{"0":"post-2869","1":"product","2":"type-product","3":"status-publish","4":"has-post-thumbnail","6":"product_cat-cosmetic-packaging","7":"product_cat-perfume-bottles","8":"desktop-align-left","9":"tablet-align-left","10":"mobile-align-left","12":"first","13":"instock","14":"shipping-taxable","15":"product-type-simple"},"acf":[],"jetpack_sharing_enabled":true,"_links":{"self":[{"href":"https:\/\/theperfumebottles.com\/pl\/wp-json\/wp\/v2\/product\/2869","targetHints":{"allow":["GET"]}}],"collection":[{"href":"https:\/\/theperfumebottles.com\/pl\/wp-json\/wp\/v2\/product"}],"about":[{"href":"https:\/\/theperfumebottles.com\/pl\/wp-json\/wp\/v2\/types\/product"}],"replies":[{"embeddable":true,"href":"https:\/\/theperfumebottles.com\/pl\/wp-json\/wp\/v2\/comments?post=2869"}],"wp:featuredmedia":[{"embeddable":true,"href":"https:\/\/theperfumebottles.com\/pl\/wp-json\/wp\/v2\/media\/2876"}],"wp:attachment":[{"href":"https:\/\/theperfumebottles.com\/pl\/wp-json\/wp\/v2\/media?parent=2869"}],"wp:term":[{"taxonomy":"product_brand","embeddable":true,"href":"https:\/\/theperfumebottles.com\/pl\/wp-json\/wp\/v2\/product_brand?post=2869"},{"taxonomy":"product_cat","embeddable":true,"href":"https:\/\/theperfumebottles.com\/pl\/wp-json\/wp\/v2\/product_cat?post=2869"},{"taxonomy":"product_tag","embeddable":true,"href":"https:\/\/theperfumebottles.com\/pl\/wp-json\/wp\/v2\/product_tag?post=2869"}],"curies":[{"name":"wp","href":"https:\/\/api.w.org\/{rel}","templated":true}]}}