{"id":2905,"date":"2025-03-26T08:24:36","date_gmt":"2025-03-26T08:24:36","guid":{"rendered":"https:\/\/theperfumebottles.com\/?post_type=product&#038;p=2905"},"modified":"2025-05-28T18:28:24","modified_gmt":"2025-05-28T10:28:24","slug":"30ml-50ml-100ml-iceberg-unique-perfume-bottles-wholesale","status":"publish","type":"product","link":"https:\/\/theperfumebottles.com\/pl\/produkt\/30ml-50ml-100ml-iceberg-unique-perfume-bottles-wholesale\/","title":{"rendered":"30 ml, 50 ml, 100 ml Iceberg Unique \u2013 hurtowe butelki perfum"},"content":{"rendered":"<p>Dla marek perfum i sprzedawc\u00f3w poszukuj\u0105cych wyj\u0105tkowych flakon\u00f3w, \u0142\u0105cz\u0105cych elegancj\u0119 z wszechstronno\u015bci\u0105, seria Iceberg oferuje wysokiej jako\u015bci szklane flakony o pojemno\u015bci 30 ml, 50 ml i 100 ml. Zaprojektowane z my\u015bl\u0105 o hurtowej sprzeda\u017cy flakon\u00f3w perfum, te puste flakony s\u0105 w pe\u0142ni personalizowane, aby podkre\u015bli\u0107 to\u017csamo\u015b\u0107 Twojej marki.<\/p>\n<table style=\"border-collapse: collapse;margin-left: auto;margin-right: auto;width: 202.53pt\" border=\"0\" width=\"270\" cellspacing=\"0\" cellpadding=\"0\">\n<tbody>\n<tr style=\"height: 15.00pt\">\n<td style=\"height: 15.00pt;width: 67.50pt\" width=\"90\" height=\"20\">\n<p><figure id=\"attachment_2906\" aria-describedby=\"caption-attachment-2906\" style=\"width: 300px\" class=\"wp-caption aligncenter\"><img fetchpriority=\"high\" decoding=\"async\" class=\"size-medium wp-image-2906\" src=\"https:\/\/theperfumebottles.com\/wp-content\/uploads\/2025\/03\/unique-perfume-bottles-HS0201-300x300.webp\" alt=\"wyj\u0105tkowe butelki perfum\" width=\"300\" height=\"300\" srcset=\"https:\/\/theperfumebottles.com\/wp-content\/uploads\/2025\/03\/unique-perfume-bottles-HS0201-300x300.webp 300w, https:\/\/theperfumebottles.com\/wp-content\/uploads\/2025\/03\/unique-perfume-bottles-HS0201-150x150.webp 150w, https:\/\/theperfumebottles.com\/wp-content\/uploads\/2025\/03\/unique-perfume-bottles-HS0201-768x768.webp 768w, https:\/\/theperfumebottles.com\/wp-content\/uploads\/2025\/03\/unique-perfume-bottles-HS0201-12x12.webp 12w, https:\/\/theperfumebottles.com\/wp-content\/uploads\/2025\/03\/unique-perfume-bottles-HS0201-600x600.webp 600w, https:\/\/theperfumebottles.com\/wp-content\/uploads\/2025\/03\/unique-perfume-bottles-HS0201-100x100.webp 100w, https:\/\/theperfumebottles.com\/wp-content\/uploads\/2025\/03\/unique-perfume-bottles-HS0201.webp 1000w\" sizes=\"(max-width: 300px) 100vw, 300px\" \/><figcaption id=\"caption-attachment-2906\" class=\"wp-caption-text\">30 ml<\/figcaption><\/figure><\/td>\n<td style=\"width: 67.50pt\" width=\"90\">\n<p><figure id=\"attachment_2909\" aria-describedby=\"caption-attachment-2909\" style=\"width: 300px\" class=\"wp-caption aligncenter\"><img decoding=\"async\" class=\"size-medium wp-image-2909\" src=\"https:\/\/theperfumebottles.com\/wp-content\/uploads\/2025\/03\/perfume-bottles-wholesale-HS0202-300x300.webp\" alt=\"hurtowa sprzeda\u017c butelek perfum\" width=\"300\" height=\"300\" srcset=\"https:\/\/theperfumebottles.com\/wp-content\/uploads\/2025\/03\/perfume-bottles-wholesale-HS0202-300x300.webp 300w, https:\/\/theperfumebottles.com\/wp-content\/uploads\/2025\/03\/perfume-bottles-wholesale-HS0202-150x150.webp 150w, https:\/\/theperfumebottles.com\/wp-content\/uploads\/2025\/03\/perfume-bottles-wholesale-HS0202-768x768.webp 768w, https:\/\/theperfumebottles.com\/wp-content\/uploads\/2025\/03\/perfume-bottles-wholesale-HS0202-12x12.webp 12w, https:\/\/theperfumebottles.com\/wp-content\/uploads\/2025\/03\/perfume-bottles-wholesale-HS0202-600x600.webp 600w, https:\/\/theperfumebottles.com\/wp-content\/uploads\/2025\/03\/perfume-bottles-wholesale-HS0202-100x100.webp 100w, https:\/\/theperfumebottles.com\/wp-content\/uploads\/2025\/03\/perfume-bottles-wholesale-HS0202.webp 1000w\" sizes=\"(max-width: 300px) 100vw, 300px\" \/><figcaption id=\"caption-attachment-2909\" class=\"wp-caption-text\">50 ml<\/figcaption><\/figure><\/td>\n<td style=\"width: 67.50pt\" width=\"90\">\n<p><figure id=\"attachment_2910\" aria-describedby=\"caption-attachment-2910\" style=\"width: 300px\" class=\"wp-caption aligncenter\"><img decoding=\"async\" class=\"size-medium wp-image-2910\" src=\"https:\/\/theperfumebottles.com\/wp-content\/uploads\/2025\/03\/perfume-bottles-wholesale-HS0203-300x300.webp\" alt=\"hurtowa sprzeda\u017c butelek perfum\" width=\"300\" height=\"300\" srcset=\"https:\/\/theperfumebottles.com\/wp-content\/uploads\/2025\/03\/perfume-bottles-wholesale-HS0203-300x300.webp 300w, https:\/\/theperfumebottles.com\/wp-content\/uploads\/2025\/03\/perfume-bottles-wholesale-HS0203-150x150.webp 150w, https:\/\/theperfumebottles.com\/wp-content\/uploads\/2025\/03\/perfume-bottles-wholesale-HS0203-768x768.webp 768w, https:\/\/theperfumebottles.com\/wp-content\/uploads\/2025\/03\/perfume-bottles-wholesale-HS0203-12x12.webp 12w, https:\/\/theperfumebottles.com\/wp-content\/uploads\/2025\/03\/perfume-bottles-wholesale-HS0203-600x600.webp 600w, https:\/\/theperfumebottles.com\/wp-content\/uploads\/2025\/03\/perfume-bottles-wholesale-HS0203-100x100.webp 100w, https:\/\/theperfumebottles.com\/wp-content\/uploads\/2025\/03\/perfume-bottles-wholesale-HS0203.webp 1000w\" sizes=\"(max-width: 300px) 100vw, 300px\" \/><figcaption id=\"caption-attachment-2910\" class=\"wp-caption-text\">100 ml<\/figcaption><\/figure><\/td>\n<\/tr>\n<\/tbody>\n<\/table>\n<h2>Dane techniczne<\/h2>\n<div class=\"hyc-common-markdown__table-wrapper\">\n<table>\n<thead>\n<tr>\n<th>Model<\/th>\n<th>Pojemno\u015b\u0107<\/th>\n<th>Wymiary (wys. x g\u0142.)<\/th>\n<th>Tworzywo<\/th>\n<th>Opcje kolor\u00f3w<\/th>\n<th>Typ uszczelnienia<\/th>\n<th>Personalizacja<\/th>\n<\/tr>\n<\/thead>\n<tbody>\n<tr>\n<td>PB-HS0201<\/td>\n<td>30 ml<\/td>\n<td>46 * 73 mm<\/td>\n<td>Szk\u0142o kryszta\u0142owe<\/td>\n<td>Szk\u0142o przezroczyste + matowa nasadka<\/td>\n<td>Spray Top<\/td>\n<td>Pokrywka, nadruk, odcie\u0144<\/td>\n<\/tr>\n<tr>\n<td>PB-HS0202<\/td>\n<td>50 ml<\/td>\n<td>51 * 80 mm<\/td>\n<td>Szk\u0142o kryszta\u0142owe<\/td>\n<td>Szk\u0142o przezroczyste + matowa nasadka<\/td>\n<td>Spray Top<\/td>\n<td>Kszta\u0142t, rozmiar, logo<\/td>\n<\/tr>\n<tr>\n<td>PB-HS0203<\/td>\n<td>100 ml<\/td>\n<td>59 * 94 mm<\/td>\n<td>Szk\u0142o kryszta\u0142owe<\/td>\n<td>Szk\u0142o przezroczyste + matowa nasadka<\/td>\n<td>Spray Top<\/td>\n<td>Pe\u0142ne brandingowanie<\/td>\n<\/tr>\n<\/tbody>\n<\/table>\n<\/div>\n<h3><strong>Opcjonalne nakr\u0119tki do butelek:<\/strong><\/h3>\n<p><img loading=\"lazy\" decoding=\"async\" class=\"size-medium wp-image-2961 aligncenter\" src=\"https:\/\/theperfumebottles.com\/wp-content\/uploads\/2025\/04\/perfume-bottle-tops-3-300x164.webp\" alt=\"nakr\u0119tki na butelki perfum\" width=\"300\" height=\"164\" srcset=\"https:\/\/theperfumebottles.com\/wp-content\/uploads\/2025\/04\/perfume-bottle-tops-3-300x164.webp 300w, https:\/\/theperfumebottles.com\/wp-content\/uploads\/2025\/04\/perfume-bottle-tops-3-18x10.webp 18w, https:\/\/theperfumebottles.com\/wp-content\/uploads\/2025\/04\/perfume-bottle-tops-3-600x329.webp 600w, https:\/\/theperfumebottles.com\/wp-content\/uploads\/2025\/04\/perfume-bottle-tops-3.webp 750w\" sizes=\"(max-width: 300px) 100vw, 300px\" \/><\/p>\n<p><img loading=\"lazy\" decoding=\"async\" class=\"size-medium wp-image-2960\" src=\"https:\/\/theperfumebottles.com\/wp-content\/uploads\/2025\/04\/perfume-bottle-tops-2-300x145.webp\" alt=\"nakr\u0119tki na butelki perfum\" width=\"300\" height=\"145\" srcset=\"https:\/\/theperfumebottles.com\/wp-content\/uploads\/2025\/04\/perfume-bottle-tops-2-300x145.webp 300w, https:\/\/theperfumebottles.com\/wp-content\/uploads\/2025\/04\/perfume-bottle-tops-2-18x9.webp 18w, https:\/\/theperfumebottles.com\/wp-content\/uploads\/2025\/04\/perfume-bottle-tops-2-600x290.webp 600w, https:\/\/theperfumebottles.com\/wp-content\/uploads\/2025\/04\/perfume-bottle-tops-2.webp 750w\" sizes=\"(max-width: 300px) 100vw, 300px\" \/><\/p>\n<p><img loading=\"lazy\" decoding=\"async\" class=\"size-medium wp-image-2959 aligncenter\" src=\"https:\/\/theperfumebottles.com\/wp-content\/uploads\/2025\/04\/perfume-bottle-tops-1-300x224.webp\" alt=\"nakr\u0119tki na butelki perfum\" width=\"300\" height=\"224\" srcset=\"https:\/\/theperfumebottles.com\/wp-content\/uploads\/2025\/04\/perfume-bottle-tops-1-300x224.webp 300w, https:\/\/theperfumebottles.com\/wp-content\/uploads\/2025\/04\/perfume-bottle-tops-1-16x12.webp 16w, https:\/\/theperfumebottles.com\/wp-content\/uploads\/2025\/04\/perfume-bottle-tops-1-600x447.webp 600w, https:\/\/theperfumebottles.com\/wp-content\/uploads\/2025\/04\/perfume-bottle-tops-1.webp 746w\" sizes=\"(max-width: 300px) 100vw, 300px\" \/><\/p>\n<h2>Dlaczego warto wybra\u0107 seri\u0119 Iceberg?<\/h2>\n<ul>\n<li><strong>Ekonomiczny i wydajny:<\/strong> Dostarczamy rozwi\u0105zania w zakresie opakowa\u0144 zbiorczych, kt\u00f3re spe\u0142niaj\u0105 potrzeby zar\u00f3wno nowych marek, jak i dojrza\u0142ych przedsi\u0119biorstw.<\/li>\n<li><strong>Adaptacja wieloscenariuszowa:<\/strong> zestawy podr\u00f3\u017cne, wody po goleniu lub ekskluzywne zapachy, elastyczne, aby sprosta\u0107 r\u00f3\u017cnorodnym liniom produkt\u00f3w.<\/li>\n<li><strong>Starannie dobrane materia\u0142y:<\/strong> szk\u0142o niet\u0142uk\u0105ce + pow\u0142oka zabezpieczaj\u0105ca przed zarysowaniami, trwa\u0142e i bezpieczne.<\/li>\n<\/ul>\n<h2>Dostosowywanie w centrum uwagi<\/h2>\n<ul>\n<li>\u200b<strong>Materia\u0142y na czapki<\/strong>:Wyko\u0144czenia matowe, metaliczne lub imituj\u0105ce drewno.<\/li>\n<li>\u200b<strong>Obr\u00f3bka powierzchni<\/strong>:Mro\u017cone gradienty, galwanizowane akcenty lub b\u0142yszcz\u0105ce spraye.<\/li>\n<li>\u200b<strong>Elastyczno\u015b\u0107 pojemno\u015bci<\/strong>:Idealny do niszowych pr\u00f3bek o pojemno\u015bci 30 ml lub flagowych kolekcji o pojemno\u015bci 100 ml.<\/li>\n<\/ul>\n<p>Ulepsz swoj\u0105 lini\u0119 zapach\u00f3w dzi\u0119ki wyj\u0105tkowym flakonom zaprojektowanym z my\u015bl\u0105 o zachwycie. Seria Iceberg \u0142\u0105czy elegancj\u0119 i wszechstronno\u015b\u0107, co czyni j\u0105 najlepszym wyborem dla marek, kt\u00f3re stawiaj\u0105 na luksusowe opakowania i efektywno\u015b\u0107 sprzeda\u017cy hurtowej.<\/p>\n<p><strong>Skontaktuj si\u0119 z nami ju\u017c dzi\u015b, aby zam\u00f3wi\u0107 pr\u00f3bki lub om\u00f3wi\u0107 zam\u00f3wienia hurtowe!<\/strong><\/p>","protected":false},"excerpt":{"rendered":"<p>Odkryj wyj\u0105tkowe butelki perfum z serii Iceberg w hurtowej sprzeda\u017cy! Wysokiej jako\u015bci szk\u0142o kryszta\u0142owe, personalizowane wzory i rozwi\u0105zania w zakresie opakowa\u0144 zbiorczych dla luksusowych marek perfum.<\/p>","protected":false},"featured_media":2909,"comment_status":"open","ping_status":"closed","template":"","meta":{"_acf_changed":false,"site-sidebar-layout":"default","site-content-layout":"","ast-site-content-layout":"default","site-content-style":"default","site-sidebar-style":"default","ast-global-header-display":"","ast-banner-title-visibility":"","ast-main-header-display":"","ast-hfb-above-header-display":"","ast-hfb-below-header-display":"","ast-hfb-mobile-header-display":"","site-post-title":"","ast-breadcrumbs-content":"","ast-featured-img":"","footer-sml-layout":"","ast-disable-related-posts":"","theme-transparent-header-meta":"default","adv-header-id-meta":"","stick-header-meta":"","header-above-stick-meta":"","header-main-stick-meta":"","header-below-stick-meta":"","astra-migrate-meta-layouts":"set","ast-page-background-enabled":"default","ast-page-background-meta":{"desktop":{"background-color":"var(--ast-global-color-5)","background-image":"","background-repeat":"repeat","background-position":"center center","background-size":"auto","background-attachment":"scroll","background-type":"","background-media":"","overlay-type":"","overlay-color":"","overlay-opacity":"","overlay-gradient":""},"tablet":{"background-color":"","background-image":"","background-repeat":"repeat","background-position":"center center","background-size":"auto","background-attachment":"scroll","background-type":"","background-media":"","overlay-type":"","overlay-color":"","overlay-opacity":"","overlay-gradient":""},"mobile":{"background-color":"","background-image":"","background-repeat":"repeat","background-position":"center center","background-size":"auto","background-attachment":"scroll","background-type":"","background-media":"","overlay-type":"","overlay-color":"","overlay-opacity":"","overlay-gradient":""}},"ast-content-background-meta":{"desktop":{"background-color":"var(--ast-global-color-4)","background-image":"","background-repeat":"repeat","background-position":"center center","background-size":"auto","background-attachment":"scroll","background-type":"","background-media":"","overlay-type":"","overlay-color":"","overlay-opacity":"","overlay-gradient":""},"tablet":{"background-color":"var(--ast-global-color-4)","background-image":"","background-repeat":"repeat","background-position":"center center","background-size":"auto","background-attachment":"scroll","background-type":"","background-media":"","overlay-type":"","overlay-color":"","overlay-opacity":"","overlay-gradient":""},"mobile":{"background-color":"var(--ast-global-color-4)","background-image":"","background-repeat":"repeat","background-position":"center center","background-size":"auto","background-attachment":"scroll","background-type":"","background-media":"","overlay-type":"","overlay-color":"","overlay-opacity":"","overlay-gradient":""}}},"product_brand":[],"product_cat":[72,41],"product_tag":[],"class_list":{"0":"post-2905","1":"product","2":"type-product","3":"status-publish","4":"has-post-thumbnail","6":"product_cat-cosmetic-packaging","7":"product_cat-perfume-bottles","8":"desktop-align-left","9":"tablet-align-left","10":"mobile-align-left","12":"first","13":"instock","14":"shipping-taxable","15":"product-type-simple"},"acf":[],"jetpack_sharing_enabled":true,"_links":{"self":[{"href":"https:\/\/theperfumebottles.com\/pl\/wp-json\/wp\/v2\/product\/2905","targetHints":{"allow":["GET"]}}],"collection":[{"href":"https:\/\/theperfumebottles.com\/pl\/wp-json\/wp\/v2\/product"}],"about":[{"href":"https:\/\/theperfumebottles.com\/pl\/wp-json\/wp\/v2\/types\/product"}],"replies":[{"embeddable":true,"href":"https:\/\/theperfumebottles.com\/pl\/wp-json\/wp\/v2\/comments?post=2905"}],"wp:featuredmedia":[{"embeddable":true,"href":"https:\/\/theperfumebottles.com\/pl\/wp-json\/wp\/v2\/media\/2909"}],"wp:attachment":[{"href":"https:\/\/theperfumebottles.com\/pl\/wp-json\/wp\/v2\/media?parent=2905"}],"wp:term":[{"taxonomy":"product_brand","embeddable":true,"href":"https:\/\/theperfumebottles.com\/pl\/wp-json\/wp\/v2\/product_brand?post=2905"},{"taxonomy":"product_cat","embeddable":true,"href":"https:\/\/theperfumebottles.com\/pl\/wp-json\/wp\/v2\/product_cat?post=2905"},{"taxonomy":"product_tag","embeddable":true,"href":"https:\/\/theperfumebottles.com\/pl\/wp-json\/wp\/v2\/product_tag?post=2905"}],"curies":[{"name":"wp","href":"https:\/\/api.w.org\/{rel}","templated":true}]}}