{"id":2915,"date":"2025-03-26T09:33:10","date_gmt":"2025-03-26T09:33:10","guid":{"rendered":"https:\/\/theperfumebottles.com\/?post_type=product&#038;p=2915"},"modified":"2025-05-27T15:12:42","modified_gmt":"2025-05-27T07:12:42","slug":"30ml-50ml-most-beautiful-perfume-bottles-with-ball-tops","status":"publish","type":"product","link":"https:\/\/theperfumebottles.com\/pl\/produkt\/30ml-50ml-most-beautiful-perfume-bottles-with-ball-tops\/","title":{"rendered":"30 ml 50 ml Najpi\u0119kniejsze flakony perfum z kulkami"},"content":{"rendered":"<p>Dla marek i sprzedawc\u00f3w pragn\u0105cych oczarowa\u0107 klient\u00f3w pi\u0119knymi flakonami perfum, nasza seria najpi\u0119kniejszych flakon\u00f3w perfum (modele PB-GK0301 i PB-GK0302) \u0142\u0105czy elegancj\u0119, trwa\u0142o\u015b\u0107 i personalizacj\u0119, aby udoskonali\u0107 lini\u0119 perfum, w\u00f3d kolo\u0144skich lub wody po goleniu. Zaprojektowane z my\u015bl\u0105 o brandingu premium, te szklane pojemniki zosta\u0142y zaprojektowane tak, aby wyeksponowa\u0107 Tw\u00f3j zapach z niezr\u00f3wnan\u0105 elegancj\u0105.<\/p>\n<h2>Najwa\u017cniejsze specyfikacje w skr\u00f3cie<\/h2>\n<div class=\"hyc-common-markdown__table-wrapper\">\n<table>\n<thead>\n<tr>\n<th>\u200b<strong>Model<\/strong><\/th>\n<th>PB-GK0301<\/th>\n<th>PB-GK0302<\/th>\n<\/tr>\n<\/thead>\n<tbody>\n<tr>\n<td>\u200b<strong>Pojemno\u015b\u0107<\/strong><\/td>\n<td>50 ml<\/td>\n<td>100 ml<\/td>\n<\/tr>\n<tr>\n<td>\u200b<strong>Wymiary<\/strong><\/td>\n<td>39\u00d749\u00d7119 mm<\/td>\n<td>45\u00d755\u00d7130 mm<\/td>\n<\/tr>\n<tr>\n<td>\u200b<strong>Tworzywo<\/strong><\/td>\n<td>Szk\u0142o kryszta\u0142owe<\/td>\n<td>Szk\u0142o kryszta\u0142owe<\/td>\n<\/tr>\n<tr>\n<td>\u200b<strong>Kolory czapek<\/strong><\/td>\n<td>Niebieski\/Bia\u0142y\/Niestandardowy<\/td>\n<td>Niebieski\/Bia\u0142y\/Niestandardowy<\/td>\n<\/tr>\n<tr>\n<td>\u200b<strong>Typ uszczelnienia<\/strong><\/td>\n<td>Spray Top<\/td>\n<td>Spray Top<\/td>\n<\/tr>\n<\/tbody>\n<\/table>\n<\/div>\n<h2>Dlaczego nasze flakony perfum s\u0105 zgodne z celami Twojej marki<\/h2>\n<ul>\n<li>\u200b<strong>Branding niestandardowy<\/strong>:Przekszta\u0142\u0107 puste butelki perfum w wyj\u0105tkowe przedmioty za pomoc\u0105 grawerunku logo, niestandardowych kolor\u00f3w nakr\u0119tek lub spersonalizowanych etykiet.<\/li>\n<li>\u200b<strong>Opakowanie premium<\/strong>:Szklana obudowa i atomizer nawi\u0105zuj\u0105 do luksusowej estetyki i idealnie nadaj\u0105 si\u0119 do ekskluzywnych perfum, w\u00f3d po goleniu i w\u00f3d kolo\u0144skich.<\/li>\n<li>\u200b<strong>Wydajno\u015b\u0107 masowa<\/strong>Jako zaufany producent oferujemy konkurencyjne ceny hurtowe i bezpieczn\u0105 wysy\u0142k\u0119, aby wesprze\u0107 hurtownik\u00f3w i startupy.<\/li>\n<\/ul>\n<h2>Idealny dla:<\/h2>\n<p>\u200b<strong>Marki luksusowe<\/strong>:Podnie\u015b sw\u00f3j poziom<strong>zapach<\/strong>\u00a0linia z<strong>eleganckie opakowanie<\/strong>\u00a0co \u015bwiadczy o najwy\u017cszej jako\u015bci.<br \/>\n<strong>Przyjazne podr\u00f3\u017com:<\/strong> Wykwintna i kompaktowa butelka o pojemno\u015bci 50 ml z \u0142atwo\u015bci\u0105 zmie\u015bci si\u0119 w torebce, zapewniaj\u0105c elegancki wygl\u0105d w podr\u00f3\u017cy.<br \/>\n\u200b<strong>Marki w\u0142asne<\/strong>: Stw\u00f3rz<strong>unikalny<\/strong>\u00a0branding z mo\u017cliwo\u015bci\u0105 personalizacji<strong>pojemniki<\/strong>\u00a0dla rynk\u00f3w niszowych.<\/p>\n<p><strong>Zosta\u0144 naszym partnerem ju\u017c dzi\u015b<\/strong><br \/>\nWyr\u00f3\u017cnij si\u0119 na konkurencyjnym rynku perfum dzi\u0119ki<strong>pi\u0119kne butelki perfum<\/strong>\u00a0Zaprojektowane, by robi\u0107 wra\u017cenie. Zam\u00f3w pr\u00f3bki lub om\u00f3w zam\u00f3wienia hurtowe ju\u017c teraz, aby uwolni\u0107 potencja\u0142 swojej marki!<\/p>","protected":false},"excerpt":{"rendered":"<p>Odkryj najpi\u0119kniejsze flakony perfum luksusowych marek. Wysokiej jako\u015bci kryszta\u0142owe butelki o pojemno\u015bci 50 ml i 100 ml, personalizowane nakr\u0119tki i mo\u017cliwo\u015b\u0107 zam\u00f3wienia hurtowego.<\/p>","protected":false},"featured_media":2918,"comment_status":"open","ping_status":"closed","template":"","meta":{"_acf_changed":false,"site-sidebar-layout":"default","site-content-layout":"","ast-site-content-layout":"default","site-content-style":"default","site-sidebar-style":"default","ast-global-header-display":"","ast-banner-title-visibility":"","ast-main-header-display":"","ast-hfb-above-header-display":"","ast-hfb-below-header-display":"","ast-hfb-mobile-header-display":"","site-post-title":"","ast-breadcrumbs-content":"","ast-featured-img":"","footer-sml-layout":"","ast-disable-related-posts":"","theme-transparent-header-meta":"default","adv-header-id-meta":"","stick-header-meta":"","header-above-stick-meta":"","header-main-stick-meta":"","header-below-stick-meta":"","astra-migrate-meta-layouts":"set","ast-page-background-enabled":"default","ast-page-background-meta":{"desktop":{"background-color":"var(--ast-global-color-5)","background-image":"","background-repeat":"repeat","background-position":"center center","background-size":"auto","background-attachment":"scroll","background-type":"","background-media":"","overlay-type":"","overlay-color":"","overlay-opacity":"","overlay-gradient":""},"tablet":{"background-color":"","background-image":"","background-repeat":"repeat","background-position":"center center","background-size":"auto","background-attachment":"scroll","background-type":"","background-media":"","overlay-type":"","overlay-color":"","overlay-opacity":"","overlay-gradient":""},"mobile":{"background-color":"","background-image":"","background-repeat":"repeat","background-position":"center center","background-size":"auto","background-attachment":"scroll","background-type":"","background-media":"","overlay-type":"","overlay-color":"","overlay-opacity":"","overlay-gradient":""}},"ast-content-background-meta":{"desktop":{"background-color":"var(--ast-global-color-4)","background-image":"","background-repeat":"repeat","background-position":"center center","background-size":"auto","background-attachment":"scroll","background-type":"","background-media":"","overlay-type":"","overlay-color":"","overlay-opacity":"","overlay-gradient":""},"tablet":{"background-color":"var(--ast-global-color-4)","background-image":"","background-repeat":"repeat","background-position":"center center","background-size":"auto","background-attachment":"scroll","background-type":"","background-media":"","overlay-type":"","overlay-color":"","overlay-opacity":"","overlay-gradient":""},"mobile":{"background-color":"var(--ast-global-color-4)","background-image":"","background-repeat":"repeat","background-position":"center center","background-size":"auto","background-attachment":"scroll","background-type":"","background-media":"","overlay-type":"","overlay-color":"","overlay-opacity":"","overlay-gradient":""}}},"product_brand":[],"product_cat":[72,41],"product_tag":[],"class_list":{"0":"post-2915","1":"product","2":"type-product","3":"status-publish","4":"has-post-thumbnail","6":"product_cat-cosmetic-packaging","7":"product_cat-perfume-bottles","8":"desktop-align-left","9":"tablet-align-left","10":"mobile-align-left","12":"first","13":"instock","14":"shipping-taxable","15":"product-type-simple"},"acf":[],"jetpack_sharing_enabled":true,"_links":{"self":[{"href":"https:\/\/theperfumebottles.com\/pl\/wp-json\/wp\/v2\/product\/2915","targetHints":{"allow":["GET"]}}],"collection":[{"href":"https:\/\/theperfumebottles.com\/pl\/wp-json\/wp\/v2\/product"}],"about":[{"href":"https:\/\/theperfumebottles.com\/pl\/wp-json\/wp\/v2\/types\/product"}],"replies":[{"embeddable":true,"href":"https:\/\/theperfumebottles.com\/pl\/wp-json\/wp\/v2\/comments?post=2915"}],"wp:featuredmedia":[{"embeddable":true,"href":"https:\/\/theperfumebottles.com\/pl\/wp-json\/wp\/v2\/media\/2918"}],"wp:attachment":[{"href":"https:\/\/theperfumebottles.com\/pl\/wp-json\/wp\/v2\/media?parent=2915"}],"wp:term":[{"taxonomy":"product_brand","embeddable":true,"href":"https:\/\/theperfumebottles.com\/pl\/wp-json\/wp\/v2\/product_brand?post=2915"},{"taxonomy":"product_cat","embeddable":true,"href":"https:\/\/theperfumebottles.com\/pl\/wp-json\/wp\/v2\/product_cat?post=2915"},{"taxonomy":"product_tag","embeddable":true,"href":"https:\/\/theperfumebottles.com\/pl\/wp-json\/wp\/v2\/product_tag?post=2915"}],"curies":[{"name":"wp","href":"https:\/\/api.w.org\/{rel}","templated":true}]}}