{"id":2921,"date":"2025-03-27T04:16:02","date_gmt":"2025-03-27T04:16:02","guid":{"rendered":"https:\/\/theperfumebottles.com\/?post_type=product&#038;p=2921"},"modified":"2025-04-18T02:10:27","modified_gmt":"2025-04-18T02:10:27","slug":"best-perfume-bottles-with-orb-tops","status":"publish","type":"product","link":"https:\/\/theperfumebottles.com\/pl\/produkt\/best-perfume-bottles-with-orb-tops\/","title":{"rendered":"30 ml, 50 ml, 100 ml \u2013 najlepsze kryszta\u0142owe butelki perfum z nakr\u0119tkami Orb"},"content":{"rendered":"<p>Nasze flakony perfum Orb s\u0105 pi\u0119kne i szykowne, wykonane z wysokiej jako\u015bci szk\u0142a kryszta\u0142owego. S\u0105 zar\u00f3wno pi\u0119kne, jak i praktyczne. Idealne zar\u00f3wno do perfum premium, jak i niszowych.<\/p>\n<table style=\"border-collapse: collapse; margin-left: auto; margin-right: auto; width: 202.53pt;\" border=\"0\" width=\"270\" cellspacing=\"0\" cellpadding=\"0\">\n<tbody>\n<tr style=\"height: 15.00pt;\">\n<td style=\"height: 15.00pt; width: 67.50pt;\" width=\"90\" height=\"20\">\n<p><figure id=\"attachment_2923\" aria-describedby=\"caption-attachment-2923\" style=\"width: 300px\" class=\"wp-caption aligncenter\"><img fetchpriority=\"high\" decoding=\"async\" class=\"size-medium wp-image-2923\" src=\"https:\/\/theperfumebottles.com\/wp-content\/uploads\/2025\/03\/best-perfume-bottles-GK0401-300x300.webp\" alt=\"najlepsze butelki perfum\" width=\"300\" height=\"300\" srcset=\"https:\/\/theperfumebottles.com\/wp-content\/uploads\/2025\/03\/best-perfume-bottles-GK0401-300x300.webp 300w, https:\/\/theperfumebottles.com\/wp-content\/uploads\/2025\/03\/best-perfume-bottles-GK0401-150x150.webp 150w, https:\/\/theperfumebottles.com\/wp-content\/uploads\/2025\/03\/best-perfume-bottles-GK0401-768x768.webp 768w, https:\/\/theperfumebottles.com\/wp-content\/uploads\/2025\/03\/best-perfume-bottles-GK0401-12x12.webp 12w, https:\/\/theperfumebottles.com\/wp-content\/uploads\/2025\/03\/best-perfume-bottles-GK0401-600x600.webp 600w, https:\/\/theperfumebottles.com\/wp-content\/uploads\/2025\/03\/best-perfume-bottles-GK0401-100x100.webp 100w, https:\/\/theperfumebottles.com\/wp-content\/uploads\/2025\/03\/best-perfume-bottles-GK0401.webp 1000w\" sizes=\"(max-width: 300px) 100vw, 300px\" \/><figcaption id=\"caption-attachment-2923\" class=\"wp-caption-text\">30 ml<\/figcaption><\/figure><\/td>\n<td style=\"width: 67.50pt;\" width=\"90\">\n<p><figure id=\"attachment_2926\" aria-describedby=\"caption-attachment-2926\" style=\"width: 300px\" class=\"wp-caption aligncenter\"><img decoding=\"async\" class=\"size-medium wp-image-2926\" src=\"https:\/\/theperfumebottles.com\/wp-content\/uploads\/2025\/03\/crystal-perfume-bottles-GK0402-300x300.webp\" alt=\"kryszta\u0142owe butelki perfum\" width=\"300\" height=\"300\" srcset=\"https:\/\/theperfumebottles.com\/wp-content\/uploads\/2025\/03\/crystal-perfume-bottles-GK0402-300x300.webp 300w, https:\/\/theperfumebottles.com\/wp-content\/uploads\/2025\/03\/crystal-perfume-bottles-GK0402-150x150.webp 150w, https:\/\/theperfumebottles.com\/wp-content\/uploads\/2025\/03\/crystal-perfume-bottles-GK0402-768x768.webp 768w, https:\/\/theperfumebottles.com\/wp-content\/uploads\/2025\/03\/crystal-perfume-bottles-GK0402-12x12.webp 12w, https:\/\/theperfumebottles.com\/wp-content\/uploads\/2025\/03\/crystal-perfume-bottles-GK0402-600x600.webp 600w, https:\/\/theperfumebottles.com\/wp-content\/uploads\/2025\/03\/crystal-perfume-bottles-GK0402-100x100.webp 100w, https:\/\/theperfumebottles.com\/wp-content\/uploads\/2025\/03\/crystal-perfume-bottles-GK0402.webp 1024w\" sizes=\"(max-width: 300px) 100vw, 300px\" \/><figcaption id=\"caption-attachment-2926\" class=\"wp-caption-text\">50 ml<\/figcaption><\/figure><\/td>\n<td style=\"width: 67.50pt;\" width=\"90\">\n<p><figure id=\"attachment_2927\" aria-describedby=\"caption-attachment-2927\" style=\"width: 300px\" class=\"wp-caption aligncenter\"><img decoding=\"async\" class=\"size-medium wp-image-2927\" src=\"https:\/\/theperfumebottles.com\/wp-content\/uploads\/2025\/03\/crystal-perfume-bottles-GK0403-300x300.webp\" alt=\"kryszta\u0142owe butelki perfum\" width=\"300\" height=\"300\" srcset=\"https:\/\/theperfumebottles.com\/wp-content\/uploads\/2025\/03\/crystal-perfume-bottles-GK0403-300x300.webp 300w, https:\/\/theperfumebottles.com\/wp-content\/uploads\/2025\/03\/crystal-perfume-bottles-GK0403-150x150.webp 150w, https:\/\/theperfumebottles.com\/wp-content\/uploads\/2025\/03\/crystal-perfume-bottles-GK0403-768x768.webp 768w, https:\/\/theperfumebottles.com\/wp-content\/uploads\/2025\/03\/crystal-perfume-bottles-GK0403-12x12.webp 12w, https:\/\/theperfumebottles.com\/wp-content\/uploads\/2025\/03\/crystal-perfume-bottles-GK0403-600x600.webp 600w, https:\/\/theperfumebottles.com\/wp-content\/uploads\/2025\/03\/crystal-perfume-bottles-GK0403-100x100.webp 100w, https:\/\/theperfumebottles.com\/wp-content\/uploads\/2025\/03\/crystal-perfume-bottles-GK0403.webp 1024w\" sizes=\"(max-width: 300px) 100vw, 300px\" \/><figcaption id=\"caption-attachment-2927\" class=\"wp-caption-text\">100 ml<\/figcaption><\/figure><\/td>\n<\/tr>\n<\/tbody>\n<\/table>\n<h2>Kluczowe specyfikacje<\/h2>\n<div class=\"hyc-common-markdown__table-wrapper\">\n<table>\n<thead>\n<tr>\n<th>Model<\/th>\n<th>Pojemno\u015b\u0107<\/th>\n<th>Wymiary (wys. x g\u0142.)<\/th>\n<th>Opcje czapki<\/th>\n<th>Typ uszczelnienia<\/th>\n<\/tr>\n<\/thead>\n<tbody>\n<tr>\n<td>PB-GK0401<\/td>\n<td>30 ml<\/td>\n<td>42 * 73 mm<\/td>\n<td>Z\u0142oty\/Srebrny\/Czarny<\/td>\n<td>Spray Top<\/td>\n<\/tr>\n<tr>\n<td>PB-GK0402<\/td>\n<td>50 ml<\/td>\n<td>45 * 88 mm<\/td>\n<td>Z\u0142oty\/Srebrny\/Czarny<\/td>\n<td>Spray Top<\/td>\n<\/tr>\n<tr>\n<td>PB-GK0403<\/td>\n<td>100 ml<\/td>\n<td>56 * 101 mm<\/td>\n<td>Z\u0142oty\/Srebrny\/Czarny<\/td>\n<td>Spray Top<\/td>\n<\/tr>\n<\/tbody>\n<\/table>\n<\/div>\n<h2>Personalizacja: Stw\u00f3rz co\u015b wyj\u0105tkowego dla siebie<\/h2>\n<p>Puste flakony perfum z serii Orb zosta\u0142y zaprojektowane dla marek poszukuj\u0105cych wyj\u0105tkowego opakowania, kt\u00f3re b\u0119dzie zgodne z ich to\u017csamo\u015bci\u0105:<\/p>\n<ul>\n<li>\u200b<strong>Personalizacja czapki<\/strong>: Wybierz wyko\u0144czenie (matowe, metaliczne, mro\u017cone) i materia\u0142y (\u017cywica, aluminium).<\/li>\n<li>\u200b<strong>Powierzchnia butelki<\/strong>: Wybierz pow\u0142ok\u0119 UV, efekty gradientowe lub pe\u0142n\u0105 przezroczysto\u015b\u0107.<\/li>\n<li>\u200b<strong>Branding<\/strong>:Dodaj logo poprzez t\u0142oczenie na gor\u0105co, sitodruk lub grawerowanie.<\/li>\n<li>\u200b<strong>Dopasowanie kolor\u00f3w<\/strong>:Dopasuj butelk\u0119 i nakr\u0119tk\u0119 do palety barw swojej marki.<\/li>\n<\/ul>\n<hr \/>\n<h2>Dlaczego warto wybra\u0107 seri\u0119 Orb?<\/h2>\n<p>Te kryszta\u0142owe flakony na perfumy to co\u015b wi\u0119cej ni\u017c puste butelki z atomizerem \u2013 to strategiczna inwestycja w wizerunek Twojej marki premium. Idealne dla<strong>cielsko<\/strong>\u00a0Zam\u00f3wienia, seria Orb oferuje:<\/p>\n<ul>\n<li>\u200b<strong>Luksusowy urok<\/strong>:Grube szk\u0142o i kulista konstrukcja czapki przyci\u0105gaj\u0105 uwag\u0119 na konkurencyjnych rynkach.<\/li>\n<li>\u200b<strong>Trwa\u0142o\u015b\u0107<\/strong>:Szk\u0142o kryszta\u0142owe jest odporne na zarysowania i zachowuje przejrzysto\u015b\u0107 przez d\u0142ugi czas.<\/li>\n<li>\u200b<strong>Elastyczno\u015b\u0107<\/strong>:Dostosuj okr\u0105g\u0142y kszta\u0142t flakonu perfum, szyjk\u0119 lub podstaw\u0119 do swoich potrzeb estetycznych.<\/li>\n<\/ul>\n<h3><strong>Dla marek wymagaj\u0105cych doskona\u0142o\u015bci<\/strong><\/h3>\n<p>Niezale\u017cnie od tego, czy jeste\u015b perfumiarzem niszowym, czy globalnym domem luksusowych perfum, flakony na perfumy z serii Orb to po\u0142\u0105czenie elegancji i funkcjonalno\u015bci. Idealne do brandingu luksusowych perfum, w\u00f3d kolo\u0144skich lub olejk\u00f3w do piel\u0119gnacji sk\u00f3ry, te pojemniki zamieniaj\u0105 codzienne opakowania w co\u015b, co tworzy histori\u0119.<\/p>\n<p><strong>Z\u0142\u00f3\u017c zam\u00f3wienie hurtowe ju\u017c dzi\u015b<\/strong>\u00a0i pozw\u00f3l, aby Tw\u00f3j zapach rozb\u0142ysn\u0105\u0142 w najlepszych flakonach perfum na rynku.<\/p>","protected":false},"excerpt":{"rendered":"<p>Odkryj nasze najlepsze flakony perfum \u2013 kryszta\u0142owe, okr\u0105g\u0142e, zwie\u0144czone nakr\u0119tkami w kszta\u0142cie kul. Personalizowane, luksusowe szklane pojemniki do brandingu i zam\u00f3wie\u0144 hurtowych.<\/p>","protected":false},"featured_media":2926,"comment_status":"open","ping_status":"closed","template":"","meta":{"_acf_changed":false,"site-sidebar-layout":"default","site-content-layout":"","ast-site-content-layout":"default","site-content-style":"default","site-sidebar-style":"default","ast-global-header-display":"","ast-banner-title-visibility":"","ast-main-header-display":"","ast-hfb-above-header-display":"","ast-hfb-below-header-display":"","ast-hfb-mobile-header-display":"","site-post-title":"","ast-breadcrumbs-content":"","ast-featured-img":"","footer-sml-layout":"","ast-disable-related-posts":"","theme-transparent-header-meta":"default","adv-header-id-meta":"","stick-header-meta":"","header-above-stick-meta":"","header-main-stick-meta":"","header-below-stick-meta":"","astra-migrate-meta-layouts":"set","ast-page-background-enabled":"default","ast-page-background-meta":{"desktop":{"background-color":"var(--ast-global-color-5)","background-image":"","background-repeat":"repeat","background-position":"center center","background-size":"auto","background-attachment":"scroll","background-type":"","background-media":"","overlay-type":"","overlay-color":"","overlay-opacity":"","overlay-gradient":""},"tablet":{"background-color":"","background-image":"","background-repeat":"repeat","background-position":"center center","background-size":"auto","background-attachment":"scroll","background-type":"","background-media":"","overlay-type":"","overlay-color":"","overlay-opacity":"","overlay-gradient":""},"mobile":{"background-color":"","background-image":"","background-repeat":"repeat","background-position":"center center","background-size":"auto","background-attachment":"scroll","background-type":"","background-media":"","overlay-type":"","overlay-color":"","overlay-opacity":"","overlay-gradient":""}},"ast-content-background-meta":{"desktop":{"background-color":"var(--ast-global-color-4)","background-image":"","background-repeat":"repeat","background-position":"center center","background-size":"auto","background-attachment":"scroll","background-type":"","background-media":"","overlay-type":"","overlay-color":"","overlay-opacity":"","overlay-gradient":""},"tablet":{"background-color":"var(--ast-global-color-4)","background-image":"","background-repeat":"repeat","background-position":"center center","background-size":"auto","background-attachment":"scroll","background-type":"","background-media":"","overlay-type":"","overlay-color":"","overlay-opacity":"","overlay-gradient":""},"mobile":{"background-color":"var(--ast-global-color-4)","background-image":"","background-repeat":"repeat","background-position":"center center","background-size":"auto","background-attachment":"scroll","background-type":"","background-media":"","overlay-type":"","overlay-color":"","overlay-opacity":"","overlay-gradient":""}}},"product_brand":[],"product_cat":[41,72,91],"product_tag":[],"class_list":{"0":"post-2921","1":"product","2":"type-product","3":"status-publish","4":"has-post-thumbnail","6":"product_cat-perfume-bottles","7":"product_cat-cosmetic-packaging","8":"product_cat-custom-perfume-bottles","9":"desktop-align-left","10":"tablet-align-left","11":"mobile-align-left","13":"first","14":"instock","15":"shipping-taxable","16":"product-type-simple"},"acf":[],"jetpack_sharing_enabled":true,"_links":{"self":[{"href":"https:\/\/theperfumebottles.com\/pl\/wp-json\/wp\/v2\/product\/2921","targetHints":{"allow":["GET"]}}],"collection":[{"href":"https:\/\/theperfumebottles.com\/pl\/wp-json\/wp\/v2\/product"}],"about":[{"href":"https:\/\/theperfumebottles.com\/pl\/wp-json\/wp\/v2\/types\/product"}],"replies":[{"embeddable":true,"href":"https:\/\/theperfumebottles.com\/pl\/wp-json\/wp\/v2\/comments?post=2921"}],"wp:featuredmedia":[{"embeddable":true,"href":"https:\/\/theperfumebottles.com\/pl\/wp-json\/wp\/v2\/media\/2926"}],"wp:attachment":[{"href":"https:\/\/theperfumebottles.com\/pl\/wp-json\/wp\/v2\/media?parent=2921"}],"wp:term":[{"taxonomy":"product_brand","embeddable":true,"href":"https:\/\/theperfumebottles.com\/pl\/wp-json\/wp\/v2\/product_brand?post=2921"},{"taxonomy":"product_cat","embeddable":true,"href":"https:\/\/theperfumebottles.com\/pl\/wp-json\/wp\/v2\/product_cat?post=2921"},{"taxonomy":"product_tag","embeddable":true,"href":"https:\/\/theperfumebottles.com\/pl\/wp-json\/wp\/v2\/product_tag?post=2921"}],"curies":[{"name":"wp","href":"https:\/\/api.w.org\/{rel}","templated":true}]}}