{"id":2943,"date":"2025-04-01T07:30:00","date_gmt":"2025-04-01T07:30:00","guid":{"rendered":"https:\/\/theperfumebottles.com\/?post_type=product&#038;p=2943"},"modified":"2025-04-18T01:46:50","modified_gmt":"2025-04-18T01:46:50","slug":"30ml-50ml-100ml-perfume-empty-spray-bottles-with-spherical-caps","status":"publish","type":"product","link":"https:\/\/theperfumebottles.com\/pl\/produkt\/30ml-50ml-100ml-perfume-empty-spray-bottles-with-spherical-caps\/","title":{"rendered":"30 ml, 50 ml, 100 ml, puste butelki z rozpylaczem do perfum z kulistymi nakr\u0119tkami"},"content":{"rendered":"<p>Nasza seria butelek na perfumy GK07 jest jednocze\u015bnie artystyczna i praktyczna, odpowiednia dla r\u00f3\u017cnych marek, a opcje personalizacji podkre\u015blaj\u0105 urok marki.<\/p>\n<h2>Kluczowe specyfikacje<\/h2>\n<div class=\"hyc-common-markdown__table-wrapper\">\n<table>\n<thead>\n<tr>\n<th>Model<\/th>\n<th>Pojemno\u015b\u0107<\/th>\n<th>Wymiary (wys. x szer.)<\/th>\n<th>Opcje kolor\u00f3w czapki<\/th>\n<th>Funkcje dostosowywalne<\/th>\n<\/tr>\n<\/thead>\n<tbody>\n<tr>\n<td>PB-GK0701<\/td>\n<td>30 ml<\/td>\n<td>38 * 89 mm<\/td>\n<td>Bia\u0142y\/Czarny\/Niebieski<\/td>\n<td>Czerwony, fioletowy, zielony, itd.<\/td>\n<\/tr>\n<tr>\n<td>PB-GK0702<\/td>\n<td>50 ml<\/td>\n<td>42 * 98 mm<\/td>\n<td>Bia\u0142y\/Czarny\/Niebieski<\/td>\n<td>Grawerowane loga, szk\u0142o gradientowe<\/td>\n<\/tr>\n<tr>\n<td>PB-GK0703<\/td>\n<td>100 ml<\/td>\n<td>48 * 130 mm<\/td>\n<td>Bia\u0142y\/Czarny\/Niebieski<\/td>\n<td>Mro\u017cona faktura, efekty marmuru<\/td>\n<\/tr>\n<\/tbody>\n<\/table>\n<\/div>\n<p><em>Wszystkie modele posiadaj\u0105 uszczelki nakr\u0119cane na zakr\u0119tk\u0119, kaliber 15 mm i okr\u0105g\u0142e kszta\u0142ty szkie\u0142ek.<\/em><\/p>\n<h2>Personalizacja dla unikalnego brandingu<\/h2>\n<p>Przekszta\u0142\u0107 puste butelki perfum w arcydzie\u0142a opowiadaj\u0105ce historie:<\/p>\n<ul>\n<li>\u200b<strong>Grawerowane szczeg\u00f3\u0142y<\/strong>:Dodaj trwa\u0142o\u015bci za pomoc\u0105 logotyp\u00f3w i wzor\u00f3w grawerowanych laserowo.<\/li>\n<li>\u200b<strong>Elastyczno\u015b\u0107 kolor\u00f3w<\/strong>:Postaw na wyrazisty flakon perfum damskich lub subtelne, matowe wyko\u0144czenie.<\/li>\n<li>\u200b<strong>Rozwi\u0105zania w zakresie opakowa\u0144 zbiorczych<\/strong>:Idealne dla marek potrzebuj\u0105cych sp\u00f3jnych pojemnik\u00f3w o du\u017cej pojemno\u015bci.<\/li>\n<\/ul>\n<h2>Dlaczego warto wybra\u0107 te flakony perfum?<\/h2>\n<p>Zaprojektowane dla marek luksusowych i producent\u00f3w marek w\u0142asnych, te butelki z atomizerem \u0142\u0105cz\u0105 elegancj\u0119 z praktyczno\u015bci\u0105. Krystalicznie czyste szk\u0142o i kulisty kszta\u0142t pokrywki uprzyjemniaj\u0105 rozpakowywanie, a opcje personalizacji (grawerunek, efekty gradientu) gwarantuj\u0105, \u017ce Tw\u00f3j zapach si\u0119 wyr\u00f3\u017cni.<\/p>\n<p><strong>Idealny dla<\/strong>:<\/p>\n<ul>\n<li>Marki perfum wysokiej klasy<\/li>\n<li>Tw\u00f3rcy niszowych w\u00f3d kolo\u0144skich<\/li>\n<li>Spersonalizowane zestawy prezentowe lub edycje limitowane<\/li>\n<\/ul>\n<p><strong>Zam\u00f3wienia hurtowe i wsparcie OEM<\/strong>Jako zaufany producent opakowa\u0144 szklanych, oferujemy konkurencyjne ceny hurtowe i spersonalizowane rozwi\u0105zania brandingowe. Niech Tw\u00f3j zapach zab\u0142y\u015bnie w butelkach, kt\u00f3re uciele\u015bniaj\u0105 elegancj\u0119 \u2014 skontaktuj si\u0119 z nami, aby stworzy\u0107 ju\u017c dzi\u015b Twoje wyj\u0105tkowe, puste butelki z atomizerem do perfum.<\/p>","protected":false},"excerpt":{"rendered":"<p>Podnie\u015b poziom swojej marki perfum dzi\u0119ki spersonalizowanym buteleczkom perfum dla kobiet i wysokiej jako\u015bci pustym buteleczkom z atomizerem. Dost\u0119pne s\u0105 zam\u00f3wienia hurtowe, szk\u0142o kryszta\u0142owe, grawerowane wzory.<\/p>","protected":false},"featured_media":2945,"comment_status":"open","ping_status":"closed","template":"","meta":{"_acf_changed":false,"site-sidebar-layout":"default","site-content-layout":"","ast-site-content-layout":"default","site-content-style":"default","site-sidebar-style":"default","ast-global-header-display":"","ast-banner-title-visibility":"","ast-main-header-display":"","ast-hfb-above-header-display":"","ast-hfb-below-header-display":"","ast-hfb-mobile-header-display":"","site-post-title":"","ast-breadcrumbs-content":"","ast-featured-img":"","footer-sml-layout":"","ast-disable-related-posts":"","theme-transparent-header-meta":"default","adv-header-id-meta":"","stick-header-meta":"","header-above-stick-meta":"","header-main-stick-meta":"","header-below-stick-meta":"","astra-migrate-meta-layouts":"set","ast-page-background-enabled":"default","ast-page-background-meta":{"desktop":{"background-color":"var(--ast-global-color-5)","background-image":"","background-repeat":"repeat","background-position":"center center","background-size":"auto","background-attachment":"scroll","background-type":"","background-media":"","overlay-type":"","overlay-color":"","overlay-opacity":"","overlay-gradient":""},"tablet":{"background-color":"","background-image":"","background-repeat":"repeat","background-position":"center center","background-size":"auto","background-attachment":"scroll","background-type":"","background-media":"","overlay-type":"","overlay-color":"","overlay-opacity":"","overlay-gradient":""},"mobile":{"background-color":"","background-image":"","background-repeat":"repeat","background-position":"center center","background-size":"auto","background-attachment":"scroll","background-type":"","background-media":"","overlay-type":"","overlay-color":"","overlay-opacity":"","overlay-gradient":""}},"ast-content-background-meta":{"desktop":{"background-color":"var(--ast-global-color-4)","background-image":"","background-repeat":"repeat","background-position":"center center","background-size":"auto","background-attachment":"scroll","background-type":"","background-media":"","overlay-type":"","overlay-color":"","overlay-opacity":"","overlay-gradient":""},"tablet":{"background-color":"var(--ast-global-color-4)","background-image":"","background-repeat":"repeat","background-position":"center center","background-size":"auto","background-attachment":"scroll","background-type":"","background-media":"","overlay-type":"","overlay-color":"","overlay-opacity":"","overlay-gradient":""},"mobile":{"background-color":"var(--ast-global-color-4)","background-image":"","background-repeat":"repeat","background-position":"center center","background-size":"auto","background-attachment":"scroll","background-type":"","background-media":"","overlay-type":"","overlay-color":"","overlay-opacity":"","overlay-gradient":""}}},"product_brand":[],"product_cat":[72,91,41],"product_tag":[],"class_list":{"0":"post-2943","1":"product","2":"type-product","3":"status-publish","4":"has-post-thumbnail","6":"product_cat-cosmetic-packaging","7":"product_cat-custom-perfume-bottles","8":"product_cat-perfume-bottles","9":"desktop-align-left","10":"tablet-align-left","11":"mobile-align-left","13":"first","14":"instock","15":"shipping-taxable","16":"product-type-simple"},"acf":[],"jetpack_sharing_enabled":true,"_links":{"self":[{"href":"https:\/\/theperfumebottles.com\/pl\/wp-json\/wp\/v2\/product\/2943","targetHints":{"allow":["GET"]}}],"collection":[{"href":"https:\/\/theperfumebottles.com\/pl\/wp-json\/wp\/v2\/product"}],"about":[{"href":"https:\/\/theperfumebottles.com\/pl\/wp-json\/wp\/v2\/types\/product"}],"replies":[{"embeddable":true,"href":"https:\/\/theperfumebottles.com\/pl\/wp-json\/wp\/v2\/comments?post=2943"}],"wp:featuredmedia":[{"embeddable":true,"href":"https:\/\/theperfumebottles.com\/pl\/wp-json\/wp\/v2\/media\/2945"}],"wp:attachment":[{"href":"https:\/\/theperfumebottles.com\/pl\/wp-json\/wp\/v2\/media?parent=2943"}],"wp:term":[{"taxonomy":"product_brand","embeddable":true,"href":"https:\/\/theperfumebottles.com\/pl\/wp-json\/wp\/v2\/product_brand?post=2943"},{"taxonomy":"product_cat","embeddable":true,"href":"https:\/\/theperfumebottles.com\/pl\/wp-json\/wp\/v2\/product_cat?post=2943"},{"taxonomy":"product_tag","embeddable":true,"href":"https:\/\/theperfumebottles.com\/pl\/wp-json\/wp\/v2\/product_tag?post=2943"}],"curies":[{"name":"wp","href":"https:\/\/api.w.org\/{rel}","templated":true}]}}