{"id":2963,"date":"2025-04-03T06:36:47","date_gmt":"2025-04-03T06:36:47","guid":{"rendered":"https:\/\/theperfumebottles.com\/?post_type=product&#038;p=2963"},"modified":"2025-05-30T10:52:58","modified_gmt":"2025-05-30T02:52:58","slug":"empty-refillable-perfume-bottles-leakproof-glass-perfume-refillable-bottles","status":"publish","type":"product","link":"https:\/\/theperfumebottles.com\/pl\/produkt\/empty-refillable-perfume-bottles-leakproof-glass-perfume-refillable-bottles\/","title":{"rendered":"2ml, 3ml, 5ml, 10ml, puste szklane butelki perfum do ponownego nape\u0142niania"},"content":{"rendered":"<p>Tworzymy eleganckie, praktyczne i ekologiczne butelki wielokrotnego u\u017cytku dla marek zaanga\u017cowanych w zr\u00f3wnowa\u017cony rozw\u00f3j. Niezale\u017cnie od tego, czy wybierzesz rozmiar podr\u00f3\u017cny, pr\u00f3bk\u0119, czy wersj\u0119 wsp\u00f3\u0142markow\u0105, ta szklana butelka na perfumy sprawi, \u017ce Tw\u00f3j zapach zab\u0142y\u015bnie, jednocze\u015bnie chroni\u0105c planet\u0119.<\/p>\n<h2>Dane techniczne<\/h2>\n<div class=\"hyc-common-markdown__table-wrapper\">\n<table>\n<thead>\n<tr>\n<th>Pojemno\u015b\u0107<\/th>\n<th>Wysoko\u015b\u0107 butelki<\/th>\n<th>\u015arednica wewn\u0119trzna<\/th>\n<th>Ilo\u015b\u0107 w opakowaniu<\/th>\n<th>Rozmiar kartonu (cm)<\/th>\n<\/tr>\n<\/thead>\n<tbody>\n<tr>\n<td>2 ml<\/td>\n<td>30 mm<\/td>\n<td>6,5 mm<\/td>\n<td>4,830<\/td>\n<td>45,5x29x29<\/td>\n<\/tr>\n<tr>\n<td>3 ml<\/td>\n<td>40 mm<\/td>\n<td>6,5 mm<\/td>\n<td>3,450<\/td>\n<td>45,5x29x29<\/td>\n<\/tr>\n<tr>\n<td>5 ml<\/td>\n<td>55 mm<\/td>\n<td>6,5 mm<\/td>\n<td>2,760<\/td>\n<td>45,5x29x29<\/td>\n<\/tr>\n<tr>\n<td>10 ml<\/td>\n<td>100 mm<\/td>\n<td>6,5 mm<\/td>\n<td>2,277<\/td>\n<td>49x30x33,5<\/td>\n<\/tr>\n<\/tbody>\n<\/table>\n<\/div>\n<h2>Dlaczego warto wybra\u0107 nasze szklane butelki z wymiennymi wk\u0142adami do perfum?<\/h2>\n<ul>\n<li><strong>Jedna butelka do wielu zastosowa\u0144:<\/strong> mo\u017ce pomie\u015bci\u0107 perfumy\/wod\u0119 kolo\u0144sk\u0105\/olejki eteryczne.<\/li>\n<li><strong>Ekologiczne i ekonomiczne:<\/strong> Ekologiczna ksi\u0119ga rachunkowa: ponowne wykorzystanie pozwala ograniczy\u0107 o 300% ilo\u015b\u0107 odpad\u00f3w opakowaniowych.<\/li>\n<li><strong>Zaleta biznesowa:<\/strong> Cena hurtowa + bezpieczna dostawa na ca\u0142ym \u015bwiecie, dbamy o ka\u017cde zam\u00f3wienie jak o dzie\u0142o sztuki.<\/li>\n<\/ul>\n<h2>Korzy\u015bci z personalizacji i zam\u00f3wie\u0144 hurtowych<\/h2>\n<ul>\n<li><strong>Opcje personalizacji:<\/strong> delikatna faktura sitodruku, wyrafinowane rzemios\u0142o grawerowania laserowego lub kreatywna kreatywno\u015b\u0107 etykiet samoprzylepnych.<\/li>\n<li><strong>Zam\u00f3wienia hurtowe daj\u0105 wi\u0119ksz\u0105 warto\u015b\u0107:<\/strong> wsp\u00f3\u0142praca na du\u017c\u0105 skal\u0119, lepsze ceny \u2013 niech ka\u017cda inwestycja prze\u0142o\u017cy si\u0119 na skok warto\u015bci marki<\/li>\n<li><strong>Wysy\u0142ka na ca\u0142y \u015bwiat:<\/strong> Bezpieczne, szczelne opakowanie zapewniaj\u0105ce bezpieczny transport.<\/li>\n<\/ul>\n<p>Szukasz niezawodnego producenta? Skontaktuj si\u0119 z nami, aby zam\u00f3wi\u0107 puste, wielokrotnego u\u017cytku flakony perfum dopasowane do wizji Twojej marki!<\/p>","protected":false},"excerpt":{"rendered":"<p>Odkryj wysokiej jako\u015bci, puste, wielokrotnego u\u017cytku butelki na perfumy, idealne do podr\u00f3\u017cy i zam\u00f3wie\u0144 hurtowych. Szklane butelki na perfumy z mo\u017cliwo\u015bci\u0105 wielokrotnego nape\u0142niania, z nieszczeln\u0105 konstrukcj\u0105.<\/p>","protected":false},"featured_media":2966,"comment_status":"open","ping_status":"closed","template":"","meta":{"_acf_changed":false,"site-sidebar-layout":"default","site-content-layout":"","ast-site-content-layout":"default","site-content-style":"default","site-sidebar-style":"default","ast-global-header-display":"","ast-banner-title-visibility":"","ast-main-header-display":"","ast-hfb-above-header-display":"","ast-hfb-below-header-display":"","ast-hfb-mobile-header-display":"","site-post-title":"","ast-breadcrumbs-content":"","ast-featured-img":"","footer-sml-layout":"","ast-disable-related-posts":"","theme-transparent-header-meta":"default","adv-header-id-meta":"","stick-header-meta":"","header-above-stick-meta":"","header-main-stick-meta":"","header-below-stick-meta":"","astra-migrate-meta-layouts":"set","ast-page-background-enabled":"default","ast-page-background-meta":{"desktop":{"background-color":"var(--ast-global-color-5)","background-image":"","background-repeat":"repeat","background-position":"center center","background-size":"auto","background-attachment":"scroll","background-type":"","background-media":"","overlay-type":"","overlay-color":"","overlay-opacity":"","overlay-gradient":""},"tablet":{"background-color":"","background-image":"","background-repeat":"repeat","background-position":"center center","background-size":"auto","background-attachment":"scroll","background-type":"","background-media":"","overlay-type":"","overlay-color":"","overlay-opacity":"","overlay-gradient":""},"mobile":{"background-color":"","background-image":"","background-repeat":"repeat","background-position":"center center","background-size":"auto","background-attachment":"scroll","background-type":"","background-media":"","overlay-type":"","overlay-color":"","overlay-opacity":"","overlay-gradient":""}},"ast-content-background-meta":{"desktop":{"background-color":"var(--ast-global-color-4)","background-image":"","background-repeat":"repeat","background-position":"center center","background-size":"auto","background-attachment":"scroll","background-type":"","background-media":"","overlay-type":"","overlay-color":"","overlay-opacity":"","overlay-gradient":""},"tablet":{"background-color":"var(--ast-global-color-4)","background-image":"","background-repeat":"repeat","background-position":"center center","background-size":"auto","background-attachment":"scroll","background-type":"","background-media":"","overlay-type":"","overlay-color":"","overlay-opacity":"","overlay-gradient":""},"mobile":{"background-color":"var(--ast-global-color-4)","background-image":"","background-repeat":"repeat","background-position":"center center","background-size":"auto","background-attachment":"scroll","background-type":"","background-media":"","overlay-type":"","overlay-color":"","overlay-opacity":"","overlay-gradient":""}}},"product_brand":[],"product_cat":[72,91,74,41,90],"product_tag":[],"class_list":{"0":"post-2963","1":"product","2":"type-product","3":"status-publish","4":"has-post-thumbnail","6":"product_cat-cosmetic-packaging","7":"product_cat-custom-perfume-bottles","8":"product_cat-mini-perfume-bottles","9":"product_cat-perfume-bottles","10":"product_cat-refillable-perfume-bottles","11":"desktop-align-left","12":"tablet-align-left","13":"mobile-align-left","15":"first","16":"instock","17":"shipping-taxable","18":"product-type-simple"},"acf":[],"jetpack_sharing_enabled":true,"_links":{"self":[{"href":"https:\/\/theperfumebottles.com\/pl\/wp-json\/wp\/v2\/product\/2963","targetHints":{"allow":["GET"]}}],"collection":[{"href":"https:\/\/theperfumebottles.com\/pl\/wp-json\/wp\/v2\/product"}],"about":[{"href":"https:\/\/theperfumebottles.com\/pl\/wp-json\/wp\/v2\/types\/product"}],"replies":[{"embeddable":true,"href":"https:\/\/theperfumebottles.com\/pl\/wp-json\/wp\/v2\/comments?post=2963"}],"wp:featuredmedia":[{"embeddable":true,"href":"https:\/\/theperfumebottles.com\/pl\/wp-json\/wp\/v2\/media\/2966"}],"wp:attachment":[{"href":"https:\/\/theperfumebottles.com\/pl\/wp-json\/wp\/v2\/media?parent=2963"}],"wp:term":[{"taxonomy":"product_brand","embeddable":true,"href":"https:\/\/theperfumebottles.com\/pl\/wp-json\/wp\/v2\/product_brand?post=2963"},{"taxonomy":"product_cat","embeddable":true,"href":"https:\/\/theperfumebottles.com\/pl\/wp-json\/wp\/v2\/product_cat?post=2963"},{"taxonomy":"product_tag","embeddable":true,"href":"https:\/\/theperfumebottles.com\/pl\/wp-json\/wp\/v2\/product_tag?post=2963"}],"curies":[{"name":"wp","href":"https:\/\/api.w.org\/{rel}","templated":true}]}}