{"id":2983,"date":"2025-04-07T09:06:52","date_gmt":"2025-04-07T09:06:52","guid":{"rendered":"https:\/\/theperfumebottles.com\/?post_type=product&#038;p=2983"},"modified":"2025-05-29T10:05:41","modified_gmt":"2025-05-29T02:05:41","slug":"30ml-50ml-100ml-modern-perfume-bottles-with-silver-mountain-base","status":"publish","type":"product","link":"https:\/\/theperfumebottles.com\/pl\/produkt\/30ml-50ml-100ml-modern-perfume-bottles-with-silver-mountain-base\/","title":{"rendered":"30 ml, 50 ml, 100 ml Nowoczesne flakony perfum z podstaw\u0105 w kszta\u0142cie srebrnej g\u00f3ry"},"content":{"rendered":"<p>Ten nowoczesny flakon perfum \u0142\u0105czy w sobie urok naturalnych g\u00f3r z nowoczesnym designem, a ka\u017cdy detal zdradza elegancj\u0119 i styl. Za\u0142o\u017cyciel marki i partnerzy biznesowi, kt\u00f3rzy zwracaj\u0105 uwag\u0119 na opakowanie, b\u0119d\u0105 zaskoczeni jego wyj\u0105tkowym zmys\u0142em artystycznym - to nie tylko pojemnik, ale tak\u017ce przed\u0142u\u017cenie historii marki, dzi\u0119ki czemu Tw\u00f3j zapach jest trudny do zignorowania zar\u00f3wno wizualnie, jak i dotykowo. Zaprojektowane z my\u015bl\u0105 o po\u0142\u0105czeniu nowoczesnej estetyki z funkcjonaln\u0105 elegancj\u0105, te szklane flakony na perfumy s\u0105 idealne dla luksusowych perfum, niszowych w\u00f3d kolo\u0144skich i zapach\u00f3w na zam\u00f3wienie.<\/p>\n<table style=\"border-collapse: collapse;margin-left: auto;margin-right: auto;width: 162.03pt\" border=\"0\" width=\"216\" cellspacing=\"0\" cellpadding=\"0\">\n<tbody>\n<tr style=\"height: 13.50pt\">\n<td style=\"height: 13.50pt;width: 54.00pt\" width=\"72\" height=\"18\">\n<p><figure id=\"attachment_2988\" aria-describedby=\"caption-attachment-2988\" style=\"width: 300px\" class=\"wp-caption aligncenter\"><img fetchpriority=\"high\" decoding=\"async\" class=\"size-medium wp-image-2988\" src=\"https:\/\/theperfumebottles.com\/wp-content\/uploads\/2025\/04\/modern-perfume-bottles-hs0401-300x300.webp\" alt=\"nowoczesne butelki perfum\" width=\"300\" height=\"300\" srcset=\"https:\/\/theperfumebottles.com\/wp-content\/uploads\/2025\/04\/modern-perfume-bottles-hs0401-300x300.webp 300w, https:\/\/theperfumebottles.com\/wp-content\/uploads\/2025\/04\/modern-perfume-bottles-hs0401-150x150.webp 150w, https:\/\/theperfumebottles.com\/wp-content\/uploads\/2025\/04\/modern-perfume-bottles-hs0401-768x768.webp 768w, https:\/\/theperfumebottles.com\/wp-content\/uploads\/2025\/04\/modern-perfume-bottles-hs0401-12x12.webp 12w, https:\/\/theperfumebottles.com\/wp-content\/uploads\/2025\/04\/modern-perfume-bottles-hs0401-600x600.webp 600w, https:\/\/theperfumebottles.com\/wp-content\/uploads\/2025\/04\/modern-perfume-bottles-hs0401-100x100.webp 100w, https:\/\/theperfumebottles.com\/wp-content\/uploads\/2025\/04\/modern-perfume-bottles-hs0401.webp 1024w\" sizes=\"(max-width: 300px) 100vw, 300px\" \/><figcaption id=\"caption-attachment-2988\" class=\"wp-caption-text\">30ml HS0401<\/figcaption><\/figure><\/td>\n<td style=\"width: 54.00pt\" width=\"72\">\n<p><figure id=\"attachment_2984\" aria-describedby=\"caption-attachment-2984\" style=\"width: 300px\" class=\"wp-caption aligncenter\"><img decoding=\"async\" class=\"size-medium wp-image-2984\" src=\"https:\/\/theperfumebottles.com\/wp-content\/uploads\/2025\/04\/custom-fragrance-bottles-HS0402-300x300.webp\" alt=\"niestandardowe butelki na perfumy\" width=\"300\" height=\"300\" srcset=\"https:\/\/theperfumebottles.com\/wp-content\/uploads\/2025\/04\/custom-fragrance-bottles-HS0402-300x300.webp 300w, https:\/\/theperfumebottles.com\/wp-content\/uploads\/2025\/04\/custom-fragrance-bottles-HS0402-150x150.webp 150w, https:\/\/theperfumebottles.com\/wp-content\/uploads\/2025\/04\/custom-fragrance-bottles-HS0402-768x768.webp 768w, https:\/\/theperfumebottles.com\/wp-content\/uploads\/2025\/04\/custom-fragrance-bottles-HS0402-12x12.webp 12w, https:\/\/theperfumebottles.com\/wp-content\/uploads\/2025\/04\/custom-fragrance-bottles-HS0402-600x600.webp 600w, https:\/\/theperfumebottles.com\/wp-content\/uploads\/2025\/04\/custom-fragrance-bottles-HS0402-100x100.webp 100w, https:\/\/theperfumebottles.com\/wp-content\/uploads\/2025\/04\/custom-fragrance-bottles-HS0402.webp 1024w\" sizes=\"(max-width: 300px) 100vw, 300px\" \/><figcaption id=\"caption-attachment-2984\" class=\"wp-caption-text\">50ml HS0402<\/figcaption><\/figure><\/td>\n<td style=\"width: 54.00pt\" width=\"72\">\n<p><figure id=\"attachment_2985\" aria-describedby=\"caption-attachment-2985\" style=\"width: 300px\" class=\"wp-caption aligncenter\"><img decoding=\"async\" class=\"size-medium wp-image-2985\" src=\"https:\/\/theperfumebottles.com\/wp-content\/uploads\/2025\/04\/custom-fragrance-bottles-hs0403-300x300.webp\" alt=\"niestandardowe butelki na perfumy\" width=\"300\" height=\"300\" srcset=\"https:\/\/theperfumebottles.com\/wp-content\/uploads\/2025\/04\/custom-fragrance-bottles-hs0403-300x300.webp 300w, https:\/\/theperfumebottles.com\/wp-content\/uploads\/2025\/04\/custom-fragrance-bottles-hs0403-150x150.webp 150w, https:\/\/theperfumebottles.com\/wp-content\/uploads\/2025\/04\/custom-fragrance-bottles-hs0403-768x768.webp 768w, https:\/\/theperfumebottles.com\/wp-content\/uploads\/2025\/04\/custom-fragrance-bottles-hs0403-12x12.webp 12w, https:\/\/theperfumebottles.com\/wp-content\/uploads\/2025\/04\/custom-fragrance-bottles-hs0403-600x600.webp 600w, https:\/\/theperfumebottles.com\/wp-content\/uploads\/2025\/04\/custom-fragrance-bottles-hs0403-100x100.webp 100w, https:\/\/theperfumebottles.com\/wp-content\/uploads\/2025\/04\/custom-fragrance-bottles-hs0403.webp 1024w\" sizes=\"(max-width: 300px) 100vw, 300px\" \/><figcaption id=\"caption-attachment-2985\" class=\"wp-caption-text\">100ml HS0403<\/figcaption><\/figure><\/td>\n<\/tr>\n<\/tbody>\n<\/table>\n<h2>Tabela specyfikacji technicznych<\/h2>\n<div class=\"hyc-common-markdown__table-wrapper\">\n<table>\n<thead>\n<tr>\n<th>Model<\/th>\n<th>Pojemno\u015b\u0107<\/th>\n<th>Rozmiar (wys. \u00d7 g\u0142\u0119b. mm)<\/th>\n<th>Tworzywo<\/th>\n<th>Kolor<\/th>\n<th>Przypadki u\u017cycia<\/th>\n<\/tr>\n<\/thead>\n<tbody>\n<tr>\n<td>PB-HS0401<\/td>\n<td>30 ml<\/td>\n<td>73\u00d746<\/td>\n<td>Szk\u0142o kryszta\u0142owe<\/td>\n<td>Przezroczysty + srebrna podstawa<\/td>\n<td>Perfumy, woda kolo\u0144ska, spray<\/td>\n<\/tr>\n<tr>\n<td>PB-HS0402<\/td>\n<td>50 ml<\/td>\n<td>80\u00d751<\/td>\n<td>Szk\u0142o kryszta\u0142owe<\/td>\n<td>Przezroczysty + srebrna podstawa<\/td>\n<td>Zapach, spray do cia\u0142a<\/td>\n<\/tr>\n<tr>\n<td>PB-HS0403<\/td>\n<td>100 ml<\/td>\n<td>94\u00d759<\/td>\n<td>Szk\u0142o kryszta\u0142owe<\/td>\n<td>Przezroczysty + srebrna podstawa<\/td>\n<td>Luksusowe opakowania perfum<\/td>\n<\/tr>\n<\/tbody>\n<\/table>\n<\/div>\n<h2>Dlaczego warto wybra\u0107 te nowoczesne butelki perfum?<\/h2>\n<ul>\n<li><strong>Najwy\u017cszej jako\u015bci szk\u0142o kryszta\u0142owe:<\/strong> Grube szk\u0142o o wysokiej przejrzysto\u015bci zapewnia trwa\u0142o\u015b\u0107 i poprawia widoczno\u015b\u0107 zapach\u00f3w.<\/li>\n<li>\u200b<strong>Uniwersalne rozmiary:<\/strong> Od kompaktowych butelek z atomizerem o pojemno\u015bci 30 ml po puste butelki perfum o pojemno\u015bci 100 ml - zaspokajaj\u0105 r\u00f3\u017cnorodne potrzeby klient\u00f3w.<\/li>\n<li><strong>Personalizacja ukierunkowana na mark\u0119:<\/strong> Wsp\u00f3\u0142pracuj z naszym producentem, aby wybra\u0107 wyko\u0144czenia, wygrawerowa\u0107 logo lub dostosowa\u0107 style nakr\u0119tek, aby uzyska\u0107 unikaln\u0105, niestandardow\u0105 butelk\u0119 zapachow\u0105.<\/li>\n<\/ul>\n<h2>Podnie\u015b poziom swojej marki zapachowej ju\u017c dzi\u015b<\/h2>\n<p>Niezale\u017cnie od tego, czy wprowadzasz now\u0105 lini\u0119 perfum, czy od\u015bwie\u017casz opakowanie perfum, ta seria oferuje idealne po\u0142\u0105czenie nowoczesnego wzornictwa i personalizacji. Stw\u00f3rz niezapomniane wra\u017cenia podczas rozpakowywania dzi\u0119ki szklanym butelkom, kt\u00f3re odzwierciedlaj\u0105 luksus i innowacyjno\u015b\u0107 Twojej marki. Pozw\u00f3l naszemu profesjonalnemu zespo\u0142owi sta\u0107 si\u0119 wsp\u00f3\u0142pracownikiem Twojej marki. Niezale\u017cnie od tego, czy chodzi o dotkni\u0119cie pr\u00f3bki, aby poczu\u0107 pi\u0119kno rzemios\u0142a, czy wsp\u00f3\u0142tworzenie unikalnego projektu, mo\u017cesz odblokowa\u0107 swoj\u0105 ekskluzywn\u0105 odpowied\u017a w zaledwie jednym kroku. Skontaktuj si\u0119 z nami, czekamy tutaj.<\/p>","protected":false},"excerpt":{"rendered":"<p>Podnie\u015b swoj\u0105 mark\u0119 dzi\u0119ki nowoczesnym flakonom na perfumy i niestandardowym flakonom na zapachy. Eleganckie srebrne nakr\u0119tki, wyrze\u017abione g\u00f3rskie podstawy i najwy\u017cszej jako\u015bci szk\u0142o.<\/p>","protected":false},"featured_media":2988,"comment_status":"open","ping_status":"closed","template":"","meta":{"_acf_changed":false,"site-sidebar-layout":"default","site-content-layout":"","ast-site-content-layout":"default","site-content-style":"default","site-sidebar-style":"default","ast-global-header-display":"","ast-banner-title-visibility":"","ast-main-header-display":"","ast-hfb-above-header-display":"","ast-hfb-below-header-display":"","ast-hfb-mobile-header-display":"","site-post-title":"","ast-breadcrumbs-content":"","ast-featured-img":"","footer-sml-layout":"","ast-disable-related-posts":"","theme-transparent-header-meta":"default","adv-header-id-meta":"","stick-header-meta":"","header-above-stick-meta":"","header-main-stick-meta":"","header-below-stick-meta":"","astra-migrate-meta-layouts":"set","ast-page-background-enabled":"default","ast-page-background-meta":{"desktop":{"background-color":"var(--ast-global-color-5)","background-image":"","background-repeat":"repeat","background-position":"center center","background-size":"auto","background-attachment":"scroll","background-type":"","background-media":"","overlay-type":"","overlay-color":"","overlay-opacity":"","overlay-gradient":""},"tablet":{"background-color":"","background-image":"","background-repeat":"repeat","background-position":"center center","background-size":"auto","background-attachment":"scroll","background-type":"","background-media":"","overlay-type":"","overlay-color":"","overlay-opacity":"","overlay-gradient":""},"mobile":{"background-color":"","background-image":"","background-repeat":"repeat","background-position":"center center","background-size":"auto","background-attachment":"scroll","background-type":"","background-media":"","overlay-type":"","overlay-color":"","overlay-opacity":"","overlay-gradient":""}},"ast-content-background-meta":{"desktop":{"background-color":"var(--ast-global-color-4)","background-image":"","background-repeat":"repeat","background-position":"center center","background-size":"auto","background-attachment":"scroll","background-type":"","background-media":"","overlay-type":"","overlay-color":"","overlay-opacity":"","overlay-gradient":""},"tablet":{"background-color":"var(--ast-global-color-4)","background-image":"","background-repeat":"repeat","background-position":"center center","background-size":"auto","background-attachment":"scroll","background-type":"","background-media":"","overlay-type":"","overlay-color":"","overlay-opacity":"","overlay-gradient":""},"mobile":{"background-color":"var(--ast-global-color-4)","background-image":"","background-repeat":"repeat","background-position":"center center","background-size":"auto","background-attachment":"scroll","background-type":"","background-media":"","overlay-type":"","overlay-color":"","overlay-opacity":"","overlay-gradient":""}}},"product_brand":[],"product_cat":[72,41],"product_tag":[],"class_list":{"0":"post-2983","1":"product","2":"type-product","3":"status-publish","4":"has-post-thumbnail","6":"product_cat-cosmetic-packaging","7":"product_cat-perfume-bottles","8":"desktop-align-left","9":"tablet-align-left","10":"mobile-align-left","12":"first","13":"instock","14":"shipping-taxable","15":"product-type-simple"},"acf":[],"jetpack_sharing_enabled":true,"_links":{"self":[{"href":"https:\/\/theperfumebottles.com\/pl\/wp-json\/wp\/v2\/product\/2983","targetHints":{"allow":["GET"]}}],"collection":[{"href":"https:\/\/theperfumebottles.com\/pl\/wp-json\/wp\/v2\/product"}],"about":[{"href":"https:\/\/theperfumebottles.com\/pl\/wp-json\/wp\/v2\/types\/product"}],"replies":[{"embeddable":true,"href":"https:\/\/theperfumebottles.com\/pl\/wp-json\/wp\/v2\/comments?post=2983"}],"wp:featuredmedia":[{"embeddable":true,"href":"https:\/\/theperfumebottles.com\/pl\/wp-json\/wp\/v2\/media\/2988"}],"wp:attachment":[{"href":"https:\/\/theperfumebottles.com\/pl\/wp-json\/wp\/v2\/media?parent=2983"}],"wp:term":[{"taxonomy":"product_brand","embeddable":true,"href":"https:\/\/theperfumebottles.com\/pl\/wp-json\/wp\/v2\/product_brand?post=2983"},{"taxonomy":"product_cat","embeddable":true,"href":"https:\/\/theperfumebottles.com\/pl\/wp-json\/wp\/v2\/product_cat?post=2983"},{"taxonomy":"product_tag","embeddable":true,"href":"https:\/\/theperfumebottles.com\/pl\/wp-json\/wp\/v2\/product_tag?post=2983"}],"curies":[{"name":"wp","href":"https:\/\/api.w.org\/{rel}","templated":true}]}}