{"id":2990,"date":"2025-04-08T04:01:41","date_gmt":"2025-04-08T04:01:41","guid":{"rendered":"https:\/\/theperfumebottles.com\/?post_type=product&#038;p=2990"},"modified":"2026-04-01T11:39:35","modified_gmt":"2026-04-01T03:39:35","slug":"small-refillable-perfume-bottles-gold-accent-glass-perfume-bottle","status":"publish","type":"product","link":"https:\/\/theperfumebottles.com\/pl\/produkt\/small-refillable-perfume-bottles-gold-accent-glass-perfume-bottle\/","title":{"rendered":"Ma\u0142e, nape\u0142nialne buteleczki na perfumy ze z\u0142otymi akcentami"},"content":{"rendered":"<h2>Refillable Perfume Bottles: Luxury Meets Sustainability<\/h2>\n<p>Podnie\u015b sw\u00f3j branding zapachowy dzi\u0119ki naszym ma\u0142ym butelkom perfum wielokrotnego nape\u0142niania - ostatecznemu po\u0142\u0105czeniu bogactwa i ekologicznego wzornictwa. Jako zaufany producent wysokiej jako\u015bci szklanych flakon\u00f3w na perfumy, oferujemy kolekcje z\u0142otych flakon\u00f3w na perfumy, kt\u00f3re na nowo definiuj\u0105 luksusowe opakowania dla wymagaj\u0105cych marek.<\/p>\n<h2>Dlaczego warto wybra\u0107 nasze butelki perfum wielokrotnego nape\u0142niania?<\/h2>\n<p>1.<strong>Niestandardowe op\u0142aty licencyjne<\/strong><br \/>\nUkoronuj sw\u00f3j zapach dzi\u0119ki naszemu flakonowi w kszta\u0142cie korony w stylu vintage, pokrytemu 24-karatowym z\u0142otem i pokrytemu kryszta\u0142kami. Idealny do niestandardowego drukowania logo i dostosowywania kolor\u00f3w.<\/p>\n<p>2.<strong>Wydajno\u015b\u0107 gotowa do podr\u00f3\u017cy<\/strong><br \/>\nSzczelny atomizer pozwala bez trudu przej\u015b\u0107 kontrol\u0119 bezpiecze\u0144stwa w samolocie. Wytrzymuje temperatury od -20\u00b0C do 40\u00b0C - idealny do podr\u00f3\u017cnych w\u00f3d kolo\u0144skich.<\/p>\n<p>3.<strong>Wielofunkcyjna wszechstronno\u015b\u0107<\/strong><br \/>\nNie tylko perfumy, ale tak\u017ce spray z filtrem przeciws\u0142onecznym, tonik lub woda do makija\u017cu. Cztery unikalne kszta\u0142ty szklanych butelek (o pojemno\u015bci 50 ml) pasuj\u0105 do ka\u017cdej linii produkt\u00f3w.<\/p>\n<h2>Kluczowe specyfikacje<\/h2>\n<table style=\"border-collapse: collapse; width: 80%; margin-left: auto; margin-right: auto;\" border=\"0\" width=\"80%\" cellspacing=\"0\" cellpadding=\"0\">\n<tbody>\n<tr style=\"height: 13.50pt;\">\n<td class=\"et3\" style=\"height: 13.50pt; width: 95.25pt;\" width=\"127\" height=\"18\">Styl<\/td>\n<td class=\"et3\" style=\"width: 65.25pt;\" width=\"87\">Pojemno\u015b\u0107<\/td>\n<td class=\"et3\" style=\"width: 89.25pt;\" width=\"119\">Ca\u0142kowita wysoko\u015b\u0107<\/td>\n<td class=\"et3\" style=\"width: 84.00pt;\" width=\"112\">Wysoko\u015b\u0107 cia\u0142a<\/td>\n<td class=\"et3\" style=\"width: 54.00pt;\" width=\"72\">Szeroko\u015b\u0107<\/td>\n<td class=\"et3\" style=\"width: 171.75pt;\" width=\"229\">Funkcja specjalna<\/td>\n<\/tr>\n<tr style=\"height: 13.50pt;\">\n<td class=\"et4\" style=\"height: 13.50pt; width: 95.25pt;\" width=\"127\" height=\"18\">Kwadrat<\/td>\n<td class=\"et4\" style=\"width: 65.25pt;\" width=\"87\">30 ml<\/td>\n<td class=\"et4\" style=\"width: 89.25pt;\" width=\"119\">87 mm<\/td>\n<td class=\"et4\" style=\"width: 84.00pt;\" width=\"112\">58 mm<\/td>\n<td class=\"et4\" style=\"width: 54.00pt;\" width=\"72\">38 mm<\/td>\n<td class=\"et4\" style=\"width: 171.75pt;\" width=\"229\">Nowoczesny profil geometryczny<\/td>\n<\/tr>\n<tr style=\"height: 13.50pt;\">\n<td class=\"et4\" style=\"height: 13.50pt; width: 95.25pt;\" width=\"127\" height=\"18\">Owal<\/td>\n<td class=\"et4\" style=\"width: 65.25pt;\" width=\"87\">50 ml<\/td>\n<td class=\"et4\" style=\"width: 89.25pt;\" width=\"119\">130 mm<\/td>\n<td class=\"et4\" style=\"width: 84.00pt;\" width=\"112\">98 mm<\/td>\n<td class=\"et4\" style=\"width: 54.00pt;\" width=\"72\">67 mm<\/td>\n<td class=\"et4\" style=\"width: 171.75pt;\" width=\"229\">Ergonomiczna konstrukcja uchwytu<\/td>\n<\/tr>\n<tr style=\"height: 13.50pt;\">\n<td class=\"et4\" style=\"height: 13.50pt; width: 95.25pt;\" width=\"127\" height=\"18\">Klasyczna runda<\/td>\n<td class=\"et2\">50 ml<\/td>\n<td class=\"et4\" style=\"width: 89.25pt;\" width=\"119\">106 mm<\/td>\n<td class=\"et4\" style=\"width: 84.00pt;\" width=\"112\">75 mm<\/td>\n<td class=\"et4\" style=\"width: 54.00pt;\" width=\"72\">48 mm<\/td>\n<td class=\"et4\" style=\"width: 171.75pt;\" width=\"229\">Ponadczasowa estetyka luksusu<\/td>\n<\/tr>\n<tr style=\"height: 13.50pt;\">\n<td class=\"et4\" style=\"height: 13.50pt; width: 95.25pt;\" width=\"127\" height=\"18\">Vintage Crown<\/td>\n<td class=\"et4\" style=\"width: 65.25pt;\" width=\"87\">60 ml<\/td>\n<td class=\"et4\" style=\"width: 89.25pt;\" width=\"119\">96 mm<\/td>\n<td class=\"et4\" style=\"width: 84.00pt;\" width=\"112\">64 mm<\/td>\n<td class=\"et4\" style=\"width: 54.00pt;\" width=\"72\">60 mm<\/td>\n<td class=\"et4\" style=\"width: 171.75pt;\" width=\"229\">Kryszta\u0142owa nasadka<\/td>\n<\/tr>\n<\/tbody>\n<\/table>\n<h2>Idealny dla:<\/h2>\n<ul>\n<li>Przeprojektowane opakowania luksusowych perfum<\/li>\n<li>Kolekcje w\u00f3d kolo\u0144skich w z\u0142otych butelkach<\/li>\n<li>Limitowane zestawy upominkowe<\/li>\n<li>Prywatne linie produkt\u00f3w do piel\u0119gnacji sk\u00f3ry<\/li>\n<\/ul>\n<p>Stw\u00f3rz sw\u00f3j charakterystyczny zapach ju\u017c dzi\u015b - skontaktuj si\u0119 z nami, aby odpowiedzie\u0107 na Twoje potrzeby w zakresie niestandardowych flakon\u00f3w perfum wielokrotnego nape\u0142niania.<\/p>","protected":false},"excerpt":{"rendered":"<p>Wysokiej jako\u015bci ma\u0142e butelki perfum wielokrotnego nape\u0142niania ze z\u0142otymi akcentami i kryszta\u0142owymi nakr\u0119tkami. Luksusowe opakowania dla marek zapachowych z mo\u017cliwo\u015bci\u0105 personalizacji. Ekologiczne i bezpieczne w podr\u00f3\u017cy.<\/p>","protected":false},"featured_media":2992,"comment_status":"open","ping_status":"closed","template":"","meta":{"_acf_changed":false,"site-sidebar-layout":"default","site-content-layout":"","ast-site-content-layout":"default","site-content-style":"default","site-sidebar-style":"default","ast-global-header-display":"","ast-banner-title-visibility":"","ast-main-header-display":"","ast-hfb-above-header-display":"","ast-hfb-below-header-display":"","ast-hfb-mobile-header-display":"","site-post-title":"","ast-breadcrumbs-content":"","ast-featured-img":"","footer-sml-layout":"","ast-disable-related-posts":"","theme-transparent-header-meta":"default","adv-header-id-meta":"","stick-header-meta":"","header-above-stick-meta":"","header-main-stick-meta":"","header-below-stick-meta":"","astra-migrate-meta-layouts":"set","ast-page-background-enabled":"default","ast-page-background-meta":{"desktop":{"background-color":"var(--ast-global-color-5)","background-image":"","background-repeat":"repeat","background-position":"center center","background-size":"auto","background-attachment":"scroll","background-type":"","background-media":"","overlay-type":"","overlay-color":"","overlay-opacity":"","overlay-gradient":""},"tablet":{"background-color":"","background-image":"","background-repeat":"repeat","background-position":"center center","background-size":"auto","background-attachment":"scroll","background-type":"","background-media":"","overlay-type":"","overlay-color":"","overlay-opacity":"","overlay-gradient":""},"mobile":{"background-color":"","background-image":"","background-repeat":"repeat","background-position":"center center","background-size":"auto","background-attachment":"scroll","background-type":"","background-media":"","overlay-type":"","overlay-color":"","overlay-opacity":"","overlay-gradient":""}},"ast-content-background-meta":{"desktop":{"background-color":"var(--ast-global-color-4)","background-image":"","background-repeat":"repeat","background-position":"center center","background-size":"auto","background-attachment":"scroll","background-type":"","background-media":"","overlay-type":"","overlay-color":"","overlay-opacity":"","overlay-gradient":""},"tablet":{"background-color":"var(--ast-global-color-4)","background-image":"","background-repeat":"repeat","background-position":"center center","background-size":"auto","background-attachment":"scroll","background-type":"","background-media":"","overlay-type":"","overlay-color":"","overlay-opacity":"","overlay-gradient":""},"mobile":{"background-color":"var(--ast-global-color-4)","background-image":"","background-repeat":"repeat","background-position":"center center","background-size":"auto","background-attachment":"scroll","background-type":"","background-media":"","overlay-type":"","overlay-color":"","overlay-opacity":"","overlay-gradient":""}}},"product_brand":[],"product_cat":[90,72,41],"product_tag":[],"class_list":{"0":"post-2990","1":"product","2":"type-product","3":"status-publish","4":"has-post-thumbnail","6":"product_cat-refillable-perfume-bottles","7":"product_cat-cosmetic-packaging","8":"product_cat-perfume-bottles","9":"desktop-align-left","10":"tablet-align-left","11":"mobile-align-left","13":"first","14":"instock","15":"shipping-taxable","16":"product-type-simple"},"acf":[],"jetpack_sharing_enabled":true,"_links":{"self":[{"href":"https:\/\/theperfumebottles.com\/pl\/wp-json\/wp\/v2\/product\/2990","targetHints":{"allow":["GET"]}}],"collection":[{"href":"https:\/\/theperfumebottles.com\/pl\/wp-json\/wp\/v2\/product"}],"about":[{"href":"https:\/\/theperfumebottles.com\/pl\/wp-json\/wp\/v2\/types\/product"}],"replies":[{"embeddable":true,"href":"https:\/\/theperfumebottles.com\/pl\/wp-json\/wp\/v2\/comments?post=2990"}],"wp:featuredmedia":[{"embeddable":true,"href":"https:\/\/theperfumebottles.com\/pl\/wp-json\/wp\/v2\/media\/2992"}],"wp:attachment":[{"href":"https:\/\/theperfumebottles.com\/pl\/wp-json\/wp\/v2\/media?parent=2990"}],"wp:term":[{"taxonomy":"product_brand","embeddable":true,"href":"https:\/\/theperfumebottles.com\/pl\/wp-json\/wp\/v2\/product_brand?post=2990"},{"taxonomy":"product_cat","embeddable":true,"href":"https:\/\/theperfumebottles.com\/pl\/wp-json\/wp\/v2\/product_cat?post=2990"},{"taxonomy":"product_tag","embeddable":true,"href":"https:\/\/theperfumebottles.com\/pl\/wp-json\/wp\/v2\/product_tag?post=2990"}],"curies":[{"name":"wp","href":"https:\/\/api.w.org\/{rel}","templated":true}]}}