{"id":3007,"date":"2025-04-09T04:02:22","date_gmt":"2025-04-09T04:02:22","guid":{"rendered":"https:\/\/theperfumebottles.com\/?post_type=product&#038;p=3007"},"modified":"2025-04-17T07:54:20","modified_gmt":"2025-04-17T07:54:20","slug":"30ml-50ml-100ml-red-round-perfume-bottles-with-lava-mountain-base","status":"publish","type":"product","link":"https:\/\/theperfumebottles.com\/pl\/produkt\/30ml-50ml-100ml-red-round-perfume-bottles-with-lava-mountain-base\/","title":{"rendered":"30 ml, 50 ml, 100 ml, czerwone okr\u0105g\u0142e butelki perfum z podstaw\u0105 w kszta\u0142cie g\u00f3ry lawy"},"content":{"rendered":"<p>Dla marek zm\u0119czonych nudnymi flakonami perfum: Poznaj rze\u017abion\u0105, czerwon\u0105 baz\u0119 z lawy wulkanicznej, kt\u00f3ra szepcze \u201eluksusowy buntownik\u201d. Wybierz rozmiary 30 ml\/50 ml\/100 ml \u2013 ka\u017cdy z kontrastem stopionej ska\u0142y i kryszta\u0142owego szk\u0142a. Nie sprzedajesz tylko zapachu; sprzedajesz atmosfer\u0119, kt\u00f3ra zab\u00f3jczo prezentuje si\u0119 na Instagramie obok marmurowych blat\u00f3w.<\/p>\n<table style=\"border-collapse: collapse; margin-left: auto; margin-right: auto; width: 162.03pt;\" border=\"0\" width=\"216\" cellspacing=\"0\" cellpadding=\"0\">\n<tbody>\n<tr style=\"height: 13.50pt;\">\n<td style=\"height: 13.50pt; width: 54.00pt;\" width=\"72\" height=\"18\">\n<p><figure id=\"attachment_3011\" aria-describedby=\"caption-attachment-3011\" style=\"width: 300px\" class=\"wp-caption aligncenter\"><img fetchpriority=\"high\" decoding=\"async\" class=\"size-medium wp-image-3011\" src=\"https:\/\/theperfumebottles.com\/wp-content\/uploads\/2025\/04\/round-perfume-bottle-HS0601-300x300.webp\" alt=\"okr\u0105g\u0142y flakon perfum\" width=\"300\" height=\"300\" srcset=\"https:\/\/theperfumebottles.com\/wp-content\/uploads\/2025\/04\/round-perfume-bottle-HS0601-300x300.webp 300w, https:\/\/theperfumebottles.com\/wp-content\/uploads\/2025\/04\/round-perfume-bottle-HS0601-150x150.webp 150w, https:\/\/theperfumebottles.com\/wp-content\/uploads\/2025\/04\/round-perfume-bottle-HS0601-768x768.webp 768w, https:\/\/theperfumebottles.com\/wp-content\/uploads\/2025\/04\/round-perfume-bottle-HS0601-12x12.webp 12w, https:\/\/theperfumebottles.com\/wp-content\/uploads\/2025\/04\/round-perfume-bottle-HS0601-600x600.webp 600w, https:\/\/theperfumebottles.com\/wp-content\/uploads\/2025\/04\/round-perfume-bottle-HS0601-100x100.webp 100w, https:\/\/theperfumebottles.com\/wp-content\/uploads\/2025\/04\/round-perfume-bottle-HS0601.webp 1024w\" sizes=\"(max-width: 300px) 100vw, 300px\" \/><figcaption id=\"caption-attachment-3011\" class=\"wp-caption-text\">30ml okr\u0105g\u0142a butelka na perfumy<\/figcaption><\/figure><\/td>\n<td style=\"width: 54.00pt;\" width=\"72\">\n<p><figure id=\"attachment_3012\" aria-describedby=\"caption-attachment-3012\" style=\"width: 300px\" class=\"wp-caption aligncenter\"><img decoding=\"async\" class=\"size-medium wp-image-3012\" src=\"https:\/\/theperfumebottles.com\/wp-content\/uploads\/2025\/04\/round-perfume-bottle-HS0602-300x300.webp\" alt=\"okr\u0105g\u0142y flakon perfum\" width=\"300\" height=\"300\" srcset=\"https:\/\/theperfumebottles.com\/wp-content\/uploads\/2025\/04\/round-perfume-bottle-HS0602-300x300.webp 300w, https:\/\/theperfumebottles.com\/wp-content\/uploads\/2025\/04\/round-perfume-bottle-HS0602-150x150.webp 150w, https:\/\/theperfumebottles.com\/wp-content\/uploads\/2025\/04\/round-perfume-bottle-HS0602-768x768.webp 768w, https:\/\/theperfumebottles.com\/wp-content\/uploads\/2025\/04\/round-perfume-bottle-HS0602-12x12.webp 12w, https:\/\/theperfumebottles.com\/wp-content\/uploads\/2025\/04\/round-perfume-bottle-HS0602-600x600.webp 600w, https:\/\/theperfumebottles.com\/wp-content\/uploads\/2025\/04\/round-perfume-bottle-HS0602-100x100.webp 100w, https:\/\/theperfumebottles.com\/wp-content\/uploads\/2025\/04\/round-perfume-bottle-HS0602.webp 1024w\" sizes=\"(max-width: 300px) 100vw, 300px\" \/><figcaption id=\"caption-attachment-3012\" class=\"wp-caption-text\">50ml okr\u0105g\u0142a butelka na perfumy<\/figcaption><\/figure><\/td>\n<td style=\"width: 54.00pt;\" width=\"72\">\n<p><figure id=\"attachment_3013\" aria-describedby=\"caption-attachment-3013\" style=\"width: 300px\" class=\"wp-caption aligncenter\"><img decoding=\"async\" class=\"size-medium wp-image-3013\" src=\"https:\/\/theperfumebottles.com\/wp-content\/uploads\/2025\/04\/round-perfume-bottle-HS0603-300x300.webp\" alt=\"okr\u0105g\u0142e butelki perfum\" width=\"300\" height=\"300\" srcset=\"https:\/\/theperfumebottles.com\/wp-content\/uploads\/2025\/04\/round-perfume-bottle-HS0603-300x300.webp 300w, https:\/\/theperfumebottles.com\/wp-content\/uploads\/2025\/04\/round-perfume-bottle-HS0603-150x150.webp 150w, https:\/\/theperfumebottles.com\/wp-content\/uploads\/2025\/04\/round-perfume-bottle-HS0603-768x768.webp 768w, https:\/\/theperfumebottles.com\/wp-content\/uploads\/2025\/04\/round-perfume-bottle-HS0603-12x12.webp 12w, https:\/\/theperfumebottles.com\/wp-content\/uploads\/2025\/04\/round-perfume-bottle-HS0603-600x600.webp 600w, https:\/\/theperfumebottles.com\/wp-content\/uploads\/2025\/04\/round-perfume-bottle-HS0603-100x100.webp 100w, https:\/\/theperfumebottles.com\/wp-content\/uploads\/2025\/04\/round-perfume-bottle-HS0603.webp 1024w\" sizes=\"(max-width: 300px) 100vw, 300px\" \/><figcaption id=\"caption-attachment-3013\" class=\"wp-caption-text\">100 ml okr\u0105g\u0142e butelki perfum<\/figcaption><\/figure><\/td>\n<\/tr>\n<\/tbody>\n<\/table>\n<h2>Najwa\u017cniejsze specyfikacje w skr\u00f3cie<\/h2>\n<div class=\"hyc-common-markdown__table-wrapper\">\n<table>\n<thead>\n<tr>\n<th>Model<\/th>\n<th>Pojemno\u015b\u0107<\/th>\n<th>Rozmiar (wys. \u00d7 \u015br.)<\/th>\n<th>Tworzywo<\/th>\n<th>Projektowanie kolor\u00f3w<\/th>\n<\/tr>\n<\/thead>\n<tbody>\n<tr>\n<td>PB-HS0601<\/td>\n<td>30 ml\/1 uncja<\/td>\n<td>73\u00d746 mm<\/td>\n<td>Szk\u0142o kryszta\u0142owe<\/td>\n<td>Przezroczysta + Czerwona Baza Lawowa<\/td>\n<\/tr>\n<tr>\n<td>PB-HS0602<\/td>\n<td>50 ml\/1,7 uncji<\/td>\n<td>80\u00d751 mm<\/td>\n<td>Szk\u0142o kryszta\u0142owe<\/td>\n<td>Przezroczysta + Czerwona Baza Lawowa<\/td>\n<\/tr>\n<tr>\n<td>PB-HS0603<\/td>\n<td>100 ml\/3,4 uncji<\/td>\n<td>94\u00d759 mm<\/td>\n<td>Szk\u0142o kryszta\u0142owe<\/td>\n<td>Przezroczysta + Czerwona Baza Lawowa<\/td>\n<\/tr>\n<\/tbody>\n<\/table>\n<\/div>\n<p><em>Wszystkie modele posiadaj\u0105 czerwon\u0105 metalow\u0105 nasadk\u0119 i standardow\u0105 pompk\u0119 rozpylaj\u0105c\u0105. Kompatybilne z wi\u0119kszo\u015bci\u0105 system\u00f3w zaciskowych.<\/em><\/p>\n<h2>Dlaczego warto wybra\u0107 seri\u0119 Volcano?<\/h2>\n<h3><strong>Dla w\u0142a\u015bcicieli marek<\/strong><\/h3>\n<ul>\n<li>\u200b<strong>Wyr\u00f3\u017cnia\u0107 si\u0119<\/strong>:Wyrazista, czerwona baza z lawy pi\u0119knie kontrastuje z zielonymi butelkami konkurencyjnych w\u00f3d kolo\u0144skich lub minimalistycznymi wzorami.<\/li>\n<li>\u200b<strong>Uniwersalne rozmiary<\/strong>:Wprowadzaj na rynek pr\u00f3bki (30 ml), opakowania podr\u00f3\u017cne (50 ml) lub flagowe produkty (100 ml) w sp\u00f3jnych opakowaniach.<\/li>\n<li>\u200b<strong>Luksusowe uczucie<\/strong>:Gruba szklana konstrukcja i obci\u0105\u017cona podstawa \u015bwiadcz\u0105 o najwy\u017cszej jako\u015bci.<\/li>\n<\/ul>\n<h3><strong>Dla handlowc\u00f3w<\/strong><\/h3>\n<ul>\n<li>\u200b<strong>Wysoki popyt<\/strong>:Czerwone flakony perfum s\u0105 obecnie modne w przypadku zapach\u00f3w unisex i sezonowych.<\/li>\n<li>\u200b<strong>\u0141atwa personalizacja<\/strong>:Oferujemy klientom nadruk UV, dopasowanie koloru nasadki (z\u0142oty, srebrny, zielony) oraz rabaty ilo\u015bciowe.<\/li>\n<li>\u200b<strong>Trwa\u0142o\u015b\u0107<\/strong>:Odporne na st\u0142uczenie szklane flakony na perfumy redukuj\u0105 ryzyko zwi\u0105zane z transportem.<\/li>\n<\/ul>\n<h2>Stw\u00f3rz sw\u00f3j niepowtarzalny zapach ju\u017c dzi\u015b<\/h2>\n<p>Za\u0142\u00f3\u017c konto, aby uzyska\u0107 dost\u0119p do cen hurtowych, szczeg\u00f3\u0142\u00f3w minimalnego zam\u00f3wienia (MOQ) i narz\u0119dzi do projektowania 3D. Niezale\u017cnie od tego, czy potrzebujesz spersonalizowanego czerwonego flakonu perfum m\u0119skich, czy damskich do kolekcji walentynkowych, seria Volcano dopasuje si\u0119 do Twojej wizji.<\/p>\n<p><a href=\"https:\/\/theperfumebottles.com\/pl\/contact\/\"><em>Skontaktuj si\u0119 z naszym zespo\u0142em producent\u00f3w, aby zam\u00f3wi\u0107 pr\u00f3bki lub zapozna\u0107 si\u0119 z rozwi\u0105zaniami w zakresie opakowa\u0144 perfum marek w\u0142asnych.<\/em><\/a><\/p>","protected":false},"excerpt":{"rendered":"<p>Podnie\u015b poziom swojej marki zapachowej dzi\u0119ki okr\u0105g\u0142ym flakonom perfum z serii Volcano. Wyraziste, czerwone flakony dla m\u0119\u017cczyzn i damskie perfumy w czerwonych flakonach o pojemno\u015bciach 1 uncji, 1,7 uncji i 3,4 uncji.<\/p>","protected":false},"featured_media":3013,"comment_status":"open","ping_status":"closed","template":"","meta":{"_acf_changed":false,"site-sidebar-layout":"default","site-content-layout":"","ast-site-content-layout":"default","site-content-style":"default","site-sidebar-style":"default","ast-global-header-display":"","ast-banner-title-visibility":"","ast-main-header-display":"","ast-hfb-above-header-display":"","ast-hfb-below-header-display":"","ast-hfb-mobile-header-display":"","site-post-title":"","ast-breadcrumbs-content":"","ast-featured-img":"","footer-sml-layout":"","ast-disable-related-posts":"","theme-transparent-header-meta":"default","adv-header-id-meta":"","stick-header-meta":"","header-above-stick-meta":"","header-main-stick-meta":"","header-below-stick-meta":"","astra-migrate-meta-layouts":"set","ast-page-background-enabled":"default","ast-page-background-meta":{"desktop":{"background-color":"var(--ast-global-color-5)","background-image":"","background-repeat":"repeat","background-position":"center center","background-size":"auto","background-attachment":"scroll","background-type":"","background-media":"","overlay-type":"","overlay-color":"","overlay-opacity":"","overlay-gradient":""},"tablet":{"background-color":"","background-image":"","background-repeat":"repeat","background-position":"center center","background-size":"auto","background-attachment":"scroll","background-type":"","background-media":"","overlay-type":"","overlay-color":"","overlay-opacity":"","overlay-gradient":""},"mobile":{"background-color":"","background-image":"","background-repeat":"repeat","background-position":"center center","background-size":"auto","background-attachment":"scroll","background-type":"","background-media":"","overlay-type":"","overlay-color":"","overlay-opacity":"","overlay-gradient":""}},"ast-content-background-meta":{"desktop":{"background-color":"var(--ast-global-color-4)","background-image":"","background-repeat":"repeat","background-position":"center center","background-size":"auto","background-attachment":"scroll","background-type":"","background-media":"","overlay-type":"","overlay-color":"","overlay-opacity":"","overlay-gradient":""},"tablet":{"background-color":"var(--ast-global-color-4)","background-image":"","background-repeat":"repeat","background-position":"center center","background-size":"auto","background-attachment":"scroll","background-type":"","background-media":"","overlay-type":"","overlay-color":"","overlay-opacity":"","overlay-gradient":""},"mobile":{"background-color":"var(--ast-global-color-4)","background-image":"","background-repeat":"repeat","background-position":"center center","background-size":"auto","background-attachment":"scroll","background-type":"","background-media":"","overlay-type":"","overlay-color":"","overlay-opacity":"","overlay-gradient":""}}},"product_brand":[],"product_cat":[72,91,41],"product_tag":[],"class_list":{"0":"post-3007","1":"product","2":"type-product","3":"status-publish","4":"has-post-thumbnail","6":"product_cat-cosmetic-packaging","7":"product_cat-custom-perfume-bottles","8":"product_cat-perfume-bottles","9":"desktop-align-left","10":"tablet-align-left","11":"mobile-align-left","13":"first","14":"instock","15":"shipping-taxable","16":"product-type-simple"},"acf":[],"jetpack_sharing_enabled":true,"_links":{"self":[{"href":"https:\/\/theperfumebottles.com\/pl\/wp-json\/wp\/v2\/product\/3007","targetHints":{"allow":["GET"]}}],"collection":[{"href":"https:\/\/theperfumebottles.com\/pl\/wp-json\/wp\/v2\/product"}],"about":[{"href":"https:\/\/theperfumebottles.com\/pl\/wp-json\/wp\/v2\/types\/product"}],"replies":[{"embeddable":true,"href":"https:\/\/theperfumebottles.com\/pl\/wp-json\/wp\/v2\/comments?post=3007"}],"wp:featuredmedia":[{"embeddable":true,"href":"https:\/\/theperfumebottles.com\/pl\/wp-json\/wp\/v2\/media\/3013"}],"wp:attachment":[{"href":"https:\/\/theperfumebottles.com\/pl\/wp-json\/wp\/v2\/media?parent=3007"}],"wp:term":[{"taxonomy":"product_brand","embeddable":true,"href":"https:\/\/theperfumebottles.com\/pl\/wp-json\/wp\/v2\/product_brand?post=3007"},{"taxonomy":"product_cat","embeddable":true,"href":"https:\/\/theperfumebottles.com\/pl\/wp-json\/wp\/v2\/product_cat?post=3007"},{"taxonomy":"product_tag","embeddable":true,"href":"https:\/\/theperfumebottles.com\/pl\/wp-json\/wp\/v2\/product_tag?post=3007"}],"curies":[{"name":"wp","href":"https:\/\/api.w.org\/{rel}","templated":true}]}}