{"id":3032,"date":"2025-04-11T08:47:32","date_gmt":"2025-04-11T08:47:32","guid":{"rendered":"https:\/\/theperfumebottles.com\/?post_type=product&#038;p=3032"},"modified":"2025-04-17T09:32:12","modified_gmt":"2025-04-17T09:32:12","slug":"15ml-essential-oil-roller-bottles-wholesale-eco-friendly-roll-on-glass-bottles","status":"publish","type":"product","link":"https:\/\/theperfumebottles.com\/pl\/produkt\/15ml-essential-oil-roller-bottles-wholesale-eco-friendly-roll-on-glass-bottles\/","title":{"rendered":"Buteleczki z kulk\u0105 do olejk\u00f3w eterycznych 15 ml \u2013 hurtowa sprzeda\u017c | Ekologiczne szklane butelki z kulk\u0105"},"content":{"rendered":"<p>Buteleczki roll-on premium o pojemno\u015bci 15 ml na olejki eteryczne \u2013 hurtowa sprzeda\u017c. Ekologiczne, szklane butelki roll-on z bambusowymi nakr\u0119tkami i ochron\u0105 UV. Mo\u017cliwo\u015b\u0107 personalizacji dla marek. Ulepsz swoje opakowania kosmetyk\u00f3w i lini\u0119 produkt\u00f3w do aromaterapii dzi\u0119ki naszym butelkom roll-on o pojemno\u015bci 15 ml, zaprojektowanym dla marek stawiaj\u0105cych na zr\u00f3wnowa\u017cony rozw\u00f3j, funkcjonalno\u015b\u0107 i styl. Idealne do olejk\u00f3w eterycznych, serum i mieszanek aromaterapeutycznych, te butelki roll-on \u0142\u0105cz\u0105 w sobie ekologiczny luksus z praktyczn\u0105 wydajno\u015bci\u0105.<\/p>\n<figure id=\"attachment_3036\" aria-describedby=\"caption-attachment-3036\" style=\"width: 300px\" class=\"wp-caption aligncenter\"><img fetchpriority=\"high\" decoding=\"async\" class=\"size-medium wp-image-3036\" src=\"https:\/\/theperfumebottles.com\/wp-content\/uploads\/2025\/04\/essential-oil-roller-R15ml-300x300.webp\" alt=\"wa\u0142ki z olejkami eterycznymi\" width=\"300\" height=\"300\" srcset=\"https:\/\/theperfumebottles.com\/wp-content\/uploads\/2025\/04\/essential-oil-roller-R15ml-300x300.webp 300w, https:\/\/theperfumebottles.com\/wp-content\/uploads\/2025\/04\/essential-oil-roller-R15ml-150x150.webp 150w, https:\/\/theperfumebottles.com\/wp-content\/uploads\/2025\/04\/essential-oil-roller-R15ml-768x768.webp 768w, https:\/\/theperfumebottles.com\/wp-content\/uploads\/2025\/04\/essential-oil-roller-R15ml-12x12.webp 12w, https:\/\/theperfumebottles.com\/wp-content\/uploads\/2025\/04\/essential-oil-roller-R15ml-600x600.webp 600w, https:\/\/theperfumebottles.com\/wp-content\/uploads\/2025\/04\/essential-oil-roller-R15ml-100x100.webp 100w, https:\/\/theperfumebottles.com\/wp-content\/uploads\/2025\/04\/essential-oil-roller-R15ml.webp 1000w\" sizes=\"(max-width: 300px) 100vw, 300px\" \/><figcaption id=\"caption-attachment-3036\" class=\"wp-caption-text\">15ml wa\u0142ki z olejkami eterycznymi<\/figcaption><\/figure>\n<h2><strong>Kluczowe specyfikacje<\/strong><\/h2>\n<div class=\"hyc-common-markdown__table-wrapper\">\n<table>\n<thead>\n<tr>\n<th>\u200b<strong>Atrybut<\/strong><\/th>\n<th>\u200b<strong>Bli\u017csze dane<\/strong><\/th>\n<\/tr>\n<\/thead>\n<tbody>\n<tr>\n<td>\u200b<strong>Pojemno\u015b\u0107<\/strong><\/td>\n<td>15 ml \/ 0,5 uncji (rozmiar odpowiedni do podr\u00f3\u017cy)<\/td>\n<\/tr>\n<tr>\n<td>\u200b<strong>Tworzywo<\/strong><\/td>\n<td>Szk\u0142o bezo\u0142owiowe, nasadki bambusowe\/plastikowe\/galwanizowane<\/td>\n<\/tr>\n<tr>\n<td>\u200b<strong>Wymiary<\/strong><\/td>\n<td>Wysoko\u015b\u0107 85 mm \u00d7 \u015brednica 18 mm (kompaktowy, okr\u0105g\u0142y kszta\u0142t)<\/td>\n<\/tr>\n<tr>\n<td>\u200b<strong>Opcje kolor\u00f3w<\/strong><\/td>\n<td>Przezroczyste, bursztynowe, niebieskie, matowe szk\u0142o; w pe\u0142ni konfigurowalne<\/td>\n<\/tr>\n<tr>\n<td>\u200b<strong>Obr\u00f3bka powierzchni<\/strong><\/td>\n<td>Mro\u017cone, kalkomanie, polerowanie, malowanie, kolorowy spray<\/td>\n<\/tr>\n<tr>\n<td>\u200b<strong>Rodzaj uszczelnienia<\/strong><\/td>\n<td>Zakr\u0119tka z kulk\u0105 ze stali nierdzewnej (konstrukcja szczelna)<\/td>\n<\/tr>\n<tr>\n<td>\u200b<strong>Aplikacje<\/strong><\/td>\n<td>Olejki eteryczne, perfumy w roll-onie, mieszanki aromaterapeutyczne, serum do twarzy<\/td>\n<\/tr>\n<\/tbody>\n<\/table>\n<\/div>\n<h2>\u200b<strong>Dlaczego warto wybra\u0107 nasze butelki z rolk\u0105?<\/strong><\/h2>\n<ul>\n<li>\u200b<strong>Mo\u017cliwo\u015b\u0107 personalizacji marki<\/strong>:Dopasuj to\u017csamo\u015b\u0107 swojej marki do swoich potrzeb, wybieraj\u0105c niestandardowe kolory, wyko\u0144czenia ze szk\u0142a matowego lub wzory naklejek.<\/li>\n<li>\u200b<strong>Elastyczno\u015b\u0107 hurtowa<\/strong>:Zoptymalizuj koszty dzi\u0119ki zam\u00f3wieniom hurtowym na butelki roll-on, co jest idealnym rozwi\u0105zaniem dla startup\u00f3w lub uznanych marek zwi\u0119kszaj\u0105cych produkcj\u0119.<\/li>\n<li>\u200b<strong>Korzy\u015bci dla \u015brodowiska<\/strong>:bambusowa pokrywka i szk\u0142o nadaj\u0105ce si\u0119 do recyklingu s\u0105 zgodne z ide\u0105 zielonych opakowa\u0144 i ciesz\u0105 si\u0119 popularno\u015bci\u0105 w\u015br\u00f3d dbaj\u0105cych o \u015brodowisko konsument\u00f3w.<\/li>\n<li><strong>Szeroko stosowane<\/strong>:nadaje si\u0119 do olejku z drzewa herbacianego, olejku rozmarynowego, mieszanki CBD, esencji do piel\u0119gnacji sk\u00f3ry i wielu innych produkt\u00f3w.<\/li>\n<\/ul>\n<h2>\u200b<strong>Aplikacje<\/strong><\/h2>\n<ul>\n<li>\u200b<strong>Aromaterapia<\/strong>:Bezpiecznie rozpylaj olejki eteryczne z lawendy lub cytrus\u00f3w.<\/li>\n<li>\u200b<strong>Piel\u0119gnacja sk\u00f3ry<\/strong>:Zastosuj serum przeciwstarzeniowe lub ch\u0142odz\u0105ce formu\u0142y pod oczy.<\/li>\n<li>\u200b<strong>Prezenty dla os\u00f3b dbaj\u0105cych o zdrowie<\/strong>:Stw\u00f3rz starannie dobrane zestawy z butelkami ze szk\u0142a inspirowanymi kryszta\u0142em.<\/li>\n<\/ul>\n<p><strong>Wyr\u00f3\u017cnij si\u0119 dzi\u0119ki zr\u00f3wnowa\u017conym opakowaniom<\/strong><br \/>\nJako zaufany producent butelek roll-on, dostarczamy wysokiej jako\u015bci butelki roll-on o pojemno\u015bci 15 ml, kt\u00f3re \u0142\u0105cz\u0105 w sobie estetyk\u0119, funkcjonalno\u015b\u0107 i ekologi\u0119. Niezale\u017cnie od tego, czy jeste\u015b startupem w bran\u017cy wellness, czy do\u015bwiadczonym przedsi\u0119biorc\u0105, nasze butelki pozwol\u0105 Twojej marce zab\u0142ysn\u0105\u0107 na konkurencyjnym rynku opakowa\u0144 kosmetycznych.<\/p>\n<p><strong>Zam\u00f3w ju\u017c dzi\u015b buteleczki z olejkami eterycznymi w hurtowych cenach!<\/strong><\/p>","protected":false},"excerpt":{"rendered":"<p>Ulepsz swoj\u0105 lini\u0119 opakowa\u0144 kosmetyk\u00f3w i produkt\u00f3w do aromaterapii dzi\u0119ki naszym 15-mililitrowym butelkom z rolk\u0105, zaprojektowanym dla marek, kt\u00f3re stawiaj\u0105 na zr\u00f3wnowa\u017cony rozw\u00f3j, funkcjonalno\u015b\u0107 i styl.<\/p>","protected":false},"featured_media":3035,"comment_status":"open","ping_status":"closed","template":"","meta":{"_acf_changed":false,"site-sidebar-layout":"default","site-content-layout":"","ast-site-content-layout":"default","site-content-style":"default","site-sidebar-style":"default","ast-global-header-display":"","ast-banner-title-visibility":"","ast-main-header-display":"","ast-hfb-above-header-display":"","ast-hfb-below-header-display":"","ast-hfb-mobile-header-display":"","site-post-title":"","ast-breadcrumbs-content":"","ast-featured-img":"","footer-sml-layout":"","ast-disable-related-posts":"","theme-transparent-header-meta":"default","adv-header-id-meta":"","stick-header-meta":"","header-above-stick-meta":"","header-main-stick-meta":"","header-below-stick-meta":"","astra-migrate-meta-layouts":"set","ast-page-background-enabled":"default","ast-page-background-meta":{"desktop":{"background-color":"var(--ast-global-color-5)","background-image":"","background-repeat":"repeat","background-position":"center center","background-size":"auto","background-attachment":"scroll","background-type":"","background-media":"","overlay-type":"","overlay-color":"","overlay-opacity":"","overlay-gradient":""},"tablet":{"background-color":"","background-image":"","background-repeat":"repeat","background-position":"center center","background-size":"auto","background-attachment":"scroll","background-type":"","background-media":"","overlay-type":"","overlay-color":"","overlay-opacity":"","overlay-gradient":""},"mobile":{"background-color":"","background-image":"","background-repeat":"repeat","background-position":"center center","background-size":"auto","background-attachment":"scroll","background-type":"","background-media":"","overlay-type":"","overlay-color":"","overlay-opacity":"","overlay-gradient":""}},"ast-content-background-meta":{"desktop":{"background-color":"var(--ast-global-color-4)","background-image":"","background-repeat":"repeat","background-position":"center center","background-size":"auto","background-attachment":"scroll","background-type":"","background-media":"","overlay-type":"","overlay-color":"","overlay-opacity":"","overlay-gradient":""},"tablet":{"background-color":"var(--ast-global-color-4)","background-image":"","background-repeat":"repeat","background-position":"center center","background-size":"auto","background-attachment":"scroll","background-type":"","background-media":"","overlay-type":"","overlay-color":"","overlay-opacity":"","overlay-gradient":""},"mobile":{"background-color":"var(--ast-global-color-4)","background-image":"","background-repeat":"repeat","background-position":"center center","background-size":"auto","background-attachment":"scroll","background-type":"","background-media":"","overlay-type":"","overlay-color":"","overlay-opacity":"","overlay-gradient":""}}},"product_brand":[],"product_cat":[72,62,57,60],"product_tag":[],"class_list":{"0":"post-3032","1":"product","2":"type-product","3":"status-publish","4":"has-post-thumbnail","6":"product_cat-cosmetic-packaging","7":"product_cat-cosmetic-containers","8":"product_cat-essential-oil-bottles","9":"product_cat-roller-bottles","10":"desktop-align-left","11":"tablet-align-left","12":"mobile-align-left","14":"first","15":"instock","16":"shipping-taxable","17":"product-type-simple"},"acf":[],"jetpack_sharing_enabled":true,"_links":{"self":[{"href":"https:\/\/theperfumebottles.com\/pl\/wp-json\/wp\/v2\/product\/3032","targetHints":{"allow":["GET"]}}],"collection":[{"href":"https:\/\/theperfumebottles.com\/pl\/wp-json\/wp\/v2\/product"}],"about":[{"href":"https:\/\/theperfumebottles.com\/pl\/wp-json\/wp\/v2\/types\/product"}],"replies":[{"embeddable":true,"href":"https:\/\/theperfumebottles.com\/pl\/wp-json\/wp\/v2\/comments?post=3032"}],"wp:featuredmedia":[{"embeddable":true,"href":"https:\/\/theperfumebottles.com\/pl\/wp-json\/wp\/v2\/media\/3035"}],"wp:attachment":[{"href":"https:\/\/theperfumebottles.com\/pl\/wp-json\/wp\/v2\/media?parent=3032"}],"wp:term":[{"taxonomy":"product_brand","embeddable":true,"href":"https:\/\/theperfumebottles.com\/pl\/wp-json\/wp\/v2\/product_brand?post=3032"},{"taxonomy":"product_cat","embeddable":true,"href":"https:\/\/theperfumebottles.com\/pl\/wp-json\/wp\/v2\/product_cat?post=3032"},{"taxonomy":"product_tag","embeddable":true,"href":"https:\/\/theperfumebottles.com\/pl\/wp-json\/wp\/v2\/product_tag?post=3032"}],"curies":[{"name":"wp","href":"https:\/\/api.w.org\/{rel}","templated":true}]}}