{"id":3070,"date":"2025-04-16T05:58:27","date_gmt":"2025-04-16T05:58:27","guid":{"rendered":"https:\/\/theperfumebottles.com\/?post_type=product&#038;p=3070"},"modified":"2025-05-28T19:27:39","modified_gmt":"2025-05-28T11:27:39","slug":"square-100-ml-empty-spray-bottles-custom-perfume-packaging","status":"publish","type":"product","link":"https:\/\/theperfumebottles.com\/pl\/produkt\/square-100-ml-empty-spray-bottles-custom-perfume-packaging\/","title":{"rendered":"Kwadratowe 100 ml puste butelki ze spryskiwaczem, niestandardowe opakowania perfum"},"content":{"rendered":"<p>Nasza seria szklanych butelek na perfumy YX04 \u0142\u0105czy elegancj\u0119 i praktyczno\u015b\u0107. Nasze puste butelki z atomizerem o pojemno\u015bci 100 ml to idealny wyb\u00f3r dla marek z wy\u017cszej p\u00f3\u0142ki dzi\u0119ki stabilnej szklanej podstawie i luksusowemu wyko\u0144czeniu, chroni\u0105cemu cenne zapachy.<\/p>\n<h2><strong>Specyfikacje<\/strong><\/h2>\n<div class=\"hyc-common-markdown__table-wrapper\">\n<table>\n<thead>\n<tr>\n<th>Atrybut<\/th>\n<th>Bli\u017csze dane<\/th>\n<\/tr>\n<\/thead>\n<tbody>\n<tr>\n<td>Model<\/td>\n<td>MH-YX04<\/td>\n<\/tr>\n<tr>\n<td>Pojemno\u015b\u0107<\/td>\n<td>100 ml (dost\u0119pne rozmiary niestandardowe)<\/td>\n<\/tr>\n<tr>\n<td>Tworzywo<\/td>\n<td>Przezroczyste szk\u0142o z grub\u0105 podstaw\u0105<\/td>\n<\/tr>\n<tr>\n<td>Opcje kolor\u00f3w<\/td>\n<td>Przezroczyste cia\u0142o, czarne\/niestandardowa pokrywa<\/td>\n<\/tr>\n<tr>\n<td>Certyfikaty<\/td>\n<td>CE, ISO, REACH, BSCI, MSDS<\/td>\n<\/tr>\n<tr>\n<td>Czas realizacji<\/td>\n<td>7-15 dni (produkt standardowy), 30-45 dni (produkt niestandardowy)<\/td>\n<\/tr>\n<\/tbody>\n<\/table>\n<\/div>\n<h2>Korzy\u015bci:<\/h2>\n<p>Niezale\u017cnie od tego, czy jeste\u015b startupem, czy uznan\u0105 mark\u0105, te puste butelki z rozpylaczem o pojemno\u015bci 100 ml zaspokajaj\u0105 dwie kluczowe potrzeby: opakowanie, kt\u00f3re zachwyca klient\u00f3w, oraz logistyk\u0119, kt\u00f3ra oszcz\u0119dza czas. Wkl\u0119s\u0142y pasek dodaje odrobin\u0119 stylu, nie przyt\u0142aczaj\u0105c etykiety, a personalizowany kolor nakr\u0119tki pozwala wybra\u0107 akcenty brandingowe zgodne ze stylem Twojej marki.<\/p>\n<h2>Sugestia:<\/h2>\n<p>Ozd\u00f3b fr\u0119dzlami lub z\u0142otymi akcentami, aby stworzy\u0107 \u015bwi\u0105teczny prezent. Skontaktuj si\u0119 z nami, aby zam\u00f3wi\u0107 pr\u00f3bk\u0119, a pomo\u017cemy Ci stworzy\u0107 niezapomniane doznania zapachowe.<\/p>","protected":false},"excerpt":{"rendered":"<p>Odkryj nasze 100 ml puste butelki z atomizerem na perfumy z mo\u017cliwo\u015bci\u0105 personalizacji. Zam\u00f3wienia hurtowe, szybka wysy\u0142ka i sprawdzone certyfikaty dla Twojej firmy perfumeryjnej.<\/p>","protected":false},"featured_media":3072,"comment_status":"open","ping_status":"closed","template":"","meta":{"_acf_changed":false,"site-sidebar-layout":"default","site-content-layout":"","ast-site-content-layout":"default","site-content-style":"default","site-sidebar-style":"default","ast-global-header-display":"","ast-banner-title-visibility":"","ast-main-header-display":"","ast-hfb-above-header-display":"","ast-hfb-below-header-display":"","ast-hfb-mobile-header-display":"","site-post-title":"","ast-breadcrumbs-content":"","ast-featured-img":"","footer-sml-layout":"","ast-disable-related-posts":"","theme-transparent-header-meta":"default","adv-header-id-meta":"","stick-header-meta":"","header-above-stick-meta":"","header-main-stick-meta":"","header-below-stick-meta":"","astra-migrate-meta-layouts":"set","ast-page-background-enabled":"default","ast-page-background-meta":{"desktop":{"background-color":"var(--ast-global-color-5)","background-image":"","background-repeat":"repeat","background-position":"center center","background-size":"auto","background-attachment":"scroll","background-type":"","background-media":"","overlay-type":"","overlay-color":"","overlay-opacity":"","overlay-gradient":""},"tablet":{"background-color":"","background-image":"","background-repeat":"repeat","background-position":"center center","background-size":"auto","background-attachment":"scroll","background-type":"","background-media":"","overlay-type":"","overlay-color":"","overlay-opacity":"","overlay-gradient":""},"mobile":{"background-color":"","background-image":"","background-repeat":"repeat","background-position":"center center","background-size":"auto","background-attachment":"scroll","background-type":"","background-media":"","overlay-type":"","overlay-color":"","overlay-opacity":"","overlay-gradient":""}},"ast-content-background-meta":{"desktop":{"background-color":"var(--ast-global-color-4)","background-image":"","background-repeat":"repeat","background-position":"center center","background-size":"auto","background-attachment":"scroll","background-type":"","background-media":"","overlay-type":"","overlay-color":"","overlay-opacity":"","overlay-gradient":""},"tablet":{"background-color":"var(--ast-global-color-4)","background-image":"","background-repeat":"repeat","background-position":"center center","background-size":"auto","background-attachment":"scroll","background-type":"","background-media":"","overlay-type":"","overlay-color":"","overlay-opacity":"","overlay-gradient":""},"mobile":{"background-color":"var(--ast-global-color-4)","background-image":"","background-repeat":"repeat","background-position":"center center","background-size":"auto","background-attachment":"scroll","background-type":"","background-media":"","overlay-type":"","overlay-color":"","overlay-opacity":"","overlay-gradient":""}}},"product_brand":[],"product_cat":[72,91,41],"product_tag":[],"class_list":{"0":"post-3070","1":"product","2":"type-product","3":"status-publish","4":"has-post-thumbnail","6":"product_cat-cosmetic-packaging","7":"product_cat-custom-perfume-bottles","8":"product_cat-perfume-bottles","9":"desktop-align-left","10":"tablet-align-left","11":"mobile-align-left","13":"first","14":"instock","15":"shipping-taxable","16":"product-type-simple"},"acf":[],"jetpack_sharing_enabled":true,"_links":{"self":[{"href":"https:\/\/theperfumebottles.com\/pl\/wp-json\/wp\/v2\/product\/3070","targetHints":{"allow":["GET"]}}],"collection":[{"href":"https:\/\/theperfumebottles.com\/pl\/wp-json\/wp\/v2\/product"}],"about":[{"href":"https:\/\/theperfumebottles.com\/pl\/wp-json\/wp\/v2\/types\/product"}],"replies":[{"embeddable":true,"href":"https:\/\/theperfumebottles.com\/pl\/wp-json\/wp\/v2\/comments?post=3070"}],"wp:featuredmedia":[{"embeddable":true,"href":"https:\/\/theperfumebottles.com\/pl\/wp-json\/wp\/v2\/media\/3072"}],"wp:attachment":[{"href":"https:\/\/theperfumebottles.com\/pl\/wp-json\/wp\/v2\/media?parent=3070"}],"wp:term":[{"taxonomy":"product_brand","embeddable":true,"href":"https:\/\/theperfumebottles.com\/pl\/wp-json\/wp\/v2\/product_brand?post=3070"},{"taxonomy":"product_cat","embeddable":true,"href":"https:\/\/theperfumebottles.com\/pl\/wp-json\/wp\/v2\/product_cat?post=3070"},{"taxonomy":"product_tag","embeddable":true,"href":"https:\/\/theperfumebottles.com\/pl\/wp-json\/wp\/v2\/product_tag?post=3070"}],"curies":[{"name":"wp","href":"https:\/\/api.w.org\/{rel}","templated":true}]}}