{"id":3081,"date":"2025-04-16T09:14:49","date_gmt":"2025-04-16T09:14:49","guid":{"rendered":"https:\/\/theperfumebottles.com\/?post_type=product&#038;p=3081"},"modified":"2026-04-07T15:47:10","modified_gmt":"2026-04-07T07:47:10","slug":"1-oz-30-ml-perfume-bottle-with-customizable-design","status":"publish","type":"product","link":"https:\/\/theperfumebottles.com\/pl\/produkt\/1-oz-30-ml-perfume-bottle-with-customizable-design\/","title":{"rendered":"Butelka na perfumy o pojemno\u015bci 1 uncji i pojemno\u015bci 30 ml z mo\u017cliwo\u015bci\u0105 personalizacji"},"content":{"rendered":"<p>Dzisiaj polecamy doskona\u0142y szklany flakon na perfumy YX06 o pojemno\u015bci 30 ml. Flakon o pojemno\u015bci 30 ml wyr\u00f3\u017cnia si\u0119 wyj\u0105tkowym designem \u2013 ultraprzezroczyste szk\u0142o o prostok\u0105tnym kszta\u0142cie oraz srebrny, chromowany atomizer, kt\u00f3ry tworzy subtelny, luksusowy efekt.<\/p>\n<h2>Kluczowe specyfikacje<\/h2>\n<div>\n<table class=\"aligncenter\" style=\"border-collapse: collapse; width: 524.27pt;\" border=\"0\" width=\"699\" cellspacing=\"0\" cellpadding=\"0\">\n<tbody>\n<tr style=\"height: 13.50pt;\">\n<td style=\"height: 13.50pt; width: 96.75pt;\" width=\"129\" height=\"18\">Funkcja<\/td>\n<td style=\"width: 427.50pt;\" width=\"570\">Bli\u017csze dane<\/td>\n<\/tr>\n<tr style=\"height: 13.50pt;\">\n<td style=\"height: 13.50pt;\" height=\"18\">Model<\/td>\n<td>PB-YX06<\/td>\n<\/tr>\n<tr style=\"height: 13.50pt;\">\n<td style=\"height: 13.50pt;\" height=\"18\">Pojemno\u015b\u0107<\/td>\n<td>30 ml (1 uncja)<\/td>\n<\/tr>\n<tr style=\"height: 13.50pt;\">\n<td style=\"height: 13.50pt;\" height=\"18\">Wymiary<\/td>\n<td>37 \u00d7 25 \u00d7 95 mm<\/td>\n<\/tr>\n<tr style=\"height: 13.50pt;\">\n<td style=\"height: 13.50pt;\" height=\"18\">Opcje powierzchni<\/td>\n<td>Szk\u0142o mro\u017cone, sitodruk, t\u0142oczenie na gor\u0105co, niestandardowe wzory kolorystyczne<\/td>\n<\/tr>\n<tr style=\"height: 13.50pt;\">\n<td style=\"height: 13.50pt;\" height=\"18\">Certyfikaty<\/td>\n<td>ISO, CE, REACH, BSCI, MSDS<\/td>\n<\/tr>\n<tr style=\"height: 13.50pt;\">\n<td style=\"height: 13.50pt;\" height=\"18\">Opakowanie<\/td>\n<td>Dostosowywalne kartony lub palety drewniane do zam\u00f3wie\u0144 hurtowych<\/td>\n<\/tr>\n<tr style=\"height: 13.50pt;\">\n<td style=\"height: 13.50pt;\" height=\"18\">Czas realizacji<\/td>\n<td>7\u201315 dni (produkt standardowy); 30\u201345 dni (produkt niestandardowy)<\/td>\n<\/tr>\n<\/tbody>\n<\/table>\n<\/div>\n<h2>O zam\u00f3wieniach hurtowych<\/h2>\n<p>Niezale\u017cnie od tego, czy potrzebujesz 500, czy 50 000 sztuk, oferujemy elastyczne i r\u00f3\u017cnorodne opcje pakowania oraz gwarantujemy szybk\u0105 dostaw\u0119. Produkty dost\u0119pne w magazynie wysy\u0142amy w ci\u0105gu 1 do 2 tygodni, a produkty personalizowane dostarczamy zazwyczaj w ci\u0105gu 30 do 45 dni, co gwarantuje terminow\u0105 realizacj\u0119 zam\u00f3wienia.<\/p>\n<h2>Propozycje personalizacji butelek perfum o pojemno\u015bci 1 uncji<\/h2>\n<ul>\n<li>Zmiany w proporcjach kwadratu: Tw\u00f3rz nowe wzory produkt\u00f3w, opracowuj\u0105c kszta\u0142ty butelek obejmuj\u0105ce wysokie, w\u0105skie i niskie, szerokie pojemniki kwadratowe, kt\u00f3re zachowuj\u0105 swoj\u0105 warto\u015b\u0107 estetyczn\u0105 w ca\u0142ej linii produkt\u00f3w.<\/li>\n<li>Magnetyczna zakr\u0119tka: Zakr\u0119tka butelki jest wyposa\u017cona w bezpieczne magnetyczne uszczelnienie, kt\u00f3re zapewnia u\u017cytkownikom ci\u0105g\u0142\u0105 powierzchni\u0119, u\u0142atwiaj\u0105c im w ten spos\u00f3b interakcj\u0119 z produktem.<\/li>\n<li>Zaawansowana personalizacja opryskiwacza: U\u017cytkownik mo\u017ce zmieni\u0107 kolor i kszta\u0142t dyszy rozpylaj\u0105cej oraz dostosowa\u0107 strumie\u0144 natrysku, a\u017c do uzyskania po\u017c\u0105danych rezultat\u00f3w.<\/li>\n<\/ul>","protected":false},"excerpt":{"rendered":"<p>Odkryj eleganckie flakony perfum o pojemno\u015bci 30 ml (1 uncja) z mo\u017cliwo\u015bci\u0105 personalizacji, mo\u017cliwo\u015bci\u0105 sprzeda\u017cy hurtowej i szybk\u0105 dostaw\u0105. Idealne dla marek perfumeryjnych i dostawc\u00f3w.<\/p>","protected":false},"featured_media":3082,"comment_status":"open","ping_status":"closed","template":"","meta":{"_acf_changed":false,"site-sidebar-layout":"default","site-content-layout":"","ast-site-content-layout":"default","site-content-style":"default","site-sidebar-style":"default","ast-global-header-display":"","ast-banner-title-visibility":"","ast-main-header-display":"","ast-hfb-above-header-display":"","ast-hfb-below-header-display":"","ast-hfb-mobile-header-display":"","site-post-title":"","ast-breadcrumbs-content":"","ast-featured-img":"","footer-sml-layout":"","ast-disable-related-posts":"","theme-transparent-header-meta":"default","adv-header-id-meta":"","stick-header-meta":"","header-above-stick-meta":"","header-main-stick-meta":"","header-below-stick-meta":"","astra-migrate-meta-layouts":"set","ast-page-background-enabled":"default","ast-page-background-meta":{"desktop":{"background-color":"var(--ast-global-color-5)","background-image":"","background-repeat":"repeat","background-position":"center center","background-size":"auto","background-attachment":"scroll","background-type":"","background-media":"","overlay-type":"","overlay-color":"","overlay-opacity":"","overlay-gradient":""},"tablet":{"background-color":"","background-image":"","background-repeat":"repeat","background-position":"center center","background-size":"auto","background-attachment":"scroll","background-type":"","background-media":"","overlay-type":"","overlay-color":"","overlay-opacity":"","overlay-gradient":""},"mobile":{"background-color":"","background-image":"","background-repeat":"repeat","background-position":"center center","background-size":"auto","background-attachment":"scroll","background-type":"","background-media":"","overlay-type":"","overlay-color":"","overlay-opacity":"","overlay-gradient":""}},"ast-content-background-meta":{"desktop":{"background-color":"var(--ast-global-color-4)","background-image":"","background-repeat":"repeat","background-position":"center center","background-size":"auto","background-attachment":"scroll","background-type":"","background-media":"","overlay-type":"","overlay-color":"","overlay-opacity":"","overlay-gradient":""},"tablet":{"background-color":"var(--ast-global-color-4)","background-image":"","background-repeat":"repeat","background-position":"center center","background-size":"auto","background-attachment":"scroll","background-type":"","background-media":"","overlay-type":"","overlay-color":"","overlay-opacity":"","overlay-gradient":""},"mobile":{"background-color":"var(--ast-global-color-4)","background-image":"","background-repeat":"repeat","background-position":"center center","background-size":"auto","background-attachment":"scroll","background-type":"","background-media":"","overlay-type":"","overlay-color":"","overlay-opacity":"","overlay-gradient":""}}},"product_brand":[],"product_cat":[91,72,41],"product_tag":[],"class_list":{"0":"post-3081","1":"product","2":"type-product","3":"status-publish","4":"has-post-thumbnail","6":"product_cat-custom-perfume-bottles","7":"product_cat-cosmetic-packaging","8":"product_cat-perfume-bottles","9":"desktop-align-left","10":"tablet-align-left","11":"mobile-align-left","13":"first","14":"instock","15":"shipping-taxable","16":"product-type-simple"},"acf":[],"jetpack_sharing_enabled":true,"_links":{"self":[{"href":"https:\/\/theperfumebottles.com\/pl\/wp-json\/wp\/v2\/product\/3081","targetHints":{"allow":["GET"]}}],"collection":[{"href":"https:\/\/theperfumebottles.com\/pl\/wp-json\/wp\/v2\/product"}],"about":[{"href":"https:\/\/theperfumebottles.com\/pl\/wp-json\/wp\/v2\/types\/product"}],"replies":[{"embeddable":true,"href":"https:\/\/theperfumebottles.com\/pl\/wp-json\/wp\/v2\/comments?post=3081"}],"wp:featuredmedia":[{"embeddable":true,"href":"https:\/\/theperfumebottles.com\/pl\/wp-json\/wp\/v2\/media\/3082"}],"wp:attachment":[{"href":"https:\/\/theperfumebottles.com\/pl\/wp-json\/wp\/v2\/media?parent=3081"}],"wp:term":[{"taxonomy":"product_brand","embeddable":true,"href":"https:\/\/theperfumebottles.com\/pl\/wp-json\/wp\/v2\/product_brand?post=3081"},{"taxonomy":"product_cat","embeddable":true,"href":"https:\/\/theperfumebottles.com\/pl\/wp-json\/wp\/v2\/product_cat?post=3081"},{"taxonomy":"product_tag","embeddable":true,"href":"https:\/\/theperfumebottles.com\/pl\/wp-json\/wp\/v2\/product_tag?post=3081"}],"curies":[{"name":"wp","href":"https:\/\/api.w.org\/{rel}","templated":true}]}}