{"id":3099,"date":"2025-04-18T07:05:07","date_gmt":"2025-04-18T07:05:07","guid":{"rendered":"https:\/\/theperfumebottles.com\/?post_type=product&#038;p=3099"},"modified":"2025-05-28T19:24:10","modified_gmt":"2025-05-28T11:24:10","slug":"custom-100ml-cool-perfume-bottles-aftershave-bottles-for-wholesale","status":"publish","type":"product","link":"https:\/\/theperfumebottles.com\/pl\/produkt\/custom-100ml-cool-perfume-bottles-aftershave-bottles-for-wholesale\/","title":{"rendered":"Niestandardowe butelki na perfumy i wod\u0119 po goleniu o pojemno\u015bci 100 ml \u2013 hurtowa sprzeda\u017c"},"content":{"rendered":"<p>Nasze prostok\u0105tne, ch\u0142odne butelki z perfumami \u0142\u0105cz\u0105 ostre kraw\u0119dzie z p\u0142ynnymi akcentami metalicznymi\u2014z\u0142ote atomizery kontrastuj\u0105 z g\u0142adkimi szyjkami z szklanki, tworz\u0105c dramatyczne odblaski \u015bwiat\u0142a, kt\u00f3re odzwierciedlaj\u0105 nowoczesn\u0105 estetyk\u0119.<\/p>\n<h2><strong>Specyfikacje<\/strong><\/h2>\n<table>\n<thead>\n<tr>\n<th><strong>Funkcja<\/strong><\/th>\n<th><strong>Bli\u017csze dane<\/strong><\/th>\n<\/tr>\n<\/thead>\n<tbody>\n<tr>\n<td><strong>Model<\/strong><\/td>\n<td>PB-YX08<\/td>\n<\/tr>\n<tr>\n<td><strong>Kszta\u0142t<\/strong><\/td>\n<td>Prostok\u0105tny<\/td>\n<\/tr>\n<tr>\n<td><strong>Pojemno\u015b\u0107<\/strong><\/td>\n<td>100 ml (3,4 uncji)<\/td>\n<\/tr>\n<tr>\n<td><strong>Top<\/strong><\/td>\n<td>Kulista nasadka z dysz\u0105 rozpylaj\u0105c\u0105<\/td>\n<\/tr>\n<tr>\n<td><strong>Wymiary<\/strong><\/td>\n<td>55 mm (szer.) \u00d7 30 mm (g\u0142\u0119b.) \u00d7 118 mm (wys.)<\/td>\n<\/tr>\n<tr>\n<td><strong>Opcje powierzchni<\/strong><\/td>\n<td>Piaskowanie, sitodruk, z\u0142ocenie, natryskiwanie, wyt\u0142aczanie, polerowanie, kalkomanie<\/td>\n<\/tr>\n<tr>\n<td><strong>Certyfikaty<\/strong><\/td>\n<td>CE, ISO, BSCI, REACH<\/td>\n<\/tr>\n<tr>\n<td><strong>Opcje pakowania<\/strong><\/td>\n<td>Paleta drewniana, kartony lub opakowanie niestandardowe<\/td>\n<\/tr>\n<\/tbody>\n<\/table>\n<h2>Wskaz\u00f3wki dotycz\u0105ce pakowania:<\/h2>\n<p>Pewna marka wykorzysta\u0142a t\u0119 butelk\u0119 jako opakowanie dla swojego nowego p\u0142ynu po goleniu. Dodaj\u0105c matowe czarne wyko\u0144czenie i z\u0142ote t\u0142oczenia, stworzyli stylow\u0105 i ostr\u0105 estetyk\u0119, kt\u00f3ra zwi\u0119kszy\u0142a ich widoczno\u015b\u0107 w wyszukiwarkach internetowych. Trwa\u0142o\u015b\u0107 tych butelek i ich certyfikat CE umo\u017cliwi\u0142y im szybkie wej\u015bcie na rynek europejski.<\/p>","protected":false},"excerpt":{"rendered":"<p>Odkryj 100 ml fajne butelki na perfumy i butelki na wod\u0119 po goleniu dla swojego biznesu zapachowego. Indywidualne projekty, szybkie zam\u00f3wienia hurtowe i globalne certyfikaty.<\/p>","protected":false},"featured_media":3101,"comment_status":"open","ping_status":"closed","template":"","meta":{"_acf_changed":false,"site-sidebar-layout":"default","site-content-layout":"","ast-site-content-layout":"default","site-content-style":"default","site-sidebar-style":"default","ast-global-header-display":"","ast-banner-title-visibility":"","ast-main-header-display":"","ast-hfb-above-header-display":"","ast-hfb-below-header-display":"","ast-hfb-mobile-header-display":"","site-post-title":"","ast-breadcrumbs-content":"","ast-featured-img":"","footer-sml-layout":"","ast-disable-related-posts":"","theme-transparent-header-meta":"default","adv-header-id-meta":"","stick-header-meta":"","header-above-stick-meta":"","header-main-stick-meta":"","header-below-stick-meta":"","astra-migrate-meta-layouts":"set","ast-page-background-enabled":"default","ast-page-background-meta":{"desktop":{"background-color":"var(--ast-global-color-5)","background-image":"","background-repeat":"repeat","background-position":"center center","background-size":"auto","background-attachment":"scroll","background-type":"","background-media":"","overlay-type":"","overlay-color":"","overlay-opacity":"","overlay-gradient":""},"tablet":{"background-color":"","background-image":"","background-repeat":"repeat","background-position":"center center","background-size":"auto","background-attachment":"scroll","background-type":"","background-media":"","overlay-type":"","overlay-color":"","overlay-opacity":"","overlay-gradient":""},"mobile":{"background-color":"","background-image":"","background-repeat":"repeat","background-position":"center center","background-size":"auto","background-attachment":"scroll","background-type":"","background-media":"","overlay-type":"","overlay-color":"","overlay-opacity":"","overlay-gradient":""}},"ast-content-background-meta":{"desktop":{"background-color":"var(--ast-global-color-4)","background-image":"","background-repeat":"repeat","background-position":"center center","background-size":"auto","background-attachment":"scroll","background-type":"","background-media":"","overlay-type":"","overlay-color":"","overlay-opacity":"","overlay-gradient":""},"tablet":{"background-color":"var(--ast-global-color-4)","background-image":"","background-repeat":"repeat","background-position":"center center","background-size":"auto","background-attachment":"scroll","background-type":"","background-media":"","overlay-type":"","overlay-color":"","overlay-opacity":"","overlay-gradient":""},"mobile":{"background-color":"var(--ast-global-color-4)","background-image":"","background-repeat":"repeat","background-position":"center center","background-size":"auto","background-attachment":"scroll","background-type":"","background-media":"","overlay-type":"","overlay-color":"","overlay-opacity":"","overlay-gradient":""}}},"product_brand":[],"product_cat":[72,91],"product_tag":[],"class_list":{"0":"post-3099","1":"product","2":"type-product","3":"status-publish","4":"has-post-thumbnail","6":"product_cat-cosmetic-packaging","7":"product_cat-custom-perfume-bottles","8":"desktop-align-left","9":"tablet-align-left","10":"mobile-align-left","12":"first","13":"instock","14":"shipping-taxable","15":"product-type-simple"},"acf":[],"jetpack_sharing_enabled":true,"_links":{"self":[{"href":"https:\/\/theperfumebottles.com\/pl\/wp-json\/wp\/v2\/product\/3099","targetHints":{"allow":["GET"]}}],"collection":[{"href":"https:\/\/theperfumebottles.com\/pl\/wp-json\/wp\/v2\/product"}],"about":[{"href":"https:\/\/theperfumebottles.com\/pl\/wp-json\/wp\/v2\/types\/product"}],"replies":[{"embeddable":true,"href":"https:\/\/theperfumebottles.com\/pl\/wp-json\/wp\/v2\/comments?post=3099"}],"wp:featuredmedia":[{"embeddable":true,"href":"https:\/\/theperfumebottles.com\/pl\/wp-json\/wp\/v2\/media\/3101"}],"wp:attachment":[{"href":"https:\/\/theperfumebottles.com\/pl\/wp-json\/wp\/v2\/media?parent=3099"}],"wp:term":[{"taxonomy":"product_brand","embeddable":true,"href":"https:\/\/theperfumebottles.com\/pl\/wp-json\/wp\/v2\/product_brand?post=3099"},{"taxonomy":"product_cat","embeddable":true,"href":"https:\/\/theperfumebottles.com\/pl\/wp-json\/wp\/v2\/product_cat?post=3099"},{"taxonomy":"product_tag","embeddable":true,"href":"https:\/\/theperfumebottles.com\/pl\/wp-json\/wp\/v2\/product_tag?post=3099"}],"curies":[{"name":"wp","href":"https:\/\/api.w.org\/{rel}","templated":true}]}}