{"id":3118,"date":"2025-04-21T08:56:26","date_gmt":"2025-04-21T08:56:26","guid":{"rendered":"https:\/\/theperfumebottles.com\/?post_type=product&#038;p=3118"},"modified":"2025-05-23T18:09:44","modified_gmt":"2025-05-23T10:09:44","slug":"30ml-50ml-small-perfume-spray-bottles-small-cologne-bottles","status":"publish","type":"product","link":"https:\/\/theperfumebottles.com\/pl\/produkt\/30ml-50ml-small-perfume-spray-bottles-small-cologne-bottles\/","title":{"rendered":"Ma\u0142e butelki z rozpylaczem perfum o pojemno\u015bci 30 ml i 50 ml oraz ma\u0142e butelki z wod\u0105 kolo\u0144sk\u0105"},"content":{"rendered":"<p>W bran\u017cy perfumeryjnej design flakonu mo\u017ce bezpo\u015brednio decydowa\u0107 o tym, czy klienci go kupi\u0105? Na silnie konkurencyjnym rynku seria ma\u0142ych flakon\u00f3w z atomizerem PB-YX12 to tajna bro\u0144, kt\u00f3ra pomo\u017ce Ci si\u0119 wyr\u00f3\u017cni\u0107. Dost\u0119pne s\u0105 dwie pojemno\u015bci: 30 ml i 50 ml \u2013 wystarczaj\u0105co ma\u0142e, aby zmie\u015bci\u0107 si\u0119 w kieszeni, ale wystarczaj\u0105co du\u017ce, aby zorganizowa\u0107 rytua\u0142 perfumeryjnej imprezy.<\/p>\n<table style=\"border-collapse: collapse;margin-left: auto;margin-right: auto;width: 108.03pt\" border=\"0\" width=\"144\" cellspacing=\"0\" cellpadding=\"0\">\n<tbody>\n<tr style=\"height: 13.50pt\">\n<td style=\"height: 13.50pt;width: 54.00pt\" width=\"72\" height=\"18\">\n<p><figure id=\"attachment_3121\" aria-describedby=\"caption-attachment-3121\" style=\"width: 300px\" class=\"wp-caption aligncenter\"><img fetchpriority=\"high\" decoding=\"async\" class=\"size-medium wp-image-3121\" src=\"https:\/\/theperfumebottles.com\/wp-content\/uploads\/2025\/04\/small-perfume-spray-bottles-yx1201-300x300.webp\" alt=\"ma\u0142e butelki perfum w sprayu\" width=\"300\" height=\"300\" srcset=\"https:\/\/theperfumebottles.com\/wp-content\/uploads\/2025\/04\/small-perfume-spray-bottles-yx1201-300x300.webp 300w, https:\/\/theperfumebottles.com\/wp-content\/uploads\/2025\/04\/small-perfume-spray-bottles-yx1201-150x150.webp 150w, https:\/\/theperfumebottles.com\/wp-content\/uploads\/2025\/04\/small-perfume-spray-bottles-yx1201-768x768.webp 768w, https:\/\/theperfumebottles.com\/wp-content\/uploads\/2025\/04\/small-perfume-spray-bottles-yx1201-12x12.webp 12w, https:\/\/theperfumebottles.com\/wp-content\/uploads\/2025\/04\/small-perfume-spray-bottles-yx1201-600x600.webp 600w, https:\/\/theperfumebottles.com\/wp-content\/uploads\/2025\/04\/small-perfume-spray-bottles-yx1201-100x100.webp 100w, https:\/\/theperfumebottles.com\/wp-content\/uploads\/2025\/04\/small-perfume-spray-bottles-yx1201.webp 1000w\" sizes=\"(max-width: 300px) 100vw, 300px\" \/><figcaption id=\"caption-attachment-3121\" class=\"wp-caption-text\">Ma\u0142a butelka wody kolo\u0144skiej 30 ml<\/figcaption><\/figure><\/td>\n<td style=\"width: 54.00pt\" width=\"72\">\n<p><figure id=\"attachment_3123\" aria-describedby=\"caption-attachment-3123\" style=\"width: 300px\" class=\"wp-caption aligncenter\"><img decoding=\"async\" class=\"size-medium wp-image-3123\" src=\"https:\/\/theperfumebottles.com\/wp-content\/uploads\/2025\/04\/small-cologne-bottle-yx1202-300x300.webp\" alt=\"ma\u0142a butelka wody kolo\u0144skiej\" width=\"300\" height=\"300\" srcset=\"https:\/\/theperfumebottles.com\/wp-content\/uploads\/2025\/04\/small-cologne-bottle-yx1202-300x300.webp 300w, https:\/\/theperfumebottles.com\/wp-content\/uploads\/2025\/04\/small-cologne-bottle-yx1202-150x150.webp 150w, https:\/\/theperfumebottles.com\/wp-content\/uploads\/2025\/04\/small-cologne-bottle-yx1202-768x768.webp 768w, https:\/\/theperfumebottles.com\/wp-content\/uploads\/2025\/04\/small-cologne-bottle-yx1202-12x12.webp 12w, https:\/\/theperfumebottles.com\/wp-content\/uploads\/2025\/04\/small-cologne-bottle-yx1202-600x600.webp 600w, https:\/\/theperfumebottles.com\/wp-content\/uploads\/2025\/04\/small-cologne-bottle-yx1202-100x100.webp 100w, https:\/\/theperfumebottles.com\/wp-content\/uploads\/2025\/04\/small-cologne-bottle-yx1202.webp 1000w\" sizes=\"(max-width: 300px) 100vw, 300px\" \/><figcaption id=\"caption-attachment-3123\" class=\"wp-caption-text\">Ma\u0142a butelka wody kolo\u0144skiej 50 ml<\/figcaption><\/figure><\/td>\n<\/tr>\n<\/tbody>\n<\/table>\n<h2>Specyfikacja<\/h2>\n<table style=\"border-collapse: collapse;margin-left: auto;margin-right: auto;width: 80%\" border=\"0\" width=\"80%\" cellspacing=\"0\" cellpadding=\"0\">\n<tbody>\n<tr style=\"height: 13.50pt\">\n<td class=\"et2\" style=\"height: 13.50pt;width: 142.50pt\" width=\"190\" height=\"18\"><strong>Specyfikacja<\/strong><\/td>\n<td class=\"et2\" style=\"width: 153.75pt\" width=\"205\"><strong>PB-YX1201<\/strong><\/td>\n<td class=\"et2\" style=\"width: 155.25pt\" width=\"207\"><strong>PB-YX1202<\/strong><\/td>\n<\/tr>\n<tr style=\"height: 13.50pt\">\n<td class=\"et2\" style=\"height: 13.50pt\" height=\"18\"><strong>Pojemno\u015b\u0107<\/strong><\/td>\n<td>30 ml<\/td>\n<td>50 ml<\/td>\n<\/tr>\n<tr style=\"height: 13.50pt\">\n<td class=\"et2\" style=\"height: 13.50pt\" height=\"18\"><strong>Wymiary<\/strong><\/td>\n<td>55 mm * 25 mm * 85 mm<\/td>\n<td>66 mm * 30 mm * 100 mm<\/td>\n<\/tr>\n<tr style=\"height: 13.50pt\">\n<td class=\"et2\" style=\"height: 13.50pt\" height=\"18\"><strong>Kaliber<\/strong><\/td>\n<td class=\"et3\" colspan=\"2\">15 mm<\/td>\n<\/tr>\n<tr style=\"height: 13.50pt\">\n<td class=\"et2\" style=\"height: 13.50pt\" height=\"18\"><strong>Kolor szk\u0142a<\/strong><\/td>\n<td class=\"et3\" colspan=\"2\">Przezroczysty, konfigurowalny<\/td>\n<\/tr>\n<tr style=\"height: 13.50pt\">\n<td class=\"et2\" style=\"height: 13.50pt\" height=\"18\"><strong>Dost\u0119pne kolory czapek<\/strong><\/td>\n<td class=\"et3\" colspan=\"2\">Z\u0142oty, srebrny, czarny, bia\u0142y, drewniany, konfigurowalny<\/td>\n<\/tr>\n<\/tbody>\n<\/table>\n<h2>Rzeczywisty przyk\u0142ad: Ma\u0142e flakony podbijaj\u0105 du\u017cy rynek<\/h2>\n<p>Butikowa marka perfum o minimalistycznym podej\u015bciu wprowadzi\u0142a seri\u0119 podr\u00f3\u017cn\u0105 z modelem PB-YX1201. Wybrali matow\u0105 czarn\u0105 zakr\u0119tk\u0119 + minimalistowy nadruk sitodrukowy, a rezultatem by\u0142o \u2013 podwojenie sprzeda\u017cy, a m\u0142odzi klienci oszaleli na jego punkcie!<br \/>\nMedia spo\u0142eczno\u015bciowe zala\u0142y wiadomo\u015bci: \u201eTen flakon jest tak przyjemny w dotyku!\u201d \u201eNawet pusty flakon chce by\u0107 ozdob\u0105!\u201d<\/p>\n<h2>Sugestie dotycz\u0105ce opakowania:<\/h2>\n<p><strong>Mo\u017cemy dostosowa\u0107 kolor zakr\u0119tki:<\/strong>\u00a0z\u0142oto, srebro, czer\u0144, biel, a nawet kolor imituj\u0105cy drewno, mo\u017cesz dopasowa\u0107 go do swoich upodoba\u0144. Wolisz dyskrecj\u0119? Wybierz matow\u0105 czer\u0144; chcesz zwr\u00f3ci\u0107 uwag\u0119? Spr\u00f3buj b\u0142yszcz\u0105cego z\u0142ota. Nadruk sitodrukowy Twojego logo lub wzoru sprawi, \u017ce b\u0119dzie to \u201ejedyny\u201d punkt zapami\u0119tania w umy\u015ble klienta.<br \/>\n<strong>Luksusowy upgrade: <\/strong>Ka\u017cdy flakon perfum umieszczony jest w welurowym pude\u0142ku. Lekki dotyk, a natychmiast pojawia si\u0119 silne poczucie ceremonii.<br \/>\n<strong>Szczeg\u00f3\u0142y i dodatkowe punkty: <\/strong>Do\u0142\u0105czona jest r\u0119cznie napisana karta zapachowa, informuj\u0105ca klient\u00f3w \u201ena jak\u0105 okazj\u0119 nadaje si\u0119 ten flakon perfum\u201d, natychmiast podnosz\u0105c temperatur\u0119 marki.<br \/>\nPunkty bonusowe za dba\u0142o\u015b\u0107 o \u015brodowisko: Wybierz pude\u0142ko opakowaniowe wykonane z materia\u0142\u00f3w nadaj\u0105cych si\u0119 do recyklingu, kt\u00f3re jest zar\u00f3wno wysokiej jako\u015bci, jak i zgodne z warto\u015bciami wsp\u00f3\u0142czesnych konsument\u00f3w.<\/p>","protected":false},"excerpt":{"rendered":"<p>Odkryj nasze stylowe, ma\u0142e buteleczki z atomizerem do perfum i wody kolo\u0144skiej. Te buteleczki z kryszta\u0142owego szk\u0142a oferuj\u0105 r\u00f3\u017cne mo\u017cliwo\u015bci personalizacji, aby dopasowa\u0107 je do Twojej marki.<\/p>","protected":false},"featured_media":3123,"comment_status":"open","ping_status":"closed","template":"","meta":{"_acf_changed":false,"site-sidebar-layout":"default","site-content-layout":"","ast-site-content-layout":"default","site-content-style":"default","site-sidebar-style":"default","ast-global-header-display":"","ast-banner-title-visibility":"","ast-main-header-display":"","ast-hfb-above-header-display":"","ast-hfb-below-header-display":"","ast-hfb-mobile-header-display":"","site-post-title":"","ast-breadcrumbs-content":"","ast-featured-img":"","footer-sml-layout":"","ast-disable-related-posts":"","theme-transparent-header-meta":"default","adv-header-id-meta":"","stick-header-meta":"","header-above-stick-meta":"","header-main-stick-meta":"","header-below-stick-meta":"","astra-migrate-meta-layouts":"set","ast-page-background-enabled":"default","ast-page-background-meta":{"desktop":{"background-color":"var(--ast-global-color-5)","background-image":"","background-repeat":"repeat","background-position":"center center","background-size":"auto","background-attachment":"scroll","background-type":"","background-media":"","overlay-type":"","overlay-color":"","overlay-opacity":"","overlay-gradient":""},"tablet":{"background-color":"","background-image":"","background-repeat":"repeat","background-position":"center center","background-size":"auto","background-attachment":"scroll","background-type":"","background-media":"","overlay-type":"","overlay-color":"","overlay-opacity":"","overlay-gradient":""},"mobile":{"background-color":"","background-image":"","background-repeat":"repeat","background-position":"center center","background-size":"auto","background-attachment":"scroll","background-type":"","background-media":"","overlay-type":"","overlay-color":"","overlay-opacity":"","overlay-gradient":""}},"ast-content-background-meta":{"desktop":{"background-color":"var(--ast-global-color-4)","background-image":"","background-repeat":"repeat","background-position":"center center","background-size":"auto","background-attachment":"scroll","background-type":"","background-media":"","overlay-type":"","overlay-color":"","overlay-opacity":"","overlay-gradient":""},"tablet":{"background-color":"var(--ast-global-color-4)","background-image":"","background-repeat":"repeat","background-position":"center center","background-size":"auto","background-attachment":"scroll","background-type":"","background-media":"","overlay-type":"","overlay-color":"","overlay-opacity":"","overlay-gradient":""},"mobile":{"background-color":"var(--ast-global-color-4)","background-image":"","background-repeat":"repeat","background-position":"center center","background-size":"auto","background-attachment":"scroll","background-type":"","background-media":"","overlay-type":"","overlay-color":"","overlay-opacity":"","overlay-gradient":""}}},"product_brand":[],"product_cat":[72,91,41],"product_tag":[],"class_list":{"0":"post-3118","1":"product","2":"type-product","3":"status-publish","4":"has-post-thumbnail","6":"product_cat-cosmetic-packaging","7":"product_cat-custom-perfume-bottles","8":"product_cat-perfume-bottles","9":"desktop-align-left","10":"tablet-align-left","11":"mobile-align-left","13":"first","14":"instock","15":"shipping-taxable","16":"product-type-simple"},"acf":[],"jetpack_sharing_enabled":true,"_links":{"self":[{"href":"https:\/\/theperfumebottles.com\/pl\/wp-json\/wp\/v2\/product\/3118","targetHints":{"allow":["GET"]}}],"collection":[{"href":"https:\/\/theperfumebottles.com\/pl\/wp-json\/wp\/v2\/product"}],"about":[{"href":"https:\/\/theperfumebottles.com\/pl\/wp-json\/wp\/v2\/types\/product"}],"replies":[{"embeddable":true,"href":"https:\/\/theperfumebottles.com\/pl\/wp-json\/wp\/v2\/comments?post=3118"}],"wp:featuredmedia":[{"embeddable":true,"href":"https:\/\/theperfumebottles.com\/pl\/wp-json\/wp\/v2\/media\/3123"}],"wp:attachment":[{"href":"https:\/\/theperfumebottles.com\/pl\/wp-json\/wp\/v2\/media?parent=3118"}],"wp:term":[{"taxonomy":"product_brand","embeddable":true,"href":"https:\/\/theperfumebottles.com\/pl\/wp-json\/wp\/v2\/product_brand?post=3118"},{"taxonomy":"product_cat","embeddable":true,"href":"https:\/\/theperfumebottles.com\/pl\/wp-json\/wp\/v2\/product_cat?post=3118"},{"taxonomy":"product_tag","embeddable":true,"href":"https:\/\/theperfumebottles.com\/pl\/wp-json\/wp\/v2\/product_tag?post=3118"}],"curies":[{"name":"wp","href":"https:\/\/api.w.org\/{rel}","templated":true}]}}