{"id":3139,"date":"2025-04-22T09:35:30","date_gmt":"2025-04-22T09:35:30","guid":{"rendered":"https:\/\/theperfumebottles.com\/?post_type=product&#038;p=3139"},"modified":"2026-01-04T09:16:43","modified_gmt":"2026-01-04T01:16:43","slug":"30ml-45ml-small-glass-perfume-bottles-portable-fragrance-bottle-solutions","status":"publish","type":"product","link":"https:\/\/theperfumebottles.com\/pl\/produkt\/30ml-45ml-small-glass-perfume-bottles-portable-fragrance-bottle-solutions\/","title":{"rendered":"30ml 45ml Small Glass Perfume Bottles \u2013 Portable Fragrance Bottle Solutions"},"content":{"rendered":"<p>Niezale\u017cnie od tego, czy szukasz przeno\u015bnego flakonu na perfumy, czy te\u017c chcesz stworzy\u0107 imponuj\u0105cy wygl\u0105d dzi\u0119ki kompaktowemu szklanemu flakonowi na perfumy, nasza seria PB-YX15 b\u0119dzie najlepszym wyborem.<\/p>\n<figure id=\"attachment_3144\" aria-describedby=\"caption-attachment-3144\" style=\"width: 500px\" class=\"wp-caption aligncenter\"><img fetchpriority=\"high\" decoding=\"async\" class=\"wp-image-3144\" src=\"https:\/\/theperfumebottles.com\/wp-content\/uploads\/2025\/04\/small-glass-perfume-bottles-YX15-details.webp\" alt=\"ma\u0142e szklane butelki perfum\" width=\"500\" height=\"500\" srcset=\"https:\/\/theperfumebottles.com\/wp-content\/uploads\/2025\/04\/small-glass-perfume-bottles-YX15-details.webp 800w, https:\/\/theperfumebottles.com\/wp-content\/uploads\/2025\/04\/small-glass-perfume-bottles-YX15-details-300x300.webp 300w, https:\/\/theperfumebottles.com\/wp-content\/uploads\/2025\/04\/small-glass-perfume-bottles-YX15-details-150x150.webp 150w, https:\/\/theperfumebottles.com\/wp-content\/uploads\/2025\/04\/small-glass-perfume-bottles-YX15-details-768x768.webp 768w, https:\/\/theperfumebottles.com\/wp-content\/uploads\/2025\/04\/small-glass-perfume-bottles-YX15-details-12x12.webp 12w, https:\/\/theperfumebottles.com\/wp-content\/uploads\/2025\/04\/small-glass-perfume-bottles-YX15-details-600x600.webp 600w, https:\/\/theperfumebottles.com\/wp-content\/uploads\/2025\/04\/small-glass-perfume-bottles-YX15-details-100x100.webp 100w\" sizes=\"(max-width: 500px) 100vw, 500px\" \/><figcaption id=\"caption-attachment-3144\" class=\"wp-caption-text\">Przeno\u015bna butelka zapachowa YX15<\/figcaption><\/figure>\n<h2>Specyfikacja<\/h2>\n<table style=\"border-collapse: collapse;margin-left: auto;margin-right: auto;width: 80%\" border=\"0\" width=\"80%\" cellspacing=\"0\" cellpadding=\"0\">\n<tbody>\n<tr style=\"height: 13.50pt\">\n<td style=\"height: 13.50pt;width: 72.00pt\" width=\"96\" height=\"18\">Model<\/td>\n<td style=\"width: 65.25pt\" width=\"87\">Pojemno\u015b\u0107<\/td>\n<td style=\"width: 76.50pt\" width=\"102\">Wymiar<\/td>\n<td style=\"width: 59.25pt\" width=\"79\">Kaliber<\/td>\n<td style=\"width: 79.50pt\" width=\"106\">Kolor szk\u0142a<\/td>\n<td style=\"width: 92.25pt\" width=\"123\">Opcje pompy<\/td>\n<\/tr>\n<tr style=\"height: 13.50pt\">\n<td style=\"height: 13.50pt\" height=\"18\">PB-YX1501<\/td>\n<td>30 ml<\/td>\n<td>38 * 38 * 80 mm<\/td>\n<td>15 mm<\/td>\n<td>Przezroczysty<\/td>\n<td>Z\u0142oto, srebro<\/td>\n<\/tr>\n<tr style=\"height: 13.50pt\">\n<td style=\"height: 13.50pt\" height=\"18\">PB-YX1502<\/td>\n<td>45 ml<\/td>\n<td>38 * 38 * 116 mm<\/td>\n<td>15 mm<\/td>\n<td>Przezroczysty<\/td>\n<td>Z\u0142oto, srebro<\/td>\n<\/tr>\n<\/tbody>\n<\/table>\n<h2>Udost\u0119pnianie rzeczywistych przypadk\u00f3w:<\/h2>\n<p>Klient, kt\u00f3ry prowadzi butikow\u0105 mark\u0119 perfum, dostosowa\u0142 og\u00f3lny styl opakowania po przej\u015bciu na nasze ma\u0142e szklane butelki. Zgadnij, co si\u0119 sta\u0142o? Marka nie tylko wygl\u0105da bardziej stylowo, ale tak\u017ce sprzeda\u017c wzros\u0142a o prawie 30% w ci\u0105gu kilku miesi\u0119cy!<\/p>\n<p>Je\u015bli chcesz, aby Tw\u00f3j produkt by\u0142 nie tylko u\u017cywany, ale tak\u017ce \"kolekcjonowany\" i \"eksponowany\", wypr\u00f3buj seri\u0119 PB-YX15. To nie tylko butelka perfum, ale tak\u017ce wspania\u0142e do\u015bwiadczenie, kt\u00f3re ludzie b\u0119d\u0105 chcieli zapami\u0119ta\u0107.<\/p>","protected":false},"excerpt":{"rendered":"<p>Poznaj nasze stylowe ma\u0142e szklane flakony na perfumy. Przeno\u015bne buteleczki na perfumy, kt\u00f3re idealnie spe\u0142niaj\u0105 potrzeby biznesowe.<\/p>","protected":false},"featured_media":3140,"comment_status":"open","ping_status":"closed","template":"","meta":{"_acf_changed":false,"site-sidebar-layout":"default","site-content-layout":"","ast-site-content-layout":"default","site-content-style":"default","site-sidebar-style":"default","ast-global-header-display":"","ast-banner-title-visibility":"","ast-main-header-display":"","ast-hfb-above-header-display":"","ast-hfb-below-header-display":"","ast-hfb-mobile-header-display":"","site-post-title":"","ast-breadcrumbs-content":"","ast-featured-img":"","footer-sml-layout":"","ast-disable-related-posts":"","theme-transparent-header-meta":"default","adv-header-id-meta":"","stick-header-meta":"","header-above-stick-meta":"","header-main-stick-meta":"","header-below-stick-meta":"","astra-migrate-meta-layouts":"set","ast-page-background-enabled":"default","ast-page-background-meta":{"desktop":{"background-color":"var(--ast-global-color-5)","background-image":"","background-repeat":"repeat","background-position":"center center","background-size":"auto","background-attachment":"scroll","background-type":"","background-media":"","overlay-type":"","overlay-color":"","overlay-opacity":"","overlay-gradient":""},"tablet":{"background-color":"","background-image":"","background-repeat":"repeat","background-position":"center center","background-size":"auto","background-attachment":"scroll","background-type":"","background-media":"","overlay-type":"","overlay-color":"","overlay-opacity":"","overlay-gradient":""},"mobile":{"background-color":"","background-image":"","background-repeat":"repeat","background-position":"center center","background-size":"auto","background-attachment":"scroll","background-type":"","background-media":"","overlay-type":"","overlay-color":"","overlay-opacity":"","overlay-gradient":""}},"ast-content-background-meta":{"desktop":{"background-color":"var(--ast-global-color-4)","background-image":"","background-repeat":"repeat","background-position":"center center","background-size":"auto","background-attachment":"scroll","background-type":"","background-media":"","overlay-type":"","overlay-color":"","overlay-opacity":"","overlay-gradient":""},"tablet":{"background-color":"var(--ast-global-color-4)","background-image":"","background-repeat":"repeat","background-position":"center center","background-size":"auto","background-attachment":"scroll","background-type":"","background-media":"","overlay-type":"","overlay-color":"","overlay-opacity":"","overlay-gradient":""},"mobile":{"background-color":"var(--ast-global-color-4)","background-image":"","background-repeat":"repeat","background-position":"center center","background-size":"auto","background-attachment":"scroll","background-type":"","background-media":"","overlay-type":"","overlay-color":"","overlay-opacity":"","overlay-gradient":""}}},"product_brand":[],"product_cat":[72,91,41],"product_tag":[],"class_list":{"0":"post-3139","1":"product","2":"type-product","3":"status-publish","4":"has-post-thumbnail","6":"product_cat-cosmetic-packaging","7":"product_cat-custom-perfume-bottles","8":"product_cat-perfume-bottles","9":"desktop-align-left","10":"tablet-align-left","11":"mobile-align-left","13":"first","14":"instock","15":"shipping-taxable","16":"product-type-simple"},"acf":[],"jetpack_sharing_enabled":true,"_links":{"self":[{"href":"https:\/\/theperfumebottles.com\/pl\/wp-json\/wp\/v2\/product\/3139","targetHints":{"allow":["GET"]}}],"collection":[{"href":"https:\/\/theperfumebottles.com\/pl\/wp-json\/wp\/v2\/product"}],"about":[{"href":"https:\/\/theperfumebottles.com\/pl\/wp-json\/wp\/v2\/types\/product"}],"replies":[{"embeddable":true,"href":"https:\/\/theperfumebottles.com\/pl\/wp-json\/wp\/v2\/comments?post=3139"}],"wp:featuredmedia":[{"embeddable":true,"href":"https:\/\/theperfumebottles.com\/pl\/wp-json\/wp\/v2\/media\/3140"}],"wp:attachment":[{"href":"https:\/\/theperfumebottles.com\/pl\/wp-json\/wp\/v2\/media?parent=3139"}],"wp:term":[{"taxonomy":"product_brand","embeddable":true,"href":"https:\/\/theperfumebottles.com\/pl\/wp-json\/wp\/v2\/product_brand?post=3139"},{"taxonomy":"product_cat","embeddable":true,"href":"https:\/\/theperfumebottles.com\/pl\/wp-json\/wp\/v2\/product_cat?post=3139"},{"taxonomy":"product_tag","embeddable":true,"href":"https:\/\/theperfumebottles.com\/pl\/wp-json\/wp\/v2\/product_tag?post=3139"}],"curies":[{"name":"wp","href":"https:\/\/api.w.org\/{rel}","templated":true}]}}