{"id":3145,"date":"2025-04-24T05:57:06","date_gmt":"2025-04-24T05:57:06","guid":{"rendered":"https:\/\/theperfumebottles.com\/?post_type=product&#038;p=3145"},"modified":"2026-04-06T15:10:24","modified_gmt":"2026-04-06T07:10:24","slug":"crimped-fancy-perfume-bottles-wholesale","status":"publish","type":"product","link":"https:\/\/theperfumebottles.com\/pl\/produkt\/crimped-fancy-perfume-bottles-wholesale\/","title":{"rendered":"50 ml 100 ml karbowane eleganckie butelki na perfumy do sprzeda\u017cy hurtowej"},"content":{"rendered":"<p>Te eleganckie, hurtowe butelki na perfumy charakteryzuj\u0105 si\u0119 mocn\u0105, kwadratow\u0105 konstrukcj\u0105 w kszta\u0142cie kolumny, wykonan\u0105 z przezroczystego szk\u0142a. Boki zdobi\u0105 pionowe rowki i g\u0142\u0119boki panel w kszta\u0142cie litery U, a nakr\u0119tka wykonana jest z okr\u0105g\u0142ego, b\u0142yszcz\u0105cego metalu w kolorze z\u0142otym lub srebrnym.<\/p>\n<figure id=\"attachment_3146\" aria-describedby=\"caption-attachment-3146\" style=\"width: 500px\" class=\"wp-caption aligncenter\"><img fetchpriority=\"high\" decoding=\"async\" class=\"wp-image-3146\" src=\"https:\/\/theperfumebottles.com\/wp-content\/uploads\/2025\/04\/crimp-perfume-bottles-yx16-pb.webp\" alt=\"zaciskane butelki perfum\" width=\"500\" height=\"500\" srcset=\"https:\/\/theperfumebottles.com\/wp-content\/uploads\/2025\/04\/crimp-perfume-bottles-yx16-pb.webp 1000w, https:\/\/theperfumebottles.com\/wp-content\/uploads\/2025\/04\/crimp-perfume-bottles-yx16-pb-300x300.webp 300w, https:\/\/theperfumebottles.com\/wp-content\/uploads\/2025\/04\/crimp-perfume-bottles-yx16-pb-150x150.webp 150w, https:\/\/theperfumebottles.com\/wp-content\/uploads\/2025\/04\/crimp-perfume-bottles-yx16-pb-768x768.webp 768w, https:\/\/theperfumebottles.com\/wp-content\/uploads\/2025\/04\/crimp-perfume-bottles-yx16-pb-12x12.webp 12w, https:\/\/theperfumebottles.com\/wp-content\/uploads\/2025\/04\/crimp-perfume-bottles-yx16-pb-600x600.webp 600w, https:\/\/theperfumebottles.com\/wp-content\/uploads\/2025\/04\/crimp-perfume-bottles-yx16-pb-100x100.webp 100w\" sizes=\"(max-width: 500px) 100vw, 500px\" \/><figcaption id=\"caption-attachment-3146\" class=\"wp-caption-text\">hurtownia eleganckich butelek na perfumy<\/figcaption><\/figure>\n<h2>Kluczowe specyfikacje<\/h2>\n<figure id=\"attachment_3148\" aria-describedby=\"caption-attachment-3148\" style=\"width: 500px\" class=\"wp-caption aligncenter\"><img decoding=\"async\" class=\"wp-image-3148\" src=\"https:\/\/theperfumebottles.com\/wp-content\/uploads\/2025\/04\/fancy-perfume-bottles-wholesale-yx16-shape.webp\" alt=\"hurtownia eleganckich butelek na perfumy\" width=\"500\" height=\"500\" srcset=\"https:\/\/theperfumebottles.com\/wp-content\/uploads\/2025\/04\/fancy-perfume-bottles-wholesale-yx16-shape.webp 1000w, https:\/\/theperfumebottles.com\/wp-content\/uploads\/2025\/04\/fancy-perfume-bottles-wholesale-yx16-shape-300x300.webp 300w, https:\/\/theperfumebottles.com\/wp-content\/uploads\/2025\/04\/fancy-perfume-bottles-wholesale-yx16-shape-150x150.webp 150w, https:\/\/theperfumebottles.com\/wp-content\/uploads\/2025\/04\/fancy-perfume-bottles-wholesale-yx16-shape-768x768.webp 768w, https:\/\/theperfumebottles.com\/wp-content\/uploads\/2025\/04\/fancy-perfume-bottles-wholesale-yx16-shape-12x12.webp 12w, https:\/\/theperfumebottles.com\/wp-content\/uploads\/2025\/04\/fancy-perfume-bottles-wholesale-yx16-shape-600x600.webp 600w, https:\/\/theperfumebottles.com\/wp-content\/uploads\/2025\/04\/fancy-perfume-bottles-wholesale-yx16-shape-100x100.webp 100w\" sizes=\"(max-width: 500px) 100vw, 500px\" \/><figcaption id=\"caption-attachment-3148\" class=\"wp-caption-text\">flakon na perfumy z karbowan\u0105 szyjk\u0105<\/figcaption><\/figure>\n<table>\n<thead>\n<tr>\n<th>Specyfikacja<\/th>\n<th>PB-YX1601<\/th>\n<th>PB-YX1602<\/th>\n<\/tr>\n<\/thead>\n<tbody>\n<tr>\n<td>Pojemno\u015b\u0107<\/td>\n<td>50 ml<\/td>\n<td>100 ml<\/td>\n<\/tr>\n<tr>\n<td>Wymiar<\/td>\n<td>38*38*80 mm<\/td>\n<td>38*38*116 mm<\/td>\n<\/tr>\n<tr>\n<td>Kaliber<\/td>\n<td>15 mm<\/td>\n<td>15 mm<\/td>\n<\/tr>\n<tr>\n<td>Kolor szk\u0142a<\/td>\n<td>Przezroczysty<\/td>\n<td>Przezroczysty<\/td>\n<\/tr>\n<tr>\n<td>Pompa<\/td>\n<td>Z\u0142oto, srebro, czer\u0144<\/td>\n<td>Z\u0142oto, srebro, czer\u0144<\/td>\n<\/tr>\n<tr>\n<td>Typ uszczelnienia<\/td>\n<td>Zaciskana szyjka<\/td>\n<td>Zaciskana szyjka<\/td>\n<\/tr>\n<\/tbody>\n<\/table>\n<h2>Historia sukcesu: zam\u00f3wienie indywidualne od europejskiej luksusowej marki modowej<\/h2>\n<p>W\u0142oski dom mody wybra\u0142 nasze kwadratowe, karbowane flakony perfum wraz ze swoj\u0105 specjaln\u0105 kreacj\u0105 perfum, kt\u00f3ra charakteryzowa\u0142a si\u0119 nakr\u0119tk\u0105 pokryt\u0105 18-karatowym z\u0142otem i korpusem z przydymionego, szarego szk\u0142a. Specjalnie zaprojektowany flakon odni\u00f3s\u0142 ogromny sukces, poniewa\u017c jego ekskluzywny wygl\u0105d pozwoli\u0142 mu sprzedawa\u0107 si\u0119 o 40% taniej ni\u017c w poprzednich liniach produkt\u00f3w, a jego charakterystyczny kszta\u0142t sta\u0142 si\u0119 g\u0142\u00f3wnym elementem designu, kt\u00f3ry wzbudzi\u0142 300% wi\u0119ksze zainteresowanie w mediach spo\u0142eczno\u015bciowych, zanim produkt trafi\u0142 do sprzeda\u017cy. W oparciu o ten sukces, marka z\u0142o\u017cy\u0142a dodatkowe zam\u00f3wienie na 250 000 flakon\u00f3w do swojej nowej linii zapach\u00f3w unisex oraz limitowanych edycji we wsp\u00f3\u0142pracy z artystami.<\/p>\n<h2>Sugestie personalizacji butelek perfum Crimp<\/h2>\n<ul>\n<li>Materia\u0142 i wyko\u0144czenie nasadki: Oferujemy r\u00f3\u017cne opcje metalowych nasadek, dost\u0119pne w czterech r\u00f3\u017cnych stylach wyko\u0144czenia, w tym matowym i b\u0142yszcz\u0105cym, m\u0142otkowanym i wysadzanym kryszta\u0142kami.<\/li>\n<li>R\u00f3\u017cnorodno\u015b\u0107 faktur i wzor\u00f3w: U\u017cytkownicy mog\u0105 tworzy\u0107 r\u00f3\u017cne wzory paneli bocznych, korzystaj\u0105c z trzech opcji projektowych, w tym wzor\u00f3w \u015bci\u0119tych i geometrycznych, a tak\u017ce kombinacji g\u0142adkiego przodu i teksturowanych element\u00f3w bocznych.<\/li>\n<li>Wzory rowk\u00f3w w kszta\u0142cie litery U: U\u017cytkownicy mog\u0105 tworzy\u0107 w\u0142asne wzory rowk\u00f3w w kszta\u0142cie litery U, korzystaj\u0105c z trzech dost\u0119pnych opcji projektowych, w tym wzor\u00f3w w kszta\u0142cie litery V, kszta\u0142t\u00f3w falistych oraz okre\u015blonych wzor\u00f3w geometrycznych stosowanych przez ich mark\u0119.<\/li>\n<\/ul>","protected":false},"excerpt":{"rendered":"<p>Wysokiej jako\u015bci, eleganckie butelki na perfumy, hurtowo dost\u0119pne, z teksturowanym wyko\u0144czeniem szklanym. Zaciskane butelki na perfumy zapewniaj\u0105 bezpieczne zamkni\u0119cie. Dost\u0119pne ceny bezpo\u015brednio od producenta.<\/p>","protected":false},"featured_media":3147,"comment_status":"open","ping_status":"closed","template":"","meta":{"_acf_changed":false,"site-sidebar-layout":"default","site-content-layout":"","ast-site-content-layout":"default","site-content-style":"default","site-sidebar-style":"default","ast-global-header-display":"","ast-banner-title-visibility":"","ast-main-header-display":"","ast-hfb-above-header-display":"","ast-hfb-below-header-display":"","ast-hfb-mobile-header-display":"","site-post-title":"","ast-breadcrumbs-content":"","ast-featured-img":"","footer-sml-layout":"","ast-disable-related-posts":"","theme-transparent-header-meta":"default","adv-header-id-meta":"","stick-header-meta":"","header-above-stick-meta":"","header-main-stick-meta":"","header-below-stick-meta":"","astra-migrate-meta-layouts":"set","ast-page-background-enabled":"default","ast-page-background-meta":{"desktop":{"background-color":"var(--ast-global-color-5)","background-image":"","background-repeat":"repeat","background-position":"center center","background-size":"auto","background-attachment":"scroll","background-type":"","background-media":"","overlay-type":"","overlay-color":"","overlay-opacity":"","overlay-gradient":""},"tablet":{"background-color":"","background-image":"","background-repeat":"repeat","background-position":"center center","background-size":"auto","background-attachment":"scroll","background-type":"","background-media":"","overlay-type":"","overlay-color":"","overlay-opacity":"","overlay-gradient":""},"mobile":{"background-color":"","background-image":"","background-repeat":"repeat","background-position":"center center","background-size":"auto","background-attachment":"scroll","background-type":"","background-media":"","overlay-type":"","overlay-color":"","overlay-opacity":"","overlay-gradient":""}},"ast-content-background-meta":{"desktop":{"background-color":"var(--ast-global-color-4)","background-image":"","background-repeat":"repeat","background-position":"center center","background-size":"auto","background-attachment":"scroll","background-type":"","background-media":"","overlay-type":"","overlay-color":"","overlay-opacity":"","overlay-gradient":""},"tablet":{"background-color":"var(--ast-global-color-4)","background-image":"","background-repeat":"repeat","background-position":"center center","background-size":"auto","background-attachment":"scroll","background-type":"","background-media":"","overlay-type":"","overlay-color":"","overlay-opacity":"","overlay-gradient":""},"mobile":{"background-color":"var(--ast-global-color-4)","background-image":"","background-repeat":"repeat","background-position":"center center","background-size":"auto","background-attachment":"scroll","background-type":"","background-media":"","overlay-type":"","overlay-color":"","overlay-opacity":"","overlay-gradient":""}}},"product_brand":[],"product_cat":[91,72,41],"product_tag":[],"class_list":{"0":"post-3145","1":"product","2":"type-product","3":"status-publish","4":"has-post-thumbnail","6":"product_cat-custom-perfume-bottles","7":"product_cat-cosmetic-packaging","8":"product_cat-perfume-bottles","9":"desktop-align-left","10":"tablet-align-left","11":"mobile-align-left","13":"first","14":"instock","15":"shipping-taxable","16":"product-type-simple"},"acf":[],"jetpack_sharing_enabled":true,"_links":{"self":[{"href":"https:\/\/theperfumebottles.com\/pl\/wp-json\/wp\/v2\/product\/3145","targetHints":{"allow":["GET"]}}],"collection":[{"href":"https:\/\/theperfumebottles.com\/pl\/wp-json\/wp\/v2\/product"}],"about":[{"href":"https:\/\/theperfumebottles.com\/pl\/wp-json\/wp\/v2\/types\/product"}],"replies":[{"embeddable":true,"href":"https:\/\/theperfumebottles.com\/pl\/wp-json\/wp\/v2\/comments?post=3145"}],"wp:featuredmedia":[{"embeddable":true,"href":"https:\/\/theperfumebottles.com\/pl\/wp-json\/wp\/v2\/media\/3147"}],"wp:attachment":[{"href":"https:\/\/theperfumebottles.com\/pl\/wp-json\/wp\/v2\/media?parent=3145"}],"wp:term":[{"taxonomy":"product_brand","embeddable":true,"href":"https:\/\/theperfumebottles.com\/pl\/wp-json\/wp\/v2\/product_brand?post=3145"},{"taxonomy":"product_cat","embeddable":true,"href":"https:\/\/theperfumebottles.com\/pl\/wp-json\/wp\/v2\/product_cat?post=3145"},{"taxonomy":"product_tag","embeddable":true,"href":"https:\/\/theperfumebottles.com\/pl\/wp-json\/wp\/v2\/product_tag?post=3145"}],"curies":[{"name":"wp","href":"https:\/\/api.w.org\/{rel}","templated":true}]}}