{"id":3240,"date":"2025-04-28T08:53:56","date_gmt":"2025-04-28T08:53:56","guid":{"rendered":"https:\/\/theperfumebottles.com\/?post_type=product&#038;p=3240"},"modified":"2025-05-23T14:29:50","modified_gmt":"2025-05-23T06:29:50","slug":"personalized-perfume-bottle-with-sprayer","status":"publish","type":"product","link":"https:\/\/theperfumebottles.com\/pl\/produkt\/personalized-perfume-bottle-with-sprayer\/","title":{"rendered":"Spersonalizowana butelka perfum o pojemno\u015bci 50 ml lub 100 ml ze spryskiwaczem"},"content":{"rendered":"<h2>Kluczowe specyfikacje<\/h2>\n<table style=\"border-collapse: collapse; margin-left: auto; margin-right: auto; width: 80%;\" border=\"0\" width=\"80%\" cellspacing=\"0\" cellpadding=\"0\">\n<tbody>\n<tr style=\"height: 13.50pt;\">\n<td style=\"height: 13.50pt; width: 148.50pt;\" width=\"198\" height=\"18\"><strong>Model<\/strong><\/td>\n<td style=\"width: 154.50pt;\" width=\"206\">PB-YX2002<\/td>\n<td style=\"width: 154.50pt;\" width=\"206\">PB-YX2003<\/td>\n<\/tr>\n<tr style=\"height: 13.50pt;\">\n<td style=\"height: 13.50pt;\" height=\"18\"><strong>Pojemno\u015b\u0107<\/strong><\/td>\n<td>50 ml<\/td>\n<td>100 ml<\/td>\n<\/tr>\n<tr style=\"height: 13.50pt;\">\n<td style=\"height: 13.50pt;\" height=\"18\"><strong>Wymiary<\/strong><\/td>\n<td>42*25*92 mm<\/td>\n<td>53*31*114 mm<\/td>\n<\/tr>\n<tr style=\"height: 13.50pt;\">\n<td style=\"height: 13.50pt;\" height=\"18\"><strong>\u015arednica szyjki<\/strong><\/td>\n<td>15 mm<\/td>\n<td>15 mm<\/td>\n<\/tr>\n<tr style=\"height: 13.50pt;\">\n<td style=\"height: 13.50pt;\" height=\"18\"><strong>Opcje kolor\u00f3w pompy<\/strong><\/td>\n<td>Srebro, z\u0142oto, czer\u0144<\/td>\n<td>Srebro, z\u0142oto, czer\u0144<\/td>\n<\/tr>\n<tr style=\"height: 13.50pt;\">\n<td style=\"height: 13.50pt;\" height=\"18\"><strong>Rodzaj uszczelnienia<\/strong><\/td>\n<td>Zaciskana szyjka<\/td>\n<td>Zaciskana szyjka<\/td>\n<\/tr>\n<\/tbody>\n<\/table>\n<h2>Pomys\u0142y na opakowania szklane<\/h2>\n<p>Powszechnie znana marka perfum wybra\u0142a nasze dopasowane flakony do wprowadzenia na rynek swojego nowego produktu. Personalizuj\u0105c pojemnik na perfumy PB-YX2002 o pojemno\u015bci 50 ml za pomoc\u0105 logo marki i jedynego w swoim rodzaju wzoru kolorystycznego, znacznie zwi\u0119kszyli sprzeda\u017c.<\/p>\n<p>W przypadku organizacji produkuj\u0105cej perfumy mo\u017cna rozwa\u017cy\u0107 dodanie projektu logo marki do szklanego flakonu perfum poprzez grawerowanie lub niestandardowe etykiety, a dodatkowo dostosowanie dekoracji na szyjce. Nie tylko zwi\u0119kszy to atrakcyjno\u015b\u0107 Twojego produktu, ale tak\u017ce sprawi, \u017ce ka\u017cdy pojemnik perfum b\u0119dzie absolutnie charakterystyczny dla Twojej marki.<\/p>\n<p>&nbsp;<\/p>","protected":false},"excerpt":{"rendered":"<p>Wzmocnij swoj\u0105 mark\u0119 dzi\u0119ki szklanej butelce perfum PB-YX20 z rozpylaczem. Opcje personalizacji flakonu perfum dla Twojej firmy. Idealny do zam\u00f3wie\u0144 hurtowych.<\/p>","protected":false},"featured_media":3241,"comment_status":"open","ping_status":"closed","template":"","meta":{"_acf_changed":false,"site-sidebar-layout":"default","site-content-layout":"","ast-site-content-layout":"default","site-content-style":"default","site-sidebar-style":"default","ast-global-header-display":"","ast-banner-title-visibility":"","ast-main-header-display":"","ast-hfb-above-header-display":"","ast-hfb-below-header-display":"","ast-hfb-mobile-header-display":"","site-post-title":"","ast-breadcrumbs-content":"","ast-featured-img":"","footer-sml-layout":"","ast-disable-related-posts":"","theme-transparent-header-meta":"default","adv-header-id-meta":"","stick-header-meta":"","header-above-stick-meta":"","header-main-stick-meta":"","header-below-stick-meta":"","astra-migrate-meta-layouts":"set","ast-page-background-enabled":"default","ast-page-background-meta":{"desktop":{"background-color":"var(--ast-global-color-5)","background-image":"","background-repeat":"repeat","background-position":"center center","background-size":"auto","background-attachment":"scroll","background-type":"","background-media":"","overlay-type":"","overlay-color":"","overlay-opacity":"","overlay-gradient":""},"tablet":{"background-color":"","background-image":"","background-repeat":"repeat","background-position":"center center","background-size":"auto","background-attachment":"scroll","background-type":"","background-media":"","overlay-type":"","overlay-color":"","overlay-opacity":"","overlay-gradient":""},"mobile":{"background-color":"","background-image":"","background-repeat":"repeat","background-position":"center center","background-size":"auto","background-attachment":"scroll","background-type":"","background-media":"","overlay-type":"","overlay-color":"","overlay-opacity":"","overlay-gradient":""}},"ast-content-background-meta":{"desktop":{"background-color":"var(--ast-global-color-4)","background-image":"","background-repeat":"repeat","background-position":"center center","background-size":"auto","background-attachment":"scroll","background-type":"","background-media":"","overlay-type":"","overlay-color":"","overlay-opacity":"","overlay-gradient":""},"tablet":{"background-color":"var(--ast-global-color-4)","background-image":"","background-repeat":"repeat","background-position":"center center","background-size":"auto","background-attachment":"scroll","background-type":"","background-media":"","overlay-type":"","overlay-color":"","overlay-opacity":"","overlay-gradient":""},"mobile":{"background-color":"var(--ast-global-color-4)","background-image":"","background-repeat":"repeat","background-position":"center center","background-size":"auto","background-attachment":"scroll","background-type":"","background-media":"","overlay-type":"","overlay-color":"","overlay-opacity":"","overlay-gradient":""}}},"product_brand":[],"product_cat":[72,91,41],"product_tag":[],"class_list":{"0":"post-3240","1":"product","2":"type-product","3":"status-publish","4":"has-post-thumbnail","6":"product_cat-cosmetic-packaging","7":"product_cat-custom-perfume-bottles","8":"product_cat-perfume-bottles","9":"desktop-align-left","10":"tablet-align-left","11":"mobile-align-left","13":"first","14":"instock","15":"shipping-taxable","16":"product-type-simple"},"acf":[],"jetpack_sharing_enabled":true,"_links":{"self":[{"href":"https:\/\/theperfumebottles.com\/pl\/wp-json\/wp\/v2\/product\/3240","targetHints":{"allow":["GET"]}}],"collection":[{"href":"https:\/\/theperfumebottles.com\/pl\/wp-json\/wp\/v2\/product"}],"about":[{"href":"https:\/\/theperfumebottles.com\/pl\/wp-json\/wp\/v2\/types\/product"}],"replies":[{"embeddable":true,"href":"https:\/\/theperfumebottles.com\/pl\/wp-json\/wp\/v2\/comments?post=3240"}],"wp:featuredmedia":[{"embeddable":true,"href":"https:\/\/theperfumebottles.com\/pl\/wp-json\/wp\/v2\/media\/3241"}],"wp:attachment":[{"href":"https:\/\/theperfumebottles.com\/pl\/wp-json\/wp\/v2\/media?parent=3240"}],"wp:term":[{"taxonomy":"product_brand","embeddable":true,"href":"https:\/\/theperfumebottles.com\/pl\/wp-json\/wp\/v2\/product_brand?post=3240"},{"taxonomy":"product_cat","embeddable":true,"href":"https:\/\/theperfumebottles.com\/pl\/wp-json\/wp\/v2\/product_cat?post=3240"},{"taxonomy":"product_tag","embeddable":true,"href":"https:\/\/theperfumebottles.com\/pl\/wp-json\/wp\/v2\/product_tag?post=3240"}],"curies":[{"name":"wp","href":"https:\/\/api.w.org\/{rel}","templated":true}]}}