{"id":3250,"date":"2025-04-30T09:16:37","date_gmt":"2025-04-30T09:16:37","guid":{"rendered":"https:\/\/theperfumebottles.com\/?post_type=product&#038;p=3250"},"modified":"2025-05-23T13:25:40","modified_gmt":"2025-05-23T05:25:40","slug":"minimalist-perfume-bottle-for-modern-fragrance-brands","status":"publish","type":"product","link":"https:\/\/theperfumebottles.com\/pl\/produkt\/minimalist-perfume-bottle-for-modern-fragrance-brands\/","title":{"rendered":"Minimalistyczny flakon perfum o pojemno\u015bci 30 ml, 50 ml i 100 ml do nowoczesnych marek zapachowych"},"content":{"rendered":"<p>Nasza kolekcja minimalistycznych pojemnik\u00f3w zapachowych PB-YX22 charakteryzuje si\u0119 schludn\u0105, zaokr\u0105glon\u0105 prostok\u0105tn\u0105 form\u0105. Kryszta\u0142owe szk\u0142o podkre\u015bla przejrzysto\u015b\u0107 i czysto\u015b\u0107 materia\u0142u, tworz\u0105c elegancki i stylowy wygl\u0105d. Prostok\u0105tna zakr\u0119tka oferowana jest w kolorze srebrnym, z\u0142otym i czarnym, co nadaje ca\u0142o\u015bci wyrafinowany i r\u00f3\u017cnorodny wygl\u0105d.<\/p>\n<table style=\"border-collapse: collapse; margin-left: auto; margin-right: auto; width: 162.03pt;\" border=\"0\" width=\"216\" cellspacing=\"0\" cellpadding=\"0\">\n<tbody>\n<tr style=\"height: 13.50pt;\">\n<td style=\"height: 13.50pt; width: 54.00pt;\" width=\"72\" height=\"18\">\n<p><figure id=\"attachment_3251\" aria-describedby=\"caption-attachment-3251\" style=\"width: 300px\" class=\"wp-caption aligncenter\"><img fetchpriority=\"high\" decoding=\"async\" class=\"wp-image-3251 size-medium\" src=\"https:\/\/theperfumebottles.com\/wp-content\/uploads\/2025\/04\/minimalist-perfume-bottle-yx2201-300x300.webp\" alt=\"minimalistyczny flakon perfum\" width=\"300\" height=\"300\" srcset=\"https:\/\/theperfumebottles.com\/wp-content\/uploads\/2025\/04\/minimalist-perfume-bottle-yx2201-300x300.webp 300w, https:\/\/theperfumebottles.com\/wp-content\/uploads\/2025\/04\/minimalist-perfume-bottle-yx2201-150x150.webp 150w, https:\/\/theperfumebottles.com\/wp-content\/uploads\/2025\/04\/minimalist-perfume-bottle-yx2201-768x768.webp 768w, https:\/\/theperfumebottles.com\/wp-content\/uploads\/2025\/04\/minimalist-perfume-bottle-yx2201-12x12.webp 12w, https:\/\/theperfumebottles.com\/wp-content\/uploads\/2025\/04\/minimalist-perfume-bottle-yx2201-600x600.webp 600w, https:\/\/theperfumebottles.com\/wp-content\/uploads\/2025\/04\/minimalist-perfume-bottle-yx2201-100x100.webp 100w, https:\/\/theperfumebottles.com\/wp-content\/uploads\/2025\/04\/minimalist-perfume-bottle-yx2201.webp 1000w\" sizes=\"(max-width: 300px) 100vw, 300px\" \/><figcaption id=\"caption-attachment-3251\" class=\"wp-caption-text\">30ml PB-YX2201<\/figcaption><\/figure><\/td>\n<td style=\"width: 54.00pt;\" width=\"72\">\n<p><figure id=\"attachment_3252\" aria-describedby=\"caption-attachment-3252\" style=\"width: 300px\" class=\"wp-caption aligncenter\"><img decoding=\"async\" class=\"wp-image-3252 size-medium\" src=\"https:\/\/theperfumebottles.com\/wp-content\/uploads\/2025\/04\/minimalist-perfume-bottle-yx2202-300x300.webp\" alt=\"minimalistyczny flakon perfum\" width=\"300\" height=\"300\" srcset=\"https:\/\/theperfumebottles.com\/wp-content\/uploads\/2025\/04\/minimalist-perfume-bottle-yx2202-300x300.webp 300w, https:\/\/theperfumebottles.com\/wp-content\/uploads\/2025\/04\/minimalist-perfume-bottle-yx2202-150x150.webp 150w, https:\/\/theperfumebottles.com\/wp-content\/uploads\/2025\/04\/minimalist-perfume-bottle-yx2202-768x768.webp 768w, https:\/\/theperfumebottles.com\/wp-content\/uploads\/2025\/04\/minimalist-perfume-bottle-yx2202-12x12.webp 12w, https:\/\/theperfumebottles.com\/wp-content\/uploads\/2025\/04\/minimalist-perfume-bottle-yx2202-600x600.webp 600w, https:\/\/theperfumebottles.com\/wp-content\/uploads\/2025\/04\/minimalist-perfume-bottle-yx2202-100x100.webp 100w, https:\/\/theperfumebottles.com\/wp-content\/uploads\/2025\/04\/minimalist-perfume-bottle-yx2202.webp 1000w\" sizes=\"(max-width: 300px) 100vw, 300px\" \/><figcaption id=\"caption-attachment-3252\" class=\"wp-caption-text\">50ml PB-YX2202<\/figcaption><\/figure><\/td>\n<td style=\"width: 54.00pt;\" width=\"72\">\n<p><figure id=\"attachment_3253\" aria-describedby=\"caption-attachment-3253\" style=\"width: 300px\" class=\"wp-caption aligncenter\"><img decoding=\"async\" class=\"wp-image-3253 size-medium\" src=\"https:\/\/theperfumebottles.com\/wp-content\/uploads\/2025\/04\/minimalist-perfume-bottle-YX2203-300x300.webp\" alt=\"minimalistyczny flakon perfum\" width=\"300\" height=\"300\" srcset=\"https:\/\/theperfumebottles.com\/wp-content\/uploads\/2025\/04\/minimalist-perfume-bottle-YX2203-300x300.webp 300w, https:\/\/theperfumebottles.com\/wp-content\/uploads\/2025\/04\/minimalist-perfume-bottle-YX2203-150x150.webp 150w, https:\/\/theperfumebottles.com\/wp-content\/uploads\/2025\/04\/minimalist-perfume-bottle-YX2203-768x768.webp 768w, https:\/\/theperfumebottles.com\/wp-content\/uploads\/2025\/04\/minimalist-perfume-bottle-YX2203-12x12.webp 12w, https:\/\/theperfumebottles.com\/wp-content\/uploads\/2025\/04\/minimalist-perfume-bottle-YX2203-600x600.webp 600w, https:\/\/theperfumebottles.com\/wp-content\/uploads\/2025\/04\/minimalist-perfume-bottle-YX2203-100x100.webp 100w, https:\/\/theperfumebottles.com\/wp-content\/uploads\/2025\/04\/minimalist-perfume-bottle-YX2203.webp 1000w\" sizes=\"(max-width: 300px) 100vw, 300px\" \/><figcaption id=\"caption-attachment-3253\" class=\"wp-caption-text\">100ml PB-YX2203<\/figcaption><\/figure><\/td>\n<\/tr>\n<\/tbody>\n<\/table>\n<h2>Kluczowe specyfikacje<\/h2>\n<table style=\"border-collapse: collapse; width: 80%; margin-left: auto; margin-right: auto;\" border=\"0\" width=\"80%\" cellspacing=\"0\" cellpadding=\"0\">\n<tbody>\n<tr style=\"height: 13.50pt;\">\n<td style=\"height: 13.50pt; width: 98.25pt;\" width=\"131\" height=\"18\"><strong>Model<\/strong><\/td>\n<td style=\"width: 110.25pt;\" width=\"147\"><strong>PB-YX2201<\/strong><\/td>\n<td style=\"width: 111.75pt;\" width=\"149\"><strong>PB-YX2202<\/strong><\/td>\n<td style=\"width: 108.00pt;\" width=\"144\"><strong>PB-YX2203<\/strong><\/td>\n<\/tr>\n<tr style=\"height: 13.50pt;\">\n<td style=\"height: 13.50pt;\" height=\"18\"><strong>Pojemno\u015b\u0107<\/strong><\/td>\n<td>30 ml<\/td>\n<td>50 ml<\/td>\n<td>100 ml<\/td>\n<\/tr>\n<tr style=\"height: 13.50pt;\">\n<td style=\"height: 13.50pt;\" height=\"18\"><strong>Wymiary<\/strong><\/td>\n<td>56 x 28 x 70 mm<\/td>\n<td>63 x 31 x 79 mm<\/td>\n<td>76 x 38 x 98 mm<\/td>\n<\/tr>\n<tr style=\"height: 13.50pt;\">\n<td style=\"height: 13.50pt;\" height=\"18\"><strong>\u015arednica nasadki<\/strong><\/td>\n<td class=\"et2\" colspan=\"3\">15 mm<\/td>\n<\/tr>\n<tr style=\"height: 13.50pt;\">\n<td style=\"height: 13.50pt;\" height=\"18\"><strong>Opcje kolor\u00f3w czapki<\/strong><\/td>\n<td class=\"et2\" colspan=\"3\">Srebro, z\u0142oto, czer\u0144<\/td>\n<\/tr>\n<tr style=\"height: 13.50pt;\">\n<td style=\"height: 13.50pt;\" height=\"18\"><strong>Rodzaj uszczelnienia<\/strong><\/td>\n<td class=\"et2\" colspan=\"3\">Zaciskana szyjka<\/td>\n<\/tr>\n<\/tbody>\n<\/table>\n<h2>Pomys\u0142y na opakowania produkt\u00f3w:<\/h2>\n<p>Europejski startup zapachowy zwr\u00f3ci\u0142 si\u0119 do nas z pro\u015bb\u0105 o opracowanie minimalistycznej serii zapach\u00f3w dla m\u0142odych ludzi, kt\u00f3rzy troszcz\u0105 si\u0119 o \u015brodowisko. Spersonalizowali\u015bmy 50 ml szklany flakon o matowej powierzchni i podstawowe, przyjazne dla \u015brodowiska opakowanie kartonowe. W rezultacie produkt otrzyma\u0142 pozytywne opinie od konsument\u00f3w, kt\u00f3rzy chwalili jego \"prosty styl\" i \"luksusowy charakter\", a tak\u017ce konkurencyjn\u0105 cen\u0119.<\/p>\n<h3>Wskaz\u00f3wki dotycz\u0105ce personalizacji:<\/h3>\n<ul>\n<li><strong>Wyko\u0144czenia<\/strong>: Matowe i b\u0142yszcz\u0105ce szklane wyko\u0144czenia mog\u0105 nada\u0107 produktowi estetyczny charakter.<\/li>\n<li><strong>Logo<\/strong>: Grawerowanie laserowe lub t\u0142oczenie na gor\u0105co mo\u017ce nada\u0107 produktowi charakter premium.<\/li>\n<li><strong>Pude\u0142ka<\/strong>: Od podstawowych pude\u0142ek po luksusowe zestawy upominkowe, idealne do sprzeda\u017cy detalicznej i zakup\u00f3w.<\/li>\n<li><strong>Docelowi odbiorcy<\/strong>: Gotyckie layouty mog\u0105 przyci\u0105gn\u0105\u0107 konkretn\u0105 nisz\u0119 rynkow\u0105, minimalne layouty maj\u0105 tendencj\u0119 do przyci\u0105gania szerszej publiczno\u015bci.<\/li>\n<\/ul>","protected":false},"excerpt":{"rendered":"<p>Znajd\u017a wysokiej jako\u015bci minimalne butelki perfum dla wsp\u00f3\u0142czesnych marek zapachowych. Kupuj nowoczesne flakony na perfumy hurtowo i ulepszaj opakowania swoich produkt\u00f3w ju\u017c dzi\u015b.<\/p>","protected":false},"featured_media":3252,"comment_status":"open","ping_status":"closed","template":"","meta":{"_acf_changed":false,"site-sidebar-layout":"default","site-content-layout":"","ast-site-content-layout":"default","site-content-style":"default","site-sidebar-style":"default","ast-global-header-display":"","ast-banner-title-visibility":"","ast-main-header-display":"","ast-hfb-above-header-display":"","ast-hfb-below-header-display":"","ast-hfb-mobile-header-display":"","site-post-title":"","ast-breadcrumbs-content":"","ast-featured-img":"","footer-sml-layout":"","ast-disable-related-posts":"","theme-transparent-header-meta":"default","adv-header-id-meta":"","stick-header-meta":"","header-above-stick-meta":"","header-main-stick-meta":"","header-below-stick-meta":"","astra-migrate-meta-layouts":"set","ast-page-background-enabled":"default","ast-page-background-meta":{"desktop":{"background-color":"var(--ast-global-color-5)","background-image":"","background-repeat":"repeat","background-position":"center center","background-size":"auto","background-attachment":"scroll","background-type":"","background-media":"","overlay-type":"","overlay-color":"","overlay-opacity":"","overlay-gradient":""},"tablet":{"background-color":"","background-image":"","background-repeat":"repeat","background-position":"center center","background-size":"auto","background-attachment":"scroll","background-type":"","background-media":"","overlay-type":"","overlay-color":"","overlay-opacity":"","overlay-gradient":""},"mobile":{"background-color":"","background-image":"","background-repeat":"repeat","background-position":"center center","background-size":"auto","background-attachment":"scroll","background-type":"","background-media":"","overlay-type":"","overlay-color":"","overlay-opacity":"","overlay-gradient":""}},"ast-content-background-meta":{"desktop":{"background-color":"var(--ast-global-color-4)","background-image":"","background-repeat":"repeat","background-position":"center center","background-size":"auto","background-attachment":"scroll","background-type":"","background-media":"","overlay-type":"","overlay-color":"","overlay-opacity":"","overlay-gradient":""},"tablet":{"background-color":"var(--ast-global-color-4)","background-image":"","background-repeat":"repeat","background-position":"center center","background-size":"auto","background-attachment":"scroll","background-type":"","background-media":"","overlay-type":"","overlay-color":"","overlay-opacity":"","overlay-gradient":""},"mobile":{"background-color":"var(--ast-global-color-4)","background-image":"","background-repeat":"repeat","background-position":"center center","background-size":"auto","background-attachment":"scroll","background-type":"","background-media":"","overlay-type":"","overlay-color":"","overlay-opacity":"","overlay-gradient":""}}},"product_brand":[],"product_cat":[72,91,41],"product_tag":[],"class_list":{"0":"post-3250","1":"product","2":"type-product","3":"status-publish","4":"has-post-thumbnail","6":"product_cat-cosmetic-packaging","7":"product_cat-custom-perfume-bottles","8":"product_cat-perfume-bottles","9":"desktop-align-left","10":"tablet-align-left","11":"mobile-align-left","13":"first","14":"instock","15":"shipping-taxable","16":"product-type-simple"},"acf":[],"jetpack_sharing_enabled":true,"_links":{"self":[{"href":"https:\/\/theperfumebottles.com\/pl\/wp-json\/wp\/v2\/product\/3250","targetHints":{"allow":["GET"]}}],"collection":[{"href":"https:\/\/theperfumebottles.com\/pl\/wp-json\/wp\/v2\/product"}],"about":[{"href":"https:\/\/theperfumebottles.com\/pl\/wp-json\/wp\/v2\/types\/product"}],"replies":[{"embeddable":true,"href":"https:\/\/theperfumebottles.com\/pl\/wp-json\/wp\/v2\/comments?post=3250"}],"wp:featuredmedia":[{"embeddable":true,"href":"https:\/\/theperfumebottles.com\/pl\/wp-json\/wp\/v2\/media\/3252"}],"wp:attachment":[{"href":"https:\/\/theperfumebottles.com\/pl\/wp-json\/wp\/v2\/media?parent=3250"}],"wp:term":[{"taxonomy":"product_brand","embeddable":true,"href":"https:\/\/theperfumebottles.com\/pl\/wp-json\/wp\/v2\/product_brand?post=3250"},{"taxonomy":"product_cat","embeddable":true,"href":"https:\/\/theperfumebottles.com\/pl\/wp-json\/wp\/v2\/product_cat?post=3250"},{"taxonomy":"product_tag","embeddable":true,"href":"https:\/\/theperfumebottles.com\/pl\/wp-json\/wp\/v2\/product_tag?post=3250"}],"curies":[{"name":"wp","href":"https:\/\/api.w.org\/{rel}","templated":true}]}}