{"id":3257,"date":"2025-05-05T09:27:18","date_gmt":"2025-05-05T09:27:18","guid":{"rendered":"https:\/\/theperfumebottles.com\/?post_type=product&#038;p=3257"},"modified":"2025-05-23T13:18:23","modified_gmt":"2025-05-23T05:18:23","slug":"unusual-glass-perfume-spray-bottles-with-faceted-design","status":"publish","type":"product","link":"https:\/\/theperfumebottles.com\/pl\/produkt\/unusual-glass-perfume-spray-bottles-with-faceted-design\/","title":{"rendered":"30 ml, 50 ml, 100 ml Niezwyk\u0142e szklane butelki z rozpylaczem do perfum o fasetowanym wzorze"},"content":{"rendered":"<p>Z\u0142o\u017cone, z\u0105bkowane s\u0142oikowe spraye perfumowe z wyko\u0144czeniem. Idealne dla nietypowych s\u0142oik\u00f3w perfumowych i niestandardowej opakowania zapach\u00f3w. darmowe przyk\u0142ady i szybka dostawa. Nasza kolekcja s\u0142oikowych spray\u00f3w perfumowych PB-YX23 integruje wysoki poziom i praktyczno\u015b\u0107, czyni\u0105c je czo\u0142owym wyborem dla opakowa\u0144 produkt\u00f3w zapachowych na wysokim poziomie i niestandardowych. Zbudowane ze wysokiej jako\u015bci szk\u0142a, te kontenery s\u0105 wytrzyma\u0142e i z\u0142o\u017cone. Niezale\u017cnie od tego, czy pakujesz perfumy czy perfumy, mog\u0105 dostarczy\u0107 podstawowy i wysokiej jako\u015bci wygl\u0105d, kt\u00f3ry klienci b\u0119d\u0105 kocha\u0107.<\/p>\n<table style=\"border-collapse: collapse; margin-left: auto; margin-right: auto; width: 162.03pt;\" border=\"0\" width=\"216\" cellspacing=\"0\" cellpadding=\"0\">\n<tbody>\n<tr style=\"height: 13.50pt;\">\n<td style=\"height: 13.50pt; width: 54.00pt;\" width=\"72\" height=\"18\">\n<p><figure id=\"attachment_3263\" aria-describedby=\"caption-attachment-3263\" style=\"width: 300px\" class=\"wp-caption aligncenter\"><img fetchpriority=\"high\" decoding=\"async\" class=\"wp-image-3263 size-medium\" src=\"https:\/\/theperfumebottles.com\/wp-content\/uploads\/2025\/05\/glass-perfume-spray-bottles-YX2301-300x300.webp\" alt=\"szklane butelki z rozpylaczem do perfum\" width=\"300\" height=\"300\" srcset=\"https:\/\/theperfumebottles.com\/wp-content\/uploads\/2025\/05\/glass-perfume-spray-bottles-YX2301-300x300.webp 300w, https:\/\/theperfumebottles.com\/wp-content\/uploads\/2025\/05\/glass-perfume-spray-bottles-YX2301-150x150.webp 150w, https:\/\/theperfumebottles.com\/wp-content\/uploads\/2025\/05\/glass-perfume-spray-bottles-YX2301-768x768.webp 768w, https:\/\/theperfumebottles.com\/wp-content\/uploads\/2025\/05\/glass-perfume-spray-bottles-YX2301-12x12.webp 12w, https:\/\/theperfumebottles.com\/wp-content\/uploads\/2025\/05\/glass-perfume-spray-bottles-YX2301-600x600.webp 600w, https:\/\/theperfumebottles.com\/wp-content\/uploads\/2025\/05\/glass-perfume-spray-bottles-YX2301-100x100.webp 100w, https:\/\/theperfumebottles.com\/wp-content\/uploads\/2025\/05\/glass-perfume-spray-bottles-YX2301.webp 1000w\" sizes=\"(max-width: 300px) 100vw, 300px\" \/><figcaption id=\"caption-attachment-3263\" class=\"wp-caption-text\">30ml PB-YX2301<\/figcaption><\/figure><\/td>\n<td style=\"width: 54.00pt;\" width=\"72\">\n<p><figure id=\"attachment_3259\" aria-describedby=\"caption-attachment-3259\" style=\"width: 300px\" class=\"wp-caption aligncenter\"><img decoding=\"async\" class=\"wp-image-3259 size-medium\" src=\"https:\/\/theperfumebottles.com\/wp-content\/uploads\/2025\/05\/unusual-perfume-bottles-YX2302-300x300.webp\" alt=\"nietypowe flakony na perfumy\" width=\"300\" height=\"300\" srcset=\"https:\/\/theperfumebottles.com\/wp-content\/uploads\/2025\/05\/unusual-perfume-bottles-YX2302-300x300.webp 300w, https:\/\/theperfumebottles.com\/wp-content\/uploads\/2025\/05\/unusual-perfume-bottles-YX2302-150x150.webp 150w, https:\/\/theperfumebottles.com\/wp-content\/uploads\/2025\/05\/unusual-perfume-bottles-YX2302-768x768.webp 768w, https:\/\/theperfumebottles.com\/wp-content\/uploads\/2025\/05\/unusual-perfume-bottles-YX2302-12x12.webp 12w, https:\/\/theperfumebottles.com\/wp-content\/uploads\/2025\/05\/unusual-perfume-bottles-YX2302-600x600.webp 600w, https:\/\/theperfumebottles.com\/wp-content\/uploads\/2025\/05\/unusual-perfume-bottles-YX2302-100x100.webp 100w, https:\/\/theperfumebottles.com\/wp-content\/uploads\/2025\/05\/unusual-perfume-bottles-YX2302.webp 1000w\" sizes=\"(max-width: 300px) 100vw, 300px\" \/><figcaption id=\"caption-attachment-3259\" class=\"wp-caption-text\">50ml PB-YX2302<\/figcaption><\/figure><\/td>\n<td style=\"width: 54.00pt;\" width=\"72\">\n<p><figure id=\"attachment_3260\" aria-describedby=\"caption-attachment-3260\" style=\"width: 300px\" class=\"wp-caption aligncenter\"><img decoding=\"async\" class=\"wp-image-3260 size-medium\" src=\"https:\/\/theperfumebottles.com\/wp-content\/uploads\/2025\/05\/unusual-perfume-bottles-YX2303-300x300.webp\" alt=\"nietypowe flakony na perfumy\" width=\"300\" height=\"300\" srcset=\"https:\/\/theperfumebottles.com\/wp-content\/uploads\/2025\/05\/unusual-perfume-bottles-YX2303-300x300.webp 300w, https:\/\/theperfumebottles.com\/wp-content\/uploads\/2025\/05\/unusual-perfume-bottles-YX2303-150x150.webp 150w, https:\/\/theperfumebottles.com\/wp-content\/uploads\/2025\/05\/unusual-perfume-bottles-YX2303-768x768.webp 768w, https:\/\/theperfumebottles.com\/wp-content\/uploads\/2025\/05\/unusual-perfume-bottles-YX2303-12x12.webp 12w, https:\/\/theperfumebottles.com\/wp-content\/uploads\/2025\/05\/unusual-perfume-bottles-YX2303-600x600.webp 600w, https:\/\/theperfumebottles.com\/wp-content\/uploads\/2025\/05\/unusual-perfume-bottles-YX2303-100x100.webp 100w, https:\/\/theperfumebottles.com\/wp-content\/uploads\/2025\/05\/unusual-perfume-bottles-YX2303.webp 1000w\" sizes=\"(max-width: 300px) 100vw, 300px\" \/><figcaption id=\"caption-attachment-3260\" class=\"wp-caption-text\">100ml PB-YX2303<\/figcaption><\/figure><\/td>\n<\/tr>\n<\/tbody>\n<\/table>\n<h2>Kluczowe specyfikacje<\/h2>\n<table style=\"border-collapse: collapse; margin-left: auto; margin-right: auto; width: 80%;\" border=\"0\" width=\"80%\" cellspacing=\"0\" cellpadding=\"0\">\n<tbody>\n<tr style=\"height: 13.50pt;\">\n<td style=\"height: 13.50pt; width: 87.00pt;\" width=\"116\" height=\"18\"><strong>Numer modelu<\/strong><\/td>\n<td style=\"width: 76.50pt;\" width=\"102\"><strong>Kaliber<\/strong><\/td>\n<td style=\"width: 90.00pt;\" width=\"120\"><strong>Pojemno\u015b\u0107<\/strong><\/td>\n<td style=\"width: 157.50pt;\" width=\"210\"><strong>Wymiary (szer. x g\u0142. x wys.)<\/strong><\/td>\n<td style=\"width: 108.75pt;\" width=\"145\"><strong>Typ szyjki<\/strong><\/td>\n<\/tr>\n<tr style=\"height: 13.50pt;\">\n<td style=\"height: 13.50pt;\" height=\"18\"><strong>PB-YX2301<\/strong><\/td>\n<td>15 mm<\/td>\n<td>30 ml<\/td>\n<td>44 x 47 x 62 mm<\/td>\n<td>Zaciskana szyjka<\/td>\n<\/tr>\n<tr style=\"height: 13.50pt;\">\n<td style=\"height: 13.50pt;\" height=\"18\"><strong>PB-YX2302<\/strong><\/td>\n<td>15 mm<\/td>\n<td>50 ml<\/td>\n<td>57 x 28 x 75 mm<\/td>\n<td>Zaciskana szyjka<\/td>\n<\/tr>\n<tr style=\"height: 13.50pt;\">\n<td style=\"height: 13.50pt;\" height=\"18\"><strong>PB-YX2303<\/strong><\/td>\n<td>15 mm<\/td>\n<td>100 ml<\/td>\n<td>67 x 35 x 95 mm<\/td>\n<td>Zaciskana szyjka<\/td>\n<\/tr>\n<\/tbody>\n<\/table>\n<h2>Wskaz\u00f3wki dotycz\u0105ce opakowa\u0144<\/h2>\n<p>Ma\u0142a, ale sukcesywna marka perfumowa w Europie chcia\u0142a zrepackowa\u0107 swoj\u0105 nowo wprowadzon\u0105 lini\u0119 specyficznych perfum. Potrzebowali czego\u015b unikalnego, co pozwoli\u0142oby im wyr\u00f3\u017cni\u0107 si\u0119 na konkurencyjnym rynku. Po odkryciu naszych specjalnych kontener\u00f3w na perfumy, wybrali wersj\u0119 PB-YX2302 na 30ml na kontenerach na perfumy. Wykorzystali etykiet\u0119 z z\u0142ot\u0105 foli\u0105 i dostosowali dekoracj\u0119 na szyjce kontenera. Ich sprzeda\u017c wzros\u0142a o 32% w ci\u0105gu 3 miesi\u0119cy. Klienci zachwycaj\u0105 si\u0119 tym nowoczesnym, ale klasycznym wzorem opakowania.<\/p>\n<h3>Wskaz\u00f3wki dotycz\u0105ce personalizacji<\/h3>\n<ul>\n<li>Kolor: Spr\u00f3buj kolorowych butelek ze szk\u0142a, takich jak br\u0105zowo-z\u0142oty, niebieski lub z\u0142oty r\u00f3\u017c, dla specjalnego wygl\u0105du.<\/li>\n<li>Projekt: Wydrukuj sw\u00f3j logo lub wz\u00f3r bezpo\u015brednio na szkle za pomoc\u0105 metod drukowania ekranowego lub wycierania.<\/li>\n<li>Opakowanie: Po\u0142\u0105cz szklany kontener na perfumy z pasuj\u0105cym pude\u0142kiem prezentowym dla wysokiej jako\u015bci do\u015bwiadczenia otwierania.<\/li>\n<\/ul>","protected":false},"excerpt":{"rendered":"<p>Z\u0142o\u017cone, z\u0105bkowane s\u0142oikowe spraye perfumowe z wyko\u0144czeniem. Idealne dla nietypowych s\u0142oik\u00f3w perfumowych i niestandardowej opakowania zapach\u00f3w. darmowe przyk\u0142ady i szybka dostawa.<\/p>","protected":false},"featured_media":3263,"comment_status":"open","ping_status":"closed","template":"","meta":{"_acf_changed":false,"site-sidebar-layout":"default","site-content-layout":"","ast-site-content-layout":"default","site-content-style":"default","site-sidebar-style":"default","ast-global-header-display":"","ast-banner-title-visibility":"","ast-main-header-display":"","ast-hfb-above-header-display":"","ast-hfb-below-header-display":"","ast-hfb-mobile-header-display":"","site-post-title":"","ast-breadcrumbs-content":"","ast-featured-img":"","footer-sml-layout":"","ast-disable-related-posts":"","theme-transparent-header-meta":"default","adv-header-id-meta":"","stick-header-meta":"","header-above-stick-meta":"","header-main-stick-meta":"","header-below-stick-meta":"","astra-migrate-meta-layouts":"set","ast-page-background-enabled":"default","ast-page-background-meta":{"desktop":{"background-color":"var(--ast-global-color-5)","background-image":"","background-repeat":"repeat","background-position":"center center","background-size":"auto","background-attachment":"scroll","background-type":"","background-media":"","overlay-type":"","overlay-color":"","overlay-opacity":"","overlay-gradient":""},"tablet":{"background-color":"","background-image":"","background-repeat":"repeat","background-position":"center center","background-size":"auto","background-attachment":"scroll","background-type":"","background-media":"","overlay-type":"","overlay-color":"","overlay-opacity":"","overlay-gradient":""},"mobile":{"background-color":"","background-image":"","background-repeat":"repeat","background-position":"center center","background-size":"auto","background-attachment":"scroll","background-type":"","background-media":"","overlay-type":"","overlay-color":"","overlay-opacity":"","overlay-gradient":""}},"ast-content-background-meta":{"desktop":{"background-color":"var(--ast-global-color-4)","background-image":"","background-repeat":"repeat","background-position":"center center","background-size":"auto","background-attachment":"scroll","background-type":"","background-media":"","overlay-type":"","overlay-color":"","overlay-opacity":"","overlay-gradient":""},"tablet":{"background-color":"var(--ast-global-color-4)","background-image":"","background-repeat":"repeat","background-position":"center center","background-size":"auto","background-attachment":"scroll","background-type":"","background-media":"","overlay-type":"","overlay-color":"","overlay-opacity":"","overlay-gradient":""},"mobile":{"background-color":"var(--ast-global-color-4)","background-image":"","background-repeat":"repeat","background-position":"center center","background-size":"auto","background-attachment":"scroll","background-type":"","background-media":"","overlay-type":"","overlay-color":"","overlay-opacity":"","overlay-gradient":""}}},"product_brand":[],"product_cat":[72,91,41],"product_tag":[],"class_list":{"0":"post-3257","1":"product","2":"type-product","3":"status-publish","4":"has-post-thumbnail","6":"product_cat-cosmetic-packaging","7":"product_cat-custom-perfume-bottles","8":"product_cat-perfume-bottles","9":"desktop-align-left","10":"tablet-align-left","11":"mobile-align-left","13":"first","14":"instock","15":"shipping-taxable","16":"product-type-simple"},"acf":[],"jetpack_sharing_enabled":true,"_links":{"self":[{"href":"https:\/\/theperfumebottles.com\/pl\/wp-json\/wp\/v2\/product\/3257","targetHints":{"allow":["GET"]}}],"collection":[{"href":"https:\/\/theperfumebottles.com\/pl\/wp-json\/wp\/v2\/product"}],"about":[{"href":"https:\/\/theperfumebottles.com\/pl\/wp-json\/wp\/v2\/types\/product"}],"replies":[{"embeddable":true,"href":"https:\/\/theperfumebottles.com\/pl\/wp-json\/wp\/v2\/comments?post=3257"}],"wp:featuredmedia":[{"embeddable":true,"href":"https:\/\/theperfumebottles.com\/pl\/wp-json\/wp\/v2\/media\/3263"}],"wp:attachment":[{"href":"https:\/\/theperfumebottles.com\/pl\/wp-json\/wp\/v2\/media?parent=3257"}],"wp:term":[{"taxonomy":"product_brand","embeddable":true,"href":"https:\/\/theperfumebottles.com\/pl\/wp-json\/wp\/v2\/product_brand?post=3257"},{"taxonomy":"product_cat","embeddable":true,"href":"https:\/\/theperfumebottles.com\/pl\/wp-json\/wp\/v2\/product_cat?post=3257"},{"taxonomy":"product_tag","embeddable":true,"href":"https:\/\/theperfumebottles.com\/pl\/wp-json\/wp\/v2\/product_tag?post=3257"}],"curies":[{"name":"wp","href":"https:\/\/api.w.org\/{rel}","templated":true}]}}