{"id":3325,"date":"2025-05-14T03:26:10","date_gmt":"2025-05-14T03:26:10","guid":{"rendered":"https:\/\/theperfumebottles.com\/?post_type=product&#038;p=3325"},"modified":"2025-05-23T10:54:00","modified_gmt":"2025-05-23T02:54:00","slug":"premium-perfume-bottles-recyclable-modern-fragrance-bottle-set","status":"publish","type":"product","link":"https:\/\/theperfumebottles.com\/pl\/produkt\/premium-perfume-bottles-recyclable-modern-fragrance-bottle-set\/","title":{"rendered":"Zestaw butelek perfum 50 ml 100 ml, nadaj\u0105cych si\u0119 do recyklingu, do r\u00f3\u017cnych marek zapachowych"},"content":{"rendered":"<p>Nasz zestaw flakon\u00f3w perfum PB-YZ06 to doskona\u0142e po\u0142\u0105czenie trwa\u0142o\u015bci, stylu i praktyczno\u015bci. Nasz zestaw flakon\u00f3w na perfumy PB-YZ06 \u0142\u0105czy w sobie trwa\u0142o\u015b\u0107, mod\u0119 i praktyczno\u015b\u0107. Nadaje si\u0119 do butelkowania perfum, wody kolo\u0144skiej, wody kwiatowej lub olejk\u00f3w eterycznych itp. Ponadto nasze w pe\u0142ni niestandardowe opcje mog\u0105 w pe\u0142ni wyrazi\u0107 Twoj\u0105 kreatywno\u015b\u0107.<\/p>\n<figure id=\"attachment_3330\" aria-describedby=\"caption-attachment-3330\" style=\"width: 500px\" class=\"wp-caption aligncenter\"><img fetchpriority=\"high\" decoding=\"async\" class=\"wp-image-3330\" src=\"https:\/\/theperfumebottles.com\/wp-content\/uploads\/2025\/05\/perfume-bottles-recyclable-pbyz06.webp\" alt=\"Butelki perfum Premium nadaj\u0105ce si\u0119 do recyklingu | Nowoczesny zestaw butelek zapachowych\" width=\"500\" height=\"500\" srcset=\"https:\/\/theperfumebottles.com\/wp-content\/uploads\/2025\/05\/perfume-bottles-recyclable-pbyz06.webp 1000w, https:\/\/theperfumebottles.com\/wp-content\/uploads\/2025\/05\/perfume-bottles-recyclable-pbyz06-300x300.webp 300w, https:\/\/theperfumebottles.com\/wp-content\/uploads\/2025\/05\/perfume-bottles-recyclable-pbyz06-150x150.webp 150w, https:\/\/theperfumebottles.com\/wp-content\/uploads\/2025\/05\/perfume-bottles-recyclable-pbyz06-768x768.webp 768w, https:\/\/theperfumebottles.com\/wp-content\/uploads\/2025\/05\/perfume-bottles-recyclable-pbyz06-12x12.webp 12w, https:\/\/theperfumebottles.com\/wp-content\/uploads\/2025\/05\/perfume-bottles-recyclable-pbyz06-600x600.webp 600w, https:\/\/theperfumebottles.com\/wp-content\/uploads\/2025\/05\/perfume-bottles-recyclable-pbyz06-100x100.webp 100w\" sizes=\"(max-width: 500px) 100vw, 500px\" \/><figcaption id=\"caption-attachment-3330\" class=\"wp-caption-text\">Zestaw butelek perfum Premium<\/figcaption><\/figure>\n<h2>Kluczowe specyfikacje<\/h2>\n<table border=\"0\" width=\"80%\" cellspacing=\"0\" cellpadding=\"0\">\n<tbody>\n<tr>\n<td width=\"96\" height=\"18\">Model<\/td>\n<td width=\"93\">Pojemno\u015b\u0107<\/td>\n<td width=\"104\">Rozmiar szk\u0142a<\/td>\n<td width=\"128\">Tworzywo<\/td>\n<td width=\"211\">Typ uszczelnienia<\/td>\n<td width=\"225\">Opcje kolor\u00f3w<\/td>\n<\/tr>\n<tr>\n<td height=\"18\">PB-YZ0601<\/td>\n<td>50 ml<\/td>\n<td>47 * 81 mm<\/td>\n<td>Szk\u0142o kryszta\u0142owe<\/td>\n<td>Szyjka zaciskana 15 mm + rozpylacz<\/td>\n<td>Przezroczysty + srebrny\/r\u00f3\u017cowy<\/td>\n<\/tr>\n<tr>\n<td height=\"18\">PB-YZ0602<\/td>\n<td>100 ml<\/td>\n<td>59 * 103 mm<\/td>\n<td>Szk\u0142o kryszta\u0142owe<\/td>\n<td>Szyjka zaciskana 15 mm + rozpylacz<\/td>\n<td>Przezroczysty + srebrny\/czarny<\/td>\n<\/tr>\n<\/tbody>\n<\/table>\n<h2>Sugestie dotycz\u0105ce opakowa\u0144<\/h2>\n<p>Niezale\u017cna marka Bloom &amp; Mist wprowadzi\u0142a na rynek swoj\u0105 kolekcj\u0119 zapach\u00f3w unisex z nasz\u0105 butelk\u0105 perfum PB-YZ0601 (50 ml). Dostosowali oni zakr\u0119tki z wyko\u0144czeniem w kolorze r\u00f3\u017cowego z\u0142ota i dodali minimalistyczn\u0105 etykiet\u0119, co pomog\u0142o zwi\u0119kszy\u0107 sprzeda\u017c o 27% w pierwszym kwartale.<\/p>\n<h2>Wskaz\u00f3wki dotycz\u0105ce personalizacji:<\/h2>\n<p>Dopasuj kolory do swojej marki: Przy zam\u00f3wieniach hurtowych kolory czapek powinny pasowa\u0107 do to\u017csamo\u015bci marki.<\/p>\n<p>Zakr\u0119tki: Te butelki perfum mo\u017cna po\u0142\u0105czy\u0107 z metalicznymi nasadkami w sprayu, aby uzyska\u0107 luksusowy wygl\u0105d<\/p>\n<p>Wyko\u0144czenia: Wybierz matowe wyko\u0144czenie, aby uzyska\u0107 minimalistyczny wygl\u0105d.<\/p>\n<h2>Dlaczego warto wybra\u0107 nasze butelki perfum?<\/h2>\n<p>Niezale\u017cnie od tego, czy potrzebujesz pustych butelek na perfumy w ma\u0142ej serii, czy niestandardowych opakowa\u0144 kosmetycznych luzem, nasze wszechstronne zestawy butelek na perfumy zapewniaj\u0105 szybk\u0105 realizacj\u0119, trwa\u0142o\u015b\u0107 i nie tylko.<\/p>\n<p>Potrzebujesz pomocy? Poprowadzimy Ci\u0119 od projektu do dostawy! Zam\u00f3w sw\u00f3j zwrotny zestaw flakon\u00f3w perfum ju\u017c dzi\u015b - uzyskaj zni\u017cki hurtowe przy du\u017cych zam\u00f3wieniach komercyjnych!<\/p>","protected":false},"excerpt":{"rendered":"<p>Wzbogacj swoj\u0105 mark\u0119 perfum z naszym zestawem butelek do perfum. eleganckie, personalizowalne butelki do perfum odnawialne dla kobiecych perfum, m\u0119skich koniak\u00f3w &amp; olej\u00f3w aromatycznych.<\/p>","protected":false},"featured_media":3333,"comment_status":"open","ping_status":"closed","template":"","meta":{"_acf_changed":false,"site-sidebar-layout":"default","site-content-layout":"","ast-site-content-layout":"default","site-content-style":"default","site-sidebar-style":"default","ast-global-header-display":"","ast-banner-title-visibility":"","ast-main-header-display":"","ast-hfb-above-header-display":"","ast-hfb-below-header-display":"","ast-hfb-mobile-header-display":"","site-post-title":"","ast-breadcrumbs-content":"","ast-featured-img":"","footer-sml-layout":"","ast-disable-related-posts":"","theme-transparent-header-meta":"default","adv-header-id-meta":"","stick-header-meta":"","header-above-stick-meta":"","header-main-stick-meta":"","header-below-stick-meta":"","astra-migrate-meta-layouts":"set","ast-page-background-enabled":"default","ast-page-background-meta":{"desktop":{"background-color":"var(--ast-global-color-5)","background-image":"","background-repeat":"repeat","background-position":"center center","background-size":"auto","background-attachment":"scroll","background-type":"","background-media":"","overlay-type":"","overlay-color":"","overlay-opacity":"","overlay-gradient":""},"tablet":{"background-color":"","background-image":"","background-repeat":"repeat","background-position":"center center","background-size":"auto","background-attachment":"scroll","background-type":"","background-media":"","overlay-type":"","overlay-color":"","overlay-opacity":"","overlay-gradient":""},"mobile":{"background-color":"","background-image":"","background-repeat":"repeat","background-position":"center center","background-size":"auto","background-attachment":"scroll","background-type":"","background-media":"","overlay-type":"","overlay-color":"","overlay-opacity":"","overlay-gradient":""}},"ast-content-background-meta":{"desktop":{"background-color":"var(--ast-global-color-4)","background-image":"","background-repeat":"repeat","background-position":"center center","background-size":"auto","background-attachment":"scroll","background-type":"","background-media":"","overlay-type":"","overlay-color":"","overlay-opacity":"","overlay-gradient":""},"tablet":{"background-color":"var(--ast-global-color-4)","background-image":"","background-repeat":"repeat","background-position":"center center","background-size":"auto","background-attachment":"scroll","background-type":"","background-media":"","overlay-type":"","overlay-color":"","overlay-opacity":"","overlay-gradient":""},"mobile":{"background-color":"var(--ast-global-color-4)","background-image":"","background-repeat":"repeat","background-position":"center center","background-size":"auto","background-attachment":"scroll","background-type":"","background-media":"","overlay-type":"","overlay-color":"","overlay-opacity":"","overlay-gradient":""}}},"product_brand":[],"product_cat":[72,91,37,41],"product_tag":[],"class_list":{"0":"post-3325","1":"product","2":"type-product","3":"status-publish","4":"has-post-thumbnail","6":"product_cat-cosmetic-packaging","7":"product_cat-custom-perfume-bottles","8":"product_cat-uncategorized","9":"product_cat-perfume-bottles","10":"desktop-align-left","11":"tablet-align-left","12":"mobile-align-left","14":"first","15":"instock","16":"shipping-taxable","17":"product-type-simple"},"acf":[],"jetpack_sharing_enabled":true,"_links":{"self":[{"href":"https:\/\/theperfumebottles.com\/pl\/wp-json\/wp\/v2\/product\/3325","targetHints":{"allow":["GET"]}}],"collection":[{"href":"https:\/\/theperfumebottles.com\/pl\/wp-json\/wp\/v2\/product"}],"about":[{"href":"https:\/\/theperfumebottles.com\/pl\/wp-json\/wp\/v2\/types\/product"}],"replies":[{"embeddable":true,"href":"https:\/\/theperfumebottles.com\/pl\/wp-json\/wp\/v2\/comments?post=3325"}],"wp:featuredmedia":[{"embeddable":true,"href":"https:\/\/theperfumebottles.com\/pl\/wp-json\/wp\/v2\/media\/3333"}],"wp:attachment":[{"href":"https:\/\/theperfumebottles.com\/pl\/wp-json\/wp\/v2\/media?parent=3325"}],"wp:term":[{"taxonomy":"product_brand","embeddable":true,"href":"https:\/\/theperfumebottles.com\/pl\/wp-json\/wp\/v2\/product_brand?post=3325"},{"taxonomy":"product_cat","embeddable":true,"href":"https:\/\/theperfumebottles.com\/pl\/wp-json\/wp\/v2\/product_cat?post=3325"},{"taxonomy":"product_tag","embeddable":true,"href":"https:\/\/theperfumebottles.com\/pl\/wp-json\/wp\/v2\/product_tag?post=3325"}],"curies":[{"name":"wp","href":"https:\/\/api.w.org\/{rel}","templated":true}]}}