{"id":3381,"date":"2025-05-22T11:47:13","date_gmt":"2025-05-22T03:47:13","guid":{"rendered":"https:\/\/theperfumebottles.com\/?post_type=product&#038;p=3381"},"modified":"2025-05-23T10:23:30","modified_gmt":"2025-05-23T02:23:30","slug":"custom-30ml-50ml-roll-on-bottles-wholesale","status":"publish","type":"product","link":"https:\/\/theperfumebottles.com\/pl\/produkt\/custom-30ml-50ml-roll-on-bottles-wholesale\/","title":{"rendered":"Niestandardowe butelki roll-on o pojemno\u015bci 30 ml i 50 ml \u2013 hurtowa sprzeda\u017c"},"content":{"rendered":"<p>Chcesz kupi\u0107 hurtowo butelki na k\u00f3\u0142kach, kt\u00f3re \u0142\u0105cz\u0105 w sobie design, funkcjonalno\u015b\u0107 i zr\u00f3wnowa\u017cony rozw\u00f3j? Nasze szklane butelki z rolk\u0105 zosta\u0142y opracowane dla marek takich jak Twoja. Od 30 ml podr\u00f3\u017cnych pojemnik\u00f3w z rolk\u0105 po 50 ml butelki na olejki do wielokrotnego nape\u0142niania z rolk\u0105, pomo\u017cemy Ci opracowa\u0107 opakowanie, kt\u00f3re b\u0119dzie si\u0119 wyr\u00f3\u017cnia\u0107. Wybierz mi\u0119dzy pojemno\u015bci\u0105 30 ml lub 50 ml i wybieraj spo\u015br\u00f3d czarnych, bia\u0142ych, z\u0142otych lub srebrnych nakr\u0119tek. Potrzebujesz czego\u015b wyj\u0105tkowego? Pomo\u017cemy Ci zaprojektowa\u0107 szklane pojemniki z rolk\u0105, kt\u00f3re odzwierciedlaj\u0105 to\u017csamo\u015b\u0107 Twojej marki - niezale\u017cnie od tego, czy jest ona minimalistyczna, luksusowa czy ekologiczna.<\/p>\n<h2>Kluczowe specyfikacje<\/h2>\n<table style=\"border-collapse: collapse; margin-left: auto; margin-right: auto; width: 80%;\" border=\"0\" width=\"80%\" cellspacing=\"0\" cellpadding=\"0\">\n<tbody>\n<tr style=\"height: 13.50pt;\">\n<td style=\"height: 13.50pt; width: 112.50pt;\" width=\"150\" height=\"18\"><strong>Pojemno\u015b\u0107<\/strong><\/td>\n<td style=\"width: 382.50pt;\" width=\"510\">30ml \/ 50ml<\/td>\n<\/tr>\n<tr style=\"height: 13.50pt;\">\n<td style=\"height: 13.50pt;\" height=\"18\"><strong>Tworzywo<\/strong><\/td>\n<td>Szk\u0142o polerowane ogniowo (przezroczyste), tworzywo sztuczne (konfigurowalne)<\/td>\n<\/tr>\n<tr style=\"height: 13.50pt;\">\n<td style=\"height: 13.50pt;\" height=\"18\"><strong>Opcje kolor\u00f3w czapki<\/strong><\/td>\n<td>Czarny, bia\u0142y, z\u0142oty, srebrny (dost\u0119pne kolory niestandardowe)<\/td>\n<\/tr>\n<tr style=\"height: 13.50pt;\">\n<td style=\"height: 13.50pt;\" height=\"18\"><strong>Mechanizm uszczelniaj\u0105cy<\/strong><\/td>\n<td>Wkr\u0119cana szyjka + kulka<\/td>\n<\/tr>\n<tr style=\"height: 13.50pt;\">\n<td style=\"height: 13.50pt;\" height=\"18\"><strong>Wymiary<\/strong><\/td>\n<td>Cylindryczny kszta\u0142t, kompaktowy dla opakowa\u0144 podr\u00f3\u017cnych lub detalicznych<\/td>\n<\/tr>\n<tr style=\"height: 54.00pt;\">\n<td style=\"height: 54.00pt;\" height=\"72\"><strong>U\u017cycie docelowe<\/strong><\/td>\n<td class=\"et2\" style=\"width: 382.50pt;\" width=\"510\">Zaprojektowany do perfum, olejk\u00f3w eterycznych, dezodorant\u00f3w lub serum typu roll-on.<br \/>\n\u015awietnie nadaje si\u0119 do produkt\u00f3w podr\u00f3\u017cnych, artyku\u0142\u00f3w codziennego u\u017cytku lub ukierunkowanych zastosowa\u0144 do piel\u0119gnacji sk\u00f3ry \/ zapach\u00f3w<\/td>\n<\/tr>\n<\/tbody>\n<\/table>\n<h2>Etui do pakowania produkt\u00f3w<\/h2>\n<p>Marka wellness odnotowa\u0142a 35% wzrost liczby sta\u0142ych klient\u00f3w po przej\u015bciu na 30 ml szklane butelki na olejki eteryczne. Przezroczyste szk\u0142o podkre\u015bli\u0142o naturalny kolor produktu, podczas gdy nadaj\u0105ce si\u0119 do recyklingu opakowanie produktu by\u0142o przyjazne dla \u015brodowiska.<\/p>\n<h2>Niestandardowe wskaz\u00f3wki<\/h2>\n<ul>\n<li>Dla butelek typu roll on o pojemno\u015bci 50 ml: Wybierz srebrne lub z\u0142ote nakr\u0119tki, aby podnie\u015b\u0107 rang\u0119 luksusowej linii perfum.<\/li>\n<li>Do szklanych butelek typu roller o pojemno\u015bci 30 ml: U\u017cyj czarnych lub bia\u0142ych plastikowych nakr\u0119tek, aby uzyska\u0107 schludny, minimalistyczny wygl\u0105d opakowania kosmetycznego.<\/li>\n<\/ul>\n<p>&nbsp;<\/p>","protected":false},"excerpt":{"rendered":"<p>Wzmocnij swoj\u0105 mark\u0119 dzi\u0119ki naszym butelkom typu roll on - przyjaznym dla \u015brodowiska szklanym butelkom typu roll on o pojemno\u015bci 30 ml i 50 ml na perfumy typu roll on, olejki eteryczne, dezodoranty lub serum.<\/p>","protected":false},"featured_media":3385,"comment_status":"open","ping_status":"closed","template":"","meta":{"_acf_changed":false,"site-sidebar-layout":"default","site-content-layout":"","ast-site-content-layout":"default","site-content-style":"default","site-sidebar-style":"default","ast-global-header-display":"","ast-banner-title-visibility":"","ast-main-header-display":"","ast-hfb-above-header-display":"","ast-hfb-below-header-display":"","ast-hfb-mobile-header-display":"","site-post-title":"","ast-breadcrumbs-content":"","ast-featured-img":"","footer-sml-layout":"","ast-disable-related-posts":"","theme-transparent-header-meta":"default","adv-header-id-meta":"","stick-header-meta":"","header-above-stick-meta":"","header-main-stick-meta":"","header-below-stick-meta":"","astra-migrate-meta-layouts":"set","ast-page-background-enabled":"default","ast-page-background-meta":{"desktop":{"background-color":"var(--ast-global-color-5)","background-image":"","background-repeat":"repeat","background-position":"center center","background-size":"auto","background-attachment":"scroll","background-type":"","background-media":"","overlay-type":"","overlay-color":"","overlay-opacity":"","overlay-gradient":""},"tablet":{"background-color":"","background-image":"","background-repeat":"repeat","background-position":"center center","background-size":"auto","background-attachment":"scroll","background-type":"","background-media":"","overlay-type":"","overlay-color":"","overlay-opacity":"","overlay-gradient":""},"mobile":{"background-color":"","background-image":"","background-repeat":"repeat","background-position":"center center","background-size":"auto","background-attachment":"scroll","background-type":"","background-media":"","overlay-type":"","overlay-color":"","overlay-opacity":"","overlay-gradient":""}},"ast-content-background-meta":{"desktop":{"background-color":"var(--ast-global-color-4)","background-image":"","background-repeat":"repeat","background-position":"center center","background-size":"auto","background-attachment":"scroll","background-type":"","background-media":"","overlay-type":"","overlay-color":"","overlay-opacity":"","overlay-gradient":""},"tablet":{"background-color":"var(--ast-global-color-4)","background-image":"","background-repeat":"repeat","background-position":"center center","background-size":"auto","background-attachment":"scroll","background-type":"","background-media":"","overlay-type":"","overlay-color":"","overlay-opacity":"","overlay-gradient":""},"mobile":{"background-color":"var(--ast-global-color-4)","background-image":"","background-repeat":"repeat","background-position":"center center","background-size":"auto","background-attachment":"scroll","background-type":"","background-media":"","overlay-type":"","overlay-color":"","overlay-opacity":"","overlay-gradient":""}}},"product_brand":[],"product_cat":[72,62,60],"product_tag":[],"class_list":{"0":"post-3381","1":"product","2":"type-product","3":"status-publish","4":"has-post-thumbnail","6":"product_cat-cosmetic-packaging","7":"product_cat-cosmetic-containers","8":"product_cat-roller-bottles","9":"desktop-align-left","10":"tablet-align-left","11":"mobile-align-left","13":"first","14":"instock","15":"shipping-taxable","16":"product-type-simple"},"acf":[],"jetpack_sharing_enabled":true,"_links":{"self":[{"href":"https:\/\/theperfumebottles.com\/pl\/wp-json\/wp\/v2\/product\/3381","targetHints":{"allow":["GET"]}}],"collection":[{"href":"https:\/\/theperfumebottles.com\/pl\/wp-json\/wp\/v2\/product"}],"about":[{"href":"https:\/\/theperfumebottles.com\/pl\/wp-json\/wp\/v2\/types\/product"}],"replies":[{"embeddable":true,"href":"https:\/\/theperfumebottles.com\/pl\/wp-json\/wp\/v2\/comments?post=3381"}],"wp:featuredmedia":[{"embeddable":true,"href":"https:\/\/theperfumebottles.com\/pl\/wp-json\/wp\/v2\/media\/3385"}],"wp:attachment":[{"href":"https:\/\/theperfumebottles.com\/pl\/wp-json\/wp\/v2\/media?parent=3381"}],"wp:term":[{"taxonomy":"product_brand","embeddable":true,"href":"https:\/\/theperfumebottles.com\/pl\/wp-json\/wp\/v2\/product_brand?post=3381"},{"taxonomy":"product_cat","embeddable":true,"href":"https:\/\/theperfumebottles.com\/pl\/wp-json\/wp\/v2\/product_cat?post=3381"},{"taxonomy":"product_tag","embeddable":true,"href":"https:\/\/theperfumebottles.com\/pl\/wp-json\/wp\/v2\/product_tag?post=3381"}],"curies":[{"name":"wp","href":"https:\/\/api.w.org\/{rel}","templated":true}]}}