{"id":3409,"date":"2025-05-23T18:00:18","date_gmt":"2025-05-23T10:00:18","guid":{"rendered":"https:\/\/theperfumebottles.com\/?post_type=product&#038;p=3409"},"modified":"2025-05-26T13:33:07","modified_gmt":"2025-05-26T05:33:07","slug":"10ml-20ml-30ml-refillable-fragrance-bottle-travel-cologne-bottle","status":"publish","type":"product","link":"https:\/\/theperfumebottles.com\/pl\/produkt\/10ml-20ml-30ml-refillable-fragrance-bottle-travel-cologne-bottle\/","title":{"rendered":"Butelka z wymiennym wk\u0142adem do perfum i butelka podr\u00f3\u017cna na wod\u0119 kolo\u0144sk\u0105 o pojemno\u015bci 10 ml, 20 ml i 30 ml"},"content":{"rendered":"<p>Czy szukasz r\u00f3wnie\u017c pojemnika, kt\u00f3ry mo\u017ce przenosi\u0107 zapach i przekazywa\u0107 dusz\u0119 marki? Wyobra\u017a sobie: gdy klient delikatnie otwiera flakonik zapachu z mo\u017cliwo\u015bci\u0105 ponownego nape\u0142nienia, delikatna szklana tekstura przep\u0142ywa mi\u0119dzy palcami, a bursztynowy p\u0142yn przelewa si\u0119 jak jedwab, a ka\u017cda kropla opowiada histori\u0119 Twojej marki.<\/p>\n<h2>\nKluczowe specyfikacje<\/h2>\n<table style=\"border-collapse: collapse;margin-left: auto;margin-right: auto;width: 80%\" border=\"0\" width=\"80%\" cellspacing=\"0\" cellpadding=\"0\">\n<tbody>\n<tr style=\"height: 13.50pt\">\n<td style=\"height: 13.50pt;width: 109.50pt\" width=\"146\" height=\"18\"><strong>Pojemno\u015b\u0107<\/strong><\/td>\n<td style=\"width: 194.25pt\" width=\"259\">10 ml, 20 ml, 30 ml<\/td>\n<\/tr>\n<tr style=\"height: 13.50pt\">\n<td style=\"height: 13.50pt\" height=\"18\"><strong>Tworzywo<\/strong><\/td>\n<td>Kryszta\u0142owe szk\u0142o, metalowa nasadka<\/td>\n<\/tr>\n<tr style=\"height: 13.50pt\">\n<td style=\"height: 13.50pt\" height=\"18\"><strong>Opiecz\u0119towanie<\/strong><\/td>\n<td>zakr\u0119cana szyjka + dysza rozpylaj\u0105ca<\/td>\n<\/tr>\n<tr style=\"height: 13.50pt\">\n<td style=\"height: 13.50pt\" height=\"18\"><strong>Kolor<\/strong><\/td>\n<td>W pe\u0142ni konfigurowalny<\/td>\n<\/tr>\n<tr style=\"height: 13.50pt\">\n<td style=\"height: 13.50pt\" height=\"18\"><strong>Kszta\u0142t<\/strong><\/td>\n<td>Cylindryczny<\/td>\n<\/tr>\n<tr style=\"height: 13.50pt\">\n<td style=\"height: 13.50pt\" height=\"18\"><strong>Rodzaj opakowania<\/strong><\/td>\n<td>Opakowania kosmetyczne nadaj\u0105ce si\u0119 do recyklingu<\/td>\n<\/tr>\n<\/tbody>\n<\/table>\n<p><img fetchpriority=\"high\" decoding=\"async\" class=\"wp-image-3402\" src=\"https:\/\/theperfumebottles.com\/wp-content\/uploads\/2025\/05\/travel-cologne-bottle-rb3020.webp\" alt=\"butelka na wod\u0119 kolo\u0144sk\u0105 podr\u00f3\u017cn\u0105\" width=\"451\" height=\"451\" srcset=\"https:\/\/theperfumebottles.com\/wp-content\/uploads\/2025\/05\/travel-cologne-bottle-rb3020.webp 1000w, https:\/\/theperfumebottles.com\/wp-content\/uploads\/2025\/05\/travel-cologne-bottle-rb3020-300x300.webp 300w, https:\/\/theperfumebottles.com\/wp-content\/uploads\/2025\/05\/travel-cologne-bottle-rb3020-150x150.webp 150w, https:\/\/theperfumebottles.com\/wp-content\/uploads\/2025\/05\/travel-cologne-bottle-rb3020-768x768.webp 768w, https:\/\/theperfumebottles.com\/wp-content\/uploads\/2025\/05\/travel-cologne-bottle-rb3020-12x12.webp 12w, https:\/\/theperfumebottles.com\/wp-content\/uploads\/2025\/05\/travel-cologne-bottle-rb3020-600x600.webp 600w, https:\/\/theperfumebottles.com\/wp-content\/uploads\/2025\/05\/travel-cologne-bottle-rb3020-100x100.webp 100w\" sizes=\"(max-width: 451px) 100vw, 451px\" \/><\/p>\n<p>&nbsp;<\/p>\n<h2>Historia sukcesu i wskaz\u00f3wki dotycz\u0105ce dostosowywania<\/h2>\n<p>Marka kosmetyk\u00f3w do piel\u0119gnacji sk\u00f3ry, z kt\u00f3r\u0105 wsp\u00f3\u0142pracowali\u015bmy, zwi\u0119kszy\u0142a retencj\u0119 klient\u00f3w dzi\u0119ki 40%, wykorzystuj\u0105c te szklane flakony perfum jako pr\u00f3bki podr\u00f3\u017cne. Oferuj\u0105c butelki zapachowe wielokrotnego nape\u0142niania, zmniejszyli ilo\u015b\u0107 odpad\u00f3w i zach\u0119cali do ponownych zakup\u00f3w.<\/p>\n<h2>Wskaz\u00f3wki dotycz\u0105ce personalizacji<\/h2>\n<ul>\n<li><strong>Elastyczno\u015b\u0107 projektowania<\/strong>: Dodaj swoje logo poprzez grawerowanie lub blokowanie kolor\u00f3w, aby stworzy\u0107 specyficzny dla marki wygl\u0105d.<\/li>\n<li><strong>Zam\u00f3wienia hurtowe<\/strong>: Zam\u00f3w hurtowo, aby zaopatrzy\u0107 si\u0119 w pr\u00f3bne butelki na imprezy lub do sprzeda\u017cy detalicznej.<\/li>\n<li><strong>Kraw\u0119d\u017a przyjazna dla \u015brodowiska<\/strong>: Podkre\u015bl szk\u0142o nadaj\u0105ce si\u0119 do recyklingu i przeno\u015bn\u0105 konstrukcj\u0119 w swoich dzia\u0142aniach marketingowych, aby przyci\u0105gn\u0105\u0107 \u015bwiadomych konsument\u00f3w.<\/li>\n<\/ul>\n<h2>Niech pi\u0119kno zapachu b\u0119dzie naprawd\u0119 widoczne<\/h2>\n<p>Czy szukasz r\u00f3wnie\u017c pojemnika, kt\u00f3ry b\u0119dzie w stanie przenosi\u0107 zapach i przekazywa\u0107 dusz\u0119 marki? Wyobra\u017a sobie: gdy klient delikatnie otwiera flakon perfum, delikatna szklana tekstura przep\u0142ywa mi\u0119dzy palcami, a bursztynowy p\u0142yn przelewa si\u0119 jak jedwab, a ka\u017cda kropla opowiada histori\u0119 Twojej marki.<\/p>\n<p>Doskonale zdajemy sobie spraw\u0119, \u017ce wsp\u00f3\u0142cze\u015bni konsumenci kupuj\u0105 nie tylko perfumy, ale tak\u017ce wci\u0105gaj\u0105ce do\u015bwiadczenia. Look-<\/p>\n<blockquote><p>Szczelna konstrukcja sprawia, \u017ce podr\u00f3\u017ce s\u0142u\u017cbowe s\u0105 eleganckie i spokojne<\/p>\n<p>Magnetyczny korek do butelki interpretuje wykwintno\u015b\u0107 orientalnej estetyki<\/p>\n<p>Matowa tekstura podkre\u015bla niski poziom high-endu<\/p><\/blockquote>\n<p>Te szczeg\u00f3\u0142y m\u00f3wi\u0105 same za siebie: To nie jest przeci\u0119tny pojemnik, ale chodz\u0105ce dzie\u0142o sztuki.<\/p>\n<h2>Zacznij od swojego pomys\u0142u<\/h2>\n<p>Potrzebujesz dedykowanego projektanta, kt\u00f3ry pomo\u017ce Ci stworzy\u0107 niezapomniany punkt? Od krzywizny butelki po efekty \u015bwiat\u0142a i cienia, nasz zesp\u00f3\u0142 wyrze\u017abi ka\u017cdy szczeg\u00f3\u0142 jak dzie\u0142o sztuki. Pami\u0119tasz klienta, kt\u00f3ry chcia\u0142 stworzy\u0107 koncepcj\u0119 \"Moonlight Forest\"? U\u017cyli\u015bmy szk\u0142a gradientowego + \u015bwiec\u0105cego logo, aby jej marka wyr\u00f3\u017cnia\u0142a si\u0119 na wystawie.<\/p>\n<h3>W tej chwili musisz mi tylko powiedzie\u0107:<\/h3>\n<p>Jakiego rodzaju temperamentu marki oczekujesz?<\/p>\n<p>Jakiego rodzaju wra\u017cenia dotykowe preferuje docelowa grupa klient\u00f3w?<\/p>\n<p>P.S. Nie wierz nam na s\u0142owo. Wypr\u00f3buj najpierw pr\u00f3bn\u0105 parti\u0119 - poniewa\u017c \u015bwietny projekt zaczyna si\u0119 od \u015bwietnego pierwszego wra\u017cenia.<\/p>","protected":false},"excerpt":{"rendered":"<p>Ulepsz swoj\u0105 mark\u0119 dzi\u0119ki naszym butelkom zapachowym wielokrotnego nape\u0142niania i podr\u00f3\u017cnym butelkom wody kolo\u0144skiej. Niestandardowe szklane butelki perfum w ma\u0142ych, przeno\u015bnych wzorach do zam\u00f3wie\u0144 hurtowych lub hurtowych.<\/p>","protected":false},"featured_media":3399,"comment_status":"open","ping_status":"closed","template":"","meta":{"_acf_changed":false,"site-sidebar-layout":"default","site-content-layout":"","ast-site-content-layout":"default","site-content-style":"default","site-sidebar-style":"default","ast-global-header-display":"","ast-banner-title-visibility":"","ast-main-header-display":"","ast-hfb-above-header-display":"","ast-hfb-below-header-display":"","ast-hfb-mobile-header-display":"","site-post-title":"","ast-breadcrumbs-content":"","ast-featured-img":"","footer-sml-layout":"","ast-disable-related-posts":"","theme-transparent-header-meta":"default","adv-header-id-meta":"","stick-header-meta":"","header-above-stick-meta":"","header-main-stick-meta":"","header-below-stick-meta":"","astra-migrate-meta-layouts":"set","ast-page-background-enabled":"default","ast-page-background-meta":{"desktop":{"background-color":"var(--ast-global-color-5)","background-image":"","background-repeat":"repeat","background-position":"center center","background-size":"auto","background-attachment":"scroll","background-type":"","background-media":"","overlay-type":"","overlay-color":"","overlay-opacity":"","overlay-gradient":""},"tablet":{"background-color":"","background-image":"","background-repeat":"repeat","background-position":"center center","background-size":"auto","background-attachment":"scroll","background-type":"","background-media":"","overlay-type":"","overlay-color":"","overlay-opacity":"","overlay-gradient":""},"mobile":{"background-color":"","background-image":"","background-repeat":"repeat","background-position":"center center","background-size":"auto","background-attachment":"scroll","background-type":"","background-media":"","overlay-type":"","overlay-color":"","overlay-opacity":"","overlay-gradient":""}},"ast-content-background-meta":{"desktop":{"background-color":"var(--ast-global-color-4)","background-image":"","background-repeat":"repeat","background-position":"center center","background-size":"auto","background-attachment":"scroll","background-type":"","background-media":"","overlay-type":"","overlay-color":"","overlay-opacity":"","overlay-gradient":""},"tablet":{"background-color":"var(--ast-global-color-4)","background-image":"","background-repeat":"repeat","background-position":"center center","background-size":"auto","background-attachment":"scroll","background-type":"","background-media":"","overlay-type":"","overlay-color":"","overlay-opacity":"","overlay-gradient":""},"mobile":{"background-color":"var(--ast-global-color-4)","background-image":"","background-repeat":"repeat","background-position":"center center","background-size":"auto","background-attachment":"scroll","background-type":"","background-media":"","overlay-type":"","overlay-color":"","overlay-opacity":"","overlay-gradient":""}}},"product_brand":[],"product_cat":[72,74,90,41],"product_tag":[],"class_list":{"0":"post-3409","1":"product","2":"type-product","3":"status-publish","4":"has-post-thumbnail","6":"product_cat-cosmetic-packaging","7":"product_cat-mini-perfume-bottles","8":"product_cat-refillable-perfume-bottles","9":"product_cat-perfume-bottles","10":"desktop-align-left","11":"tablet-align-left","12":"mobile-align-left","14":"first","15":"instock","16":"shipping-taxable","17":"product-type-simple"},"acf":[],"jetpack_sharing_enabled":true,"_links":{"self":[{"href":"https:\/\/theperfumebottles.com\/pl\/wp-json\/wp\/v2\/product\/3409","targetHints":{"allow":["GET"]}}],"collection":[{"href":"https:\/\/theperfumebottles.com\/pl\/wp-json\/wp\/v2\/product"}],"about":[{"href":"https:\/\/theperfumebottles.com\/pl\/wp-json\/wp\/v2\/types\/product"}],"replies":[{"embeddable":true,"href":"https:\/\/theperfumebottles.com\/pl\/wp-json\/wp\/v2\/comments?post=3409"}],"wp:featuredmedia":[{"embeddable":true,"href":"https:\/\/theperfumebottles.com\/pl\/wp-json\/wp\/v2\/media\/3399"}],"wp:attachment":[{"href":"https:\/\/theperfumebottles.com\/pl\/wp-json\/wp\/v2\/media?parent=3409"}],"wp:term":[{"taxonomy":"product_brand","embeddable":true,"href":"https:\/\/theperfumebottles.com\/pl\/wp-json\/wp\/v2\/product_brand?post=3409"},{"taxonomy":"product_cat","embeddable":true,"href":"https:\/\/theperfumebottles.com\/pl\/wp-json\/wp\/v2\/product_cat?post=3409"},{"taxonomy":"product_tag","embeddable":true,"href":"https:\/\/theperfumebottles.com\/pl\/wp-json\/wp\/v2\/product_tag?post=3409"}],"curies":[{"name":"wp","href":"https:\/\/api.w.org\/{rel}","templated":true}]}}