{"id":3430,"date":"2025-05-26T14:39:30","date_gmt":"2025-05-26T06:39:30","guid":{"rendered":"https:\/\/theperfumebottles.com\/?post_type=product&#038;p=3430"},"modified":"2026-03-30T09:49:23","modified_gmt":"2026-03-30T01:49:23","slug":"50ml-1-7oz-perfume-bottle-for-custom-brand-packaging","status":"publish","type":"product","link":"https:\/\/theperfumebottles.com\/pl\/produkt\/50ml-1-7oz-perfume-bottle-for-custom-brand-packaging\/","title":{"rendered":"Butelka na perfumy o pojemno\u015bci 50 ml\/1,7 uncji do pakowania z w\u0142asn\u0105 mark\u0105"},"content":{"rendered":"<p>Wyobra\u017a sobie flakonik perfum, kt\u00f3ry nie tylko pomie\u015bci Tw\u00f3j charakterystyczny zapach, ale tak\u017ce b\u0119dzie uciele\u015bnieniem esencji Twojej marki. Nasz flakon perfum PB-YZ0801 o pojemno\u015bci 1,7 uncji (50 ml wody kolo\u0144skiej) zosta\u0142 zaprojektowany z my\u015bl\u0105 o markach, kt\u00f3re wymagaj\u0105 zar\u00f3wno wyrafinowania, jak i funkcjonalno\u015bci. Niezale\u017cnie od tego, czy uruchamiasz luksusow\u0105 lini\u0119, czy potrzebujesz hurtowych opakowa\u0144 kosmetycznych, ta butelka jest Twoim p\u0142\u00f3tnem.<\/p>\n<h2>Kluczowe specyfikacje<\/h2>\n<table style=\"border-collapse: collapse; margin-left: auto; margin-right: auto; width: 80%;\" border=\"0\" width=\"80%\" cellspacing=\"0\" cellpadding=\"0\">\n<tbody>\n<tr style=\"height: 13.50pt;\">\n<td style=\"height: 13.50pt; width: 93.75pt;\" width=\"125\" height=\"18\"><strong>Model<\/strong><\/td>\n<td style=\"width: 222.00pt;\" width=\"296\">PB-YZ0801<\/td>\n<\/tr>\n<tr style=\"height: 13.50pt;\">\n<td style=\"height: 13.50pt;\" height=\"18\"><strong>Pojemno\u015b\u0107<\/strong><\/td>\n<td style=\"width: 222.00pt;\" width=\"296\">50 ml \/ 1,7 uncji<\/td>\n<\/tr>\n<tr style=\"height: 13.50pt;\">\n<td style=\"height: 13.50pt;\" height=\"18\"><strong>Wymiary<\/strong><\/td>\n<td>43 x 96 mm<\/td>\n<\/tr>\n<tr style=\"height: 13.50pt;\">\n<td style=\"height: 13.50pt;\" height=\"18\"><strong>\u015arednica szyjki<\/strong><\/td>\n<td>15 mm<\/td>\n<\/tr>\n<tr style=\"height: 13.50pt;\">\n<td style=\"height: 13.50pt;\" height=\"18\"><strong>Kszta\u0142t<\/strong><\/td>\n<td>Cylindryczny z nachylonym ramieniem<\/td>\n<\/tr>\n<tr style=\"height: 13.50pt;\">\n<td style=\"height: 13.50pt;\" height=\"18\"><strong>Zamkni\u0119cie<\/strong><\/td>\n<td>Push-top spray + rurka zanurzeniowa<\/td>\n<\/tr>\n<tr style=\"height: 13.50pt;\">\n<td style=\"height: 13.50pt;\" height=\"18\"><strong>Tworzywo<\/strong><\/td>\n<td>Szk\u0142o sodowo-wapniowe o wysokiej bieli<\/td>\n<\/tr>\n<tr style=\"height: 13.50pt;\">\n<td style=\"height: 13.50pt;\" height=\"18\"><strong>Opcje kolor\u00f3w<\/strong><\/td>\n<td>W pe\u0142ni konfigurowalny<\/td>\n<\/tr>\n<\/tbody>\n<\/table>\n<h2>Obudowa opakowania<\/h2>\n<p>Wschodz\u0105ca marka zapachowa potrzebowa\u0142a odwa\u017cnego, ale minimalistycznego szklanego flakonu na perfumy dla swojej wody kolo\u0144skiej \"Midnight Bloom\". Wybieraj\u0105c nasz\u0105 50 ml butelk\u0119 wody kolo\u0144skiej z g\u0142\u0119bokim fioletowym odcieniem i r\u00f3\u017cowo-z\u0142ot\u0105 nakr\u0119tk\u0105, zaobserwowali wzrost liczby zapyta\u0144 klient\u00f3w o 40%. \"Szklane butelki sprawia\u0142y wra\u017cenie bi\u017cuterii\" - powiedzia\u0142 ich g\u0142\u00f3wny projektant. \"To sprawi\u0142o, \u017ce nasz zapach poczu\u0142 si\u0119 jak pami\u0105tka\".<\/p>\n<h2>Wskaz\u00f3wki niestandardowe<\/h2>\n<ul>\n<li><strong>Kolor niestandardowy<\/strong>: Wybierz kolor, kt\u00f3ry odzwierciedla klimat Twojej marki (np. kobaltowy dla spokoju, rubinowy dla pasji, czerwony, bia\u0142y, czarny, cokolwiek).<\/li>\n<li><strong>Niestandardowe wyko\u0144czenie<\/strong>: Stw\u00f3rz osobisty akcent - grawerowanie laserowe, naklejki lub dekoracje na szyjce butelki.<\/li>\n<li><strong>Zam\u00f3wienie zbiorcze<\/strong>: Potrzebujesz butelek pr\u00f3bnych, aby przetestowa\u0107 wygl\u0105d przed podj\u0119ciem decyzji? Oferujemy ceny hurtowe dla zam\u00f3wie\u0144 hurtowych.<\/li>\n<\/ul>\n<p>Gotowy do z\u0142o\u017cenia zam\u00f3wienia? Zaprojektujmy butelk\u0119, kt\u00f3ra przyci\u0105ga wzrok i buduje lojalno\u015b\u0107.<\/p>\n<p>P.S. Nie wierz nam na s\u0142owo. Wypr\u00f3buj pr\u00f3bn\u0105 butelk\u0119 ju\u017c dzi\u015b i przekonaj si\u0119, dlaczego do\u015bwiadczeni w\u0142a\u015bciciele firm dostosowuj\u0105 w\u0142asne szklane butelki na perfumy. Tw\u00f3j kolejny wielki pomys\u0142 zas\u0142uguje na pojemnik, kt\u00f3ry odpowiada jego ambicjom.<\/p>","protected":false},"excerpt":{"rendered":"<p data-spm-anchor-id=\"5176.28103460.0.i4.59d21db8X86Wee\">Odkryj nasz\u0105 butelk\u0119 perfum 1,7 uncji (butelka wody kolo\u0144skiej 50 ml) - wysokiej jako\u015bci szklany design dla marek. Niestandardowe kolory, opcje hurtowe i opakowania przyjazne w podr\u00f3\u017cy.<\/p>","protected":false},"featured_media":3433,"comment_status":"open","ping_status":"closed","template":"","meta":{"_acf_changed":false,"site-sidebar-layout":"default","site-content-layout":"","ast-site-content-layout":"default","site-content-style":"default","site-sidebar-style":"default","ast-global-header-display":"","ast-banner-title-visibility":"","ast-main-header-display":"","ast-hfb-above-header-display":"","ast-hfb-below-header-display":"","ast-hfb-mobile-header-display":"","site-post-title":"","ast-breadcrumbs-content":"","ast-featured-img":"","footer-sml-layout":"","ast-disable-related-posts":"","theme-transparent-header-meta":"default","adv-header-id-meta":"","stick-header-meta":"","header-above-stick-meta":"","header-main-stick-meta":"","header-below-stick-meta":"","astra-migrate-meta-layouts":"set","ast-page-background-enabled":"default","ast-page-background-meta":{"desktop":{"background-color":"var(--ast-global-color-5)","background-image":"","background-repeat":"repeat","background-position":"center center","background-size":"auto","background-attachment":"scroll","background-type":"","background-media":"","overlay-type":"","overlay-color":"","overlay-opacity":"","overlay-gradient":""},"tablet":{"background-color":"","background-image":"","background-repeat":"repeat","background-position":"center center","background-size":"auto","background-attachment":"scroll","background-type":"","background-media":"","overlay-type":"","overlay-color":"","overlay-opacity":"","overlay-gradient":""},"mobile":{"background-color":"","background-image":"","background-repeat":"repeat","background-position":"center center","background-size":"auto","background-attachment":"scroll","background-type":"","background-media":"","overlay-type":"","overlay-color":"","overlay-opacity":"","overlay-gradient":""}},"ast-content-background-meta":{"desktop":{"background-color":"var(--ast-global-color-4)","background-image":"","background-repeat":"repeat","background-position":"center center","background-size":"auto","background-attachment":"scroll","background-type":"","background-media":"","overlay-type":"","overlay-color":"","overlay-opacity":"","overlay-gradient":""},"tablet":{"background-color":"var(--ast-global-color-4)","background-image":"","background-repeat":"repeat","background-position":"center center","background-size":"auto","background-attachment":"scroll","background-type":"","background-media":"","overlay-type":"","overlay-color":"","overlay-opacity":"","overlay-gradient":""},"mobile":{"background-color":"var(--ast-global-color-4)","background-image":"","background-repeat":"repeat","background-position":"center center","background-size":"auto","background-attachment":"scroll","background-type":"","background-media":"","overlay-type":"","overlay-color":"","overlay-opacity":"","overlay-gradient":""}}},"product_brand":[],"product_cat":[91,72,41],"product_tag":[],"class_list":{"0":"post-3430","1":"product","2":"type-product","3":"status-publish","4":"has-post-thumbnail","6":"product_cat-custom-perfume-bottles","7":"product_cat-cosmetic-packaging","8":"product_cat-perfume-bottles","9":"desktop-align-left","10":"tablet-align-left","11":"mobile-align-left","13":"first","14":"instock","15":"shipping-taxable","16":"product-type-simple"},"acf":[],"jetpack_sharing_enabled":true,"_links":{"self":[{"href":"https:\/\/theperfumebottles.com\/pl\/wp-json\/wp\/v2\/product\/3430","targetHints":{"allow":["GET"]}}],"collection":[{"href":"https:\/\/theperfumebottles.com\/pl\/wp-json\/wp\/v2\/product"}],"about":[{"href":"https:\/\/theperfumebottles.com\/pl\/wp-json\/wp\/v2\/types\/product"}],"replies":[{"embeddable":true,"href":"https:\/\/theperfumebottles.com\/pl\/wp-json\/wp\/v2\/comments?post=3430"}],"wp:featuredmedia":[{"embeddable":true,"href":"https:\/\/theperfumebottles.com\/pl\/wp-json\/wp\/v2\/media\/3433"}],"wp:attachment":[{"href":"https:\/\/theperfumebottles.com\/pl\/wp-json\/wp\/v2\/media?parent=3430"}],"wp:term":[{"taxonomy":"product_brand","embeddable":true,"href":"https:\/\/theperfumebottles.com\/pl\/wp-json\/wp\/v2\/product_brand?post=3430"},{"taxonomy":"product_cat","embeddable":true,"href":"https:\/\/theperfumebottles.com\/pl\/wp-json\/wp\/v2\/product_cat?post=3430"},{"taxonomy":"product_tag","embeddable":true,"href":"https:\/\/theperfumebottles.com\/pl\/wp-json\/wp\/v2\/product_tag?post=3430"}],"curies":[{"name":"wp","href":"https:\/\/api.w.org\/{rel}","templated":true}]}}