{"id":3437,"date":"2025-05-26T16:07:27","date_gmt":"2025-05-26T08:07:27","guid":{"rendered":"https:\/\/theperfumebottles.com\/?post_type=product&#038;p=3437"},"modified":"2025-05-26T16:19:40","modified_gmt":"2025-05-26T08:19:40","slug":"custom-tall-blank-100-ml-perfume-bottle-with-spray-cap","status":"publish","type":"product","link":"https:\/\/theperfumebottles.com\/pl\/produkt\/custom-tall-blank-100-ml-perfume-bottle-with-spray-cap\/","title":{"rendered":"Custom Tall Blank 100 ml Perfume Bottle with Spray Cap"},"content":{"rendered":"<p>PB-YZ0802 to wysoka butelka perfum o pojemno\u015bci 100 ml, wykonana z wysokiej jako\u015bci szk\u0142a kryszta\u0142owego. Niezale\u017cnie od tego, czy wprowadzasz na rynek nowy zapach, czy te\u017c dodajesz praktyczne i pi\u0119kne opakowanie do swojego asortymentu hurtowego, ten flakon perfum b\u0119dzie idealnym wyborem. Nie tylko wygl\u0105da stylowo, ale tak\u017ce spe\u0142nia praktyczne potrzeby.<\/p>\n<h2>Kluczowe specyfikacje<\/h2>\n<table style=\"border-collapse: collapse; margin-left: auto; margin-right: auto; width: 80%;\" border=\"0\" width=\"80%\" cellspacing=\"0\" cellpadding=\"0\">\n<tbody>\n<tr style=\"height: 13.50pt;\">\n<td style=\"height: 13.50pt; width: 97.50pt;\" width=\"130\" height=\"18\">Model<\/td>\n<td style=\"width: 231.75pt;\" width=\"309\">PB-YZ0802<\/td>\n<\/tr>\n<tr style=\"height: 13.50pt;\">\n<td style=\"height: 13.50pt;\" height=\"18\">Pojemno\u015b\u0107<\/td>\n<td>100 ml<\/td>\n<\/tr>\n<tr style=\"height: 13.50pt;\">\n<td style=\"height: 13.50pt;\" height=\"18\">Kszta\u0142t<\/td>\n<td>Cylindryczny<\/td>\n<\/tr>\n<tr style=\"height: 13.50pt;\">\n<td style=\"height: 13.50pt;\" height=\"18\">Wymiary<\/td>\n<td>40 mm x 129 mm<\/td>\n<\/tr>\n<tr style=\"height: 13.50pt;\">\n<td style=\"height: 13.50pt;\" height=\"18\">\u015arednica szyjki<\/td>\n<td>15 mm<\/td>\n<\/tr>\n<tr style=\"height: 13.50pt;\">\n<td style=\"height: 13.50pt;\" height=\"18\">Rodzaj zamkni\u0119cia<\/td>\n<td>Zaciskana szyjka + rozpylacz<\/td>\n<\/tr>\n<tr style=\"height: 13.50pt;\">\n<td style=\"height: 13.50pt;\" height=\"18\">Tworzywo<\/td>\n<td>Szk\u0142o kryszta\u0142owe<\/td>\n<\/tr>\n<tr style=\"height: 13.50pt;\">\n<td style=\"height: 13.50pt;\" height=\"18\">Opcje kolor\u00f3w<\/td>\n<td>W pe\u0142ni konfigurowalny<\/td>\n<\/tr>\n<tr style=\"height: 13.50pt;\">\n<td style=\"height: 13.50pt;\" height=\"18\">Idealny dla<\/td>\n<td>Perfumy, spraye do twarzy\/cia\u0142a<\/td>\n<\/tr>\n<\/tbody>\n<\/table>\n<h2>Obudowa opakowania<\/h2>\n<p>Butikowa marka perfum we Francji zam\u00f3wi\u0142a 30 000 sztuk tego flakonu o pojemno\u015bci 100 ml dla swojej nowej linii zapach\u00f3w unisex. Firma wybra\u0142a matowe, grawerowane logo z magnetycznym zamkni\u0119ciem i by\u0142a zachwycona tym, jak butelki poprawi\u0142y jej wizerunek. W ci\u0105gu czterech miesi\u0119cy odnotowali wzrost sprzeda\u017cy detalicznej o 30% i rozszerzyli dzia\u0142alno\u015b\u0107 na trzy nowe rynki.<\/p>\n<h2>Niestandardowe wskaz\u00f3wki<\/h2>\n<ul>\n<li><strong>Etykietowanie<\/strong>: Dodaj swoje logo za pomoc\u0105 sitodruku lub grawerowania laserowego.<\/li>\n<li><strong>Kolor<\/strong>: Wybierz przezroczysty, bursztynowy, kobaltowy lub popro\u015b o dopasowanie PANTONE.<\/li>\n<li><strong>Wyko\u0144czenie czapki<\/strong>: Wybierz matow\u0105 czer\u0144, z\u0142oto lub r\u00f3\u017cowe z\u0142oto, aby poczu\u0107 si\u0119 luksusowo.<\/li>\n<li><strong>Box<\/strong>: Po\u0142\u0105cz z niestandardowymi wk\u0142adkami lub markowymi pude\u0142kami, aby dope\u0142ni\u0107 wygl\u0105d.<\/li>\n<\/ul>\n<p>Oferujemy pr\u00f3bne butelki przed pe\u0142n\u0105 produkcj\u0105, aby\u015b m\u00f3g\u0142 przetestowa\u0107 dopasowanie, dotyk i wydajno\u015b\u0107 natrysku - bez zgadywania.<\/p>\n<h2>Dlaczego warto wybra\u0107 t\u0119 butelk\u0119 perfum o pojemno\u015bci 100 ml?<\/h2>\n<p>Niezale\u017cnie od tego, czy jeste\u015b w\u0142a\u015bcicielem firmy, kupcem handlowym, czy mened\u017cerem marki, ten przeno\u015bny, wysokiej jako\u015bci szklany flakon perfum to m\u0105dra inwestycja. To nie tylko pojemnik - to cz\u0119\u015b\u0107 historii produktu. A dzi\u0119ki cenom hurtowym i opcjom dostosowywania, otrzymasz co\u015b wi\u0119cej ni\u017c tylko butelk\u0119 - otrzymasz wyrazisty element.<\/p>\n<p>Wci\u0105\u017c nie jeste\u015b pewien? Skontaktuj si\u0119 z nami, a pomo\u017cemy Ci zdecydowa\u0107, co jest najlepsze dla Twojej marki - poniewa\u017c je\u015bli chodzi o projekt, liczy si\u0119 ka\u017cdy szczeg\u00f3\u0142.<\/p>","protected":false},"excerpt":{"rendered":"<p>Niestandardowy flakon perfum o pojemno\u015bci 100 ml w wysokiej szklanej obudowie. Pusta butelka wody kolo\u0144skiej idealna do brandingu zapach\u00f3w. Dost\u0119pne w sprzeda\u017cy hurtowej.<\/p>","protected":false},"featured_media":3438,"comment_status":"open","ping_status":"closed","template":"","meta":{"_acf_changed":false,"site-sidebar-layout":"default","site-content-layout":"","ast-site-content-layout":"default","site-content-style":"default","site-sidebar-style":"default","ast-global-header-display":"","ast-banner-title-visibility":"","ast-main-header-display":"","ast-hfb-above-header-display":"","ast-hfb-below-header-display":"","ast-hfb-mobile-header-display":"","site-post-title":"","ast-breadcrumbs-content":"","ast-featured-img":"","footer-sml-layout":"","ast-disable-related-posts":"","theme-transparent-header-meta":"default","adv-header-id-meta":"","stick-header-meta":"","header-above-stick-meta":"","header-main-stick-meta":"","header-below-stick-meta":"","astra-migrate-meta-layouts":"set","ast-page-background-enabled":"default","ast-page-background-meta":{"desktop":{"background-color":"var(--ast-global-color-5)","background-image":"","background-repeat":"repeat","background-position":"center center","background-size":"auto","background-attachment":"scroll","background-type":"","background-media":"","overlay-type":"","overlay-color":"","overlay-opacity":"","overlay-gradient":""},"tablet":{"background-color":"","background-image":"","background-repeat":"repeat","background-position":"center center","background-size":"auto","background-attachment":"scroll","background-type":"","background-media":"","overlay-type":"","overlay-color":"","overlay-opacity":"","overlay-gradient":""},"mobile":{"background-color":"","background-image":"","background-repeat":"repeat","background-position":"center center","background-size":"auto","background-attachment":"scroll","background-type":"","background-media":"","overlay-type":"","overlay-color":"","overlay-opacity":"","overlay-gradient":""}},"ast-content-background-meta":{"desktop":{"background-color":"var(--ast-global-color-4)","background-image":"","background-repeat":"repeat","background-position":"center center","background-size":"auto","background-attachment":"scroll","background-type":"","background-media":"","overlay-type":"","overlay-color":"","overlay-opacity":"","overlay-gradient":""},"tablet":{"background-color":"var(--ast-global-color-4)","background-image":"","background-repeat":"repeat","background-position":"center center","background-size":"auto","background-attachment":"scroll","background-type":"","background-media":"","overlay-type":"","overlay-color":"","overlay-opacity":"","overlay-gradient":""},"mobile":{"background-color":"var(--ast-global-color-4)","background-image":"","background-repeat":"repeat","background-position":"center center","background-size":"auto","background-attachment":"scroll","background-type":"","background-media":"","overlay-type":"","overlay-color":"","overlay-opacity":"","overlay-gradient":""}}},"product_brand":[],"product_cat":[72,91,41],"product_tag":[],"class_list":{"0":"post-3437","1":"product","2":"type-product","3":"status-publish","4":"has-post-thumbnail","6":"product_cat-cosmetic-packaging","7":"product_cat-custom-perfume-bottles","8":"product_cat-perfume-bottles","9":"desktop-align-left","10":"tablet-align-left","11":"mobile-align-left","13":"first","14":"instock","15":"shipping-taxable","16":"product-type-simple"},"acf":[],"jetpack_sharing_enabled":true,"_links":{"self":[{"href":"https:\/\/theperfumebottles.com\/pl\/wp-json\/wp\/v2\/product\/3437","targetHints":{"allow":["GET"]}}],"collection":[{"href":"https:\/\/theperfumebottles.com\/pl\/wp-json\/wp\/v2\/product"}],"about":[{"href":"https:\/\/theperfumebottles.com\/pl\/wp-json\/wp\/v2\/types\/product"}],"replies":[{"embeddable":true,"href":"https:\/\/theperfumebottles.com\/pl\/wp-json\/wp\/v2\/comments?post=3437"}],"wp:featuredmedia":[{"embeddable":true,"href":"https:\/\/theperfumebottles.com\/pl\/wp-json\/wp\/v2\/media\/3438"}],"wp:attachment":[{"href":"https:\/\/theperfumebottles.com\/pl\/wp-json\/wp\/v2\/media?parent=3437"}],"wp:term":[{"taxonomy":"product_brand","embeddable":true,"href":"https:\/\/theperfumebottles.com\/pl\/wp-json\/wp\/v2\/product_brand?post=3437"},{"taxonomy":"product_cat","embeddable":true,"href":"https:\/\/theperfumebottles.com\/pl\/wp-json\/wp\/v2\/product_cat?post=3437"},{"taxonomy":"product_tag","embeddable":true,"href":"https:\/\/theperfumebottles.com\/pl\/wp-json\/wp\/v2\/product_tag?post=3437"}],"curies":[{"name":"wp","href":"https:\/\/api.w.org\/{rel}","templated":true}]}}