{"id":3705,"date":"2025-06-07T18:45:52","date_gmt":"2025-06-07T10:45:52","guid":{"rendered":"https:\/\/theperfumebottles.com\/?post_type=product&#038;p=3705"},"modified":"2025-06-11T18:31:27","modified_gmt":"2025-06-11T10:31:27","slug":"30ml-50ml-100ml-glass-perfume-bottles-supplier","status":"publish","type":"product","link":"https:\/\/theperfumebottles.com\/pl\/produkt\/30ml-50ml-100ml-glass-perfume-bottles-supplier\/","title":{"rendered":"Dostawca szklanych butelek na perfumy o pojemno\u015bci 30 ml, 50 ml i 100 ml"},"content":{"rendered":"<p>Poznaj ofert\u0119 najwy\u017cszej jako\u015bci szklanych butelek na perfumy \u2013 eleganckie wzornictwo z mo\u017cliwo\u015bci\u0105 personalizacji, idealne dla marek perfum poszukuj\u0105cych wysokiej jako\u015bci rozwi\u0105za\u0144 opakowaniowych.<\/p>\n<h2>Kluczowa specyfikacja<\/h2>\n<table style=\"border-collapse: collapse;margin-left: auto;margin-right: auto;width: 80%\" border=\"0\" width=\"80%\" cellspacing=\"0\" cellpadding=\"0\">\n<tbody>\n<tr style=\"height: 13.50pt\">\n<td style=\"height: 13.50pt;width: 83.25pt\" width=\"111\" height=\"18\">Model<\/td>\n<td style=\"width: 72.00pt\" width=\"96\">Pojemno\u015b\u0107<\/td>\n<td style=\"width: 99.75pt\" width=\"133\">Wymiary (mm)<\/td>\n<td style=\"width: 78.00pt\" width=\"104\">Rozmiar szyi<\/td>\n<td style=\"width: 99.00pt\" width=\"132\">Tworzywo<\/td>\n<td style=\"width: 120.00pt\" width=\"160\">Opcje kolor\u00f3w czapki<\/td>\n<\/tr>\n<tr style=\"height: 13.50pt\">\n<td style=\"height: 13.50pt\" height=\"18\">PB-YZ1201<\/td>\n<td>30 ml<\/td>\n<td>40&#215;82<\/td>\n<td>15 mm<\/td>\n<td>Szk\u0142o kryszta\u0142owe<\/td>\n<td>Mo\u017cliwo\u015b\u0107 dostosowania<\/td>\n<\/tr>\n<tr style=\"height: 13.50pt\">\n<td style=\"height: 13.50pt\" height=\"18\">PB-YZ1202<\/td>\n<td>50 ml<\/td>\n<td>45&#215;92<\/td>\n<td>15 mm<\/td>\n<td>Szk\u0142o kryszta\u0142owe<\/td>\n<td>Mo\u017cliwo\u015b\u0107 dostosowania<\/td>\n<\/tr>\n<tr style=\"height: 13.50pt\">\n<td style=\"height: 13.50pt\" height=\"18\">PB-YZ1203<\/td>\n<td>100 ml<\/td>\n<td>53&#215;110<\/td>\n<td>15 mm<\/td>\n<td>Szk\u0142o kryszta\u0142owe<\/td>\n<td style=\"text-align: left\">Mo\u017cliwo\u015b\u0107 dostosowania<\/td>\n<\/tr>\n<\/tbody>\n<\/table>\n<h2>Historia sukcesu w prawdziwym \u015bwiecie<\/h2>\n<p>Luksusowa marka perfum z Mediolanu potrzebowa\u0142a flakonu, kt\u00f3ry pasowa\u0142by do jej odwa\u017cnej, artystycznej to\u017csamo\u015bci. Wybrali nasz model o pojemno\u015bci 50 ml z marmurowo-szarym szklanym korpusem i pasuj\u0105c\u0105 nakr\u0119tk\u0105 z atomizerem. Efekt? Ich nowa linia zadebiutowa\u0142a z 70-procentowym wzrostem sprzeda\u017cy online. Dlaczego? Poniewa\u017c szklany flakon nie tylko skrywa\u0142 zapach, ale sta\u0142 si\u0119 cz\u0119\u015bci\u0105 historii marki.<\/p>\n<h2>Dlaczego ta butelka pokonuje konkurencj\u0119<\/h2>\n<p>Szukaj\u0105c szklanych flakon\u00f3w na perfumy, ludzie cz\u0119sto pomijaj\u0105 jeden kluczowy czynnik: czy odzwierciedlaj\u0105 one Twoj\u0105 mark\u0119? Te flakony nie tylko przechowuj\u0105 perfumy, ale tak\u017ce wzmacniaj\u0105 Tw\u00f3j przekaz.<\/p>\n<ul>\n<li><strong>Wyj\u0105tkowe doznania:<\/strong> Gruba podstawa i g\u0142adkie szk\u0142o sprawiaj\u0105 wra\u017cenie produktu luksusowego.<\/li>\n<li><strong>Atrakcyjno\u015b\u0107 wizualna:<\/strong> Kolorowy p\u0142yn i pasuj\u0105ca do niego nakr\u0119tka sprawiaj\u0105, \u017ce marka jest natychmiast rozpoznawalna.<\/li>\n<li><strong>Elastyczne rozmiary:<\/strong> Niezale\u017cnie od tego, czy sprzedajesz perfumy o pojemno\u015bci 50 ml czy luksusowe edycje 100 ml, u nas znajdziesz produkt odpowiadaj\u0105cy ka\u017cdej potrzebie.<\/li>\n<\/ul>\n<h2>Zbudujmy co\u015b wyj\u0105tkowego<\/h2>\n<p>Tw\u00f3j zapach zas\u0142uguje na flakon, kt\u00f3ry dor\u00f3wna jego magii. Te szklane flakony to nie tylko pojemniki \u2013 to pierwsze wra\u017cenie Twojej marki.<\/p>\n<p>Potrzebujesz pomocy w wyborze najlepszej opcji dla swojej linii? Skontaktuj si\u0119 z nami. Jeste\u015bmy tu po to, by przekszta\u0142ci\u0107 Twoj\u0105 wizj\u0119 w szklane perfumowe arcydzie\u0142o \u2013 flakon po flakonie.<\/p>","protected":false},"excerpt":{"rendered":"<p>Odkryj najlepsze szklane flakony na perfumy o pojemno\u015bci 30 ml, 50 ml i 100 ml. Idealne dla marek perfumeryjnych poszukuj\u0105cych personalizowanych, wysokiej jako\u015bci szklanych opakowa\u0144 na perfumy.<\/p>","protected":false},"featured_media":3739,"comment_status":"open","ping_status":"closed","template":"","meta":{"_acf_changed":false,"site-sidebar-layout":"default","site-content-layout":"","ast-site-content-layout":"default","site-content-style":"default","site-sidebar-style":"default","ast-global-header-display":"","ast-banner-title-visibility":"","ast-main-header-display":"","ast-hfb-above-header-display":"","ast-hfb-below-header-display":"","ast-hfb-mobile-header-display":"","site-post-title":"","ast-breadcrumbs-content":"","ast-featured-img":"","footer-sml-layout":"","ast-disable-related-posts":"","theme-transparent-header-meta":"default","adv-header-id-meta":"","stick-header-meta":"","header-above-stick-meta":"","header-main-stick-meta":"","header-below-stick-meta":"","astra-migrate-meta-layouts":"set","ast-page-background-enabled":"default","ast-page-background-meta":{"desktop":{"background-color":"var(--ast-global-color-5)","background-image":"","background-repeat":"repeat","background-position":"center center","background-size":"auto","background-attachment":"scroll","background-type":"","background-media":"","overlay-type":"","overlay-color":"","overlay-opacity":"","overlay-gradient":""},"tablet":{"background-color":"","background-image":"","background-repeat":"repeat","background-position":"center center","background-size":"auto","background-attachment":"scroll","background-type":"","background-media":"","overlay-type":"","overlay-color":"","overlay-opacity":"","overlay-gradient":""},"mobile":{"background-color":"","background-image":"","background-repeat":"repeat","background-position":"center center","background-size":"auto","background-attachment":"scroll","background-type":"","background-media":"","overlay-type":"","overlay-color":"","overlay-opacity":"","overlay-gradient":""}},"ast-content-background-meta":{"desktop":{"background-color":"var(--ast-global-color-4)","background-image":"","background-repeat":"repeat","background-position":"center center","background-size":"auto","background-attachment":"scroll","background-type":"","background-media":"","overlay-type":"","overlay-color":"","overlay-opacity":"","overlay-gradient":""},"tablet":{"background-color":"var(--ast-global-color-4)","background-image":"","background-repeat":"repeat","background-position":"center center","background-size":"auto","background-attachment":"scroll","background-type":"","background-media":"","overlay-type":"","overlay-color":"","overlay-opacity":"","overlay-gradient":""},"mobile":{"background-color":"var(--ast-global-color-4)","background-image":"","background-repeat":"repeat","background-position":"center center","background-size":"auto","background-attachment":"scroll","background-type":"","background-media":"","overlay-type":"","overlay-color":"","overlay-opacity":"","overlay-gradient":""}}},"product_brand":[],"product_cat":[72,91,41],"product_tag":[49],"class_list":{"0":"post-3705","1":"product","2":"type-product","3":"status-publish","4":"has-post-thumbnail","6":"product_cat-cosmetic-packaging","7":"product_cat-custom-perfume-bottles","8":"product_cat-perfume-bottles","9":"product_tag-perfume-bottles","10":"desktop-align-left","11":"tablet-align-left","12":"mobile-align-left","14":"first","15":"instock","16":"shipping-taxable","17":"product-type-simple"},"acf":[],"jetpack_sharing_enabled":true,"_links":{"self":[{"href":"https:\/\/theperfumebottles.com\/pl\/wp-json\/wp\/v2\/product\/3705","targetHints":{"allow":["GET"]}}],"collection":[{"href":"https:\/\/theperfumebottles.com\/pl\/wp-json\/wp\/v2\/product"}],"about":[{"href":"https:\/\/theperfumebottles.com\/pl\/wp-json\/wp\/v2\/types\/product"}],"replies":[{"embeddable":true,"href":"https:\/\/theperfumebottles.com\/pl\/wp-json\/wp\/v2\/comments?post=3705"}],"wp:featuredmedia":[{"embeddable":true,"href":"https:\/\/theperfumebottles.com\/pl\/wp-json\/wp\/v2\/media\/3739"}],"wp:attachment":[{"href":"https:\/\/theperfumebottles.com\/pl\/wp-json\/wp\/v2\/media?parent=3705"}],"wp:term":[{"taxonomy":"product_brand","embeddable":true,"href":"https:\/\/theperfumebottles.com\/pl\/wp-json\/wp\/v2\/product_brand?post=3705"},{"taxonomy":"product_cat","embeddable":true,"href":"https:\/\/theperfumebottles.com\/pl\/wp-json\/wp\/v2\/product_cat?post=3705"},{"taxonomy":"product_tag","embeddable":true,"href":"https:\/\/theperfumebottles.com\/pl\/wp-json\/wp\/v2\/product_tag?post=3705"}],"curies":[{"name":"wp","href":"https:\/\/api.w.org\/{rel}","templated":true}]}}