{"id":3897,"date":"2025-06-13T17:04:32","date_gmt":"2025-06-13T09:04:32","guid":{"rendered":"https:\/\/theperfumebottles.com\/?post_type=product&#038;p=3897"},"modified":"2025-06-17T09:38:58","modified_gmt":"2025-06-17T01:38:58","slug":"elegant-perfume-beautiful-bottle-with-glass-design","status":"publish","type":"product","link":"https:\/\/theperfumebottles.com\/pl\/produkt\/elegant-perfume-beautiful-bottle-with-glass-design\/","title":{"rendered":"50 ml 100 ml Eleganckie perfumy Pi\u0119kna butelka ze szklanym wzorem"},"content":{"rendered":"<p>Je\u015bli szukasz pi\u0119knego flakonu perfum, kt\u00f3ry \u0142\u0105czy ponadczasow\u0105 elegancj\u0119 z nowoczesn\u0105 praktyczno\u015bci\u0105, te szklane flakony perfum s\u0105 dok\u0142adnie tym, czego potrzebujesz. Niezale\u017cnie od tego, czy wprowadzasz na rynek now\u0105 lini\u0119 zapach\u00f3w, czy ulepszasz obecne opakowanie, te flakony mog\u0105 poprawi\u0107 wizerunek Twojej marki.<\/p>\n<h2>Kluczowe specyfikacje<\/h2>\n<table style=\"border-collapse: collapse;margin-left: auto;margin-right: auto;width: 80%\" border=\"0\" width=\"80%\" cellspacing=\"0\" cellpadding=\"0\">\n<tbody>\n<tr style=\"height: 13.50pt\">\n<td style=\"height: 13.50pt;width: 81.00pt\" width=\"108\" height=\"18\">Model<\/td>\n<td style=\"width: 70.50pt\" width=\"94\">Pojemno\u015b\u0107<\/td>\n<td style=\"width: 93.00pt\" width=\"124\">Kszta\u0142t<\/td>\n<td style=\"width: 102.00pt\" width=\"136\">Wymiary (mm)<\/td>\n<td style=\"width: 102.75pt\" width=\"137\">\u015arednica szyjki<\/td>\n<td style=\"width: 193.50pt\" width=\"258\">Metoda uszczelniania<\/td>\n<td style=\"width: 105.75pt\" width=\"141\">Tworzywo<\/td>\n<td style=\"width: 104.25pt\" width=\"139\">Kolor<\/td>\n<\/tr>\n<tr style=\"height: 13.50pt\">\n<td style=\"height: 13.50pt\" height=\"18\">PB-YZ1604<\/td>\n<td>50 ml<\/td>\n<td>Cylindryczny<\/td>\n<td>37 \u00d7 98<\/td>\n<td>15 mm<\/td>\n<td>Zaciskana szyjka + spryskiwacz<\/td>\n<td>Szk\u0142o kryszta\u0142owe<\/td>\n<td>Mo\u017cliwo\u015b\u0107 dostosowania<\/td>\n<\/tr>\n<tr style=\"height: 13.50pt\">\n<td style=\"height: 13.50pt\" height=\"18\">PB-YZ1605<\/td>\n<td>50 ml<\/td>\n<td>Cylindryczny<\/td>\n<td>32 \u00d7 137<\/td>\n<td>15 mm<\/td>\n<td>Zaciskana szyjka + spryskiwacz<\/td>\n<td>Szk\u0142o kryszta\u0142owe<\/td>\n<td>Mo\u017cliwo\u015b\u0107 dostosowania<\/td>\n<\/tr>\n<tr style=\"height: 13.50pt\">\n<td style=\"height: 13.50pt\" height=\"18\">PB-YZ1606<\/td>\n<td>100 ml<\/td>\n<td>Cylindryczny<\/td>\n<td>39 \u00d7 159<\/td>\n<td>15 mm<\/td>\n<td>Zaciskana szyjka + spryskiwacz<\/td>\n<td>Szk\u0142o kryszta\u0142owe<\/td>\n<td>Mo\u017cliwo\u015b\u0107 dostosowania<\/td>\n<\/tr>\n<\/tbody>\n<\/table>\n<h2>Rzeczywisty przyk\u0142ad<\/h2>\n<p>Paryska butikowa marka perfum wprowadzi\u0142a na rynek sw\u00f3j flagowy, uniseksowy zapach w tym pi\u0119knym flakonie. Wybrano delikatny lawendowy odcie\u0144, po\u0142\u0105czony z matow\u0105 srebrn\u0105 nakr\u0119tk\u0105 atomizera i minimalistycznym logo marki. Rezultat? Produkt wyr\u00f3\u017cni\u0142 si\u0119 na p\u00f3\u0142ce, zyska\u0142 uwag\u0119 online i odnotowa\u0142 40% wzrost zam\u00f3wie\u0144 hurtowych w ci\u0105gu zaledwie kilku miesi\u0119cy.<\/p>\n<h2>Porady dotycz\u0105ce tworzenia w\u0142asnego flakonu perfum<\/h2>\n<ul>\n<li><strong>Dostosowywanie kolor\u00f3w:<\/strong> Wybierz kolor butelki odpowiednio do zapachu (np. delikatny r\u00f3\u017c dla zapachu kwiatowego, a ciemny br\u0105z dla zapachu drzewnego), aby wygl\u0105d i zapach lepiej do siebie pasowa\u0142y.<\/li>\n<li><strong>Logo marki:<\/strong> Mo\u017cesz nanie\u015b\u0107 logo metod\u0105 sitodruku lub wygrawerowa\u0107 je laserowo na butelce, aby zwi\u0119kszy\u0107 rozpoznawalno\u015b\u0107 marki.<\/li>\n<li><strong>Szczeg\u00f3\u0142y materia\u0142\u00f3w:<\/strong> Wybierz matowe\/galwanizowane nakr\u0119tki butelek i etykiety o metalicznej fakturze, aby podkre\u015bli\u0107 luksusowy charakter.<\/li>\n<li><strong>Ekologiczne opakowanie:<\/strong> Dopasuj pude\u0142ka z recyklingowanego papieru + indywidualne wy\u015bci\u00f3\u0142ki, aby stworzy\u0107 ekologiczny wizerunek marki.<\/li>\n<li><strong>Obs\u0142uga indywidualizacji masowej:<\/strong> Obs\u0142uga du\u017cych zam\u00f3wie\u0144 i us\u0142ugi OEM, lepsze ceny i stabilne dostawy.<\/li>\n<\/ul>\n<h2>Dlaczego warto wybra\u0107 firm\u0119 Minghang jako producenta perfum?<\/h2>\n<p>Wyb\u00f3r Minghang oznacza wyb\u00f3r kompleksowego producenta perfum, kt\u00f3ry \u0142\u0105czy profesjonaln\u0105 si\u0142\u0119, zapewnienie jako\u015bci i elastyczn\u0105 personalizacj\u0119. Rozumiemy potrzeby marek i rytm rynku. Zapewniamy nie tylko pe\u0142n\u0105 obs\u0142ug\u0119 procesu, od projektu do produkcji, ale tak\u017ce wykorzystujemy materia\u0142y przyjazne dla \u015brodowiska, stosujemy \u015bcis\u0142\u0105 kontrol\u0119 jako\u015bci i konkurencyjne ceny hurtowe, aby pom\u00f3c Ci efektywnie tworzy\u0107 unikalne produkty zapachowe i wyr\u00f3\u017cni\u0107 Twoj\u0105 mark\u0119 na rynku.<\/p>","protected":false},"excerpt":{"rendered":"<p>Perfumy pi\u0119kny flakon wykonany z wysokiej jako\u015bci szk\u0142a. Stylowy design 100 ml, idealny na prezent lub sprzeda\u017c hurtowa.<\/p>","protected":false},"featured_media":3903,"comment_status":"open","ping_status":"closed","template":"","meta":{"_acf_changed":false,"site-sidebar-layout":"default","site-content-layout":"","ast-site-content-layout":"default","site-content-style":"default","site-sidebar-style":"default","ast-global-header-display":"","ast-banner-title-visibility":"","ast-main-header-display":"","ast-hfb-above-header-display":"","ast-hfb-below-header-display":"","ast-hfb-mobile-header-display":"","site-post-title":"","ast-breadcrumbs-content":"","ast-featured-img":"","footer-sml-layout":"","ast-disable-related-posts":"","theme-transparent-header-meta":"default","adv-header-id-meta":"","stick-header-meta":"","header-above-stick-meta":"","header-main-stick-meta":"","header-below-stick-meta":"","astra-migrate-meta-layouts":"set","ast-page-background-enabled":"default","ast-page-background-meta":{"desktop":{"background-color":"var(--ast-global-color-5)","background-image":"","background-repeat":"repeat","background-position":"center center","background-size":"auto","background-attachment":"scroll","background-type":"","background-media":"","overlay-type":"","overlay-color":"","overlay-opacity":"","overlay-gradient":""},"tablet":{"background-color":"","background-image":"","background-repeat":"repeat","background-position":"center center","background-size":"auto","background-attachment":"scroll","background-type":"","background-media":"","overlay-type":"","overlay-color":"","overlay-opacity":"","overlay-gradient":""},"mobile":{"background-color":"","background-image":"","background-repeat":"repeat","background-position":"center center","background-size":"auto","background-attachment":"scroll","background-type":"","background-media":"","overlay-type":"","overlay-color":"","overlay-opacity":"","overlay-gradient":""}},"ast-content-background-meta":{"desktop":{"background-color":"var(--ast-global-color-4)","background-image":"","background-repeat":"repeat","background-position":"center center","background-size":"auto","background-attachment":"scroll","background-type":"","background-media":"","overlay-type":"","overlay-color":"","overlay-opacity":"","overlay-gradient":""},"tablet":{"background-color":"var(--ast-global-color-4)","background-image":"","background-repeat":"repeat","background-position":"center center","background-size":"auto","background-attachment":"scroll","background-type":"","background-media":"","overlay-type":"","overlay-color":"","overlay-opacity":"","overlay-gradient":""},"mobile":{"background-color":"var(--ast-global-color-4)","background-image":"","background-repeat":"repeat","background-position":"center center","background-size":"auto","background-attachment":"scroll","background-type":"","background-media":"","overlay-type":"","overlay-color":"","overlay-opacity":"","overlay-gradient":""}}},"product_brand":[],"product_cat":[72,91,41],"product_tag":[49],"class_list":{"0":"post-3897","1":"product","2":"type-product","3":"status-publish","4":"has-post-thumbnail","6":"product_cat-cosmetic-packaging","7":"product_cat-custom-perfume-bottles","8":"product_cat-perfume-bottles","9":"product_tag-perfume-bottles","10":"desktop-align-left","11":"tablet-align-left","12":"mobile-align-left","14":"first","15":"instock","16":"shipping-taxable","17":"product-type-simple"},"acf":[],"jetpack_sharing_enabled":true,"_links":{"self":[{"href":"https:\/\/theperfumebottles.com\/pl\/wp-json\/wp\/v2\/product\/3897","targetHints":{"allow":["GET"]}}],"collection":[{"href":"https:\/\/theperfumebottles.com\/pl\/wp-json\/wp\/v2\/product"}],"about":[{"href":"https:\/\/theperfumebottles.com\/pl\/wp-json\/wp\/v2\/types\/product"}],"replies":[{"embeddable":true,"href":"https:\/\/theperfumebottles.com\/pl\/wp-json\/wp\/v2\/comments?post=3897"}],"wp:featuredmedia":[{"embeddable":true,"href":"https:\/\/theperfumebottles.com\/pl\/wp-json\/wp\/v2\/media\/3903"}],"wp:attachment":[{"href":"https:\/\/theperfumebottles.com\/pl\/wp-json\/wp\/v2\/media?parent=3897"}],"wp:term":[{"taxonomy":"product_brand","embeddable":true,"href":"https:\/\/theperfumebottles.com\/pl\/wp-json\/wp\/v2\/product_brand?post=3897"},{"taxonomy":"product_cat","embeddable":true,"href":"https:\/\/theperfumebottles.com\/pl\/wp-json\/wp\/v2\/product_cat?post=3897"},{"taxonomy":"product_tag","embeddable":true,"href":"https:\/\/theperfumebottles.com\/pl\/wp-json\/wp\/v2\/product_tag?post=3897"}],"curies":[{"name":"wp","href":"https:\/\/api.w.org\/{rel}","templated":true}]}}