{"id":3939,"date":"2025-06-16T18:01:47","date_gmt":"2025-06-16T10:01:47","guid":{"rendered":"https:\/\/theperfumebottles.com\/?post_type=product&#038;p=3939"},"modified":"2025-06-16T18:01:48","modified_gmt":"2025-06-16T10:01:48","slug":"wholesale-miniature-perfume-bottles-custom-perfume-bottle-mini","status":"publish","type":"product","link":"https:\/\/theperfumebottles.com\/pl\/produkt\/wholesale-miniature-perfume-bottles-custom-perfume-bottle-mini\/","title":{"rendered":"Miniaturowe butelki perfum o pojemno\u015bci 15 ml, 20 ml i 30 ml | Niestandardowe mini butelki perfum"},"content":{"rendered":"<p>Chcesz zaoferowa\u0107 swoim klientom luksusowy i przeno\u015bny do\u015bwiadczenie zapachowe? Nasze ma\u0142e butelki perfum s\u0105 idealne! Ma\u0142a butelka perfum jest zar\u00f3wno elegancka, jak i praktyczna, dodaj\u0105c nowoczesny akcent do opakowania marki~<\/p>\n<h2>Kluczowe specyfikacje<\/h2>\n<table style=\"border-collapse: collapse; margin-left: auto; margin-right: auto; width: 80%;\" border=\"0\" width=\"80%\" cellspacing=\"0\" cellpadding=\"0\">\n<tbody>\n<tr style=\"height: 13.50pt;\">\n<td style=\"height: 13.50pt; width: 99.75pt;\" width=\"133\" height=\"18\">Funkcja<\/td>\n<td style=\"width: 262.50pt;\" width=\"350\">Opis<\/td>\n<\/tr>\n<tr style=\"height: 13.50pt;\">\n<td style=\"height: 13.50pt;\" height=\"18\">Modele<\/td>\n<td>PB-YZ1601 \/ PB-YZ1602 \/ PB-YZ1603<\/td>\n<\/tr>\n<tr style=\"height: 13.50pt;\">\n<td style=\"height: 13.50pt;\" height=\"18\">Pojemno\u015b\u0107<\/td>\n<td>15ml \/ 20ml \/ 30ml<\/td>\n<\/tr>\n<tr style=\"height: 13.50pt;\">\n<td style=\"height: 13.50pt;\" height=\"18\">Kszta\u0142t<\/td>\n<td>Cylindryczny<\/td>\n<\/tr>\n<tr style=\"height: 13.50pt;\">\n<td style=\"height: 13.50pt;\" height=\"18\">Wymiary<\/td>\n<td>25x84mm \/ 29x67mm \/ 33x98mm<\/td>\n<\/tr>\n<tr style=\"height: 13.50pt;\">\n<td style=\"height: 13.50pt;\" height=\"18\">\u015arednica szyjki<\/td>\n<td>15 mm<\/td>\n<\/tr>\n<tr style=\"height: 13.50pt;\">\n<td style=\"height: 13.50pt;\" height=\"18\">Rodzaj zamkni\u0119cia<\/td>\n<td>Zaostrzony szyjka + pompka sprayowa<\/td>\n<\/tr>\n<tr style=\"height: 13.50pt;\">\n<td style=\"height: 13.50pt;\" height=\"18\">Tworzywo<\/td>\n<td>Szk\u0142o kryszta\u0142owe<\/td>\n<\/tr>\n<tr style=\"height: 13.50pt;\">\n<td style=\"height: 13.50pt;\" height=\"18\">Kolor czapki<\/td>\n<td>Matowa czarna, srebrna, z\u0142ota, przezroczysty akryl<\/td>\n<\/tr>\n<tr style=\"height: 13.50pt;\">\n<td style=\"height: 13.50pt;\" height=\"18\">Idealny dla<\/td>\n<td>Pr\u00f3bowe zapachy, ma\u0142e perfumy podr\u00f3\u017cne<\/td>\n<\/tr>\n<\/tbody>\n<\/table>\n<h2><strong>Prawdziwy przypadek jest super przekonuj\u0105cy:<\/strong><\/h2>\n<p>butikowy marka perfum u\u017cy\u0142a naszego g\u0142\u0119bokiego b\u0142\u0119kitu cobaltowego 30ml PB-YZ1603, z z\u0142otym ko\u0142pakiem butelki i napisami marki, do tworzenia zestaw\u00f3w prezentowych dla influencer\u00f3w i VIP\u00f3w, a influencer marketing sta\u0142 si\u0119 hitem! Wszyscy chwal\u0105 go za wygl\u0105d i \u0142atwo\u015b\u0107 przenoszenia~<\/p>\n<h2>Wskaz\u00f3wki dotycz\u0105ce personalizacji Twojej marki<\/h2>\n<p>Je\u015bli chcesz, aby Tw\u00f3j zapach si\u0119 wyr\u00f3\u017cnia\u0142, Twoje opakowanie musi zrobi\u0107 wi\u0119cej ni\u017c tylko przechowywa\u0107 zapach \u2014 musi opowiedzie\u0107 histori\u0119, przyci\u0105gn\u0105\u0107 wzrok i zainteresowa\u0107 ludzi.<\/p>\n<ul>\n<li><strong>Umie\u015b\u0107 Mark\u0119 na Pierwszym Planie:<\/strong> Dodaj sw\u00f3j logo lub nazw\u0119 za pomoc\u0105 laserowej gravury lub druku na sitowie. To nie jest tylko dekoracja \u2014 to Tw\u00f3j znak. Pomy\u015bl o tym jak o podpisaniu swojego imienia na dziele sztuki.<\/li>\n<li><strong>Zadaj Przyku\u0107 Kolorami Pokrywy:<\/strong> Kto m\u00f3wi, \u017ce pokrywy musz\u0105 by\u0107 nudne? Wybierz matow\u0105 czarn\u0105, je\u015bli kochasz nowoczesny, minimalistyczny wygl\u0105d \u2014 lub wyruszaj pe\u0142n\u0105 par\u0105 z z\u0142otym r\u00f3\u017cowym dla tego \"ja oznaczam luksus\" wibracji. Przycie koloru mo\u017ce ca\u0142kowicie zmieni\u0107 wra\u017cenie o Twojej butelce.<\/li>\n<li><strong>Pomy\u015bl Poza Jedn\u0105 Rozmiarem:<\/strong> Po\u0142\u0105cz 15ml, 20ml i 30ml w zestaw prezentowy. Jest idealny do pr\u00f3bek, podr\u00f3\u017cy, prezent\u00f3w na \u015bwi\u0119ta lub pakiet\u00f3w influencer\u00f3w. I szczere? Ludzie kochaj\u0105 opcje.<\/li>\n<\/ul>\n<h2>Wniosek<\/h2>\n<p>Wyb\u00f3r butelki perfum nie jest taki prosty jak wyb\u00f3r pojemnika. To wyra\u017anie \"ubieranie\" marki. Czy to pr\u00f3bek 15ml czy wersja sprzeda\u017cowa 30ml, ka\u017cda \u0434\u0435\u0442\u0430\u043b\u044c ukrywa ma\u0142e my\u015bli marki. Nasza ma\u0142a butelka perfum wykonana jest z wytrzyma\u0142ego materia\u0142u szklanego i ma dobr\u0105 projektacj\u0119 wygl\u0105du, aby Twoja perfum by\u0142a najbardziej przyci\u0105gaj\u0105ca wzrok w t\u0142umie. Z tak wielu opcji personalizacji, mo\u017cesz nie tylko wybra\u0107 odpowiedni\u0105 butelk\u0119, ale tak\u017ce sprawi\u0107, aby perfum naprawd\u0119 \"ros\u0142a\" w to, jak marka powinna wygl\u0105da\u0107. Porozmawiajmy, jak przeku\u0107 Twoje pomys\u0142y na rzeczywisto\u015b\u0107 \u2014 zacznij od dostosowanej szklanej butelki perfum i stopniowo wykuwaj w\u0142asn\u0105 urod\u0119 marki.<\/p>","protected":false},"excerpt":{"rendered":"<p>Odkryj wysokiej jako\u015bci ma\u0142e butelki perfum i opcje personalizacji ma\u0142ych butelek perfum \u2014 idealne do podr\u00f3\u017cy, pr\u00f3bek lub luksusowego pakowania perfum.<\/p>","protected":false},"featured_media":3901,"comment_status":"open","ping_status":"closed","template":"","meta":{"_acf_changed":false,"site-sidebar-layout":"default","site-content-layout":"","ast-site-content-layout":"default","site-content-style":"default","site-sidebar-style":"default","ast-global-header-display":"","ast-banner-title-visibility":"","ast-main-header-display":"","ast-hfb-above-header-display":"","ast-hfb-below-header-display":"","ast-hfb-mobile-header-display":"","site-post-title":"","ast-breadcrumbs-content":"","ast-featured-img":"","footer-sml-layout":"","ast-disable-related-posts":"","theme-transparent-header-meta":"default","adv-header-id-meta":"","stick-header-meta":"","header-above-stick-meta":"","header-main-stick-meta":"","header-below-stick-meta":"","astra-migrate-meta-layouts":"set","ast-page-background-enabled":"default","ast-page-background-meta":{"desktop":{"background-color":"var(--ast-global-color-5)","background-image":"","background-repeat":"repeat","background-position":"center center","background-size":"auto","background-attachment":"scroll","background-type":"","background-media":"","overlay-type":"","overlay-color":"","overlay-opacity":"","overlay-gradient":""},"tablet":{"background-color":"","background-image":"","background-repeat":"repeat","background-position":"center center","background-size":"auto","background-attachment":"scroll","background-type":"","background-media":"","overlay-type":"","overlay-color":"","overlay-opacity":"","overlay-gradient":""},"mobile":{"background-color":"","background-image":"","background-repeat":"repeat","background-position":"center center","background-size":"auto","background-attachment":"scroll","background-type":"","background-media":"","overlay-type":"","overlay-color":"","overlay-opacity":"","overlay-gradient":""}},"ast-content-background-meta":{"desktop":{"background-color":"var(--ast-global-color-4)","background-image":"","background-repeat":"repeat","background-position":"center center","background-size":"auto","background-attachment":"scroll","background-type":"","background-media":"","overlay-type":"","overlay-color":"","overlay-opacity":"","overlay-gradient":""},"tablet":{"background-color":"var(--ast-global-color-4)","background-image":"","background-repeat":"repeat","background-position":"center center","background-size":"auto","background-attachment":"scroll","background-type":"","background-media":"","overlay-type":"","overlay-color":"","overlay-opacity":"","overlay-gradient":""},"mobile":{"background-color":"var(--ast-global-color-4)","background-image":"","background-repeat":"repeat","background-position":"center center","background-size":"auto","background-attachment":"scroll","background-type":"","background-media":"","overlay-type":"","overlay-color":"","overlay-opacity":"","overlay-gradient":""}}},"product_brand":[],"product_cat":[72,91,74,41],"product_tag":[49],"class_list":{"0":"post-3939","1":"product","2":"type-product","3":"status-publish","4":"has-post-thumbnail","6":"product_cat-cosmetic-packaging","7":"product_cat-custom-perfume-bottles","8":"product_cat-mini-perfume-bottles","9":"product_cat-perfume-bottles","10":"product_tag-perfume-bottles","11":"desktop-align-left","12":"tablet-align-left","13":"mobile-align-left","15":"first","16":"instock","17":"shipping-taxable","18":"product-type-simple"},"acf":[],"jetpack_sharing_enabled":true,"_links":{"self":[{"href":"https:\/\/theperfumebottles.com\/pl\/wp-json\/wp\/v2\/product\/3939","targetHints":{"allow":["GET"]}}],"collection":[{"href":"https:\/\/theperfumebottles.com\/pl\/wp-json\/wp\/v2\/product"}],"about":[{"href":"https:\/\/theperfumebottles.com\/pl\/wp-json\/wp\/v2\/types\/product"}],"replies":[{"embeddable":true,"href":"https:\/\/theperfumebottles.com\/pl\/wp-json\/wp\/v2\/comments?post=3939"}],"wp:featuredmedia":[{"embeddable":true,"href":"https:\/\/theperfumebottles.com\/pl\/wp-json\/wp\/v2\/media\/3901"}],"wp:attachment":[{"href":"https:\/\/theperfumebottles.com\/pl\/wp-json\/wp\/v2\/media?parent=3939"}],"wp:term":[{"taxonomy":"product_brand","embeddable":true,"href":"https:\/\/theperfumebottles.com\/pl\/wp-json\/wp\/v2\/product_brand?post=3939"},{"taxonomy":"product_cat","embeddable":true,"href":"https:\/\/theperfumebottles.com\/pl\/wp-json\/wp\/v2\/product_cat?post=3939"},{"taxonomy":"product_tag","embeddable":true,"href":"https:\/\/theperfumebottles.com\/pl\/wp-json\/wp\/v2\/product_tag?post=3939"}],"curies":[{"name":"wp","href":"https:\/\/api.w.org\/{rel}","templated":true}]}}