{"id":4002,"date":"2025-06-17T18:06:19","date_gmt":"2025-06-17T10:06:19","guid":{"rendered":"https:\/\/theperfumebottles.com\/?post_type=product&#038;p=4002"},"modified":"2025-06-17T18:06:21","modified_gmt":"2025-06-17T10:06:21","slug":"wholesale-perfume-bottles-bulk-perfume-bottles-supplier","status":"publish","type":"product","link":"https:\/\/theperfumebottles.com\/pl\/produkt\/wholesale-perfume-bottles-bulk-perfume-bottles-supplier\/","title":{"rendered":"Butelki perfum hurtowo 100 ml | Grawerowane butelki perfum hurtowo"},"content":{"rendered":"<p>Szukasz ostatnio \u015bwietnych, hurtowych flakon\u00f3w perfum? Kryszta\u0142owe szk\u0142o jest tak przezroczyste, \u017ce mo\u017cesz zobaczy\u0107 swoje odbicie, a powierzchnia jest grawerowana eleganckimi wzorami w kszta\u0142cie litery X, emanuj\u0105cymi luksusem. Niezale\u017cnie od tego, czy jeste\u015b mened\u017cerem marki, kt\u00f3ry w\u0142a\u015bnie wypu\u015bci\u0142 nowy zapach, czy dystrybutorem, kt\u00f3ry chce udoskonali\u0107 \u201eluksusowe opakowanie\u201d klasycznego modelu, ten flakon nie tylko skrywa dusz\u0119 perfum, ale tak\u017ce pomaga obni\u017cy\u0107 koszty i poprawi\u0107 jako\u015b\u0107. Dlaczego nie doda\u0107 go do swojej listy \u201edostawc\u00f3w skarb\u00f3w\u201d?<\/p>\n<h2>Kluczowe specyfikacje<\/h2>\n<table style=\"border-collapse: collapse; margin-left: auto; margin-right: auto; width: 80%;\" border=\"0\" width=\"80%\" cellspacing=\"0\" cellpadding=\"0\">\n<tbody>\n<tr style=\"height: 13.50pt;\">\n<td style=\"height: 13.50pt; width: 61.50pt;\" width=\"82\" height=\"18\">Funkcja<\/td>\n<td style=\"width: 175.50pt;\" width=\"234\">Szczeg\u00f3\u0142<\/td>\n<\/tr>\n<tr style=\"height: 13.50pt;\">\n<td style=\"height: 13.50pt;\" height=\"18\">Pojemno\u015b\u0107<\/td>\n<td>100 ml<\/td>\n<\/tr>\n<tr style=\"height: 13.50pt;\">\n<td style=\"height: 13.50pt;\" height=\"18\">Kszta\u0142t<\/td>\n<td>Prostok\u0105tny<\/td>\n<\/tr>\n<tr style=\"height: 13.50pt;\">\n<td style=\"height: 13.50pt;\" height=\"18\">Wymiary<\/td>\n<td>55,5 x 36,5 x 102 mm<\/td>\n<\/tr>\n<tr style=\"height: 13.50pt;\">\n<td style=\"height: 13.50pt;\" height=\"18\">Tworzywo<\/td>\n<td>Szk\u0142o kryszta\u0142owe<\/td>\n<\/tr>\n<tr style=\"height: 13.50pt;\">\n<td style=\"height: 13.50pt;\" height=\"18\">Kolor<\/td>\n<td>W pe\u0142ni konfigurowalny<\/td>\n<\/tr>\n<tr style=\"height: 13.50pt;\">\n<td style=\"height: 13.50pt;\" height=\"18\">Typ uszczelnienia<\/td>\n<td>Zaciskana szyjka + spryskiwacz<\/td>\n<\/tr>\n<tr style=\"height: 13.50pt;\">\n<td style=\"height: 13.50pt;\" height=\"18\">Idealne zastosowanie<\/td>\n<td>Zapach, woda kolo\u0144ska<\/td>\n<\/tr>\n<\/tbody>\n<\/table>\n<h2>Prawdziwy przypadek sukcesu<\/h2>\n<p>Jeden z naszych klient\u00f3w, niszowa marka perfum, chcia\u0142 si\u0119 wyr\u00f3\u017cni\u0107 na du\u017cej wystawie kosmetycznej. Wybra\u0142 nasz spersonalizowany flakon z matowego szk\u0142a i wygrawerowa\u0142 logo marki. Produkt finalny prezentowa\u0142 si\u0119 ol\u015bniewaj\u0105co na wystawie i pom\u00f3g\u0142 firmie pozyska\u0107 wiele zam\u00f3wie\u0144. Klienci chwalili wysokiej jako\u015bci faktur\u0119 i przyjazne dla \u015brodowiska materia\u0142y, co dowodzi, \u017ce wysokiej jako\u015bci opakowania kosmetyczne mog\u0105 przynie\u015b\u0107 znacz\u0105ce korzy\u015bci.<\/p>\n<h2>Porady dotycz\u0105ce personalizacji, kt\u00f3re pomog\u0105 Ci stworzy\u0107 co\u015b w\u0142asnego<\/h2>\n<p>Chcesz, aby Twoja marka b\u0142yszcza\u0142a w opakowaniu? Oto, jak najlepiej to wykorzysta\u0107:<\/p>\n<ul>\n<li>Wybierz jednolity kolor lub kolor gradientowy, kt\u00f3ry pasuje do g\u0142\u00f3wnego koloru Twojej marki, aby butelka by\u0142a natychmiast rozpoznawalna i b\u0142yszcza\u0142a jak \u201erzecznik marki\u201d~<\/li>\n<li>U\u017cyj grawerowania laserowego lub druku UV, aby utrwali\u0107 wizerunek swojej marki i wynie\u015b\u0107 sw\u00f3j wyrafinowany styl na nowy poziom!<\/li>\n<li>Wypr\u00f3buj matowe wyko\u0144czenia lub wzory, aby nada\u0107 swoim perfumom niepowtarzalny wygl\u0105d.<\/li>\n<li>Po\u0142\u0105cz go z ekologicznym opakowaniem, aby wzmocni\u0107 sw\u00f3j ekologiczny wizerunek.<\/li>\n<\/ul>\n<h2 data-start=\"132\" data-end=\"398\"><strong data-start=\"132\" data-end=\"189\">Chcesz przenie\u015b\u0107 swoj\u0105 mark\u0119 perfum na wy\u017cszy poziom?<\/strong><\/h2>\n<p data-start=\"132\" data-end=\"398\">Odpowiednia butelka to co\u015b wi\u0119cej ni\u017c tylko pojemnik na Tw\u00f3j produkt \u2013 to ona o\u017cywia Twoj\u0105 mark\u0119. Nasze hurtowe butelki perfum \u0142\u0105cz\u0105 elegancki design z niezawodn\u0105 jako\u015bci\u0105, dzi\u0119ki czemu Tw\u00f3j zapach wyr\u00f3\u017cni si\u0119 na ka\u017cdej p\u00f3\u0142ce.<\/p>\n<p data-start=\"400\" data-end=\"573\">Po\u017cegnaj si\u0119 z generycznymi opakowaniami. Dzi\u0119ki naszym hurtowym butelkom na perfumy mo\u017cesz stworzy\u0107 spersonalizowane projekty, kt\u00f3re odzwierciedl\u0105 Twoj\u0105 unikaln\u0105 wizj\u0119, warto\u015bci i kreatywno\u015b\u0107. Stw\u00f3rzmy opakowania, kt\u00f3re opowiedz\u0105 Twoj\u0105 histori\u0119.<\/p>","protected":false},"excerpt":{"rendered":"<p>Wysokiej jako\u015bci butelki perfum dost\u0119pne hurtowo. Idealne dla marek i dystrybutor\u00f3w. Mo\u017cliwo\u015b\u0107 personalizacji, szybka wysy\u0142ka i ceny bezpo\u015brednio u producenta.<\/p>","protected":false},"featured_media":4007,"comment_status":"open","ping_status":"closed","template":"","meta":{"_acf_changed":false,"site-sidebar-layout":"default","site-content-layout":"","ast-site-content-layout":"default","site-content-style":"default","site-sidebar-style":"default","ast-global-header-display":"","ast-banner-title-visibility":"","ast-main-header-display":"","ast-hfb-above-header-display":"","ast-hfb-below-header-display":"","ast-hfb-mobile-header-display":"","site-post-title":"","ast-breadcrumbs-content":"","ast-featured-img":"","footer-sml-layout":"","ast-disable-related-posts":"","theme-transparent-header-meta":"default","adv-header-id-meta":"","stick-header-meta":"","header-above-stick-meta":"","header-main-stick-meta":"","header-below-stick-meta":"","astra-migrate-meta-layouts":"set","ast-page-background-enabled":"default","ast-page-background-meta":{"desktop":{"background-color":"var(--ast-global-color-5)","background-image":"","background-repeat":"repeat","background-position":"center center","background-size":"auto","background-attachment":"scroll","background-type":"","background-media":"","overlay-type":"","overlay-color":"","overlay-opacity":"","overlay-gradient":""},"tablet":{"background-color":"","background-image":"","background-repeat":"repeat","background-position":"center center","background-size":"auto","background-attachment":"scroll","background-type":"","background-media":"","overlay-type":"","overlay-color":"","overlay-opacity":"","overlay-gradient":""},"mobile":{"background-color":"","background-image":"","background-repeat":"repeat","background-position":"center center","background-size":"auto","background-attachment":"scroll","background-type":"","background-media":"","overlay-type":"","overlay-color":"","overlay-opacity":"","overlay-gradient":""}},"ast-content-background-meta":{"desktop":{"background-color":"var(--ast-global-color-4)","background-image":"","background-repeat":"repeat","background-position":"center center","background-size":"auto","background-attachment":"scroll","background-type":"","background-media":"","overlay-type":"","overlay-color":"","overlay-opacity":"","overlay-gradient":""},"tablet":{"background-color":"var(--ast-global-color-4)","background-image":"","background-repeat":"repeat","background-position":"center center","background-size":"auto","background-attachment":"scroll","background-type":"","background-media":"","overlay-type":"","overlay-color":"","overlay-opacity":"","overlay-gradient":""},"mobile":{"background-color":"var(--ast-global-color-4)","background-image":"","background-repeat":"repeat","background-position":"center center","background-size":"auto","background-attachment":"scroll","background-type":"","background-media":"","overlay-type":"","overlay-color":"","overlay-opacity":"","overlay-gradient":""}}},"product_brand":[],"product_cat":[72,91,41],"product_tag":[49],"class_list":{"0":"post-4002","1":"product","2":"type-product","3":"status-publish","4":"has-post-thumbnail","6":"product_cat-cosmetic-packaging","7":"product_cat-custom-perfume-bottles","8":"product_cat-perfume-bottles","9":"product_tag-perfume-bottles","10":"desktop-align-left","11":"tablet-align-left","12":"mobile-align-left","14":"first","15":"instock","16":"shipping-taxable","17":"product-type-simple"},"acf":[],"jetpack_sharing_enabled":true,"_links":{"self":[{"href":"https:\/\/theperfumebottles.com\/pl\/wp-json\/wp\/v2\/product\/4002","targetHints":{"allow":["GET"]}}],"collection":[{"href":"https:\/\/theperfumebottles.com\/pl\/wp-json\/wp\/v2\/product"}],"about":[{"href":"https:\/\/theperfumebottles.com\/pl\/wp-json\/wp\/v2\/types\/product"}],"replies":[{"embeddable":true,"href":"https:\/\/theperfumebottles.com\/pl\/wp-json\/wp\/v2\/comments?post=4002"}],"wp:featuredmedia":[{"embeddable":true,"href":"https:\/\/theperfumebottles.com\/pl\/wp-json\/wp\/v2\/media\/4007"}],"wp:attachment":[{"href":"https:\/\/theperfumebottles.com\/pl\/wp-json\/wp\/v2\/media?parent=4002"}],"wp:term":[{"taxonomy":"product_brand","embeddable":true,"href":"https:\/\/theperfumebottles.com\/pl\/wp-json\/wp\/v2\/product_brand?post=4002"},{"taxonomy":"product_cat","embeddable":true,"href":"https:\/\/theperfumebottles.com\/pl\/wp-json\/wp\/v2\/product_cat?post=4002"},{"taxonomy":"product_tag","embeddable":true,"href":"https:\/\/theperfumebottles.com\/pl\/wp-json\/wp\/v2\/product_tag?post=4002"}],"curies":[{"name":"wp","href":"https:\/\/api.w.org\/{rel}","templated":true}]}}